{"id":16721,"date":"2024-07-29T11:40:04","date_gmt":"2024-07-29T14:40:04","guid":{"rendered":"https:\/\/wp.ufpel.edu.br\/prae\/?page_id=16721"},"modified":"2024-07-29T11:40:04","modified_gmt":"2024-07-29T14:40:04","slug":"comprovacao-programa-de-auxilio-moradia-2024","status":"publish","type":"page","link":"https:\/\/wp.ufpel.edu.br\/prae\/coordenacao_de_ingresso_e_beneficios\/nucleo-de-gestao-de-programas\/comprovacao-programa-de-auxilio-moradia-2024\/","title":{"rendered":"Comprova\u00e7\u00e3o Programa de Auxilio Moradia 2024"},"content":{"rendered":"<h3>Programa Aux\u00edlio Moradia: comprova\u00e7\u00e3o semestral<\/h3>\n<p>O arquivo a ser enviado para fins de comprova\u00e7\u00e3o deve ser preparado com todos os documentos em um <span style=\"background-color: #ffff00\">\u00fanico arquivo de PDF<\/span>, nomeado com o n\u00famero da matr\u00edcula do aluno (contendo 8 n\u00fameros) e rigorosamente na ordem abaixo de acordo com a situa\u00e7\u00e3o de Moradia do aluno (ver possibilidades abaixo).<br \/>\nCaso algum problema seja detectado nos documentos enviados, uma mensagem ser\u00e1 enviada pela PRAE atrav\u00e9s do email informado no formul\u00e1rio.<\/p>\n\n<div class=\"wpcf7 no-js\" id=\"wpcf7-f6738-o1\" lang=\"pt-BR\" dir=\"ltr\" data-wpcf7-id=\"6738\">\n<div class=\"screen-reader-response\"><p role=\"status\" aria-live=\"polite\" aria-atomic=\"true\"><\/p> <ul><\/ul><\/div>\n<form action=\"\/prae\/wp-json\/wp\/v2\/pages\/16721#wpcf7-f6738-o1\" method=\"post\" class=\"wpcf7-form init\" aria-label=\"Formul\u00e1rios de contato\" enctype=\"multipart\/form-data\" novalidate=\"novalidate\" data-status=\"init\">\n<fieldset class=\"hidden-fields-container\"><input type=\"hidden\" name=\"_wpcf7\" value=\"6738\" \/><input type=\"hidden\" name=\"_wpcf7_version\" value=\"6.1.6\" \/><input type=\"hidden\" name=\"_wpcf7_locale\" value=\"pt_BR\" \/><input type=\"hidden\" name=\"_wpcf7_unit_tag\" value=\"wpcf7-f6738-o1\" \/><input type=\"hidden\" name=\"_wpcf7_container_post\" value=\"0\" \/><input type=\"hidden\" name=\"_wpcf7_posted_data_hash\" value=\"\" \/>\n<\/fieldset>\n<p><label> Seu nome completo:<br \/>\n<span class=\"wpcf7-form-control-wrap\" data-name=\"nome\"><input size=\"40\" maxlength=\"400\" class=\"wpcf7-form-control wpcf7-text wpcf7-validates-as-required\" aria-required=\"true\" aria-invalid=\"false\" value=\"\" type=\"text\" name=\"nome\" \/><\/span> <\/label>\n<\/p>\n<p><label> Seu e-mail:<br \/>\n<span class=\"wpcf7-form-control-wrap\" data-name=\"email\"><input size=\"40\" maxlength=\"400\" class=\"wpcf7-form-control wpcf7-email wpcf7-validates-as-required wpcf7-text wpcf7-validates-as-email\" aria-required=\"true\" aria-invalid=\"false\" value=\"\" type=\"email\" name=\"email\" \/><\/span> <\/label>\n<\/p>\n<p><label> N\u00famero de Matr\u00edcula:<br \/>\n<span class=\"wpcf7-form-control-wrap\" data-name=\"matricula\"><input size=\"40\" maxlength=\"400\" class=\"wpcf7-form-control wpcf7-text wpcf7-validates-as-required\" aria-required=\"true\" aria-invalid=\"false\" value=\"\" type=\"text\" name=\"matricula\" \/><\/span> <\/label>\n<\/p>\n<p><label> Situa\u00e7\u00e3o de moradia:<\/label><br \/>\n<span class=\"wpcf7-form-control-wrap\" data-name=\"situacao-moradia\"><span class=\"wpcf7-form-control wpcf7-radio situacao-moradia\" id=\"situacao-moradia\"><span class=\"wpcf7-list-item first\"><label><span class=\"wpcf7-list-item-label\">Aluguel em seu nome<\/span><input type=\"radio\" name=\"situacao-moradia\" value=\"Aluguel em seu nome\" checked=\"checked\" \/><\/label><\/span><span class=\"wpcf7-list-item\"><label><span class=\"wpcf7-list-item-label\">Aluguel em nome de outra pessoa<\/span><input type=\"radio\" name=\"situacao-moradia\" value=\"Aluguel em nome de outra pessoa\" \/><\/label><\/span><span class=\"wpcf7-list-item\"><label><span class=\"wpcf7-list-item-label\">Pensionato<\/span><input type=\"radio\" name=\"situacao-moradia\" value=\"Pensionato\" \/><\/label><\/span><span class=\"wpcf7-list-item last\"><label><span class=\"wpcf7-list-item-label\">Loca\u00e7\u00e3o de espa\u00e7o em resid\u00eancia particular<\/span><input type=\"radio\" name=\"situacao-moradia\" value=\"Loca\u00e7\u00e3o de espa\u00e7o em resid\u00eancia particular\" \/><\/label><\/span><\/span><\/span>\n<\/p>\n<p>&nbsp;\n<\/p>\n<p><label> Documentos de comprova\u00e7\u00e3o.<br \/>\nAten\u00e7\u00e3o: nomear o arquivo com o seu n\u00famero de matr\u00edcula. <strong>Ex: \"17400321.pdf\"<\/strong><br \/>\n(tamanho m\u00e1ximo do arquivo 5 mb)<br \/>\n<span class=\"wpcf7-form-control-wrap\" data-name=\"anexo_comprovantes\"><input size=\"40\" class=\"wpcf7-form-control wpcf7-file wpcf7-validates-as-required\" accept=\".pdf,.jpg\" aria-required=\"true\" aria-invalid=\"false\" type=\"file\" name=\"anexo_comprovantes\" \/><\/span> <\/label>\n<\/p>\n<p><input class=\"wpcf7-form-control wpcf7-submit has-spinner\" type=\"submit\" value=\"Enviar\" \/>\n<\/p><p style=\"display: none !important;\" class=\"akismet-fields-container\" data-prefix=\"_wpcf7_ak_\"><label>&#916;<textarea name=\"_wpcf7_ak_hp_textarea\" cols=\"45\" rows=\"8\" maxlength=\"100\"><\/textarea><\/label><input type=\"hidden\" id=\"ak_js_1\" name=\"_wpcf7_ak_js\" value=\"65\"\/><script>\ndocument.getElementById( \"ak_js_1\" ).setAttribute( \"value\", ( new Date() ).getTime() );\n<\/script>\n<\/p><div class=\"wpcf7-response-output\" aria-hidden=\"true\"><\/div>\n<\/form>\n<\/div>\n\n<p>&nbsp;<\/p>\n<p>&nbsp;<\/p>\n","protected":false},"excerpt":{"rendered":"<p>Programa Aux\u00edlio Moradia: comprova\u00e7\u00e3o semestral O arquivo a ser enviado para fins de comprova\u00e7\u00e3o deve ser preparado com todos os documentos em um \u00fanico arquivo de PDF, nomeado com o n\u00famero da matr\u00edcula do aluno (contendo 8 n\u00fameros) e rigorosamente na ordem abaixo de acordo com a situa\u00e7\u00e3o de Moradia do aluno (ver possibilidades abaixo). &hellip; <\/p>\n<p class=\"link-more\"><a href=\"https:\/\/wp.ufpel.edu.br\/prae\/coordenacao_de_ingresso_e_beneficios\/nucleo-de-gestao-de-programas\/comprovacao-programa-de-auxilio-moradia-2024\/\" class=\"more-link\">Continue lendo<span class=\"screen-reader-text\"> &#8220;Comprova\u00e7\u00e3o Programa de Auxilio Moradia 2024&#8221;<\/span><\/a><\/p>\n","protected":false},"author":229,"featured_media":0,"parent":1313,"menu_order":0,"comment_status":"closed","ping_status":"closed","template":"","meta":{"_crdt_document":"","footnotes":""},"class_list":["post-16721","page","type-page","status-publish","hentry"],"_links":{"self":[{"href":"https:\/\/wp.ufpel.edu.br\/prae\/wp-json\/wp\/v2\/pages\/16721","targetHints":{"allow":["GET"]}}],"collection":[{"href":"https:\/\/wp.ufpel.edu.br\/prae\/wp-json\/wp\/v2\/pages"}],"about":[{"href":"https:\/\/wp.ufpel.edu.br\/prae\/wp-json\/wp\/v2\/types\/page"}],"author":[{"embeddable":true,"href":"https:\/\/wp.ufpel.edu.br\/prae\/wp-json\/wp\/v2\/users\/229"}],"replies":[{"embeddable":true,"href":"https:\/\/wp.ufpel.edu.br\/prae\/wp-json\/wp\/v2\/comments?post=16721"}],"version-history":[{"count":1,"href":"https:\/\/wp.ufpel.edu.br\/prae\/wp-json\/wp\/v2\/pages\/16721\/revisions"}],"predecessor-version":[{"id":16723,"href":"https:\/\/wp.ufpel.edu.br\/prae\/wp-json\/wp\/v2\/pages\/16721\/revisions\/16723"}],"up":[{"embeddable":true,"href":"https:\/\/wp.ufpel.edu.br\/prae\/wp-json\/wp\/v2\/pages\/1313"}],"wp:attachment":[{"href":"https:\/\/wp.ufpel.edu.br\/prae\/wp-json\/wp\/v2\/media?parent=16721"}],"curies":[{"name":"wp","href":"https:\/\/api.w.org\/{rel}","templated":true}]}}