{"id":14383,"date":"2023-01-05T09:17:44","date_gmt":"2023-01-05T12:17:44","guid":{"rendered":"https:\/\/wp.ufpel.edu.br\/prae\/?page_id=14383"},"modified":"2024-07-19T16:10:02","modified_gmt":"2024-07-19T19:10:02","slug":"editais-2023","status":"publish","type":"page","link":"https:\/\/wp.ufpel.edu.br\/prae\/coordenacao_de_ingresso_e_beneficios\/editais\/editais-2023\/","title":{"rendered":"Editais 2023"},"content":{"rendered":"<p><strong>Editais Encerrados<\/strong><\/p>\n<p style=\"padding-left: 40px\">Inclus\u00e3o Digital:<\/p>\n<p style=\"padding-left: 80px\">Edital PRAE 7\/23 \u2013 <a class=\"mtli_attachment mtli_pdf\" href=\"https:\/\/wp.ufpel.edu.br\/prae\/files\/2023\/11\/SEI_23110.046991_2023_20_Edital_7_23-1.pdf\" target=\"_blank\" rel=\"noopener\">Edital PRAE 07\/23 \u2013 Aux\u00edlio Inclus\u00e3o Digita 2a Edi\u00e7\u00e3o<\/a><\/p>\n<div class=\"entry-content\">\n<p style=\"padding-left: 120px\">Resultado Preliminar: <a class=\"mtli_attachment mtli_pdf\" style=\"font-size: 1rem\" href=\"https:\/\/wp.ufpel.edu.br\/prae\/files\/2023\/12\/SEI_23110.046991_2023_20_preliminar-2.pdf\">Resultado Preliminar<\/a><\/p>\n<\/div>\n<p style=\"padding-left: 120px\">Resultado Final: <a class=\"mtli_attachment mtli_pdf\" href=\"https:\/\/wp.ufpel.edu.br\/prae\/files\/2023\/12\/SEI_23110.046991_2023_20_FINAL_RETIFICADO.pdf\" target=\"_blank\" rel=\"noopener\">Resultado Final \u2013 Retificado<\/a><\/p>\n<p style=\"padding-left: 80px\">Edital PRAE 6\/23 \u2013\u00a0<a class=\"mtli_attachment mtli_pdf\" href=\"https:\/\/wp.ufpel.edu.br\/prae\/files\/2023\/11\/SEI_23110.044587_2023_11_Edital_6.pdf\" target=\"_blank\" rel=\"noopener\">Edital 06\/23 \u2013 Bolsa Internet<\/a><\/p>\n<p style=\"padding-left: 120px\">Resultado Preliminar: <a class=\"mtli_attachment mtli_pdf\" href=\"https:\/\/wp.ufpel.edu.br\/prae\/files\/2023\/11\/SEI_23110.044587_2023_11_preliminar.pdf\">Resultado Preliminar<\/a><\/p>\n<p style=\"padding-left: 120px\">Resultado Final:\u00a0 <a class=\"mtli_attachment mtli_pdf\" href=\"https:\/\/wp.ufpel.edu.br\/prae\/files\/2023\/11\/SEI_23110.044587_2023_11_final.pdf\">Resultado Final<\/a><\/p>\n<p style=\"padding-left: 80px\">Edital PRAE 5\/23 \u2013 <a class=\"mtli_attachment mtli_pdf\" href=\"https:\/\/wp.ufpel.edu.br\/prae\/files\/2023\/10\/SEI_23110.041339_2023_19_Edital_5_23_Auxilio_Inclusao_Digital.pdf\">Edital_5_23_Auxilio_Inclusao_Digital<\/a><\/p>\n<p style=\"padding-left: 120px\">Resultado Preliminar: <a class=\"mtli_attachment mtli_pdf\" href=\"https:\/\/wp.ufpel.edu.br\/prae\/files\/2023\/10\/Edital-PRAE-05_23-Auxilio-Inclusao-Digital-Preliminar-1.pdf\">Edital PRAE 05_23 \u2013 Aux\u00edlio Inclus\u00e3o Digital \u2013 Preliminar<\/a><\/p>\n<p style=\"padding-left: 120px\">Resultado Final:\u00a0<a class=\"mtli_attachment mtli_pdf\" href=\"https:\/\/wp.ufpel.edu.br\/prae\/files\/2023\/11\/SEI_23110.041339_2023_19_final-1.pdf\" target=\"_blank\" rel=\"noopener\">Resultado Final<\/a><\/p>\n<p>&nbsp;<\/p>\n<p style=\"padding-left: 40px\">Sele\u00e7\u00e3o para os Programas de Aux\u00edlio Estudantil<\/p>\n<p style=\"padding-left: 80px\"><a href=\"https:\/\/wp.ufpel.edu.br\/prae\/files\/2023\/10\/SEI_23110.037179_2023_11_Edital_PRAE_4_2023.pdf\" target=\"_blank\" rel=\"noopener\">Edital PRAE 04\/23 &#8211; Sele\u00e7\u00e3o para os Programas de Aux\u00edlio Estudantil<\/a><\/p>\n<p style=\"padding-left: 120px\">Resultado Final: <a href=\"https:\/\/wp.ufpel.edu.br\/prae\/files\/2024\/07\/final_edital_4_23.pdf\" target=\"_blank\" rel=\"noopener\">Resultado Final<\/a><\/p>\n<p style=\"padding-left: 80px\"><a href=\"https:\/\/wp.ufpel.edu.br\/prae\/files\/2023\/06\/SEI_23110.022843_2023_10_Edital_PRAE_03_23.pdf\">PRAE 03\/23 &#8211; Sele\u00e7\u00e3o para os Programas de Aux\u00edlio Estudantil<\/a><\/p>\n<p style=\"padding-left: 120px\">Resultado final: <a href=\"https:\/\/wp.ufpel.edu.br\/prae\/files\/2023\/11\/SEI_23110.022843_2023_10_final.pdf\" target=\"_blank\" rel=\"noopener\">Resultado Final<\/a><\/p>\n<p style=\"padding-left: 80px\"><a href=\"https:\/\/wp.ufpel.edu.br\/prae\/files\/2023\/04\/SEI_23110.014586_2023_42_edital_2-1.pdf\">Edital PRAE 02\/23 &#8211; Sele\u00e7\u00e3o para os Programas de Aux\u00edlio Estudantil<\/a><\/p>\n<p style=\"padding-left: 120px\">Resultado Final: <a href=\"https:\/\/wp.ufpel.edu.br\/prae\/files\/2023\/06\/inscritos12062023.pdf\">inscritos12062023<\/a><\/p>\n<p style=\"padding-left: 80px\">Edital: <a href=\"https:\/\/wp.ufpel.edu.br\/prae\/files\/2023\/06\/SEI_23110.000373_2023_33_Edital_PRAE_01_23_v3.pdf\">Edital PRAE 01\/23 &#8211; Sele\u00e7\u00e3o para os Programas de Aux\u00edlio Estudantil<\/a><\/p>\n<p style=\"padding-left: 120px\">Resultado Final: <a href=\"https:\/\/wp.ufpel.edu.br\/prae\/files\/2024\/01\/inscritos_06042023.pdf\">inscritos_06042023<\/a><\/p>\n","protected":false},"excerpt":{"rendered":"<p>Editais Encerrados Inclus\u00e3o Digital: Edital PRAE 7\/23 \u2013 Edital PRAE 07\/23 \u2013 Aux\u00edlio Inclus\u00e3o Digita 2a Edi\u00e7\u00e3o Resultado Preliminar: Resultado Preliminar Resultado Final: Resultado Final \u2013 Retificado Edital PRAE 6\/23 \u2013\u00a0Edital 06\/23 \u2013 Bolsa Internet Resultado Preliminar: Resultado Preliminar Resultado Final:\u00a0 Resultado Final Edital PRAE 5\/23 \u2013 Edital_5_23_Auxilio_Inclusao_Digital Resultado Preliminar: Edital PRAE 05_23 \u2013 Aux\u00edlio &hellip; <\/p>\n<p class=\"link-more\"><a href=\"https:\/\/wp.ufpel.edu.br\/prae\/coordenacao_de_ingresso_e_beneficios\/editais\/editais-2023\/\" class=\"more-link\">Continue lendo<span class=\"screen-reader-text\"> &#8220;Editais 2023&#8221;<\/span><\/a><\/p>\n","protected":false},"author":229,"featured_media":0,"parent":8205,"menu_order":0,"comment_status":"closed","ping_status":"closed","template":"","meta":{"footnotes":""},"class_list":["post-14383","page","type-page","status-publish","hentry"],"_links":{"self":[{"href":"https:\/\/wp.ufpel.edu.br\/prae\/wp-json\/wp\/v2\/pages\/14383","targetHints":{"allow":["GET"]}}],"collection":[{"href":"https:\/\/wp.ufpel.edu.br\/prae\/wp-json\/wp\/v2\/pages"}],"about":[{"href":"https:\/\/wp.ufpel.edu.br\/prae\/wp-json\/wp\/v2\/types\/page"}],"author":[{"embeddable":true,"href":"https:\/\/wp.ufpel.edu.br\/prae\/wp-json\/wp\/v2\/users\/229"}],"replies":[{"embeddable":true,"href":"https:\/\/wp.ufpel.edu.br\/prae\/wp-json\/wp\/v2\/comments?post=14383"}],"version-history":[{"count":47,"href":"https:\/\/wp.ufpel.edu.br\/prae\/wp-json\/wp\/v2\/pages\/14383\/revisions"}],"predecessor-version":[{"id":16628,"href":"https:\/\/wp.ufpel.edu.br\/prae\/wp-json\/wp\/v2\/pages\/14383\/revisions\/16628"}],"up":[{"embeddable":true,"href":"https:\/\/wp.ufpel.edu.br\/prae\/wp-json\/wp\/v2\/pages\/8205"}],"wp:attachment":[{"href":"https:\/\/wp.ufpel.edu.br\/prae\/wp-json\/wp\/v2\/media?parent=14383"}],"curies":[{"name":"wp","href":"https:\/\/api.w.org\/{rel}","templated":true}]}}