{"id":12786,"date":"2022-01-20T14:33:17","date_gmt":"2022-01-20T17:33:17","guid":{"rendered":"https:\/\/wp.ufpel.edu.br\/prae\/?page_id=12786"},"modified":"2023-04-03T13:44:08","modified_gmt":"2023-04-03T16:44:08","slug":"2022-2","status":"publish","type":"page","link":"https:\/\/wp.ufpel.edu.br\/prae\/coordenacao-de-politicas-estudantis\/formatura-institucional\/2022-2\/","title":{"rendered":"Editais 2022"},"content":{"rendered":"<p><span style=\"color: #000000\"><strong>EDITAL ENCERRADO<\/strong><\/span><\/p>\n<p><span style=\"color: #000000\"><strong>Edital de Formatura Institucional &#8211;<\/strong> GRADUANDOS 2022\/1: <a style=\"color: #000000\" href=\"https:\/\/wp.ufpel.edu.br\/prae\/files\/2022\/10\/SEI_23110.039202_2022_13-1.pdf\" target=\"_blank\" rel=\"noopener\">EDITAL CPE\/PRAE N\u00ba. 04\/2022 ***RETIFICADO<\/a><strong>(ATUALIZE O DOCUMENTO)<\/strong><\/span><\/p>\n<p><span style=\"color: #000000\"><strong>Per\u00edodo de inscri\u00e7\u00f5es: <\/strong>de 17 at\u00e9 31 de outubro de 2022 (<strong>PRORROGADO<\/strong>). <\/span><\/p>\n<p><span style=\"color: #000000\"><strong>Resultado Preliminar: <a style=\"color: #000000\" href=\"https:\/\/wp.ufpel.edu.br\/prae\/files\/2022\/10\/SEI_23110.039202_2022_13-1.pdf\" target=\"_blank\" rel=\"noopener\">LISTA DE CANDIDATOS HOMOLOGADOS E N\u00c3O-HOMOLOGADOS**RETIFICADO<\/a><\/strong><strong>(ATUALIZE O DOCUMENTO)<\/strong><\/span><\/p>\n<p><span style=\"color: #000000\"><strong>Prazo de recurso:<\/strong> de 31 de outubro at\u00e9 11 de novembro de 2022<\/span><\/p>\n<p><span style=\"color: #000000\"><strong>Resultado Final: <a style=\"color: #000000\" href=\"https:\/\/wp.ufpel.edu.br\/prae\/files\/2022\/10\/SEI_23110.039202_2022_13-1.pdf\" target=\"_blank\" rel=\"noopener\">LISTA FINAL DE CANDIDATOS HOMOLOGADOS E N\u00c3O-HOMOLOGADOS<\/a><\/strong><strong>(ATUALIZE O DOCUMENTO) <\/strong><\/span><\/p>\n<p><span style=\"color: #000000\">REUNI\u00c3O JUNTO AOS FORMANDOS:\u00a0 <a style=\"color: #000000\" href=\"https:\/\/youtu.be\/n7vFrdhRJO0\">https:\/\/youtu.be\/n7vFrdhRJO0<\/a> 16 de dezembro, \u00e0s 17h30min<\/span><\/p>\n<p><span style=\"color: #000000\">Resumo da Reuni\u00e3o: <a class=\"mtli_attachment mtli_pdf\" style=\"color: #000000\" href=\"https:\/\/wp.ufpel.edu.br\/prae\/files\/2022\/12\/REUNIAO-formandos-2022_1-2.pdf\" target=\"_blank\" rel=\"noopener\">SLIDES REUNI\u00c3O FORMATURA 2022\/1<\/a><\/span><\/p>\n<p><span style=\"color: #000000\">HOR\u00c1RIOS DO TRANSPORTE DE APOIO: <a style=\"color: #000000\" href=\"https:\/\/wp.ufpel.edu.br\/prae\/files\/2023\/02\/ITINERARIO_HORARIO_TRANSPORTE_FORMATURAS_MARCO_2023.pdf\">ITINER\u00c1RIO_HOR\u00c1RIO_TRANSPORTE_FORMATURAS_MAR\u00c7O_2023<\/a><\/span><\/p>\n<p><span style=\"color: #000000\">D\u00favidas: <a class=\"rABsFf RffVmb AL18ce\" style=\"color: #000000\" href=\"mailto:formatura.institucional@ufpel.edu.br\" target=\"_blank\" rel=\"noopener\" data-tooltip-position=\"top\" data-tooltip=\"Do Contatos do Google\">formatura.institucional@ufpel.edu.br<\/a><\/span><\/p>\n<hr \/>\n<p><strong>EDITAL ENCERRADO<\/strong><\/p>\n<p><span style=\"color: #000000\"><strong>Edital de Formatura Institucional &#8211;<\/strong> GRADUADOS 2020-1, 2020-2, 2021-1 E GRADUANDOS 2021\/2: <a style=\"color: #000000\" href=\"https:\/\/wp.ufpel.edu.br\/prae\/files\/2022\/05\/SEI_23110.016983_2022_78.pdf\">EDITAL CPE\/PRAE N\u00ba. 03\/2022<\/a><strong>(ATUALIZE O DOCUMENTO)<\/strong><\/span><\/p>\n<p><span style=\"color: #000000\"><strong> ***ATEN\u00c7\u00c3O*** DE ACORDO COM A NOVA PORTARIA N\u00ba 492\/22 <\/strong><strong>&#8220;Art. 3\u00ba \u00c9 obrigat\u00f3ria a comprova\u00e7\u00e3o de vacina\u00e7\u00e3o contra a COVID-19, com vistas a circula\u00e7\u00e3o de pessoas e ingresso nas depend\u00eancias da UFPEL <\/strong><strong>[&#8230;] \u00a7 <\/strong><strong>3\u00ba <\/strong><strong>A vacina\u00e7\u00e3o a ser comprovada na UFPel corresponder\u00e1 ao esquema vacinal completo, ou seja, as duas primeiras doses (ou dose \u00fanica) mais a dose de refor\u00e7o.&#8221;<\/strong><\/span><\/p>\n<p><span style=\"color: #000000\">Per\u00edodo de inscri\u00e7\u00f5es: de 23\/05 <strong>at\u00e9 06\/06 \u00e0s 9h (PRORROGADO)<\/strong><\/span><\/p>\n<p><span style=\"color: #000000\">Resultado Preliminar: <a style=\"color: #000000\" href=\"https:\/\/wp.ufpel.edu.br\/prae\/files\/2022\/05\/SEI_23110.016983_2022_78.pdf\" target=\"_blank\" rel=\"noopener\">LISTA DE CANDIDATOS HOMOLOGADOS E N\u00c3O-HOMOLOGADOS<\/a><strong>(ATUALIZE O DOCUMENTO)<\/strong><\/span><\/p>\n<p><span style=\"color: #000000\">Resultado Final: <a style=\"color: #000000\" href=\"https:\/\/wp.ufpel.edu.br\/prae\/files\/2022\/05\/SEI_23110.016983_2022_78.pdf\" target=\"_blank\" rel=\"noopener\">LISTA FINAL &#8211; FORMATURA INSTITUCIONAL<\/a><\/span><\/p>\n<p><span style=\"color: #000000\">Modelo de protocolo cerimonial da Formatura Institucional (ATUALIZADO): <a style=\"color: #000000\" href=\"https:\/\/wp.ufpel.edu.br\/prae\/files\/2022\/06\/Modelo-protocolo-FORMATURA.pdf\">Modelo protocolo FORMATURA<\/a><\/span><\/p>\n<p><span style=\"color: #000000\">D\u00favidas: <a class=\"rABsFf RffVmb AL18ce\" style=\"color: #000000\" href=\"mailto:formatura.institucional@ufpel.edu.br\" target=\"_blank\" rel=\"noopener\" data-tooltip-position=\"top\" data-tooltip=\"Do Contatos do Google\">formatura.institucional@ufpel.edu.br<\/a><\/span><\/p>\n<hr \/>\n<p><span style=\"color: #000000\"><strong>EDITAL ENCERRADO<\/strong><\/span><\/p>\n<p><strong>Edital de Formatura Institucional<\/strong> &#8211; GRADUADOS 2020-1, 2020-2, 2021-1 e GRADUANDOS 2021-1: <a href=\"https:\/\/wp.ufpel.edu.br\/prae\/files\/2022\/01\/SEI_23110.001453_2022_2512.pdf\" target=\"_blank\" rel=\"noopener\">EDITAL CPE N\u00ba01_2022<\/a><\/p>\n<p>Per\u00edodo de inscri\u00e7\u00f5es: de 20\/01 a 31\/01\/22<\/p>\n<p>Resultado Preliminar: <a class=\"mtli_attachment mtli_pdf\" href=\"https:\/\/wp.ufpel.edu.br\/prae\/files\/2022\/02\/SEI_23110.001453_2022_25_Edital.pdf\">Lista de inscri\u00e7\u00f5es homologados e n\u00e3o-homologadas Formatura Institucional 2022<\/a><\/p>\n<p>Resultado Final: <a class=\"mtli_attachment mtli_pdf\" href=\"https:\/\/wp.ufpel.edu.br\/prae\/files\/2022\/02\/SEI_23110.001453_2022_25_Edital.pdf\">Resultado Final<\/a><\/p>\n<p>&nbsp;<\/p>\n<p><a href=\"https:\/\/wp.ufpel.edu.br\/prae\/files\/2022\/03\/Todos-os-dados-da-Formatura-em-10-03-1.pdf\" target=\"_blank\" rel=\"noopener\">INFORMA\u00c7\u00d5ES FORMATURA INSTITUCIONAL \u2013 ensaio, hor\u00e1rios do transporte de apoio e log\u00edstica das cerim\u00f4nias<\/a><\/p>\n<p><a href=\"https:\/\/wp.ufpel.edu.br\/prae\/files\/2022\/03\/TRANSPORTES.pdf\">TRANSPORTES<\/a><\/p>\n<p>D\u00favidas: <a class=\"rABsFf RffVmb AL18ce\" href=\"mailto:formatura.institucional@ufpel.edu.br\" target=\"_blank\" rel=\"noopener\" data-tooltip-position=\"top\" data-tooltip=\"Do Contatos do Google\">formatura.institucional@ufpel.edu.br<\/a><\/p>\n","protected":false},"excerpt":{"rendered":"<p>EDITAL ENCERRADO Edital de Formatura Institucional &#8211; GRADUANDOS 2022\/1: EDITAL CPE\/PRAE N\u00ba. 04\/2022 ***RETIFICADO(ATUALIZE O DOCUMENTO) Per\u00edodo de inscri\u00e7\u00f5es: de 17 at\u00e9 31 de outubro de 2022 (PRORROGADO). Resultado Preliminar: LISTA DE CANDIDATOS HOMOLOGADOS E N\u00c3O-HOMOLOGADOS**RETIFICADO(ATUALIZE O DOCUMENTO) Prazo de recurso: de 31 de outubro at\u00e9 11 de novembro de 2022 Resultado Final: LISTA FINAL &hellip; <\/p>\n<p class=\"link-more\"><a href=\"https:\/\/wp.ufpel.edu.br\/prae\/coordenacao-de-politicas-estudantis\/formatura-institucional\/2022-2\/\" class=\"more-link\">Continue lendo<span class=\"screen-reader-text\"> &#8220;Editais 2022&#8221;<\/span><\/a><\/p>\n","protected":false},"author":229,"featured_media":0,"parent":7563,"menu_order":0,"comment_status":"closed","ping_status":"closed","template":"","meta":{"footnotes":""},"class_list":["post-12786","page","type-page","status-publish","hentry"],"_links":{"self":[{"href":"https:\/\/wp.ufpel.edu.br\/prae\/wp-json\/wp\/v2\/pages\/12786","targetHints":{"allow":["GET"]}}],"collection":[{"href":"https:\/\/wp.ufpel.edu.br\/prae\/wp-json\/wp\/v2\/pages"}],"about":[{"href":"https:\/\/wp.ufpel.edu.br\/prae\/wp-json\/wp\/v2\/types\/page"}],"author":[{"embeddable":true,"href":"https:\/\/wp.ufpel.edu.br\/prae\/wp-json\/wp\/v2\/users\/229"}],"replies":[{"embeddable":true,"href":"https:\/\/wp.ufpel.edu.br\/prae\/wp-json\/wp\/v2\/comments?post=12786"}],"version-history":[{"count":38,"href":"https:\/\/wp.ufpel.edu.br\/prae\/wp-json\/wp\/v2\/pages\/12786\/revisions"}],"predecessor-version":[{"id":14740,"href":"https:\/\/wp.ufpel.edu.br\/prae\/wp-json\/wp\/v2\/pages\/12786\/revisions\/14740"}],"up":[{"embeddable":true,"href":"https:\/\/wp.ufpel.edu.br\/prae\/wp-json\/wp\/v2\/pages\/7563"}],"wp:attachment":[{"href":"https:\/\/wp.ufpel.edu.br\/prae\/wp-json\/wp\/v2\/media?parent=12786"}],"curies":[{"name":"wp","href":"https:\/\/api.w.org\/{rel}","templated":true}]}}