{"id":11918,"date":"2021-08-13T15:16:00","date_gmt":"2021-08-13T18:16:00","guid":{"rendered":"https:\/\/wp.ufpel.edu.br\/prae\/?page_id=11918"},"modified":"2021-11-23T12:12:29","modified_gmt":"2021-11-23T15:12:29","slug":"sisu","status":"publish","type":"page","link":"https:\/\/wp.ufpel.edu.br\/prae\/coordenacao_de_ingresso_e_beneficios\/editais\/editais-2021\/editais-2021-1\/sisu\/","title":{"rendered":"SISU"},"content":{"rendered":"<p style=\"text-align: center\"><span style=\"color: #999999\">ATEN\u00c7\u00c3O: Ao abrir qualquer documento, pressione F5 em seu navegador para atualizar o cache ou puxe para baixo em navegador\/celular<\/span><\/p>\n<p><strong>SISU 2021\/1 \u2013 <\/strong><strong>L1, L2, L9 e L10<\/strong><\/p>\n<p style=\"padding-left: 40px\">SISU 2021\/1 &#8211; Chamada Regular: <a href=\"https:\/\/wp.ufpel.edu.br\/prae\/files\/2021\/04\/SEI_23110.011150_2021_30_Edital_20_21_Chamada_Regular_SISU.pdf\" target=\"_blank\" rel=\"noopener noreferrer\">Edital Vinculado PRAE 20\/21 \u2013 SISU 2021\/1 Chamada Regular<\/a><\/p>\n<p style=\"padding-left: 80px\">Lista inicial de homologados: <a class=\"mtli_attachment mtli_pdf\" href=\"https:\/\/wp.ufpel.edu.br\/prae\/files\/2021\/04\/SEI_23110.011150_2021_30_Edital_20_21_Chamada_Regular_SISU.pdf\" target=\"_blank\" rel=\"noopener noreferrer\">Edital Vinculado PRAE 20\/21 \u2013 SISU 2021\/1 Chamada Regular<\/a> (atualize o documento)<\/p>\n<p style=\"padding-left: 80px\">Lista final de homologados: <a class=\"mtli_attachment mtli_pdf\" href=\"https:\/\/wp.ufpel.edu.br\/prae\/files\/2021\/04\/SEI_23110.011150_2021_30_Edital_20_21_Chamada_Regular_SISU.pdf\" target=\"_blank\" rel=\"noopener noreferrer\">Edital Vinculado PRAE 20\/21 \u2013 SISU 2021\/1 Chamada Regular<\/a> (atualize o documento)<\/p>\n<p style=\"padding-left: 80px\">Resultado Preliminar: <a class=\"mtli_attachment mtli_pdf\" href=\"https:\/\/wp.ufpel.edu.br\/prae\/files\/2021\/04\/SEI_23110.011150_2021_30_Edital_20_21_Chamada_Regular_SISU.pdf\" target=\"_blank\" rel=\"noopener noreferrer\">Edital Vinculado PRAE 20\/21 \u2013 SISU 2021\/1 Chamada Regular<\/a> (atualize o documento)<\/p>\n<p style=\"padding-left: 80px\">Resultado P\u00f3s-Recurso: <a class=\"mtli_attachment mtli_pdf mtli_attachment mtli_pdf mtli_attachment mtli_pdf mtli_attachment mtli_pdf\" href=\"https:\/\/wp.ufpel.edu.br\/prae\/files\/2021\/04\/SEI_23110.011150_2021_30_Edital_20_21_Chamada_Regular_SISU.pdf\" target=\"_blank\" rel=\"noopener noreferrer\">Edital Vinculado PRAE 20\/21 \u2013 SISU 2021\/1 Chamada Regular<\/a>\u00a0(atualize o documento)<\/p>\n<p style=\"padding-left: 80px\">Resultado Final: <a class=\"mtli_attachment mtli_pdf mtli_attachment mtli_pdf mtli_attachment mtli_pdf mtli_attachment mtli_pdf\" href=\"https:\/\/wp.ufpel.edu.br\/prae\/files\/2021\/04\/SEI_23110.011150_2021_30_Edital_20_21_Chamada_Regular_SISU.pdf\" target=\"_blank\" rel=\"noopener noreferrer\">Edital Vinculado PRAE 20\/21 \u2013 SISU 2021\/1 Chamada Regular<\/a>\u00a0(atualize o documento)<\/p>\n<p>&nbsp;<\/p>\n<p style=\"padding-left: 40px\">SISU 2021\/1 \u2013 Primeira Convoca\u00e7\u00e3o: <a href=\"https:\/\/wp.ufpel.edu.br\/prae\/files\/2021\/05\/SEI_23110.013702_2021_44_Edital_21_21_1aConvocacao_SISU_2021_1.pdf\">Edital Vinculado PRAE 21\/21 \u2013 SISU 2021\/1 Primeira Convoca\u00e7\u00e3o<\/a><\/p>\n<p style=\"padding-left: 80px\">Lista de homologados inicial: <a class=\"mtli_attachment mtli_pdf\" href=\"https:\/\/wp.ufpel.edu.br\/prae\/files\/2021\/05\/SEI_23110.013702_2021_44_Edital_21_21_1aConvocacao_SISU_2021_1.pdf\">Edital Vinculado PRAE 21\/21 \u2013 SISU 2021\/1 Primeira Convoca\u00e7\u00e3o<\/a> (atualize o documento)<\/p>\n<p style=\"padding-left: 80px\">Lista de homologados final: <a class=\"mtli_attachment mtli_pdf\" href=\"https:\/\/wp.ufpel.edu.br\/prae\/files\/2021\/05\/SEI_23110.013702_2021_44_Edital_21_21_1aConvocacao_SISU_2021_1.pdf\">Edital Vinculado PRAE 21\/21 \u2013 SISU 2021\/1 Primeira Convoca\u00e7\u00e3o<\/a> (atualize o documento)<\/p>\n<p style=\"padding-left: 80px\">Resultado Preliminar: <a class=\"mtli_attachment mtli_pdf\" href=\"https:\/\/wp.ufpel.edu.br\/prae\/files\/2021\/05\/SEI_23110.013702_2021_44_Edital_21_21_1aConvocacao_SISU_2021_1.pdf\">Edital Vinculado PRAE 21\/21 \u2013 SISU 2021\/1 Primeira Convoca\u00e7\u00e3o<\/a> (atualize o documento)<\/p>\n<p style=\"padding-left: 80px\">Resultado P\u00f3s-Recurso: <a class=\"mtli_attachment mtli_pdf\" href=\"https:\/\/wp.ufpel.edu.br\/prae\/files\/2021\/05\/SEI_23110.013702_2021_44_Edital_21_21_1aConvocacao_SISU_2021_1.pdf\">Edital Vinculado PRAE 21\/21 \u2013 SISU 2021\/1 Primeira Convoca\u00e7\u00e3o<\/a> (atualize o documento)<\/p>\n<p style=\"padding-left: 80px\">Resultado Final: <a class=\"mtli_attachment mtli_pdf mtli_attachment mtli_pdf mtli_attachment mtli_pdf\" href=\"https:\/\/wp.ufpel.edu.br\/prae\/files\/2021\/05\/SEI_23110.013702_2021_44_Edital_21_21_1aConvocacao_SISU_2021_1.pdf\">Edital Vinculado PRAE 21\/21 \u2013 SISU 2021\/1 Primeira Convoca\u00e7\u00e3o<\/a>\u00a0(atualize o documento)<\/p>\n<p>&nbsp;<\/p>\n<p style=\"padding-left: 40px\">SISU 2021\/1 \u2013 Segunda Convoca\u00e7\u00e3o: <a href=\"https:\/\/wp.ufpel.edu.br\/prae\/files\/2021\/06\/SEI_23110.017816_2021_63_Edital_23_21_2aConvocacao_SISU_2021_1.pdf\">Edital Vinculado PRAE 23\/21 \u2013 SISU 2021\/1 Segunda Convoca\u00e7\u00e3o<\/a><\/p>\n<p style=\"padding-left: 80px\">Lista de homologados inicial: <a class=\"mtli_attachment mtli_pdf\" href=\"https:\/\/wp.ufpel.edu.br\/prae\/files\/2021\/06\/SEI_23110.017816_2021_63_Edital_23_21_2aConvocacao_SISU_2021_1.pdf\">Edital Vinculado PRAE 23\/21 \u2013 SISU 2021\/1 Segunda Convoca\u00e7\u00e3o<\/a> (atualize o documento)<\/p>\n<p style=\"padding-left: 80px\">Lista de homologados final: <a class=\"mtli_attachment mtli_pdf mtli_attachment mtli_pdf\" href=\"https:\/\/wp.ufpel.edu.br\/prae\/files\/2021\/06\/SEI_23110.017816_2021_63_Edital_23_21_2aConvocacao_SISU_2021_1.pdf\">Edital Vinculado PRAE 23\/21 \u2013 SISU 2021\/1 Segunda Convoca\u00e7\u00e3o<\/a>\u00a0(atualize o documento)<\/p>\n<p style=\"padding-left: 80px\">Resultado Preliminar: <a class=\"mtli_attachment mtli_pdf mtli_attachment mtli_pdf\" href=\"https:\/\/wp.ufpel.edu.br\/prae\/files\/2021\/06\/SEI_23110.017816_2021_63_Edital_23_21_2aConvocacao_SISU_2021_1.pdf\">Edital Vinculado PRAE 23\/21 \u2013 SISU 2021\/1 Segunda Convoca\u00e7\u00e3o<\/a>\u00a0(atualize o documento)<\/p>\n<p style=\"padding-left: 80px\">Resultado P\u00f3s-Recurso: <a class=\"mtli_attachment mtli_pdf mtli_attachment mtli_pdf mtli_attachment mtli_pdf mtli_attachment mtli_pdf\" href=\"https:\/\/wp.ufpel.edu.br\/prae\/files\/2021\/06\/SEI_23110.017816_2021_63_Edital_23_21_2aConvocacao_SISU_2021_1.pdf\">Edital Vinculado PRAE 23\/21 \u2013 SISU 2021\/1 Segunda Convoca\u00e7\u00e3o<\/a>\u00a0(atualize o documento)<\/p>\n<p style=\"padding-left: 80px\">Resultado Final: <a class=\"mtli_attachment mtli_pdf mtli_attachment mtli_pdf mtli_attachment mtli_pdf mtli_attachment mtli_pdf mtli_attachment mtli_pdf\" href=\"https:\/\/wp.ufpel.edu.br\/prae\/files\/2021\/06\/SEI_23110.017816_2021_63_Edital_23_21_2aConvocacao_SISU_2021_1.pdf\">Edital Vinculado PRAE 23\/21 \u2013 SISU 2021\/1 Segunda Convoca\u00e7\u00e3o<\/a>\u00a0(atualize o documento)<\/p>\n<p>&nbsp;<\/p>\n<p style=\"padding-left: 40px\">SISU 2021\/1 \u2013 Terceira Convoca\u00e7\u00e3o: <a href=\"https:\/\/wp.ufpel.edu.br\/prae\/files\/2021\/06\/SEI_23110.019139_2021_18_Edital_24_21_3aConvocacao_SISU_2021_1.pdf\">Edital Vinculado PRAE 24\/21 \u2013 SISU 2021\/1 Terceira Convoca\u00e7\u00e3o<\/a><\/p>\n<p style=\"padding-left: 80px\">Lista de homologados inicial: <a href=\"https:\/\/wp.ufpel.edu.br\/prae\/files\/2021\/06\/SEI_23110.019139_2021_18_Edital_24_21_3aConvocacao_SISU_2021_1.pdf\">Edital Vinculado PRAE 24\/21 \u2013 SISU 2021\/1 Terceira Convoca\u00e7\u00e3o<\/a> (atualize o documento)<\/p>\n<p style=\"padding-left: 80px\">Lista de homologados final: <a class=\"mtli_attachment mtli_pdf\" href=\"https:\/\/wp.ufpel.edu.br\/prae\/files\/2021\/06\/SEI_23110.019139_2021_18_Edital_24_21_3aConvocacao_SISU_2021_1.pdf\">Edital Vinculado PRAE 24\/21 \u2013 SISU 2021\/1 Terceira Convoca\u00e7\u00e3o<\/a>\u00a0(atualize o documento)<\/p>\n<p style=\"padding-left: 80px\">Resultado Preliminar: <a class=\"mtli_attachment mtli_pdf\" href=\"https:\/\/wp.ufpel.edu.br\/prae\/files\/2021\/06\/SEI_23110.019139_2021_18_Edital_24_21_3aConvocacao_SISU_2021_1.pdf\">Edital Vinculado PRAE 24\/21 \u2013 SISU 2021\/1 Terceira Convoca\u00e7\u00e3o<\/a>\u00a0(atualize o documento)<\/p>\n<p style=\"padding-left: 80px\">Resultado P\u00f3s-Recurso: <a class=\"mtli_attachment mtli_pdf mtli_attachment mtli_pdf\" href=\"https:\/\/wp.ufpel.edu.br\/prae\/files\/2021\/06\/SEI_23110.019139_2021_18_Edital_24_21_3aConvocacao_SISU_2021_1.pdf\">Edital Vinculado PRAE 24\/21 \u2013 SISU 2021\/1 Terceira Convoca\u00e7\u00e3o<\/a>\u00a0(atualize o documento)<\/p>\n<p style=\"padding-left: 80px\">Resultado Final: <a class=\"mtli_attachment mtli_pdf mtli_attachment mtli_pdf mtli_attachment mtli_pdf\" href=\"https:\/\/wp.ufpel.edu.br\/prae\/files\/2021\/06\/SEI_23110.019139_2021_18_Edital_24_21_3aConvocacao_SISU_2021_1.pdf\">Edital Vinculado PRAE 24\/21 \u2013 SISU 2021\/1 Terceira Convoca\u00e7\u00e3o<\/a>\u00a0(atualize o documento)<\/p>\n<p>&nbsp;<\/p>\n<p style=\"padding-left: 40px\">SISU 2021\/1 \u2013 Quarta Convoca\u00e7\u00e3o: <a href=\"https:\/\/wp.ufpel.edu.br\/prae\/files\/2021\/07\/SEI_23110.021024_2021_93_Edital_25_21_4aConvocacao_SISU_2021_1.pdf\">Edital Vinculado PRAE 25\/21 \u2013 SISU 2021\/1 Quarta Convoca\u00e7\u00e3o<\/a><\/p>\n<p style=\"padding-left: 80px\">Lista de homologados inicial: <a class=\"mtli_attachment mtli_pdf\" href=\"https:\/\/wp.ufpel.edu.br\/prae\/files\/2021\/07\/SEI_23110.021024_2021_93_Edital_25_21_4aConvocacao_SISU_2021_1.pdf\">Edital Vinculado PRAE 25\/21 \u2013 SISU 2021\/1 Quarta Convoca\u00e7\u00e3o<\/a> (atualize o documento)<\/p>\n<p style=\"padding-left: 80px\">Lista de homologados final: <a class=\"mtli_attachment mtli_pdf\" href=\"https:\/\/wp.ufpel.edu.br\/prae\/files\/2021\/07\/SEI_23110.021024_2021_93_Edital_25_21_4aConvocacao_SISU_2021_1.pdf\">Edital Vinculado PRAE 25\/21 \u2013 SISU 2021\/1 Quarta Convoca\u00e7\u00e3o<\/a> (atualize o documento)<\/p>\n<p style=\"padding-left: 80px\">Resultado Preliminar: Quarta Convoca\u00e7\u00e3o: <a href=\"https:\/\/wp.ufpel.edu.br\/prae\/files\/2021\/07\/SEI_23110.021024_2021_93_Edital_25_21_4aConvocacao_SISU_2021_1.pdf\">Edital Vinculado PRAE 25\/21 \u2013 SISU 2021\/1 Quarta Convoca\u00e7\u00e3o<\/a> (atualize o documento)<\/p>\n<p style=\"padding-left: 80px\">Resultado P\u00f3s-Recurso: <a class=\"mtli_attachment mtli_pdf\" href=\"https:\/\/wp.ufpel.edu.br\/prae\/files\/2021\/07\/SEI_23110.021024_2021_93_Edital_25_21_4aConvocacao_SISU_2021_1.pdf\">Edital Vinculado PRAE 25\/21 \u2013 SISU 2021\/1 Quarta Convoca\u00e7\u00e3o<\/a>\u00a0(atualize o documento)<\/p>\n<p style=\"padding-left: 80px\">Resultado Final: <a class=\"mtli_attachment mtli_pdf mtli_attachment mtli_pdf\" href=\"https:\/\/wp.ufpel.edu.br\/prae\/files\/2021\/07\/SEI_23110.021024_2021_93_Edital_25_21_4aConvocacao_SISU_2021_1.pdf\">Edital Vinculado PRAE 25\/21 \u2013 SISU 2021\/1 Quarta Convoca\u00e7\u00e3o<\/a>\u00a0(atualize o documento)<\/p>\n<p>&nbsp;<\/p>\n<p style=\"padding-left: 40px\">SISU 2021\/1 &#8211; Quinta Convoca\u00e7\u00e3o: <a href=\"https:\/\/wp.ufpel.edu.br\/prae\/files\/2021\/07\/SEI_23110.022916_2021_10_Edital_28_Quinta_Convocacao_SISU_2021_1.pdf\">Edital Vinculado PRAE 28\/21 \u2013 SISU 2021\/1 Quinta Convoca\u00e7\u00e3o<\/a><\/p>\n<p style=\"padding-left: 120px\">Lista de homologados inicial: <a href=\"https:\/\/wp.ufpel.edu.br\/prae\/files\/2021\/07\/SEI_23110.022916_2021_10_Edital_28_Quinta_Convocacao_SISU_2021_1.pdf\">Edital Vinculado PRAE 28\/21 \u2013 SISU 2021\/1 Quinta Convoca\u00e7\u00e3o<\/a> (atualize o documento)<\/p>\n<p style=\"padding-left: 120px\">Lista de homologados final: <a class=\"mtli_attachment mtli_pdf mtli_attachment mtli_pdf\" href=\"https:\/\/wp.ufpel.edu.br\/prae\/files\/2021\/07\/SEI_23110.022916_2021_10_Edital_28_Quinta_Convocacao_SISU_2021_1.pdf\">Edital Vinculado PRAE 28\/21 \u2013 SISU 2021\/1 Quinta Convoca\u00e7\u00e3o<\/a>\u00a0(atualize o documento)<\/p>\n<p style=\"padding-left: 120px\">Resultado Preliminar: <a class=\"mtli_attachment mtli_pdf mtli_attachment mtli_pdf mtli_attachment mtli_pdf\" href=\"https:\/\/wp.ufpel.edu.br\/prae\/files\/2021\/07\/SEI_23110.022916_2021_10_Edital_28_Quinta_Convocacao_SISU_2021_1.pdf\">Edital Vinculado PRAE 28\/21 \u2013 SISU 2021\/1 Quinta Convoca\u00e7\u00e3o<\/a>\u00a0(atualize o documento)<\/p>\n<p style=\"padding-left: 120px\">Resultado P\u00f3s-Recurso: <a class=\"mtli_attachment mtli_pdf mtli_attachment mtli_pdf mtli_attachment mtli_pdf mtli_attachment mtli_pdf\" href=\"https:\/\/wp.ufpel.edu.br\/prae\/files\/2021\/07\/SEI_23110.022916_2021_10_Edital_28_Quinta_Convocacao_SISU_2021_1.pdf\">Edital Vinculado PRAE 28\/21 \u2013 SISU 2021\/1 Quinta Convoca\u00e7\u00e3o<\/a>\u00a0(atualize o documento)<\/p>\n<p style=\"padding-left: 120px\">Resultado Final: <a class=\"mtli_attachment mtli_pdf mtli_attachment mtli_pdf mtli_attachment mtli_pdf mtli_attachment mtli_pdf mtli_attachment mtli_pdf\" href=\"https:\/\/wp.ufpel.edu.br\/prae\/files\/2021\/07\/SEI_23110.022916_2021_10_Edital_28_Quinta_Convocacao_SISU_2021_1.pdf\">Edital Vinculado PRAE 28\/21 \u2013 SISU 2021\/1 Quinta Convoca\u00e7\u00e3o<\/a>\u00a0(atualize o documento)<\/p>\n<p>&nbsp;<\/p>\n<p style=\"padding-left: 40px\">SISU 2021\/1 &#8211; Sexta Convoca\u00e7\u00e3o: <a href=\"https:\/\/wp.ufpel.edu.br\/prae\/files\/2021\/08\/SEI_23110.024687_2021_60_Edital_30_21_6aConvocacao_SISU_2021_1.pdf\">Edital Vinculado PRAE 30\/21 \u2013 SISU 2021\/1 Sexta Convoca\u00e7\u00e3o<\/a><\/p>\n<p style=\"padding-left: 120px\">Lista de homologados inicial: <a class=\"mtli_attachment mtli_pdf\" href=\"https:\/\/wp.ufpel.edu.br\/prae\/files\/2021\/08\/SEI_23110.024687_2021_60_Edital_30_21_6aConvocacao_SISU_2021_1.pdf\">Edital Vinculado PRAE 30\/21 \u2013 SISU 2021\/1 Sexta Convoca\u00e7\u00e3o<\/a> (atualize o documento)<\/p>\n<p style=\"padding-left: 120px\">Lista Final de Homologa\u00e7\u00e3o: <a class=\"mtli_attachment mtli_pdf mtli_attachment mtli_pdf\" href=\"https:\/\/wp.ufpel.edu.br\/prae\/files\/2021\/08\/SEI_23110.024687_2021_60_Edital_30_21_6aConvocacao_SISU_2021_1.pdf\">Edital Vinculado PRAE 30\/21 \u2013 SISU 2021\/1 Sexta Convoca\u00e7\u00e3o<\/a>\u00a0(atualize o documento)<\/p>\n<p style=\"padding-left: 120px\">Resultado Preliminar: <a class=\"mtli_attachment mtli_pdf mtli_attachment mtli_pdf mtli_attachment mtli_pdf\" href=\"https:\/\/wp.ufpel.edu.br\/prae\/files\/2021\/08\/SEI_23110.024687_2021_60_Edital_30_21_6aConvocacao_SISU_2021_1.pdf\">Edital Vinculado PRAE 30\/21 \u2013 SISU 2021\/1 Sexta Convoca\u00e7\u00e3o<\/a>\u00a0(atualize o documento)<\/p>\n<p style=\"padding-left: 120px\">Resultado P\u00f3s-Recurso: <a class=\"mtli_attachment mtli_pdf mtli_attachment mtli_pdf mtli_attachment mtli_pdf mtli_attachment mtli_pdf\" href=\"https:\/\/wp.ufpel.edu.br\/prae\/files\/2021\/08\/SEI_23110.024687_2021_60_Edital_30_21_6aConvocacao_SISU_2021_1.pdf\">Edital Vinculado PRAE 30\/21 \u2013 SISU 2021\/1 Sexta Convoca\u00e7\u00e3o<\/a>\u00a0(atualize o documento)<\/p>\n<p style=\"padding-left: 120px\">Resultado Final: <a class=\"mtli_attachment mtli_pdf mtli_attachment mtli_pdf mtli_attachment mtli_pdf mtli_attachment mtli_pdf mtli_attachment mtli_pdf\" href=\"https:\/\/wp.ufpel.edu.br\/prae\/files\/2021\/08\/SEI_23110.024687_2021_60_Edital_30_21_6aConvocacao_SISU_2021_1.pdf\">Edital Vinculado PRAE 30\/21 \u2013 SISU 2021\/1 Sexta Convoca\u00e7\u00e3o<\/a>\u00a0(atualize o documento)<\/p>\n<p>&nbsp;<\/p>\n<p style=\"padding-left: 40px\">SISU 2021\/1 &#8211; S\u00e9tima Convoca\u00e7\u00e3o: <a href=\"https:\/\/wp.ufpel.edu.br\/prae\/files\/2021\/08\/SEI_23110.027110_2021_18_Edital_37_31_7aConvocacao_SISU_2021_1.pdf\">Edital Vinculado PRAE 37\/21 \u2013 SISU 2021\/1 S\u00e9tima Convoca\u00e7\u00e3o<\/a><\/p>\n<p style=\"padding-left: 120px\">Lista de homologados inicial: <a href=\"https:\/\/wp.ufpel.edu.br\/prae\/files\/2021\/08\/SEI_23110.027110_2021_18_Edital_37_31_7aConvocacao_SISU_2021_1.pdf\">Edital Vinculado PRAE 37\/21 \u2013 SISU 2021\/1 S\u00e9tima Convoca\u00e7\u00e3o<\/a>\u00a0(atualize o documento)<\/p>\n<p style=\"padding-left: 120px\">Lista de homologados final: <a class=\"mtli_attachment mtli_pdf\" href=\"https:\/\/wp.ufpel.edu.br\/prae\/files\/2021\/08\/SEI_23110.027110_2021_18_Edital_37_31_7aConvocacao_SISU_2021_1.pdf\">Edital Vinculado PRAE 37\/21 \u2013 SISU 2021\/1 S\u00e9tima Convoca\u00e7\u00e3o<\/a>\u00a0(atualize o documento)<\/p>\n<p style=\"padding-left: 120px\">Resultado Preliminar: <a class=\"mtli_attachment mtli_pdf mtli_attachment mtli_pdf\" href=\"https:\/\/wp.ufpel.edu.br\/prae\/files\/2021\/08\/SEI_23110.027110_2021_18_Edital_37_31_7aConvocacao_SISU_2021_1.pdf\">Edital Vinculado PRAE 37\/21 \u2013 SISU 2021\/1 S\u00e9tima Convoca\u00e7\u00e3o<\/a>\u00a0(atualize o documento)<\/p>\n<p style=\"padding-left: 120px\">Resultado P\u00f3s-Recurso: <a class=\"mtli_attachment mtli_pdf mtli_attachment mtli_pdf mtli_attachment mtli_pdf\" href=\"https:\/\/wp.ufpel.edu.br\/prae\/files\/2021\/08\/SEI_23110.027110_2021_18_Edital_37_31_7aConvocacao_SISU_2021_1.pdf\">Edital Vinculado PRAE 37\/21 \u2013 SISU 2021\/1 S\u00e9tima Convoca\u00e7\u00e3o<\/a>\u00a0(atualize o documento)<\/p>\n<p style=\"padding-left: 120px\">Resultado Final: <a class=\"mtli_attachment mtli_pdf mtli_attachment mtli_pdf mtli_attachment mtli_pdf mtli_attachment mtli_pdf\" href=\"https:\/\/wp.ufpel.edu.br\/prae\/files\/2021\/08\/SEI_23110.027110_2021_18_Edital_37_31_7aConvocacao_SISU_2021_1.pdf\">Edital Vinculado PRAE 37\/21 \u2013 SISU 2021\/1 S\u00e9tima Convoca\u00e7\u00e3o<\/a>\u00a0(atualize o documento)<\/p>\n","protected":false},"excerpt":{"rendered":"<p>ATEN\u00c7\u00c3O: Ao abrir qualquer documento, pressione F5 em seu navegador para atualizar o cache ou puxe para baixo em navegador\/celular SISU 2021\/1 \u2013 L1, L2, L9 e L10 SISU 2021\/1 &#8211; Chamada Regular: Edital Vinculado PRAE 20\/21 \u2013 SISU 2021\/1 Chamada Regular Lista inicial de homologados: Edital Vinculado PRAE 20\/21 \u2013 SISU 2021\/1 Chamada Regular &hellip; <\/p>\n<p class=\"link-more\"><a href=\"https:\/\/wp.ufpel.edu.br\/prae\/coordenacao_de_ingresso_e_beneficios\/editais\/editais-2021\/editais-2021-1\/sisu\/\" class=\"more-link\">Continue lendo<span class=\"screen-reader-text\"> &#8220;SISU&#8221;<\/span><\/a><\/p>\n","protected":false},"author":229,"featured_media":0,"parent":10757,"menu_order":0,"comment_status":"closed","ping_status":"closed","template":"","meta":{"footnotes":""},"class_list":["post-11918","page","type-page","status-publish","hentry"],"_links":{"self":[{"href":"https:\/\/wp.ufpel.edu.br\/prae\/wp-json\/wp\/v2\/pages\/11918","targetHints":{"allow":["GET"]}}],"collection":[{"href":"https:\/\/wp.ufpel.edu.br\/prae\/wp-json\/wp\/v2\/pages"}],"about":[{"href":"https:\/\/wp.ufpel.edu.br\/prae\/wp-json\/wp\/v2\/types\/page"}],"author":[{"embeddable":true,"href":"https:\/\/wp.ufpel.edu.br\/prae\/wp-json\/wp\/v2\/users\/229"}],"replies":[{"embeddable":true,"href":"https:\/\/wp.ufpel.edu.br\/prae\/wp-json\/wp\/v2\/comments?post=11918"}],"version-history":[{"count":31,"href":"https:\/\/wp.ufpel.edu.br\/prae\/wp-json\/wp\/v2\/pages\/11918\/revisions"}],"predecessor-version":[{"id":12561,"href":"https:\/\/wp.ufpel.edu.br\/prae\/wp-json\/wp\/v2\/pages\/11918\/revisions\/12561"}],"up":[{"embeddable":true,"href":"https:\/\/wp.ufpel.edu.br\/prae\/wp-json\/wp\/v2\/pages\/10757"}],"wp:attachment":[{"href":"https:\/\/wp.ufpel.edu.br\/prae\/wp-json\/wp\/v2\/media?parent=11918"}],"curies":[{"name":"wp","href":"https:\/\/api.w.org\/{rel}","templated":true}]}}