{"id":1183,"date":"2012-08-01T11:59:20","date_gmt":"2012-08-01T14:59:20","guid":{"rendered":"https:\/\/wp.ufpel.edu.br\/prae\/?page_id=1183"},"modified":"2020-07-08T10:27:24","modified_gmt":"2020-07-08T13:27:24","slug":"documentos","status":"publish","type":"page","link":"https:\/\/wp.ufpel.edu.br\/prae\/coordenacao_de_ingresso_e_beneficios\/documentos\/","title":{"rendered":"Documentos"},"content":{"rendered":"<p><strong>Formul\u00e1rios espec\u00edficos que devem ser entregues pelos alunos de acordo com o cronograma pr\u00e9-estabelecido pela Coordenadoria de Benef\u00edcios:<\/strong><\/p>\n<p><span style=\"text-decoration: underline\"><a href=\"https:\/\/wp.ufpel.edu.br\/prae\/files\/2012\/08\/FORMUL\u00c1RIO-DE-REAVALIA\u00c7\u00c3O-SOCIOECONOMICA1-1.pdf\">FORMUL\u00c1RIO DE REAVALIA\u00c7\u00c3O SOCIOECONOMICA<\/a><\/span><\/p>\n<p><span style=\"text-decoration: underline\"><a href=\"https:\/\/wp.ufpel.edu.br\/prae\/files\/2012\/08\/Anexo-I-declaracao-trabalho-autonomo1.pdf\">Anexo I &#8211; declara\u00e7\u00e3o trabalho autonomo<\/a><\/span><\/p>\n<p><span style=\"text-decoration: underline\"><a href=\"https:\/\/wp.ufpel.edu.br\/prae\/files\/2012\/08\/Anexo-II-declaracao-divisao-aluguel5.pdf\">Anexo II &#8211; declaracao divisao aluguel<\/a><\/span><\/p>\n<p><span style=\"text-decoration: underline\"><a href=\"https:\/\/wp.ufpel.edu.br\/prae\/files\/2012\/08\/Anexo-III-declaracao-cedencia-de-imovel3.pdf\">Anexo III &#8211; declara\u00e7\u00e3o ced\u00eancia de imovel<\/a><\/span><\/p>\n<p><span style=\"text-decoration: underline\"><a href=\"https:\/\/wp.ufpel.edu.br\/prae\/files\/2012\/08\/Anexo-IV-declaracao-cedencia-de-hospedagem3.pdf\">Anexo IV &#8211; declara\u00e7\u00e3o ced\u00eancia de hospedagem<\/a><\/span><\/p>\n<p><span style=\"text-decoration: underline\"><a href=\"https:\/\/wp.ufpel.edu.br\/prae\/files\/2012\/08\/Anexo-V-declaracao-produtor-rural3.pdf\">Anexo V &#8211; declara\u00e7\u00e3o produtor rural<\/a><\/span><\/p>\n<p><span style=\"text-decoration: underline\"><a href=\"https:\/\/wp.ufpel.edu.br\/prae\/files\/2012\/08\/ANEXO-VI-declaracao-n\u00e3o-possuir-gradua\u00e7\u00e3o.pdf\">ANEXO VI &#8211; declara\u00e7\u00e3o n\u00e3o possuir gradua\u00e7\u00e3o<\/a><\/span><\/p>\n","protected":false},"excerpt":{"rendered":"<p>Formul\u00e1rios espec\u00edficos que devem ser entregues pelos alunos de acordo com o cronograma pr\u00e9-estabelecido pela Coordenadoria de Benef\u00edcios: FORMUL\u00c1RIO DE REAVALIA\u00c7\u00c3O SOCIOECONOMICA Anexo I &#8211; declara\u00e7\u00e3o trabalho autonomo Anexo II &#8211; declaracao divisao aluguel Anexo III &#8211; declara\u00e7\u00e3o ced\u00eancia de imovel Anexo IV &#8211; declara\u00e7\u00e3o ced\u00eancia de hospedagem Anexo V &#8211; declara\u00e7\u00e3o produtor rural ANEXO &hellip; <\/p>\n<p class=\"link-more\"><a href=\"https:\/\/wp.ufpel.edu.br\/prae\/coordenacao_de_ingresso_e_beneficios\/documentos\/\" class=\"more-link\">Continue lendo<span class=\"screen-reader-text\"> &#8220;Documentos&#8221;<\/span><\/a><\/p>\n","protected":false},"author":12,"featured_media":0,"parent":5,"menu_order":0,"comment_status":"closed","ping_status":"closed","template":"","meta":{"footnotes":""},"class_list":["post-1183","page","type-page","status-publish","hentry"],"_links":{"self":[{"href":"https:\/\/wp.ufpel.edu.br\/prae\/wp-json\/wp\/v2\/pages\/1183","targetHints":{"allow":["GET"]}}],"collection":[{"href":"https:\/\/wp.ufpel.edu.br\/prae\/wp-json\/wp\/v2\/pages"}],"about":[{"href":"https:\/\/wp.ufpel.edu.br\/prae\/wp-json\/wp\/v2\/types\/page"}],"author":[{"embeddable":true,"href":"https:\/\/wp.ufpel.edu.br\/prae\/wp-json\/wp\/v2\/users\/12"}],"replies":[{"embeddable":true,"href":"https:\/\/wp.ufpel.edu.br\/prae\/wp-json\/wp\/v2\/comments?post=1183"}],"version-history":[{"count":28,"href":"https:\/\/wp.ufpel.edu.br\/prae\/wp-json\/wp\/v2\/pages\/1183\/revisions"}],"predecessor-version":[{"id":9910,"href":"https:\/\/wp.ufpel.edu.br\/prae\/wp-json\/wp\/v2\/pages\/1183\/revisions\/9910"}],"up":[{"embeddable":true,"href":"https:\/\/wp.ufpel.edu.br\/prae\/wp-json\/wp\/v2\/pages\/5"}],"wp:attachment":[{"href":"https:\/\/wp.ufpel.edu.br\/prae\/wp-json\/wp\/v2\/media?parent=1183"}],"curies":[{"name":"wp","href":"https:\/\/api.w.org\/{rel}","templated":true}]}}