{"id":888,"date":"2022-05-22T23:30:07","date_gmt":"2022-05-23T02:30:07","guid":{"rendered":"https:\/\/wp.ufpel.edu.br\/praciber\/?page_id=888"},"modified":"2022-05-22T23:32:37","modified_gmt":"2022-05-23T02:32:37","slug":"integrantes","status":"publish","type":"page","link":"https:\/\/wp.ufpel.edu.br\/praciber\/integrantes\/","title":{"rendered":"INTEGRANTES"},"content":{"rendered":"<p><img loading=\"lazy\" decoding=\"async\" class=\"aligncenter wp-image-829 size-full\" src=\"https:\/\/wp.ufpel.edu.br\/praciber\/files\/2022\/05\/aaas.png\" alt=\"\" width=\"1023\" height=\"328\" srcset=\"https:\/\/wp.ufpel.edu.br\/praciber\/files\/2022\/05\/aaas.png 1023w, https:\/\/wp.ufpel.edu.br\/praciber\/files\/2022\/05\/aaas-400x128.png 400w, https:\/\/wp.ufpel.edu.br\/praciber\/files\/2022\/05\/aaas-768x246.png 768w\" sizes=\"auto, (max-width: 1023px) 100vw, 1023px\" \/><\/p>\n<p><img loading=\"lazy\" decoding=\"async\" class=\"wp-image-855 size-full alignleft\" src=\"https:\/\/wp.ufpel.edu.br\/praciber\/files\/2022\/05\/rebs.png\" alt=\"\" width=\"386\" height=\"328\" \/><\/p>\n<p>&nbsp;<\/p>\n<p>&nbsp;<\/p>\n<p><b>Coordenadora:<\/b><span style=\"font-weight: 400;\"> Rebeca Recuero Rebs<\/span><\/p>\n<p><strong>Curso<\/strong><span style=\"font-weight: 400;\"><strong>:<\/strong> Profa. Dra. dos cursos de Cinema e Audiovisual, <\/span><span style=\"font-weight: 400;\">Cinema de <\/span><span style=\"font-weight: 400;\">Anima\u00e7\u00e3o, <\/span><span style=\"font-weight: 400;\">Dan\u00e7a licenciatura e Programa de <\/span><span style=\"font-weight: 400;\">P\u00f3s-Gradua\u00e7\u00e3o em Artes Visuais da UFPel.<\/span><\/p>\n<p><strong>E-mail<\/strong><span style=\"font-weight: 400;\"><strong>:<\/strong> rebeca.recuero.rebs@gmail.com<\/span><\/p>\n<p>&nbsp;<\/p>\n<p>&nbsp;<\/p>\n<p><img loading=\"lazy\" decoding=\"async\" class=\"size-full wp-image-853 alignright\" src=\"https:\/\/wp.ufpel.edu.br\/praciber\/files\/2022\/05\/lu.png\" alt=\"\" width=\"386\" height=\"328\" \/><b><\/b><\/p>\n<p>&nbsp;<\/p>\n<p>&nbsp;<\/p>\n<p style=\"text-align: right;\"><b>Colaboradora:<\/b><span style=\"font-weight: 400;\"> Luiza Gervini Chies<\/span><\/p>\n<p style=\"text-align: right;\"><strong>Curso<\/strong><span style=\"font-weight: 400;\"><strong>:<\/strong> Bacharela em Cinema de Anima\u00e7\u00e3o\u00a0<\/span><\/p>\n<p style=\"text-align: right;\"><strong>E-mail:<\/strong><span style=\"font-weight: 400;\">\u00a0luizagchies@gmail.com<\/span><\/p>\n<p style=\"text-align: right;\"><span style=\"font-weight: 400;\"><strong>Lattes:<\/strong> <a href=\"http:\/\/lattes.cnpq.br\/2082071124589359\">http:\/\/lattes.cnpq.br\/2082071124589359<\/a><\/span><\/p>\n<p>&nbsp;<\/p>\n<p><img loading=\"lazy\" decoding=\"async\" class=\"size-full wp-image-850 alignleft\" src=\"https:\/\/wp.ufpel.edu.br\/praciber\/files\/2022\/05\/gabs.png\" alt=\"\" width=\"386\" height=\"328\" \/><\/p>\n<p>&nbsp;<\/p>\n<p>&nbsp;<\/p>\n<p><b>Mestrando: <\/b><span style=\"font-weight: 400;\">Gabriel da Silva Munaro<\/span><\/p>\n<p><span style=\"font-weight: 400;\"><strong>Curso:<\/strong> Bacharel em Cinema de Anima\u00e7\u00e3o e Mestrando em Artes Visuais<\/span><\/p>\n<p><strong>E-mail:<\/strong><span style=\"font-weight: 400;\"> gabrielmunaro@gmail.com<\/span><\/p>\n<p><span style=\"font-weight: 400;\"><strong>Lattes: <\/strong><a href=\"http:\/\/lattes.cnpq.br\/4134569653650047\">http:\/\/lattes.cnpq.br\/4134569653650047<\/a><\/span><\/p>\n<p>&nbsp;<\/p>\n<p>&nbsp;<\/p>\n<p><img loading=\"lazy\" decoding=\"async\" class=\"size-full wp-image-854 alignright\" src=\"https:\/\/wp.ufpel.edu.br\/praciber\/files\/2022\/05\/pe.png\" alt=\"\" width=\"386\" height=\"328\" \/><\/p>\n<p>&nbsp;<\/p>\n<p>&nbsp;<\/p>\n<p style=\"text-align: right;\"><b>Bolsista: <span style=\"font-weight: 400;\">Pedro Ydac<\/span><\/b><\/p>\n<p style=\"text-align: right;\"><span style=\"font-weight: 400;\"><strong>Curso:<\/strong> Graduando em Cinema de Anima\u00e7\u00e3o<\/span><\/p>\n<p style=\"text-align: right;\"><strong>E-mail:<\/strong><span style=\"font-weight: 400;\"> pedroyuri2@gmail.com<\/span><\/p>\n<p style=\"text-align: right;\"><span style=\"font-weight: 400;\"><strong>Lattes:\u00a0<\/strong><a href=\"http:\/\/lattes.cnpq.br\/0088176825680401\">http:\/\/lattes.cnpq.br\/0088176825680401<\/a><\/span><\/p>\n<p>&nbsp;<\/p>\n<p><img loading=\"lazy\" decoding=\"async\" class=\"size-full wp-image-849 alignleft\" src=\"https:\/\/wp.ufpel.edu.br\/praciber\/files\/2022\/05\/agn.png\" alt=\"\" width=\"386\" height=\"328\" \/><\/p>\n<p>&nbsp;<\/p>\n<p>&nbsp;<\/p>\n<p><b>Graduanda: <span style=\"font-weight: 400;\">Agnes Lenz Romero<\/span><\/b><\/p>\n<p><span style=\"font-weight: 400;\"><strong>Curso:<\/strong> Graduanda em Cinema e Audiovisual<\/span><\/p>\n<p><strong>E-mail:<\/strong><span style=\"font-weight: 400;\"> agnes.lenz@hotmail.com\/agnes.lenzr@gmail.com<\/span><\/p>\n<p><span style=\"font-weight: 400;\"><strong>Lattes:\u00a0<\/strong><a href=\"http:\/\/lattes.cnpq.br\/7349640720969437\">http:\/\/lattes.cnpq.br\/7349640720969437<\/a><\/span><\/p>\n<p>&nbsp;<\/p>\n<p><img loading=\"lazy\" decoding=\"async\" class=\"size-full wp-image-851 alignright\" src=\"https:\/\/wp.ufpel.edu.br\/praciber\/files\/2022\/05\/giu.png\" alt=\"\" width=\"386\" height=\"328\" \/><\/p>\n<p>&nbsp;<\/p>\n<p style=\"text-align: right;\"><b>Graduanda: <span style=\"font-weight: 400;\">Giulia Belmonte Kist<\/span><\/b><\/p>\n<p style=\"text-align: right;\"><span style=\"font-weight: 400;\"><strong>Curso:<\/strong> Graduanda em Cinema e Audiovisual<\/span><\/p>\n<p style=\"text-align: right;\"><strong>E-mail:<\/strong><span style=\"font-weight: 400;\"> giuliakist@hotmail.com\/giuliakist@gmail.com<\/span><\/p>\n<p style=\"text-align: right;\"><span style=\"font-weight: 400;\"><strong>Lattes:<\/strong> <a href=\"http:\/\/lattes.cnpq.br\/6781554509901370\">http:\/\/lattes.cnpq.br\/6781554509901370<\/a><\/span><\/p>\n<p><img loading=\"lazy\" decoding=\"async\" class=\"size-full wp-image-852 alignleft\" src=\"https:\/\/wp.ufpel.edu.br\/praciber\/files\/2022\/05\/lai.png\" alt=\"\" width=\"386\" height=\"328\" \/><\/p>\n<p>&nbsp;<\/p>\n<p>&nbsp;<\/p>\n<p><b>Graduanda:<span style=\"font-weight: 400;\">\u00a0Laila da Silva Oliveira<\/span><\/b><\/p>\n<p><span style=\"font-weight: 400;\"><strong>Curso:<\/strong> Graduanda em Cinema e Audiovisual<\/span><\/p>\n<p><strong>E-mail: <\/strong><span style=\"font-weight: 400;\">fostertheoliveira@gmail.com<\/span><\/p>\n<p><span style=\"font-weight: 400;\"><strong>Lattes: <\/strong><a href=\"http:\/\/lattes.cnpq.br\/5761984629122673\">http:\/\/lattes.cnpq.br\/5761984629122673<\/a><\/span><\/p>\n","protected":false},"excerpt":{"rendered":"<p>&nbsp; &nbsp; Coordenadora: Rebeca Recuero Rebs Curso: Profa. Dra. dos cursos de Cinema e Audiovisual, Cinema de Anima\u00e7\u00e3o, Dan\u00e7a licenciatura e Programa de P\u00f3s-Gradua\u00e7\u00e3o em Artes Visuais da UFPel. E-mail: [&hellip;]<\/p>\n","protected":false},"author":985,"featured_media":0,"parent":0,"menu_order":0,"comment_status":"closed","ping_status":"closed","template":"","meta":{"footnotes":""},"class_list":["post-888","page","type-page","status-publish","hentry","post"],"jetpack_sharing_enabled":true,"_links":{"self":[{"href":"https:\/\/wp.ufpel.edu.br\/praciber\/wp-json\/wp\/v2\/pages\/888","targetHints":{"allow":["GET"]}}],"collection":[{"href":"https:\/\/wp.ufpel.edu.br\/praciber\/wp-json\/wp\/v2\/pages"}],"about":[{"href":"https:\/\/wp.ufpel.edu.br\/praciber\/wp-json\/wp\/v2\/types\/page"}],"author":[{"embeddable":true,"href":"https:\/\/wp.ufpel.edu.br\/praciber\/wp-json\/wp\/v2\/users\/985"}],"replies":[{"embeddable":true,"href":"https:\/\/wp.ufpel.edu.br\/praciber\/wp-json\/wp\/v2\/comments?post=888"}],"version-history":[{"count":7,"href":"https:\/\/wp.ufpel.edu.br\/praciber\/wp-json\/wp\/v2\/pages\/888\/revisions"}],"predecessor-version":[{"id":895,"href":"https:\/\/wp.ufpel.edu.br\/praciber\/wp-json\/wp\/v2\/pages\/888\/revisions\/895"}],"wp:attachment":[{"href":"https:\/\/wp.ufpel.edu.br\/praciber\/wp-json\/wp\/v2\/media?parent=888"}],"curies":[{"name":"wp","href":"https:\/\/api.w.org\/{rel}","templated":true}]}}