{"id":785,"date":"2022-05-22T03:03:07","date_gmt":"2022-05-22T06:03:07","guid":{"rendered":"https:\/\/wp.ufpel.edu.br\/praciber\/?page_id=785"},"modified":"2024-03-10T22:12:05","modified_gmt":"2024-03-11T01:12:05","slug":"sob","status":"publish","type":"page","link":"https:\/\/wp.ufpel.edu.br\/praciber\/","title":{"rendered":"SOBRE N\u00d3S"},"content":{"rendered":"<p style=\"text-align: justify;\"><img loading=\"lazy\" decoding=\"async\" class=\"aligncenter wp-image-885 size-full\" src=\"https:\/\/wp.ufpel.edu.br\/praciber\/files\/2022\/05\/sobr.png\" alt=\"\" width=\"1023\" height=\"328\" srcset=\"https:\/\/wp.ufpel.edu.br\/praciber\/files\/2022\/05\/sobr.png 1023w, https:\/\/wp.ufpel.edu.br\/praciber\/files\/2022\/05\/sobr-400x128.png 400w, https:\/\/wp.ufpel.edu.br\/praciber\/files\/2022\/05\/sobr-768x246.png 768w\" sizes=\"auto, (max-width: 1023px) 100vw, 1023px\" \/><\/p>\n<p style=\"text-align: justify;\">O Grupo de Pesquisa em Produ\u00e7\u00f5es Audiovisuais na Cibercultura \u2013 PRACIBER[1] \u2013 foi fundado em maio de 2019. O nosso objetivo \u00e9 o de oferecer um espa\u00e7o de pesquisa e discuss\u00e3o acad\u00eamica\/cient\u00edfica que foque nas produ\u00e7\u00f5es art\u00edsticas e audiovisuais na Internet e seus desencadeamentos, afeta\u00e7\u00f5es e reflexos sociais. Assim, o escopo do PRACIBER abrange todo o campo do audiovisual e art\u00edstico que est\u00e1 vinculado \u00e0 internet, centrando-se n\u00e3o apenas em compreender estes produtos em sua estrutura, formato, din\u00e2mica, linguagem e significa\u00e7\u00f5es, mas tamb\u00e9m os fen\u00f4menos sociais que s\u00e3o desencadeados e ao mesmo tempo propulsores destas audiovisualidades que caracterizam e (re)significam a cultura vigente.<br \/>\nO grupo \u00e9 interdisciplinar, pois une conhecimentos, alunos e pesquisadores provenientes das \u00e1reas da Comunica\u00e7\u00e3o, das Letras, das Artes, da Filosofia, do Cinema, do Design e da Dan\u00e7a.<\/p>\n<p>Atualmente, o PRACIBER est\u00e1 sediado na Universidade Federal de Pelotas (UFPel) e \u00e9 vinculado ao Programa de P\u00f3s-Gradua\u00e7\u00e3o em Artes da UFPel e aos cursos de Dan\u00e7a, Desing, Cinema de Anima\u00e7\u00e3o e Cinema Audiovisual.<\/p>\n<p>[1] Link do CNPq de certifica\u00e7\u00e3o do Grupo de pesquisa :\u00a0<a tabindex=\"0\" href=\"http:\/\/dgp.cnpq.br\/dgp\/espelhogrupo\/477978\">http:\/\/dgp.cnpq.br\/dgp\/espelhogrupo\/477978<\/a><\/p>\n","protected":false},"excerpt":{"rendered":"<p>O Grupo de Pesquisa em Produ\u00e7\u00f5es Audiovisuais na Cibercultura \u2013 PRACIBER[1] \u2013 foi fundado em maio de 2019. O nosso objetivo \u00e9 o de oferecer um espa\u00e7o de pesquisa e [&hellip;]<\/p>\n","protected":false},"author":985,"featured_media":0,"parent":0,"menu_order":0,"comment_status":"closed","ping_status":"closed","template":"","meta":{"footnotes":""},"class_list":["post-785","page","type-page","status-publish","hentry","post"],"jetpack_sharing_enabled":true,"_links":{"self":[{"href":"https:\/\/wp.ufpel.edu.br\/praciber\/wp-json\/wp\/v2\/pages\/785","targetHints":{"allow":["GET"]}}],"collection":[{"href":"https:\/\/wp.ufpel.edu.br\/praciber\/wp-json\/wp\/v2\/pages"}],"about":[{"href":"https:\/\/wp.ufpel.edu.br\/praciber\/wp-json\/wp\/v2\/types\/page"}],"author":[{"embeddable":true,"href":"https:\/\/wp.ufpel.edu.br\/praciber\/wp-json\/wp\/v2\/users\/985"}],"replies":[{"embeddable":true,"href":"https:\/\/wp.ufpel.edu.br\/praciber\/wp-json\/wp\/v2\/comments?post=785"}],"version-history":[{"count":8,"href":"https:\/\/wp.ufpel.edu.br\/praciber\/wp-json\/wp\/v2\/pages\/785\/revisions"}],"predecessor-version":[{"id":925,"href":"https:\/\/wp.ufpel.edu.br\/praciber\/wp-json\/wp\/v2\/pages\/785\/revisions\/925"}],"wp:attachment":[{"href":"https:\/\/wp.ufpel.edu.br\/praciber\/wp-json\/wp\/v2\/media?parent=785"}],"curies":[{"name":"wp","href":"https:\/\/api.w.org\/{rel}","templated":true}]}}