{"id":4650,"date":"2022-12-13T15:58:42","date_gmt":"2022-12-13T18:58:42","guid":{"rendered":"https:\/\/wp.ufpel.edu.br\/pra\/?page_id=4650"},"modified":"2024-01-04T17:14:13","modified_gmt":"2024-01-04T20:14:13","slug":"programa-de-gestao-de-desempenho","status":"publish","type":"page","link":"https:\/\/wp.ufpel.edu.br\/pra\/programa-de-gestao-de-desempenho\/","title":{"rendered":"PROGRAMA DE GEST\u00c3O DE DESEMPENHO"},"content":{"rendered":"<p><a href=\"https:\/\/wp.ufpel.edu.br\/pra\/files\/2022\/12\/PORTARIA-No-1600-DE-08-DE-AGOSTO-DE-2022.pdf\" target=\"_blank\" rel=\"noopener\">Portaria de Implementa\u00e7\u00e3o do PGD na UFPel<\/a><\/p>\n<p><a href=\"https:\/\/wp.ufpel.edu.br\/progep\/tabela-de-atividades-pgd\/\" target=\"_blank\" rel=\"noopener\">Tutorial \u2013 Preenchimento da Tabela de Atividades<\/a><\/p>\n<p><strong><strong class=\"collapseomatic \" id=\"id69d3d127243ea\" rel=\"-highlander\" tabindex=\"0\" title=\"2022\"    >2022<\/strong><div id=\"target-id69d3d127243ea\" class=\"collapseomatic_content \"><\/strong><\/p>\n<p><a href=\"https:\/\/wp.ufpel.edu.br\/pra\/files\/2022\/12\/EDITAL-PROGRAMA-DE-GESTAO-E-DESEMPENHO-No-1-2022-PRA-UFPEL.pdf\" target=\"_blank\" rel=\"noopener\">Edital PGD N\u00ba 1-2022 PRA UFPEL<\/a><\/p>\n<p><a href=\"https:\/\/wp.ufpel.edu.br\/pra\/files\/2022\/12\/PORTARIA-No-4-DE-24-DE-NOVEMBRO-DE-2022.pdf\" target=\"_blank\" rel=\"noopener\">PORTARIA N\u00ba 4-2022 &#8211; Rela\u00e7\u00e3o de servidores PRA<\/a><\/div>\n<p><strong><strong class=\"collapseomatic \" id=\"id69d3d12724479\" rel=\"-highlander\" tabindex=\"0\" title=\"2023\"    >2023<\/strong><div id=\"target-id69d3d12724479\" class=\"collapseomatic_content \"><\/strong><\/p>\n<p><a href=\"https:\/\/wp.ufpel.edu.br\/pra\/files\/2022\/12\/SEI_23110.049497_2022_36.pdf\" target=\"_blank\" rel=\"noopener\">Edital PGD N\u00ba 2-2022 PRA UFPEL<\/a><\/p>\n<p><a href=\"https:\/\/wp.ufpel.edu.br\/pra\/files\/2022\/12\/SEI_23110.049497_2022_36-1.pdf\" target=\"_blank\" rel=\"noopener\">PORTARIA N\u00ba 5-2022 &#8211; Rela\u00e7\u00e3o de servidores PRA<\/a><\/p>\n<\/div>\n<p><strong><strong class=\"collapseomatic \" id=\"id69d3d127244a5\" rel=\"-highlander\" tabindex=\"0\" title=\"2024\"    >2024<\/strong><div id=\"target-id69d3d127244a5\" class=\"collapseomatic_content \"><\/strong><\/p>\n<p><a href=\"https:\/\/wp.ufpel.edu.br\/pra\/files\/2024\/01\/SEI_23110.043860_2023_91-1.pdf\">Edital PGD N\u00ba 4-2023 PRA UFPEL<\/a><\/p>\n<p><a href=\"https:\/\/wp.ufpel.edu.br\/pra\/files\/2024\/01\/SEI_23110.043860_2023_91-3.pdf\">Edital PGD N\u00ba 7-2023 PRA UFPEL<\/a><\/p>\n<\/div>\n<p>&nbsp;<\/p>\n<p>&nbsp;<\/p>\n","protected":false},"excerpt":{"rendered":"<p>Portaria de Implementa\u00e7\u00e3o do PGD na UFPel Tutorial \u2013 Preenchimento da Tabela de Atividades &nbsp; &nbsp;<\/p>\n","protected":false},"author":164,"featured_media":0,"parent":0,"menu_order":0,"comment_status":"closed","ping_status":"closed","template":"","meta":{"jetpack_post_was_ever_published":false,"footnotes":""},"class_list":["post-4650","page","type-page","status-publish","hentry"],"yoast_head":"<!-- This site is optimized with the Yoast SEO plugin v26.7 - https:\/\/yoast.com\/wordpress\/plugins\/seo\/ -->\n<title>PROGRAMA DE GEST\u00c3O DE DESEMPENHO - Superintend\u00eancia de Gest\u00e3o Administrativa<\/title>\n<meta name=\"robots\" content=\"index, follow, max-snippet:-1, max-image-preview:large, max-video-preview:-1\" \/>\n<link rel=\"canonical\" href=\"https:\/\/wp.ufpel.edu.br\/pra\/programa-de-gestao-de-desempenho\/\" \/>\n<meta property=\"og:locale\" content=\"pt_BR\" \/>\n<meta property=\"og:type\" content=\"article\" \/>\n<meta property=\"og:title\" content=\"PROGRAMA DE GEST\u00c3O DE DESEMPENHO - Superintend\u00eancia de Gest\u00e3o Administrativa\" \/>\n<meta property=\"og:description\" content=\"Portaria de Implementa\u00e7\u00e3o do PGD na UFPel Tutorial \u2013 Preenchimento da Tabela de Atividades &nbsp; &nbsp;\" \/>\n<meta property=\"og:url\" content=\"https:\/\/wp.ufpel.edu.br\/pra\/programa-de-gestao-de-desempenho\/\" \/>\n<meta property=\"og:site_name\" content=\"Superintend\u00eancia de Gest\u00e3o Administrativa\" \/>\n<meta property=\"article:publisher\" content=\"https:\/\/www.facebook.com\/ufpel\/\" \/>\n<meta property=\"article:modified_time\" content=\"2024-01-04T20:14:13+00:00\" \/>\n<meta name=\"twitter:card\" content=\"summary_large_image\" \/>\n<meta name=\"twitter:label1\" content=\"Est. tempo de leitura\" \/>\n\t<meta name=\"twitter:data1\" content=\"1 minuto\" \/>\n<script type=\"application\/ld+json\" class=\"yoast-schema-graph\">{\"@context\":\"https:\/\/schema.org\",\"@graph\":[{\"@type\":\"WebPage\",\"@id\":\"https:\/\/wp.ufpel.edu.br\/pra\/programa-de-gestao-de-desempenho\/\",\"url\":\"https:\/\/wp.ufpel.edu.br\/pra\/programa-de-gestao-de-desempenho\/\",\"name\":\"PROGRAMA DE GEST\u00c3O DE DESEMPENHO - Superintend\u00eancia de Gest\u00e3o Administrativa\",\"isPartOf\":{\"@id\":\"https:\/\/wp.ufpel.edu.br\/pra\/#website\"},\"datePublished\":\"2022-12-13T18:58:42+00:00\",\"dateModified\":\"2024-01-04T20:14:13+00:00\",\"breadcrumb\":{\"@id\":\"https:\/\/wp.ufpel.edu.br\/pra\/programa-de-gestao-de-desempenho\/#breadcrumb\"},\"inLanguage\":\"pt-BR\",\"potentialAction\":[{\"@type\":\"ReadAction\",\"target\":[\"https:\/\/wp.ufpel.edu.br\/pra\/programa-de-gestao-de-desempenho\/\"]}]},{\"@type\":\"BreadcrumbList\",\"@id\":\"https:\/\/wp.ufpel.edu.br\/pra\/programa-de-gestao-de-desempenho\/#breadcrumb\",\"itemListElement\":[{\"@type\":\"ListItem\",\"position\":1,\"name\":\"In\u00edcio\",\"item\":\"https:\/\/wp.ufpel.edu.br\/pra\/\"},{\"@type\":\"ListItem\",\"position\":2,\"name\":\"PROGRAMA DE GEST\u00c3O DE DESEMPENHO\"}]},{\"@type\":\"WebSite\",\"@id\":\"https:\/\/wp.ufpel.edu.br\/pra\/#website\",\"url\":\"https:\/\/wp.ufpel.edu.br\/pra\/\",\"name\":\"Pr\u00f3-Reitoria Administrativa - PRA\",\"description\":\"Universidade Federal de Pelotas\",\"publisher\":{\"@id\":\"https:\/\/wp.ufpel.edu.br\/pra\/#organization\"},\"potentialAction\":[{\"@type\":\"SearchAction\",\"target\":{\"@type\":\"EntryPoint\",\"urlTemplate\":\"https:\/\/wp.ufpel.edu.br\/pra\/?s={search_term_string}\"},\"query-input\":{\"@type\":\"PropertyValueSpecification\",\"valueRequired\":true,\"valueName\":\"search_term_string\"}}],\"inLanguage\":\"pt-BR\"},{\"@type\":\"Organization\",\"@id\":\"https:\/\/wp.ufpel.edu.br\/pra\/#organization\",\"name\":\"Universidade Federal de Pelotas\",\"url\":\"https:\/\/wp.ufpel.edu.br\/pra\/\",\"logo\":{\"@type\":\"ImageObject\",\"inLanguage\":\"pt-BR\",\"@id\":\"https:\/\/wp.ufpel.edu.br\/pra\/#\/schema\/logo\/image\/\",\"url\":\"https:\/\/wp.ufpel.edu.br\/pra\/files\/2018\/08\/download.png\",\"contentUrl\":\"https:\/\/wp.ufpel.edu.br\/pra\/files\/2018\/08\/download.png\",\"width\":200,\"height\":200,\"caption\":\"Universidade Federal de Pelotas\"},\"image\":{\"@id\":\"https:\/\/wp.ufpel.edu.br\/pra\/#\/schema\/logo\/image\/\"},\"sameAs\":[\"https:\/\/www.facebook.com\/ufpel\/\"]}]}<\/script>\n<!-- \/ Yoast SEO plugin. -->","yoast_head_json":{"title":"PROGRAMA DE GEST\u00c3O DE DESEMPENHO - Superintend\u00eancia de Gest\u00e3o Administrativa","robots":{"index":"index","follow":"follow","max-snippet":"max-snippet:-1","max-image-preview":"max-image-preview:large","max-video-preview":"max-video-preview:-1"},"canonical":"https:\/\/wp.ufpel.edu.br\/pra\/programa-de-gestao-de-desempenho\/","og_locale":"pt_BR","og_type":"article","og_title":"PROGRAMA DE GEST\u00c3O DE DESEMPENHO - Superintend\u00eancia de Gest\u00e3o Administrativa","og_description":"Portaria de Implementa\u00e7\u00e3o do PGD na UFPel Tutorial \u2013 Preenchimento da Tabela de Atividades &nbsp; &nbsp;","og_url":"https:\/\/wp.ufpel.edu.br\/pra\/programa-de-gestao-de-desempenho\/","og_site_name":"Superintend\u00eancia de Gest\u00e3o Administrativa","article_publisher":"https:\/\/www.facebook.com\/ufpel\/","article_modified_time":"2024-01-04T20:14:13+00:00","twitter_card":"summary_large_image","twitter_misc":{"Est. tempo de leitura":"1 minuto"},"schema":{"@context":"https:\/\/schema.org","@graph":[{"@type":"WebPage","@id":"https:\/\/wp.ufpel.edu.br\/pra\/programa-de-gestao-de-desempenho\/","url":"https:\/\/wp.ufpel.edu.br\/pra\/programa-de-gestao-de-desempenho\/","name":"PROGRAMA DE GEST\u00c3O DE DESEMPENHO - Superintend\u00eancia de Gest\u00e3o Administrativa","isPartOf":{"@id":"https:\/\/wp.ufpel.edu.br\/pra\/#website"},"datePublished":"2022-12-13T18:58:42+00:00","dateModified":"2024-01-04T20:14:13+00:00","breadcrumb":{"@id":"https:\/\/wp.ufpel.edu.br\/pra\/programa-de-gestao-de-desempenho\/#breadcrumb"},"inLanguage":"pt-BR","potentialAction":[{"@type":"ReadAction","target":["https:\/\/wp.ufpel.edu.br\/pra\/programa-de-gestao-de-desempenho\/"]}]},{"@type":"BreadcrumbList","@id":"https:\/\/wp.ufpel.edu.br\/pra\/programa-de-gestao-de-desempenho\/#breadcrumb","itemListElement":[{"@type":"ListItem","position":1,"name":"In\u00edcio","item":"https:\/\/wp.ufpel.edu.br\/pra\/"},{"@type":"ListItem","position":2,"name":"PROGRAMA DE GEST\u00c3O DE DESEMPENHO"}]},{"@type":"WebSite","@id":"https:\/\/wp.ufpel.edu.br\/pra\/#website","url":"https:\/\/wp.ufpel.edu.br\/pra\/","name":"Pr\u00f3-Reitoria Administrativa - PRA","description":"Universidade Federal de Pelotas","publisher":{"@id":"https:\/\/wp.ufpel.edu.br\/pra\/#organization"},"potentialAction":[{"@type":"SearchAction","target":{"@type":"EntryPoint","urlTemplate":"https:\/\/wp.ufpel.edu.br\/pra\/?s={search_term_string}"},"query-input":{"@type":"PropertyValueSpecification","valueRequired":true,"valueName":"search_term_string"}}],"inLanguage":"pt-BR"},{"@type":"Organization","@id":"https:\/\/wp.ufpel.edu.br\/pra\/#organization","name":"Universidade Federal de Pelotas","url":"https:\/\/wp.ufpel.edu.br\/pra\/","logo":{"@type":"ImageObject","inLanguage":"pt-BR","@id":"https:\/\/wp.ufpel.edu.br\/pra\/#\/schema\/logo\/image\/","url":"https:\/\/wp.ufpel.edu.br\/pra\/files\/2018\/08\/download.png","contentUrl":"https:\/\/wp.ufpel.edu.br\/pra\/files\/2018\/08\/download.png","width":200,"height":200,"caption":"Universidade Federal de Pelotas"},"image":{"@id":"https:\/\/wp.ufpel.edu.br\/pra\/#\/schema\/logo\/image\/"},"sameAs":["https:\/\/www.facebook.com\/ufpel\/"]}]}},"jetpack_sharing_enabled":true,"_links":{"self":[{"href":"https:\/\/wp.ufpel.edu.br\/pra\/wp-json\/wp\/v2\/pages\/4650","targetHints":{"allow":["GET"]}}],"collection":[{"href":"https:\/\/wp.ufpel.edu.br\/pra\/wp-json\/wp\/v2\/pages"}],"about":[{"href":"https:\/\/wp.ufpel.edu.br\/pra\/wp-json\/wp\/v2\/types\/page"}],"author":[{"embeddable":true,"href":"https:\/\/wp.ufpel.edu.br\/pra\/wp-json\/wp\/v2\/users\/164"}],"replies":[{"embeddable":true,"href":"https:\/\/wp.ufpel.edu.br\/pra\/wp-json\/wp\/v2\/comments?post=4650"}],"version-history":[{"count":10,"href":"https:\/\/wp.ufpel.edu.br\/pra\/wp-json\/wp\/v2\/pages\/4650\/revisions"}],"predecessor-version":[{"id":4816,"href":"https:\/\/wp.ufpel.edu.br\/pra\/wp-json\/wp\/v2\/pages\/4650\/revisions\/4816"}],"wp:attachment":[{"href":"https:\/\/wp.ufpel.edu.br\/pra\/wp-json\/wp\/v2\/media?parent=4650"}],"curies":[{"name":"wp","href":"https:\/\/api.w.org\/{rel}","templated":true}]}}