{"id":4336,"date":"2021-07-06T12:18:01","date_gmt":"2021-07-06T15:18:01","guid":{"rendered":"https:\/\/wp.ufpel.edu.br\/pra\/?page_id=4336"},"modified":"2021-07-07T17:27:38","modified_gmt":"2021-07-07T20:27:38","slug":"mapeamento-dos-processos","status":"publish","type":"page","link":"https:\/\/wp.ufpel.edu.br\/pra\/mapeamento-dos-processos\/","title":{"rendered":"MAPEAMENTO DOS PROCESSOS"},"content":{"rendered":"<p style=\"text-align: justify\">Com o objetivo identificar as informa\u00e7\u00f5es, o fluxo e as partes envolvidas foi realizado o mapeamento de alguns processos relacionados \u00e0 Pr\u00f3-Reitoria Administrativa. Os processos mapeados podem ser localizados na p\u00e1gina do Escrit\u00f3rio de Processos da UFPel, atrav\u00e9s do link: <a href=\"https:\/\/wp.ufpel.edu.br\/escritoriodeprocessos\/processos-mapeados-ufpel\/\" target=\"_blank\" rel=\"noopener\">https:\/\/wp.ufpel.edu.br\/escritoriodeprocessos\/processos-mapeados-ufpel\/<\/a>.<\/p>\n","protected":false},"excerpt":{"rendered":"<p>Com o objetivo identificar as informa\u00e7\u00f5es, o fluxo e as partes envolvidas foi realizado o mapeamento de alguns processos relacionados \u00e0 Pr\u00f3-Reitoria Administrativa. Os processos mapeados podem ser localizados na p\u00e1gina do Escrit\u00f3rio de Processos da UFPel, atrav\u00e9s do link: https:\/\/wp.ufpel.edu.br\/escritoriodeprocessos\/processos-mapeados-ufpel\/.<\/p>\n","protected":false},"author":164,"featured_media":0,"parent":0,"menu_order":0,"comment_status":"closed","ping_status":"closed","template":"","meta":{"jetpack_post_was_ever_published":false,"footnotes":""},"class_list":["post-4336","page","type-page","status-publish","hentry"],"yoast_head":"<!-- This site is optimized with the Yoast SEO plugin v26.7 - https:\/\/yoast.com\/wordpress\/plugins\/seo\/ -->\n<title>MAPEAMENTO DOS PROCESSOS - Superintend\u00eancia de Gest\u00e3o Administrativa<\/title>\n<meta name=\"robots\" content=\"index, follow, max-snippet:-1, max-image-preview:large, max-video-preview:-1\" \/>\n<link rel=\"canonical\" href=\"https:\/\/wp.ufpel.edu.br\/pra\/mapeamento-dos-processos\/\" \/>\n<meta property=\"og:locale\" content=\"pt_BR\" \/>\n<meta property=\"og:type\" content=\"article\" \/>\n<meta property=\"og:title\" content=\"MAPEAMENTO DOS PROCESSOS - Superintend\u00eancia de Gest\u00e3o Administrativa\" \/>\n<meta property=\"og:description\" content=\"Com o objetivo identificar as informa\u00e7\u00f5es, o fluxo e as partes envolvidas foi realizado o mapeamento de alguns processos relacionados \u00e0 Pr\u00f3-Reitoria Administrativa. Os processos mapeados podem ser localizados na p\u00e1gina do Escrit\u00f3rio de Processos da UFPel, atrav\u00e9s do link: https:\/\/wp.ufpel.edu.br\/escritoriodeprocessos\/processos-mapeados-ufpel\/.\" \/>\n<meta property=\"og:url\" content=\"https:\/\/wp.ufpel.edu.br\/pra\/mapeamento-dos-processos\/\" \/>\n<meta property=\"og:site_name\" content=\"Superintend\u00eancia de Gest\u00e3o Administrativa\" \/>\n<meta property=\"article:publisher\" content=\"https:\/\/www.facebook.com\/ufpel\/\" \/>\n<meta property=\"article:modified_time\" content=\"2021-07-07T20:27:38+00:00\" \/>\n<meta name=\"twitter:card\" content=\"summary_large_image\" \/>\n<meta name=\"twitter:label1\" content=\"Est. tempo de leitura\" \/>\n\t<meta name=\"twitter:data1\" content=\"1 minuto\" \/>\n<script type=\"application\/ld+json\" class=\"yoast-schema-graph\">{\"@context\":\"https:\/\/schema.org\",\"@graph\":[{\"@type\":\"WebPage\",\"@id\":\"https:\/\/wp.ufpel.edu.br\/pra\/mapeamento-dos-processos\/\",\"url\":\"https:\/\/wp.ufpel.edu.br\/pra\/mapeamento-dos-processos\/\",\"name\":\"MAPEAMENTO DOS PROCESSOS - Superintend\u00eancia de Gest\u00e3o Administrativa\",\"isPartOf\":{\"@id\":\"https:\/\/wp.ufpel.edu.br\/pra\/#website\"},\"datePublished\":\"2021-07-06T15:18:01+00:00\",\"dateModified\":\"2021-07-07T20:27:38+00:00\",\"breadcrumb\":{\"@id\":\"https:\/\/wp.ufpel.edu.br\/pra\/mapeamento-dos-processos\/#breadcrumb\"},\"inLanguage\":\"pt-BR\",\"potentialAction\":[{\"@type\":\"ReadAction\",\"target\":[\"https:\/\/wp.ufpel.edu.br\/pra\/mapeamento-dos-processos\/\"]}]},{\"@type\":\"BreadcrumbList\",\"@id\":\"https:\/\/wp.ufpel.edu.br\/pra\/mapeamento-dos-processos\/#breadcrumb\",\"itemListElement\":[{\"@type\":\"ListItem\",\"position\":1,\"name\":\"In\u00edcio\",\"item\":\"https:\/\/wp.ufpel.edu.br\/pra\/\"},{\"@type\":\"ListItem\",\"position\":2,\"name\":\"MAPEAMENTO DOS PROCESSOS\"}]},{\"@type\":\"WebSite\",\"@id\":\"https:\/\/wp.ufpel.edu.br\/pra\/#website\",\"url\":\"https:\/\/wp.ufpel.edu.br\/pra\/\",\"name\":\"Pr\u00f3-Reitoria Administrativa - PRA\",\"description\":\"Universidade Federal de Pelotas\",\"publisher\":{\"@id\":\"https:\/\/wp.ufpel.edu.br\/pra\/#organization\"},\"potentialAction\":[{\"@type\":\"SearchAction\",\"target\":{\"@type\":\"EntryPoint\",\"urlTemplate\":\"https:\/\/wp.ufpel.edu.br\/pra\/?s={search_term_string}\"},\"query-input\":{\"@type\":\"PropertyValueSpecification\",\"valueRequired\":true,\"valueName\":\"search_term_string\"}}],\"inLanguage\":\"pt-BR\"},{\"@type\":\"Organization\",\"@id\":\"https:\/\/wp.ufpel.edu.br\/pra\/#organization\",\"name\":\"Universidade Federal de Pelotas\",\"url\":\"https:\/\/wp.ufpel.edu.br\/pra\/\",\"logo\":{\"@type\":\"ImageObject\",\"inLanguage\":\"pt-BR\",\"@id\":\"https:\/\/wp.ufpel.edu.br\/pra\/#\/schema\/logo\/image\/\",\"url\":\"https:\/\/wp.ufpel.edu.br\/pra\/files\/2018\/08\/download.png\",\"contentUrl\":\"https:\/\/wp.ufpel.edu.br\/pra\/files\/2018\/08\/download.png\",\"width\":200,\"height\":200,\"caption\":\"Universidade Federal de Pelotas\"},\"image\":{\"@id\":\"https:\/\/wp.ufpel.edu.br\/pra\/#\/schema\/logo\/image\/\"},\"sameAs\":[\"https:\/\/www.facebook.com\/ufpel\/\"]}]}<\/script>\n<!-- \/ Yoast SEO plugin. -->","yoast_head_json":{"title":"MAPEAMENTO DOS PROCESSOS - Superintend\u00eancia de Gest\u00e3o Administrativa","robots":{"index":"index","follow":"follow","max-snippet":"max-snippet:-1","max-image-preview":"max-image-preview:large","max-video-preview":"max-video-preview:-1"},"canonical":"https:\/\/wp.ufpel.edu.br\/pra\/mapeamento-dos-processos\/","og_locale":"pt_BR","og_type":"article","og_title":"MAPEAMENTO DOS PROCESSOS - Superintend\u00eancia de Gest\u00e3o Administrativa","og_description":"Com o objetivo identificar as informa\u00e7\u00f5es, o fluxo e as partes envolvidas foi realizado o mapeamento de alguns processos relacionados \u00e0 Pr\u00f3-Reitoria Administrativa. Os processos mapeados podem ser localizados na p\u00e1gina do Escrit\u00f3rio de Processos da UFPel, atrav\u00e9s do link: https:\/\/wp.ufpel.edu.br\/escritoriodeprocessos\/processos-mapeados-ufpel\/.","og_url":"https:\/\/wp.ufpel.edu.br\/pra\/mapeamento-dos-processos\/","og_site_name":"Superintend\u00eancia de Gest\u00e3o Administrativa","article_publisher":"https:\/\/www.facebook.com\/ufpel\/","article_modified_time":"2021-07-07T20:27:38+00:00","twitter_card":"summary_large_image","twitter_misc":{"Est. tempo de leitura":"1 minuto"},"schema":{"@context":"https:\/\/schema.org","@graph":[{"@type":"WebPage","@id":"https:\/\/wp.ufpel.edu.br\/pra\/mapeamento-dos-processos\/","url":"https:\/\/wp.ufpel.edu.br\/pra\/mapeamento-dos-processos\/","name":"MAPEAMENTO DOS PROCESSOS - Superintend\u00eancia de Gest\u00e3o Administrativa","isPartOf":{"@id":"https:\/\/wp.ufpel.edu.br\/pra\/#website"},"datePublished":"2021-07-06T15:18:01+00:00","dateModified":"2021-07-07T20:27:38+00:00","breadcrumb":{"@id":"https:\/\/wp.ufpel.edu.br\/pra\/mapeamento-dos-processos\/#breadcrumb"},"inLanguage":"pt-BR","potentialAction":[{"@type":"ReadAction","target":["https:\/\/wp.ufpel.edu.br\/pra\/mapeamento-dos-processos\/"]}]},{"@type":"BreadcrumbList","@id":"https:\/\/wp.ufpel.edu.br\/pra\/mapeamento-dos-processos\/#breadcrumb","itemListElement":[{"@type":"ListItem","position":1,"name":"In\u00edcio","item":"https:\/\/wp.ufpel.edu.br\/pra\/"},{"@type":"ListItem","position":2,"name":"MAPEAMENTO DOS PROCESSOS"}]},{"@type":"WebSite","@id":"https:\/\/wp.ufpel.edu.br\/pra\/#website","url":"https:\/\/wp.ufpel.edu.br\/pra\/","name":"Pr\u00f3-Reitoria Administrativa - PRA","description":"Universidade Federal de Pelotas","publisher":{"@id":"https:\/\/wp.ufpel.edu.br\/pra\/#organization"},"potentialAction":[{"@type":"SearchAction","target":{"@type":"EntryPoint","urlTemplate":"https:\/\/wp.ufpel.edu.br\/pra\/?s={search_term_string}"},"query-input":{"@type":"PropertyValueSpecification","valueRequired":true,"valueName":"search_term_string"}}],"inLanguage":"pt-BR"},{"@type":"Organization","@id":"https:\/\/wp.ufpel.edu.br\/pra\/#organization","name":"Universidade Federal de Pelotas","url":"https:\/\/wp.ufpel.edu.br\/pra\/","logo":{"@type":"ImageObject","inLanguage":"pt-BR","@id":"https:\/\/wp.ufpel.edu.br\/pra\/#\/schema\/logo\/image\/","url":"https:\/\/wp.ufpel.edu.br\/pra\/files\/2018\/08\/download.png","contentUrl":"https:\/\/wp.ufpel.edu.br\/pra\/files\/2018\/08\/download.png","width":200,"height":200,"caption":"Universidade Federal de Pelotas"},"image":{"@id":"https:\/\/wp.ufpel.edu.br\/pra\/#\/schema\/logo\/image\/"},"sameAs":["https:\/\/www.facebook.com\/ufpel\/"]}]}},"jetpack_sharing_enabled":true,"_links":{"self":[{"href":"https:\/\/wp.ufpel.edu.br\/pra\/wp-json\/wp\/v2\/pages\/4336","targetHints":{"allow":["GET"]}}],"collection":[{"href":"https:\/\/wp.ufpel.edu.br\/pra\/wp-json\/wp\/v2\/pages"}],"about":[{"href":"https:\/\/wp.ufpel.edu.br\/pra\/wp-json\/wp\/v2\/types\/page"}],"author":[{"embeddable":true,"href":"https:\/\/wp.ufpel.edu.br\/pra\/wp-json\/wp\/v2\/users\/164"}],"replies":[{"embeddable":true,"href":"https:\/\/wp.ufpel.edu.br\/pra\/wp-json\/wp\/v2\/comments?post=4336"}],"version-history":[{"count":3,"href":"https:\/\/wp.ufpel.edu.br\/pra\/wp-json\/wp\/v2\/pages\/4336\/revisions"}],"predecessor-version":[{"id":4348,"href":"https:\/\/wp.ufpel.edu.br\/pra\/wp-json\/wp\/v2\/pages\/4336\/revisions\/4348"}],"wp:attachment":[{"href":"https:\/\/wp.ufpel.edu.br\/pra\/wp-json\/wp\/v2\/media?parent=4336"}],"curies":[{"name":"wp","href":"https:\/\/api.w.org\/{rel}","templated":true}]}}