{"id":952,"date":"2021-01-14T20:38:34","date_gmt":"2021-01-14T23:38:34","guid":{"rendered":"https:\/\/wp.ufpel.edu.br\/ppgz\/?page_id=952"},"modified":"2021-07-15T15:43:18","modified_gmt":"2021-07-15T18:43:18","slug":"2015-3","status":"publish","type":"page","link":"https:\/\/wp.ufpel.edu.br\/ppgz\/2015-3","title":{"rendered":"2015"},"content":{"rendered":"<ol>\n<li><a href=\"https:\/\/wp.ufpel.edu.br\/ppgz\/files\/2021\/01\/Caracteristicas-biometricas-e-qualidade-da-carcaca-de-cordeiros-criados-em-dois-sistemas-alimentares.pdf\" target=\"_blank\" rel=\"noopener noreferrer\">Caracter\u00edsticas biom\u00e9tricas e qualidade da carca\u00e7a de cordeiros criados em dois sistemas alimentares<\/a><\/li>\n<li><a href=\"https:\/\/wp.ufpel.edu.br\/ppgz\/files\/2021\/01\/Caracteristicas-de-crescimento-em-borregas-Corriedale-brancas-e-naturalmente-coloridas-e-sua-relacao-com-o-inicio-da-atividade-reprodutiva.pdf\" target=\"_blank\" rel=\"noopener noreferrer\">Caracter\u00edsticas de crescimento em borregas Corriedale brancas e naturalmente coloridas e sua rela\u00e7\u00e3o com o in\u00edcio da atividade reprodutiva<\/a><\/li>\n<li><a href=\"https:\/\/wp.ufpel.edu.br\/ppgz\/files\/2021\/01\/Delineamento-de-esquemas-de-selecao-genomica-para-resistencia-ao-carrapato-bovino.pdf\" target=\"_blank\" rel=\"noopener noreferrer\">Delineamento de esquemas de sele\u00e7\u00e3o gen\u00f4mica para resist\u00eancia ao carrapato bovino<\/a><\/li>\n<li><a href=\"https:\/\/wp.ufpel.edu.br\/ppgz\/files\/2021\/01\/Efeito-da-suplementacao-com-Saccharomyces-cerevisiae-no-perfil-metabolico-inflamatorio-e-reprodutivo-de-vacas-leiteiras.pdf\" target=\"_blank\" rel=\"noopener noreferrer\">Efeito da suplementa\u00e7\u00e3o com Saccharomyces cerevisiae no perfil metab\u00f3lico, inflamat\u00f3rio e reprodutivo de vacas leiteiras<\/a><\/li>\n<li><a href=\"https:\/\/wp.ufpel.edu.br\/ppgz\/files\/2021\/01\/Efeito-da-suplementacao-de-uma-associacao-de-levedura-viva-e-hidrolisada-sobre-a-qualidade-do-leite-e-desempenho-produtivo-de-vacas-leiteiras.pdf\" target=\"_blank\" rel=\"noopener noreferrer\">Efeito da suplementa\u00e7\u00e3o de uma associa\u00e7\u00e3o de levedura viva e hidrolisada sobre a qualidade do leite e desempenho produtivo de vacas leiteiras<\/a><\/li>\n<li><a href=\"https:\/\/wp.ufpel.edu.br\/ppgz\/files\/2021\/01\/Efeito-de-diferentes-fontes-de-lipidios-sobre-a-capacidade-de-penetracao-espermatica-de-galos-semi-pesados.pdf\" target=\"_blank\" rel=\"noopener noreferrer\">Efeito de diferentes fontes de lip\u00eddios sobre a capacidade de penetra\u00e7\u00e3o esperm\u00e1tica de galos semi pesados<\/a><\/li>\n<li><a href=\"https:\/\/wp.ufpel.edu.br\/ppgz\/files\/2021\/01\/Eficiencia-produtiva-de-ovelhas-com-diferentes-caracteristicas-conformacionais-sob-pastejo.pdf\" target=\"_blank\" rel=\"noopener noreferrer\">Efici\u00eancia produtiva de ovelhas com diferentes caracter\u00edsticas conformacionais sob pastejo<\/a><\/li>\n<li><a href=\"https:\/\/wp.ufpel.edu.br\/ppgz\/files\/2021\/01\/Estimacao-de-parametros-geneticos-e-fenotipicos-para-peso-e-altura-ao-nascimento-de-potros-da-raca-Crioula.pdf\">Estima\u00e7\u00e3o de par\u00e2metros gen\u00e9ticos e fenot\u00edpicos para peso e altura ao nascimento de potros da ra\u00e7a Crioula<\/a><\/li>\n<li><a href=\"https:\/\/wp.ufpel.edu.br\/ppgz\/files\/2021\/01\/Fatores-pre-abate-relacionados-as-contusoes-em-carcacas-bovinas.pdf\" target=\"_blank\" rel=\"noopener noreferrer\">Fatores pr\u00e9-abate relacionados \u00e0s contus\u00f5es em carca\u00e7as bovinas<\/a><\/li>\n<li><a href=\"https:\/\/wp.ufpel.edu.br\/ppgz\/files\/2021\/01\/Fontes-lipidicas-suplementares-em-dietas-para-vacas-no-terco-inicial-de-lactacao.pdf\" target=\"_blank\" rel=\"noopener noreferrer\">Fontes lip\u00eddicas suplementares em dietas para vacas no ter\u00e7o inicial de lacta\u00e7\u00e3o<\/a><\/li>\n<li><a href=\"https:\/\/wp.ufpel.edu.br\/ppgz\/files\/2021\/01\/Identificacao-de-Loci-microssatelites-em-Viola-Loricariichthys-anus-Valenciennes-1840.pdf\" target=\"_blank\" rel=\"noopener noreferrer\">Identifica\u00e7\u00e3o de Loci microssat\u00e9lites em Viola &#8211; Loricariichthys anus (Valenciennes, 1840)<\/a><\/li>\n<li><a href=\"https:\/\/wp.ufpel.edu.br\/ppgz\/files\/2021\/01\/Incidencia-do-primeiro-molar-em-cavalos-Crioulos-e-sua-correlacao-com-a-genetica.pdf\" target=\"_blank\" rel=\"noopener noreferrer\">Incid\u00eancia do primeiro molar em cavalos Crioulos e sua correla\u00e7\u00e3o com a gen\u00e9tica<\/a><\/li>\n<li><a href=\"https:\/\/wp.ufpel.edu.br\/ppgz\/files\/2021\/01\/Perfil-metabolico-e-desempenho-produtivo-de-vacas-leiteiras-com-alteracoes-podais.pdf\" target=\"_blank\" rel=\"noopener noreferrer\">Perfil metab\u00f3lico e desempenho produtivo de vacas leiteiras com altera\u00e7\u00f5es podais<\/a><\/li>\n<li><a href=\"https:\/\/wp.ufpel.edu.br\/ppgz\/files\/2021\/01\/Qualidade-de-ovos-de-codornas-comercializados-in-natura-na-cidade-de-Pelotas-e-o-efeito-da-pigmentacao-da-casca-sobre-o-tempo-de-armazenamento.pdf\" target=\"_blank\" rel=\"noopener noreferrer\">Qualidade de ovos de codornas comercializados in natura na cidade de Pelotas e o efeito da pigmenta\u00e7\u00e3o da casca sobre o tempo de armazenamento<\/a><\/li>\n<li><a href=\"https:\/\/wp.ufpel.edu.br\/ppgz\/files\/2021\/01\/Uso-de-oleo-resina-de-copaiba-sobre-o-desempenho-produtivo-de-poedeiras-e-qualidade-de-ovos.pdf\" target=\"_blank\" rel=\"noopener noreferrer\">Uso de \u00f3leo-resina de copa\u00edba sobre o desempenho produtivo de poedeiras e qualidade de ovos<\/a><\/li>\n<li><a href=\"https:\/\/wp.ufpel.edu.br\/ppgz\/files\/2021\/01\/Uso-de-probioticos-na-alimentacao-de-larvas-de-jundia-Rhamdia-quelen-Quoy-Gaimard-1824.pdf\" target=\"_blank\" rel=\"noopener noreferrer\">Uso de probi\u00f3ticos na alimenta\u00e7\u00e3o de larvas de jundi\u00e1 (Rhamdia quelen, Quoy &amp; Gaimard, 1824)<\/a><\/li>\n<\/ol>\n","protected":false},"excerpt":{"rendered":"<p>Caracter\u00edsticas biom\u00e9tricas e qualidade da carca\u00e7a de cordeiros criados em dois sistemas alimentares Caracter\u00edsticas de crescimento em borregas Corriedale brancas e naturalmente coloridas e sua rela\u00e7\u00e3o com o in\u00edcio da atividade reprodutiva Delineamento de esquemas de sele\u00e7\u00e3o gen\u00f4mica para resist\u00eancia&#8230; <a class=\"more-link\" href=\"https:\/\/wp.ufpel.edu.br\/ppgz\/2015-3\">Continue lendo &rarr;<\/a><\/p>\n","protected":false},"author":809,"featured_media":0,"parent":0,"menu_order":0,"comment_status":"closed","ping_status":"closed","template":"","meta":{"footnotes":""},"class_list":["post-952","page","type-page","status-publish","hentry"],"_links":{"self":[{"href":"https:\/\/wp.ufpel.edu.br\/ppgz\/wp-json\/wp\/v2\/pages\/952","targetHints":{"allow":["GET"]}}],"collection":[{"href":"https:\/\/wp.ufpel.edu.br\/ppgz\/wp-json\/wp\/v2\/pages"}],"about":[{"href":"https:\/\/wp.ufpel.edu.br\/ppgz\/wp-json\/wp\/v2\/types\/page"}],"author":[{"embeddable":true,"href":"https:\/\/wp.ufpel.edu.br\/ppgz\/wp-json\/wp\/v2\/users\/809"}],"replies":[{"embeddable":true,"href":"https:\/\/wp.ufpel.edu.br\/ppgz\/wp-json\/wp\/v2\/comments?post=952"}],"version-history":[{"count":4,"href":"https:\/\/wp.ufpel.edu.br\/ppgz\/wp-json\/wp\/v2\/pages\/952\/revisions"}],"predecessor-version":[{"id":1702,"href":"https:\/\/wp.ufpel.edu.br\/ppgz\/wp-json\/wp\/v2\/pages\/952\/revisions\/1702"}],"wp:attachment":[{"href":"https:\/\/wp.ufpel.edu.br\/ppgz\/wp-json\/wp\/v2\/media?parent=952"}],"curies":[{"name":"wp","href":"https:\/\/api.w.org\/{rel}","templated":true}]}}