{"id":936,"date":"2021-01-14T20:32:31","date_gmt":"2021-01-14T23:32:31","guid":{"rendered":"https:\/\/wp.ufpel.edu.br\/ppgz\/?page_id=936"},"modified":"2021-01-15T13:48:50","modified_gmt":"2021-01-15T16:48:50","slug":"2015-2","status":"publish","type":"page","link":"https:\/\/wp.ufpel.edu.br\/ppgz\/2015-2","title":{"rendered":"2015"},"content":{"rendered":"<ol>\n<li><a href=\"https:\/\/wp.ufpel.edu.br\/ppgz\/files\/2021\/01\/Azospirillum-brasilense-na-producao-e-composicao-mineral-da-forragem-de-azevem-anual-Lolium-multiflorum-Lam..pdf\" target=\"_blank\" rel=\"noopener noreferrer\">Azospirillum brasilense na produ\u00e7\u00e3o e composi\u00e7\u00e3o mineral da forragem de azev\u00e9m anual (Lolium multiflorum Lam.)<\/a><\/li>\n<li><a href=\"https:\/\/wp.ufpel.edu.br\/ppgz\/files\/2021\/01\/Comprimento-total-minimo-de-Loricariichthys-anus-na-primeira-desova-e-habito-alimentar-de-Crenicichla-punctata-na-Bacia-Hidrografica-da-Lagoa-Mirim-RS.pdf\" target=\"_blank\" rel=\"noopener noreferrer\">Comprimento total m\u00ednimo de Loricariichthys anus na primeira desova e h\u00e1bito alimentar de Crenicichla punctata, na Bacia Hidrogr\u00e1fica da Lagoa Mirim, RS<\/a><\/li>\n<li><a href=\"https:\/\/wp.ufpel.edu.br\/ppgz\/files\/2021\/01\/Desempenho-e-qualidade-dos-ovos-de-poedeiras-semipesadas-alimentadas-com-dietas-contendo-farinha-da-parte-aerea-da-mandioca-folhas-e-ramas.pdf\" target=\"_blank\" rel=\"noopener noreferrer\">Desempenho e qualidade dos ovos de poedeiras semipesadas alimentadas com dietas contendo farinha da parte a\u00e9rea da mandioca (folhas e ramas)<\/a><\/li>\n<li><a href=\"https:\/\/wp.ufpel.edu.br\/ppgz\/files\/2021\/01\/Desequilibrio-de-ligacao-e-associacao-de-polimorfismos-relacionados-a-resistencia-ao-carrapato-em-bovinos-Hereford-e-Braford.pdf\" target=\"_blank\" rel=\"noopener noreferrer\">Desequil\u00edbrio de liga\u00e7\u00e3o e associa\u00e7\u00e3o de polimorfismos relacionados \u00e0 resist\u00eancia ao carrapato em bovinos Hereford e Braford<\/a><\/li>\n<li><a href=\"https:\/\/wp.ufpel.edu.br\/ppgz\/files\/2021\/01\/Efeitos-da-precipitacao-pluvial-e-da-disponibilidade-hidrica-na-Pesca-artesanal-da-Lagoa-Mirim.pdf\" target=\"_blank\" rel=\"noopener noreferrer\">Efeitos da precipita\u00e7\u00e3o pluvial e da disponibilidade h\u00eddrica na Pesca artesanal da Lagoa Mirim<\/a><\/li>\n<li><a href=\"https:\/\/wp.ufpel.edu.br\/ppgz\/files\/2021\/01\/Eficiencia-de-fitase-em-dietas-com-baixo-e-alto-teor-de-fosforo-fitico-para-frangos-de-corte.pdf\" target=\"_blank\" rel=\"noopener noreferrer\">Efici\u00eancia de fitase em dietas com baixo e alto teor de f\u00f3sforo f\u00edtico para frangos de corte<\/a><\/li>\n<li><a href=\"https:\/\/wp.ufpel.edu.br\/ppgz\/files\/2021\/01\/Enzimas-e-ingredientes-contendo-pigmentos-naturais-em-dietas-com-arroz-integral-para-codornas-japonesas.pdf\" target=\"_blank\" rel=\"noopener noreferrer\">Enzimas e ingredientes contendo pigmentos naturais em dietas com arroz integral para codornas japonesas<\/a><\/li>\n<li><a href=\"https:\/\/wp.ufpel.edu.br\/ppgz\/files\/2021\/01\/Indicadores-do-bem-estar-na-cria-de-bezerras-em-diferentes-sistemas-de-criacao.pdf\" target=\"_blank\" rel=\"noopener noreferrer\">Indicadores do bem-estar na cria de bezerras em diferentes sistemas de cria\u00e7\u00e3o<\/a><\/li>\n<li><a href=\"https:\/\/wp.ufpel.edu.br\/ppgz\/files\/2021\/01\/Morfologia-e-qualidade-da-carcaca-de-cabritos-naturalizados-do-Alto-Camaqua-abatidos-em-diferentes-idades.pdf\" target=\"_blank\" rel=\"noopener noreferrer\">Morfologia e qualidade da carca\u00e7a de cabritos naturalizados do Alto Camaqu\u00e3 abatidos em diferentes idades<\/a><\/li>\n<li><a href=\"https:\/\/wp.ufpel.edu.br\/ppgz\/files\/2021\/01\/Respostas-de-novilhas-Jersey-em-pastejo-de-milheto-sem-e-com-acesso-a-sombra.pdf\" target=\"_blank\" rel=\"noopener noreferrer\">Respostas de novilhas Jersey em pastejo de milheto sem e com acesso \u00e0 sombra<\/a><\/li>\n<li><a href=\"https:\/\/wp.ufpel.edu.br\/ppgz\/files\/2021\/01\/Suplementacaoenergetica-e-de-aminoacidos-glicogenicos-para-leitoes-lactentes.pdf\" target=\"_blank\" rel=\"noopener noreferrer\">Suplementa\u00e7\u00e3oenerg\u00e9tica e de amino\u00e1cidos glicog\u00eanicos para leit\u00f5es lactentes<\/a><\/li>\n<li><a href=\"https:\/\/wp.ufpel.edu.br\/ppgz\/files\/2021\/01\/Uma-abordagem-computacional-para-estudo-comparativo-das-estimativas-de-componentes-de-variancia-e-parametros-geneticos-sob-enfoque-bayesiano-em-relacao-a-abordagem-classica-por-maxima-verossimilhanca.pdf\" target=\"_blank\" rel=\"noopener noreferrer\">Uma abordagem computacional para estudo comparativo das estimativas de componentes de vari\u00e2ncia e par\u00e2metros gen\u00e9ticos sob enfoque bayesiano em rela\u00e7\u00e3o \u00e0 abordagem cl\u00e1ssica por m\u00e1xima verossimilhan\u00e7a<\/a><\/li>\n<\/ol>\n","protected":false},"excerpt":{"rendered":"<p>Azospirillum brasilense na produ\u00e7\u00e3o e composi\u00e7\u00e3o mineral da forragem de azev\u00e9m anual (Lolium multiflorum Lam.) Comprimento total m\u00ednimo de Loricariichthys anus na primeira desova e h\u00e1bito alimentar de Crenicichla punctata, na Bacia Hidrogr\u00e1fica da Lagoa Mirim, RS Desempenho e qualidade&#8230; <a class=\"more-link\" href=\"https:\/\/wp.ufpel.edu.br\/ppgz\/2015-2\">Continue lendo &rarr;<\/a><\/p>\n","protected":false},"author":809,"featured_media":0,"parent":0,"menu_order":0,"comment_status":"closed","ping_status":"closed","template":"","meta":{"footnotes":""},"class_list":["post-936","page","type-page","status-publish","hentry"],"_links":{"self":[{"href":"https:\/\/wp.ufpel.edu.br\/ppgz\/wp-json\/wp\/v2\/pages\/936","targetHints":{"allow":["GET"]}}],"collection":[{"href":"https:\/\/wp.ufpel.edu.br\/ppgz\/wp-json\/wp\/v2\/pages"}],"about":[{"href":"https:\/\/wp.ufpel.edu.br\/ppgz\/wp-json\/wp\/v2\/types\/page"}],"author":[{"embeddable":true,"href":"https:\/\/wp.ufpel.edu.br\/ppgz\/wp-json\/wp\/v2\/users\/809"}],"replies":[{"embeddable":true,"href":"https:\/\/wp.ufpel.edu.br\/ppgz\/wp-json\/wp\/v2\/comments?post=936"}],"version-history":[{"count":3,"href":"https:\/\/wp.ufpel.edu.br\/ppgz\/wp-json\/wp\/v2\/pages\/936\/revisions"}],"predecessor-version":[{"id":1078,"href":"https:\/\/wp.ufpel.edu.br\/ppgz\/wp-json\/wp\/v2\/pages\/936\/revisions\/1078"}],"wp:attachment":[{"href":"https:\/\/wp.ufpel.edu.br\/ppgz\/wp-json\/wp\/v2\/media?parent=936"}],"curies":[{"name":"wp","href":"https:\/\/api.w.org\/{rel}","templated":true}]}}