{"id":917,"date":"2021-01-14T20:28:34","date_gmt":"2021-01-14T23:28:34","guid":{"rendered":"https:\/\/wp.ufpel.edu.br\/ppgz\/?page_id=917"},"modified":"2021-01-15T13:41:16","modified_gmt":"2021-01-15T16:41:16","slug":"2016-3","status":"publish","type":"page","link":"https:\/\/wp.ufpel.edu.br\/ppgz\/2016-3","title":{"rendered":"2016"},"content":{"rendered":"<ol>\n<li><a href=\"https:\/\/wp.ufpel.edu.br\/ppgz\/files\/2021\/01\/Amendoim-forrageiro-Arachis-pintoi-cv.-Amarillo-sob-diferentes-intensidades-de-pastejo-por-ovinos-em-ambiente-rotativo-Luis-Alberto-Griffith-Alonzo-Pelotas.pdf\" target=\"_blank\" rel=\"noopener noreferrer\">Amendoim forrageiro (Arachis pintoi cv. Amarillo) sob diferentes intensidades de pastejo por ovinos em ambiente rotativo<\/a><\/li>\n<li><a href=\"https:\/\/wp.ufpel.edu.br\/ppgz\/files\/2021\/01\/Analise-economica-anual-da-producao-de-um-rebanho-de-cria-estavel-de-bovinos-de-corte-no-Rio-Grande-do-Sul.pdf\" target=\"_blank\" rel=\"noopener noreferrer\">An\u00e1lise econ\u00f4mica anual da produ\u00e7\u00e3o de um rebanho de cria est\u00e1vel de bovinos de corte no Rio Grande do Sul<\/a><\/li>\n<li><a href=\"https:\/\/wp.ufpel.edu.br\/ppgz\/files\/2021\/01\/Avaliacao-de-dois-metodos-de-aleitamento-no-bem-estar-de-bezerros-leiteiros.pdf\">Avalia\u00e7\u00e3o de dois m\u00e9todos de aleitamento no bem-estar de bezerros leiteiros<\/a> <a href=\"https:\/\/wp.ufpel.edu.br\/ppgz\/files\/2021\/01\/Avaliacao-genomica-da-pigmentacao-ocular-pelame-e-caracterizacao-racial-nas-racas-hereford-e-braford.pdf\" target=\"_blank\" rel=\"noopener noreferrer\">Avalia\u00e7\u00e3o gen\u00f4mica da pigmenta\u00e7\u00e3o ocular, pelame e caracteriza\u00e7\u00e3o racial nas ra\u00e7as hereford e braford<\/a><\/li>\n<li><a href=\"https:\/\/wp.ufpel.edu.br\/ppgz\/files\/2021\/01\/Avaliacao-metabolica-de-ruminantes-submetidos-a-diferentes-formas-farmaceuticas-de-administracao-de-calcio-e-magnesio.pdf\" target=\"_blank\" rel=\"noopener noreferrer\">Avalia\u00e7\u00e3o metab\u00f3lica de ruminantes submetidos a diferentes formas farmac\u00eauticas de administra\u00e7\u00e3o de c\u00e1lcio e magn\u00e9sio<\/a><\/li>\n<li><a href=\"https:\/\/wp.ufpel.edu.br\/ppgz\/files\/2021\/01\/Bem-estar-ovino-em-diferentes-densidades-de-currais-durante-o-pre-abate-Clederson-Idenio-Schmitt-Pelotas.pdf\" target=\"_blank\" rel=\"noopener noreferrer\">Bem-estar ovino em diferentes densidades de currais durante o pr\u00e9-abate<\/a><\/li>\n<li><a href=\"https:\/\/wp.ufpel.edu.br\/ppgz\/files\/2021\/01\/Caracteristicas-de-tamanho-adulto-e-escore-de-condicao-corporal-de-vacas-e-associacoes-geneticas-com-escores-visuais-qualidade-de-carcaca-e-eficiencia-reprodutiva-na-raca-Nelore.pdf\" target=\"_blank\" rel=\"noopener noreferrer\">Caracter\u00edsticas de tamanho adulto e escore de condi\u00e7\u00e3o corporal de vacas e associa\u00e7\u00f5es gen\u00e9ticas com escores visuais, qualidade de carca\u00e7a e efici\u00eancia reprodutiva na ra\u00e7a Nelore<\/a><\/li>\n<li><a href=\"https:\/\/wp.ufpel.edu.br\/ppgz\/files\/2021\/01\/Desempenho-de-bezerros-leiteiros-submetidos-a-diferentes-niveis-de-aleitamento.pdf\" target=\"_blank\" rel=\"noopener noreferrer\">Desempenho de bezerros leiteiros submetidos a diferentes n\u00edveis de aleitamento<\/a><\/li>\n<li><a href=\"https:\/\/wp.ufpel.edu.br\/ppgz\/files\/2021\/01\/Desenvolvimento-dos-pre-estomagos-e-estomago-de-bezerros-Jersey-alimentados-com-altos-niveis-de-leite.pdf\" target=\"_blank\" rel=\"noopener noreferrer\">Desenvolvimento dos pr\u00e9-est\u00f4magos e est\u00f4mago de bezerros Jersey alimentados com altos n\u00edveis de leite<\/a><\/li>\n<li><a href=\"https:\/\/wp.ufpel.edu.br\/ppgz\/files\/2021\/01\/Farelo-de-gluten-de-milho-alternativa-na-alimentacao-de-galos.pdf\" target=\"_blank\" rel=\"noopener noreferrer\">Farelo de gl\u00faten de milho alternativa na alimenta\u00e7\u00e3o de galos<\/a><\/li>\n<li><a href=\"https:\/\/wp.ufpel.edu.br\/ppgz\/files\/2021\/01\/Niveis-de-Inclusao-do-Coproduto-da-Vitivinificacao-Associado-ao-Zinco-na-Dieta-de-Ovinos.pdf\" target=\"_blank\" rel=\"noopener noreferrer\">N\u00edveis de Inclus\u00e3o do Coproduto da Vitivinifica\u00e7\u00e3o Associado ao Zinco na Dieta de Ovinos<\/a><\/li>\n<li><a href=\"https:\/\/wp.ufpel.edu.br\/ppgz\/files\/2021\/01\/Oleo-resina-de-copaiba-sobre-as-caracteristicas-seminais-de-galos.pdf\" target=\"_blank\" rel=\"noopener noreferrer\">\u00d3leo-resina de copa\u00edba sobre as caracter\u00edsticas seminais de galos<\/a><\/li>\n<li><a href=\"https:\/\/wp.ufpel.edu.br\/ppgz\/files\/2021\/01\/Preditores-de-doencas-e-desempenho-zootecnico-em-bezerras-leiteiras.pdf\" target=\"_blank\" rel=\"noopener noreferrer\">Preditores de doen\u00e7as e desempenho zoot\u00e9cnico em bezerras leiteiras<\/a><\/li>\n<li><a href=\"https:\/\/wp.ufpel.edu.br\/ppgz\/files\/2021\/01\/Probiotico-para-suinos-nas-fases-de-maternidade-e-creche.pdf\" target=\"_blank\" rel=\"noopener noreferrer\">Probi\u00f3tico para su\u00ednos nas fases de maternidade e creche<\/a><\/li>\n<\/ol>\n","protected":false},"excerpt":{"rendered":"<p>Amendoim forrageiro (Arachis pintoi cv. Amarillo) sob diferentes intensidades de pastejo por ovinos em ambiente rotativo An\u00e1lise econ\u00f4mica anual da produ\u00e7\u00e3o de um rebanho de cria est\u00e1vel de bovinos de corte no Rio Grande do Sul Avalia\u00e7\u00e3o de dois m\u00e9todos&#8230; <a class=\"more-link\" href=\"https:\/\/wp.ufpel.edu.br\/ppgz\/2016-3\">Continue lendo &rarr;<\/a><\/p>\n","protected":false},"author":809,"featured_media":0,"parent":0,"menu_order":0,"comment_status":"closed","ping_status":"closed","template":"","meta":{"footnotes":""},"class_list":["post-917","page","type-page","status-publish","hentry"],"_links":{"self":[{"href":"https:\/\/wp.ufpel.edu.br\/ppgz\/wp-json\/wp\/v2\/pages\/917","targetHints":{"allow":["GET"]}}],"collection":[{"href":"https:\/\/wp.ufpel.edu.br\/ppgz\/wp-json\/wp\/v2\/pages"}],"about":[{"href":"https:\/\/wp.ufpel.edu.br\/ppgz\/wp-json\/wp\/v2\/types\/page"}],"author":[{"embeddable":true,"href":"https:\/\/wp.ufpel.edu.br\/ppgz\/wp-json\/wp\/v2\/users\/809"}],"replies":[{"embeddable":true,"href":"https:\/\/wp.ufpel.edu.br\/ppgz\/wp-json\/wp\/v2\/comments?post=917"}],"version-history":[{"count":3,"href":"https:\/\/wp.ufpel.edu.br\/ppgz\/wp-json\/wp\/v2\/pages\/917\/revisions"}],"predecessor-version":[{"id":1072,"href":"https:\/\/wp.ufpel.edu.br\/ppgz\/wp-json\/wp\/v2\/pages\/917\/revisions\/1072"}],"wp:attachment":[{"href":"https:\/\/wp.ufpel.edu.br\/ppgz\/wp-json\/wp\/v2\/media?parent=917"}],"curies":[{"name":"wp","href":"https:\/\/api.w.org\/{rel}","templated":true}]}}