{"id":903,"date":"2021-01-14T20:22:40","date_gmt":"2021-01-14T23:22:40","guid":{"rendered":"https:\/\/wp.ufpel.edu.br\/ppgz\/?page_id=903"},"modified":"2021-01-15T13:43:16","modified_gmt":"2021-01-15T16:43:16","slug":"2016-2","status":"publish","type":"page","link":"https:\/\/wp.ufpel.edu.br\/ppgz\/2016-2","title":{"rendered":"2016"},"content":{"rendered":"<ol>\n<li><a href=\"https:\/\/wp.ufpel.edu.br\/ppgz\/files\/2021\/01\/Arroz-integral-selenio-organico-e-vitamina-E-em-dietas-para-frangos-de-corte-e-oleo-acido-de-soja-para-codornas.pdf\" target=\"_blank\" rel=\"noopener noreferrer\">Arroz integral, sel\u00eanio org\u00e2nico e vitamina E em dietas para frangos de corte e \u00f3leo \u00e1cido de soja para codornas<\/a><\/li>\n<li><a href=\"https:\/\/wp.ufpel.edu.br\/ppgz\/files\/2021\/01\/Associacao-da-Biometria-no-Desempenho-Morfo-Funcional-no-Cavalo-Crioulo-Participante-do-Freio-de-Ouro.pdf\" target=\"_blank\" rel=\"noopener noreferrer\">Associa\u00e7\u00e3o da Biometria no Desempenho Morfo Funcional no Cavalo Crioulo Participante do Freio de Ouro<\/a><\/li>\n<li><a href=\"https:\/\/wp.ufpel.edu.br\/ppgz\/files\/2021\/01\/Avaliacao-nutricional-da-silagem-de-azevem-Lolium-multiflorum-lam.-Em-diferentes-tempos-de-desidratacao-da-massa-verde-em-diferentes-estadios-fenologicos.pdf\" target=\"_blank\" rel=\"noopener noreferrer\">Avalia\u00e7\u00e3o nutricional da silagem de azev\u00e9m (Lolium multiflorum, lam.) em diferentes tempos de desidrata\u00e7\u00e3o da massa verde em diferentes est\u00e1dios fenol\u00f3gicos<\/a><\/li>\n<li><a href=\"https:\/\/wp.ufpel.edu.br\/ppgz\/files\/2021\/01\/Boas-praticas-de-manejo-nas-modificacoes-do-comportamento-de-bovinos-de-corte.pdf\" target=\"_blank\" rel=\"noopener noreferrer\">Boas pr\u00e1ticas de manejo nas modifica\u00e7\u00f5es do comportamento de bovinos de corte<\/a><\/li>\n<li><a href=\"https:\/\/wp.ufpel.edu.br\/ppgz\/files\/2021\/01\/Caracteristicas-agronomicas-bromatologicas-e-nutricionais-de-silagens-de-genotipos-de-sorgo-forrageiro.pdf\" target=\"_blank\" rel=\"noopener noreferrer\">Caracter\u00edsticas agron\u00f4micas, bromatol\u00f3gicas e nutricionais de silagens de gen\u00f3tipos de sorgo forrageiro<\/a><\/li>\n<li><a href=\"https:\/\/wp.ufpel.edu.br\/ppgz\/files\/2021\/01\/Desempenho-e-comportamento-de-larvas-e-alevinos-de-jundia-rhamdia-quelen-em-confinamento.pdf\" target=\"_blank\" rel=\"noopener noreferrer\">Desempenho e comportamento de larvas e alevinos de jundi\u00e1 (rhamdia quelen) em confinamento<\/a><\/li>\n<li><a href=\"https:\/\/wp.ufpel.edu.br\/ppgz\/files\/2021\/01\/Estudo-sobre-o-rendimento-composicao-quimica-e-analise-sensorial-de-especies-da-bacia-da-lagoa-mirim-com-possivel-potencial-economico-para-a-regiao-sul-do-brasil.pdf\" target=\"_blank\" rel=\"noopener noreferrer\">Estudo sobre o rendimento, composi\u00e7\u00e3o qu\u00edmica e an\u00e1lise sensorial de esp\u00e9cies da bacia da lagoa mirim com poss\u00edvel potencial econ\u00f4mico para a regi\u00e3o sul do brasil<\/a><\/li>\n<li><a href=\"https:\/\/wp.ufpel.edu.br\/ppgz\/files\/2021\/01\/Farelo-de-arroz-na-nutricao-de-aves-e-suinos.pdf\" target=\"_blank\" rel=\"noopener noreferrer\">Farelo de arroz na nutri\u00e7\u00e3o de aves e su\u00ednos<\/a><\/li>\n<li><a href=\"https:\/\/wp.ufpel.edu.br\/ppgz\/files\/2021\/01\/Padroes-de-estrutura-e-dinamica-da-assembleia-de-peixes-de-uma-bacia-hidrografica-neotropical-antropizada-sul-do-Brasil.pdf\" target=\"_blank\" rel=\"noopener noreferrer\">Padr\u00f5es de estrutura e din\u00e2mica da assembleia de peixes de uma bacia hidrogr\u00e1fica neotropical antropizada, sul do Brasil<\/a><\/li>\n<li><a href=\"https:\/\/wp.ufpel.edu.br\/ppgz\/files\/2021\/01\/Utilizacao-de-microalgas-Schizochytrium-sp-como-fonte-rica-em-acido-graxo-docosahexaenoico-na-dieta-de-poedeiras.pdf\" target=\"_blank\" rel=\"noopener noreferrer\">Utiliza\u00e7\u00e3o de microalgas (Schizochytrium sp) como fonte rica em \u00e1cido graxo docosahexaen\u00f3ico na dieta de poedeiras<\/a><\/li>\n<\/ol>\n","protected":false},"excerpt":{"rendered":"<p>Arroz integral, sel\u00eanio org\u00e2nico e vitamina E em dietas para frangos de corte e \u00f3leo \u00e1cido de soja para codornas Associa\u00e7\u00e3o da Biometria no Desempenho Morfo Funcional no Cavalo Crioulo Participante do Freio de Ouro Avalia\u00e7\u00e3o nutricional da silagem de&#8230; <a class=\"more-link\" href=\"https:\/\/wp.ufpel.edu.br\/ppgz\/2016-2\">Continue lendo &rarr;<\/a><\/p>\n","protected":false},"author":809,"featured_media":0,"parent":0,"menu_order":0,"comment_status":"closed","ping_status":"closed","template":"","meta":{"footnotes":""},"class_list":["post-903","page","type-page","status-publish","hentry"],"_links":{"self":[{"href":"https:\/\/wp.ufpel.edu.br\/ppgz\/wp-json\/wp\/v2\/pages\/903","targetHints":{"allow":["GET"]}}],"collection":[{"href":"https:\/\/wp.ufpel.edu.br\/ppgz\/wp-json\/wp\/v2\/pages"}],"about":[{"href":"https:\/\/wp.ufpel.edu.br\/ppgz\/wp-json\/wp\/v2\/types\/page"}],"author":[{"embeddable":true,"href":"https:\/\/wp.ufpel.edu.br\/ppgz\/wp-json\/wp\/v2\/users\/809"}],"replies":[{"embeddable":true,"href":"https:\/\/wp.ufpel.edu.br\/ppgz\/wp-json\/wp\/v2\/comments?post=903"}],"version-history":[{"count":3,"href":"https:\/\/wp.ufpel.edu.br\/ppgz\/wp-json\/wp\/v2\/pages\/903\/revisions"}],"predecessor-version":[{"id":1074,"href":"https:\/\/wp.ufpel.edu.br\/ppgz\/wp-json\/wp\/v2\/pages\/903\/revisions\/1074"}],"wp:attachment":[{"href":"https:\/\/wp.ufpel.edu.br\/ppgz\/wp-json\/wp\/v2\/media?parent=903"}],"curies":[{"name":"wp","href":"https:\/\/api.w.org\/{rel}","templated":true}]}}