{"id":868,"date":"2021-01-14T17:17:39","date_gmt":"2021-01-14T20:17:39","guid":{"rendered":"https:\/\/wp.ufpel.edu.br\/ppgz\/?page_id=868"},"modified":"2021-01-15T13:38:21","modified_gmt":"2021-01-15T16:38:21","slug":"2017-2","status":"publish","type":"page","link":"https:\/\/wp.ufpel.edu.br\/ppgz\/2017-2","title":{"rendered":"2017"},"content":{"rendered":"<ol>\n<li><a href=\"https:\/\/wp.ufpel.edu.br\/ppgz\/files\/2021\/01\/Caracterizacao-fisico-quimica-da-caracaca-da-viola-Loricariichthys-anus.pdf\" target=\"_blank\" rel=\"noopener noreferrer\">Caracteriza\u00e7\u00e3o f\u00edsico-qu\u00edmica da caraca\u00e7a da viola (Loricariichthys anus)<\/a><\/li>\n<li><a href=\"https:\/\/wp.ufpel.edu.br\/ppgz\/files\/2021\/01\/Conforto-termico-comportamento-desempenho-e-caracteristicas-de-carnes-de-cordeiros-terminados-em-duas-estacoes-climaticas.pdf\" target=\"_blank\" rel=\"noopener noreferrer\">Conforto t\u00e9rmico ,comportamento, desempenho e caracter\u00edsticas de carnes de cordeiros terminados em duas esta\u00e7\u00f5es clim\u00e1ticas<\/a><\/li>\n<li><a href=\"https:\/\/wp.ufpel.edu.br\/ppgz\/files\/2021\/01\/Diagnostico-de-boas-praticas-agropecuarias-e-ajuste-de-naoconformidades-em-sistemas-de-producao-leiteira.pdf\" target=\"_blank\" rel=\"noopener noreferrer\">Diagn\u00f3stico de boas pr\u00e1ticas agropecu\u00e1rias e ajuste de n\u00e3o conformidades em sistemas de produ\u00e7\u00e3o leiteira<\/a><\/li>\n<li><a href=\"https:\/\/wp.ufpel.edu.br\/ppgz\/files\/2021\/01\/Eficiencia-produtiva-de-vacas-de-corte-de-diferentes-composicoes-raciais-Habilidade-materna-reproducao-metabolismo-e-expressao-diferencial-de-genes-por-meio-de-sequenciamento-de-RNA.pdf\" target=\"_blank\" rel=\"noopener noreferrer\">Efici\u00eancia produtiva de vacas de corte de diferentes composi\u00e7\u00f5es raciais<\/a><\/li>\n<li><a href=\"https:\/\/wp.ufpel.edu.br\/ppgz\/files\/2021\/01\/Eficiencia-produtiva-de-vacas-de-corte-de-diferentes-composicoes-raciais-Habilidade-materna-reproducao-metabolismo-e-expressao-diferencial-de-genes-por-meio-de-sequenciamento-de-RNA.pdf\" target=\"_blank\" rel=\"noopener noreferrer\">Habilidade materna, reprodu\u00e7\u00e3o, metabolismo e express\u00e3o diferencial de genes por meio de sequenciamento de RNA<\/a><\/li>\n<li><a href=\"https:\/\/wp.ufpel.edu.br\/ppgz\/files\/2021\/01\/Estudo-epigenico-e-morfometrico-em-uma-linhagem-de-codornas-de-corte.pdf\" target=\"_blank\" rel=\"noopener noreferrer\">Estudo epig\u00eanico e morfom\u00e9trico em uma linhagem de codornas de corte<\/a><\/li>\n<li><a href=\"https:\/\/wp.ufpel.edu.br\/ppgz\/files\/2021\/01\/Influencia-da-adiposidade-em-eguas-Crioulas-gestantes-sobre-caracteristicas-metabolicas-morfometricas-e-comportamentais-dos-potros.pdf\" target=\"_blank\" rel=\"noopener noreferrer\">Influ\u00eancia da adiposidade em \u00e9guas Crioulas gestantes sobre caracter\u00edsticas metab\u00f3licas, morfom\u00e9tricas e comportamentais dos potros<\/a><\/li>\n<li><a href=\"https:\/\/wp.ufpel.edu.br\/ppgz\/files\/2021\/01\/Selecao-e-associacao-genomica-ampla-para-caracteristicas-de-crescimento-e-escores-visuais-em-bovinos-da-raca-Hereford-e-Braford.pdf\" target=\"_blank\" rel=\"noopener noreferrer\">Sele\u00e7\u00e3o e associa\u00e7\u00e3o gen\u00f4mica ampla para caracter\u00edsticas de crescimento e escores visuais em bovinos da ra\u00e7a Hereford e Braford<\/a><\/li>\n<\/ol>\n","protected":false},"excerpt":{"rendered":"<p>Caracteriza\u00e7\u00e3o f\u00edsico-qu\u00edmica da caraca\u00e7a da viola (Loricariichthys anus) Conforto t\u00e9rmico ,comportamento, desempenho e caracter\u00edsticas de carnes de cordeiros terminados em duas esta\u00e7\u00f5es clim\u00e1ticas Diagn\u00f3stico de boas pr\u00e1ticas agropecu\u00e1rias e ajuste de n\u00e3o conformidades em sistemas de produ\u00e7\u00e3o leiteira Efici\u00eancia produtiva&#8230; <a class=\"more-link\" href=\"https:\/\/wp.ufpel.edu.br\/ppgz\/2017-2\">Continue lendo &rarr;<\/a><\/p>\n","protected":false},"author":809,"featured_media":0,"parent":0,"menu_order":0,"comment_status":"closed","ping_status":"closed","template":"","meta":{"footnotes":""},"class_list":["post-868","page","type-page","status-publish","hentry"],"_links":{"self":[{"href":"https:\/\/wp.ufpel.edu.br\/ppgz\/wp-json\/wp\/v2\/pages\/868","targetHints":{"allow":["GET"]}}],"collection":[{"href":"https:\/\/wp.ufpel.edu.br\/ppgz\/wp-json\/wp\/v2\/pages"}],"about":[{"href":"https:\/\/wp.ufpel.edu.br\/ppgz\/wp-json\/wp\/v2\/types\/page"}],"author":[{"embeddable":true,"href":"https:\/\/wp.ufpel.edu.br\/ppgz\/wp-json\/wp\/v2\/users\/809"}],"replies":[{"embeddable":true,"href":"https:\/\/wp.ufpel.edu.br\/ppgz\/wp-json\/wp\/v2\/comments?post=868"}],"version-history":[{"count":3,"href":"https:\/\/wp.ufpel.edu.br\/ppgz\/wp-json\/wp\/v2\/pages\/868\/revisions"}],"predecessor-version":[{"id":1070,"href":"https:\/\/wp.ufpel.edu.br\/ppgz\/wp-json\/wp\/v2\/pages\/868\/revisions\/1070"}],"wp:attachment":[{"href":"https:\/\/wp.ufpel.edu.br\/ppgz\/wp-json\/wp\/v2\/media?parent=868"}],"curies":[{"name":"wp","href":"https:\/\/api.w.org\/{rel}","templated":true}]}}