{"id":843,"date":"2021-01-14T10:22:46","date_gmt":"2021-01-14T13:22:46","guid":{"rendered":"https:\/\/wp.ufpel.edu.br\/ppgz\/?page_id=843"},"modified":"2021-01-15T13:30:23","modified_gmt":"2021-01-15T16:30:23","slug":"2018-3","status":"publish","type":"page","link":"https:\/\/wp.ufpel.edu.br\/ppgz\/2018-3","title":{"rendered":"2018"},"content":{"rendered":"<ol>\n<li><a href=\"https:\/\/wp.ufpel.edu.br\/ppgz\/files\/2021\/01\/Predicao-de-valores-de-merito-genetico-de-ovinos-no-rio-grande-do-sul.pdf\" target=\"_blank\" rel=\"noopener noreferrer\">Predi\u00e7\u00e3o de valores de m\u00e9rito gen\u00e9tico de ovinos no rio grande do sul<\/a><\/li>\n<li><a href=\"https:\/\/wp.ufpel.edu.br\/ppgz\/files\/2021\/01\/Incidencia-de-contusoes-severas-em-carcacas-bovinas-no-Rio-Grande-do-Sul.pdf\" target=\"_blank\" rel=\"noopener noreferrer\">Incid\u00eancia de contus\u00f5es severas em carca\u00e7as bovinas no Rio Grande do Sul<\/a><\/li>\n<li><a href=\"https:\/\/wp.ufpel.edu.br\/ppgz\/files\/2021\/01\/Formacao-de-caes-de-guarda-da-raca-Pastor-Maremano-Abruzes-na-protecao-de-rebanhos-Ovinos.pdf\">Forma\u00e7\u00e3o de c\u00e3es de guarda da ra\u00e7a Pastor Maremano Abruz\u00eas na prote\u00e7\u00e3o de rebanhos Ovinos<\/a><\/li>\n<li><a href=\"https:\/\/wp.ufpel.edu.br\/ppgz\/files\/2021\/01\/utilizacao-de-aditivos-sobre-a-composicao-quimica-da-forragem-conservada-de-cultivar-capim-elefante-BRS-capiacu-em-tres-idades-de-corte.pdf\" target=\"_blank\" rel=\"noopener noreferrer\">Utiliza\u00e7\u00e3o de aditivos sobre a composi\u00e7\u00e3o qu\u00edmica da forragem conservada de cultivar capim-elefante BRS capia\u00e7u em tr\u00eas idades de corte<\/a><\/li>\n<li><a href=\"https:\/\/wp.ufpel.edu.br\/ppgz\/files\/2021\/01\/Inducao-de-lactacao-em-novilhas-leiteiras-Aspectos-metabolicos-produtivos-e-reprodutivos-de-vacas-em-lactacao-induzida-ou-fisiologica.pdf\" target=\"_blank\" rel=\"noopener noreferrer\">Indu\u00e7\u00e3o de lacta\u00e7\u00e3o em novilhas leiteiras<\/a><\/li>\n<li><a href=\"https:\/\/wp.ufpel.edu.br\/ppgz\/files\/2021\/01\/Inducao-de-lactacao-em-novilhas-leiteiras-Aspectos-metabolicos-produtivos-e-reprodutivos-de-vacas-em-lactacao-induzida-ou-fisiologica.pdf\" target=\"_blank\" rel=\"noopener noreferrer\">Aspectos metab\u00f3licos produtivos e reprodutivos de vacas em lacta\u00e7\u00e3o induzida ou fisiol\u00f3gica<\/a><\/li>\n<li><a href=\"https:\/\/wp.ufpel.edu.br\/ppgz\/files\/2021\/01\/Composicao-quimica-bromatologica-e-avaliacao-cinetica-digestiva-da-silagem-e-da-planta-inteira-de-arroz-em-diferentes-estadios-fenologicos.pdf\" target=\"_blank\" rel=\"noopener noreferrer\">Composi\u00e7\u00e3o quimica-bromatol\u00f3gica e avalia\u00e7\u00e3o cin\u00e9tica digestiva da silagem e da planta inteira de arroz em diferentes est\u00e1dios fenol\u00f3gicos<\/a><\/li>\n<li><a href=\"https:\/\/wp.ufpel.edu.br\/ppgz\/files\/2021\/01\/Butafosfan-Diferentes-formas-farmaceuticas-para-uso-em-animais-de-producao.pdf\" target=\"_blank\" rel=\"noopener noreferrer\">Butafosfan Diferentes formas farmac\u00eauticas para uso em animais de produ\u00e7\u00e3o<\/a><\/li>\n<li><a href=\"https:\/\/wp.ufpel.edu.br\/ppgz\/files\/2021\/01\/Estudo-do-gene-MUC1-e-caracteristicas-de-sanidade-e-producao-em-vacas-de-leite.pdf\" target=\"_blank\" rel=\"noopener noreferrer\">Estudo do gene MUC1 e caracter\u00edsticas de sanidade e produ\u00e7\u00e3o em vacas de leite<\/a><\/li>\n<li><a href=\"https:\/\/wp.ufpel.edu.br\/ppgz\/files\/2021\/01\/Idade-e-epoca-de-paricao-na-eficiencia-de-vacas-de-corte-e-seus-bezerros.pdf\" target=\"_blank\" rel=\"noopener noreferrer\">Idade e \u00e9poca de pari\u00e7\u00e3o na efici\u00eancia de vacas de corte e seus bezerros<\/a><\/li>\n<li><a href=\"https:\/\/wp.ufpel.edu.br\/ppgz\/files\/2021\/01\/Caracterizacao-fenotipica-e-genotipica-de-animais-da-raca-Hereford-criados-na-regiao-sul-do-estado-do-RS-durante-surtos-de-ceratoconjuntivite-infecciosa-bovina.pdf\" target=\"_blank\" rel=\"noopener noreferrer\">Caracteriza\u00e7\u00e3o fenot\u00edpica e genot\u00edpica de animais da ra\u00e7a Hereford criados na regi\u00e3o sul do estado do RS durante surtos de ceratoconjuntivite infecciosa bovina<\/a><\/li>\n<li><a href=\"https:\/\/wp.ufpel.edu.br\/ppgz\/files\/2021\/01\/Parametros-reprodutivos-de-galos-pesados-alimentados-com-oleo-residual-da-extracao-de-azeite-de-oliva.pdf\" target=\"_blank\" rel=\"noopener noreferrer\">Par\u00e2metros reprodutivos de galos pesados alimentados com \u00f3leo residual da extra\u00e7\u00e3o de azeite de oliva<\/a><\/li>\n<li><a href=\"https:\/\/wp.ufpel.edu.br\/ppgz\/files\/2021\/01\/Composicao-bromatologica-do-feijao-dos-arrozais-Macroptilium-Lathyroides-L.-Urb..pdf\" target=\"_blank\" rel=\"noopener noreferrer\">Composi\u00e7\u00e3o bromatol\u00f3gica do feij\u00e3o-dos-arrozais (Macroptilium Lathyroides (L.) Urb.)<\/a><\/li>\n<li><a href=\"https:\/\/wp.ufpel.edu.br\/ppgz\/files\/2021\/01\/Inter-relacao-do-magnesio-na-cadeia-solo-planta-animal-em-areas-de-campo-natural-na-Serra-do-Sudeste-\u2013RS.pdf\" target=\"_blank\" rel=\"noopener noreferrer\">Inter-rela\u00e7\u00e3o do magn\u00e9sio na cadeia solo-planta-animal em \u00e1reas de campo natural na Serra do Sudeste \u2013RS<\/a><\/li>\n<li><a href=\"https:\/\/wp.ufpel.edu.br\/ppgz\/files\/2021\/01\/Determinacao-da-relacao-agua-proteinas-de-cortes-de-frangos-de-diferentes-linhagens-alimentados-com-distintas-densidades-nutricionais-e-abatidos-em-diferentes-idades.pdf\" target=\"_blank\" rel=\"noopener noreferrer\">Determina\u00e7\u00e3o da rela\u00e7\u00e3o \u00e1gua prote\u00ednas de cortes de frangos de diferentes linhagens alimentados com distintas densidades nutricionais e abatidos em diferentes idades<\/a><\/li>\n<li><a href=\"https:\/\/wp.ufpel.edu.br\/ppgz\/files\/2021\/01\/Efeito-de-micotoxinas-sobre-caracteristicas-associadas-ao-desempenho-reprodutivo-de-galos.pdf\" target=\"_blank\" rel=\"noopener noreferrer\">Efeito de micotoxinas sobre caracter\u00edsticas associadas ao desempenho reprodutivo de galos<\/a><\/li>\n<li><a href=\"https:\/\/wp.ufpel.edu.br\/ppgz\/files\/2021\/01\/Efeito-de-emulsificante-sintetico-na-qualidade-de-pellet-na-digestibilidade-de-nutrientes-e-no-desempenho-de-frangos-de-corte.pdf\" target=\"_blank\" rel=\"noopener noreferrer\">Efeito de emulsificante sint\u00e9tico na qualidade de pellet, na digestibilidade de nutrientes e no desempenho de frangos de corte<\/a><\/li>\n<li><a href=\"https:\/\/wp.ufpel.edu.br\/ppgz\/files\/2021\/01\/Analise-bioeconomica-de-sistemas-produtivos-de-ciclo-completo-na-raca-Aberdeen-Angus.pdf\" target=\"_blank\" rel=\"noopener noreferrer\">An\u00e1lise bioecon\u00f4mica de sistemas produtivos de ciclo completo na ra\u00e7a Aberdeen Angus<\/a><\/li>\n<li><a href=\"https:\/\/wp.ufpel.edu.br\/ppgz\/files\/2021\/01\/O-impacto-nutricional-sobre-o-rumen-tecido-laminar-e-coxim-digital-de-bovinos-de-corte-confinados.pdf\" target=\"_blank\" rel=\"noopener noreferrer\">O impacto nutricional sobre o r\u00famen, tecido laminar e coxim digital de bovinos de corte confinados<\/a><\/li>\n<\/ol>\n","protected":false},"excerpt":{"rendered":"<p>Predi\u00e7\u00e3o de valores de m\u00e9rito gen\u00e9tico de ovinos no rio grande do sul Incid\u00eancia de contus\u00f5es severas em carca\u00e7as bovinas no Rio Grande do Sul Forma\u00e7\u00e3o de c\u00e3es de guarda da ra\u00e7a Pastor Maremano Abruz\u00eas na prote\u00e7\u00e3o de rebanhos Ovinos&#8230; <a class=\"more-link\" href=\"https:\/\/wp.ufpel.edu.br\/ppgz\/2018-3\">Continue lendo &rarr;<\/a><\/p>\n","protected":false},"author":809,"featured_media":0,"parent":0,"menu_order":0,"comment_status":"closed","ping_status":"closed","template":"","meta":{"footnotes":""},"class_list":["post-843","page","type-page","status-publish","hentry"],"_links":{"self":[{"href":"https:\/\/wp.ufpel.edu.br\/ppgz\/wp-json\/wp\/v2\/pages\/843","targetHints":{"allow":["GET"]}}],"collection":[{"href":"https:\/\/wp.ufpel.edu.br\/ppgz\/wp-json\/wp\/v2\/pages"}],"about":[{"href":"https:\/\/wp.ufpel.edu.br\/ppgz\/wp-json\/wp\/v2\/types\/page"}],"author":[{"embeddable":true,"href":"https:\/\/wp.ufpel.edu.br\/ppgz\/wp-json\/wp\/v2\/users\/809"}],"replies":[{"embeddable":true,"href":"https:\/\/wp.ufpel.edu.br\/ppgz\/wp-json\/wp\/v2\/comments?post=843"}],"version-history":[{"count":3,"href":"https:\/\/wp.ufpel.edu.br\/ppgz\/wp-json\/wp\/v2\/pages\/843\/revisions"}],"predecessor-version":[{"id":1065,"href":"https:\/\/wp.ufpel.edu.br\/ppgz\/wp-json\/wp\/v2\/pages\/843\/revisions\/1065"}],"wp:attachment":[{"href":"https:\/\/wp.ufpel.edu.br\/ppgz\/wp-json\/wp\/v2\/media?parent=843"}],"curies":[{"name":"wp","href":"https:\/\/api.w.org\/{rel}","templated":true}]}}