{"id":824,"date":"2021-01-14T08:09:01","date_gmt":"2021-01-14T11:09:01","guid":{"rendered":"https:\/\/wp.ufpel.edu.br\/ppgz\/?page_id=824"},"modified":"2021-01-15T13:33:18","modified_gmt":"2021-01-15T16:33:18","slug":"2018-2","status":"publish","type":"page","link":"https:\/\/wp.ufpel.edu.br\/ppgz\/2018-2","title":{"rendered":"2018"},"content":{"rendered":"<ol>\n<li><a href=\"https:\/\/wp.ufpel.edu.br\/ppgz\/files\/2021\/01\/Combinacao-de-antioxidantes-contendo-algas-na-dieta-de-galos-efeito-sobre-a-qualidade-do-semen.pdf\" target=\"_blank\" rel=\"noopener noreferrer\">Combina\u00e7\u00e3o de antioxidantes contendo algas na dieta de galos efeito sobre a qualidade do s\u00eamen<\/a><\/li>\n<li><a href=\"https:\/\/wp.ufpel.edu.br\/ppgz\/files\/2021\/01\/Efeito-do-tempo-e-forma-de-acondicionamento-de-aves-mortas-na-producao-e-qualidade-de-farinhas-e-oleos-utilizados-na-dieta-de-suinos.pdf\" target=\"_blank\" rel=\"noopener noreferrer\">Efeito do tempo e forma de acondicionamento de aves mortas na produ\u00e7\u00e3o e qualidade de farinhas e \u00f3leos utilizados na dieta de su\u00ednos<\/a><\/li>\n<li><a href=\"https:\/\/wp.ufpel.edu.br\/ppgz\/files\/2021\/01\/Modelagem-nao-linear-da-curva-de-crescimento-de-codornas-de-corte-em-analises-Bayesiana.pdf\" target=\"_blank\" rel=\"noopener noreferrer\">Modelagem n\u00e3o-linear da curva de crescimento de codornas de corte em analises Bayesiana<\/a><\/li>\n<li><a href=\"https:\/\/wp.ufpel.edu.br\/ppgz\/files\/2021\/01\/Caracterizacao-e-potencial-de-uso-para-ruminantes-da-torta-de-oliva-in-natura-e-ensilada.pdf\" target=\"_blank\" rel=\"noopener noreferrer\">Caracteriza\u00e7\u00e3o e potencial de uso para ruminantes da torta de oliva in natura e ensilada<\/a><\/li>\n<li><a href=\"https:\/\/wp.ufpel.edu.br\/ppgz\/files\/2021\/01\/Caracteristicas-morfofisiologicase-composicao-nutricional-de-amendoim-forrageiro-cv.-Amarillo-submetido-a-intensidades-de-desfolha-em-pastejo-com-ovinos.pdf\" target=\"_blank\" rel=\"noopener noreferrer\">Caracter\u00edsticas morfofisiol\u00f3gicase composi\u00e7\u00e3o nutricional de amendoim forrageiro cv. Amarillo submetido a intensidades de desfolha em pastejo com ovinos<\/a><\/li>\n<li><a href=\"https:\/\/wp.ufpel.edu.br\/ppgz\/files\/2021\/01\/Avaliacao-produtiva-nutricional-e-formas-de-utilizacao-da-forrageira-Pennisetum-Purpureum-Schumach-cv.-BRS-Kurumi.pdf\" target=\"_blank\" rel=\"noopener noreferrer\">Avalia\u00e7\u00e3o produtiva, nutricional e formas de utiliza\u00e7\u00e3o da forrageira Pennisetum Purpureum Schumach cv. BRS Kurumi<\/a><\/li>\n<li><a href=\"https:\/\/wp.ufpel.edu.br\/ppgz\/files\/2021\/01\/Criterios-de-selecao-reprodutivos-para-as-racas-Hereford-e-Braford.pdf\" target=\"_blank\" rel=\"noopener noreferrer\">Crit\u00e9rios de sele\u00e7\u00e3o reprodutivos para as ra\u00e7as Hereford e Braford<\/a><\/li>\n<li><a href=\"https:\/\/wp.ufpel.edu.br\/ppgz\/files\/2021\/01\/Suplementacao-gestacional-e-aspectos-produtivos-de-ovinos-da-raca-Ideal.pdf\" target=\"_blank\" rel=\"noopener noreferrer\">Suplementa\u00e7\u00e3o gestacional e aspectos produtivos de ovinos da ra\u00e7a Ideal<\/a><\/li>\n<li><a href=\"https:\/\/wp.ufpel.edu.br\/ppgz\/files\/2021\/01\/Histologia-e-ontogenese-do-Jundia-Rhamdia-quelen-Quoy-Gaimardi-1824-para-o-bem-estar-da-especie.pdf\" target=\"_blank\" rel=\"noopener noreferrer\">Histologia e ontog\u00eanese do Jundi\u00e1 (Rhamdia quelen Quoy &amp; Gaimardi 1824) para o bem-estar da esp\u00e9cie<\/a><\/li>\n<li><a href=\"https:\/\/wp.ufpel.edu.br\/ppgz\/files\/2021\/01\/Descricao-anatomohistologica-da-orelha-de-bovinos-de-corte-na-sensibilidade-auditiva-e-bem-estar-animal.pdf\" target=\"_blank\" rel=\"noopener noreferrer\">Descri\u00e7\u00e3o anatomohistol\u00f3gica da orelha de bovinos de corte na sensibilidade auditiva e bem-estar animal<\/a><\/li>\n<li><a href=\"https:\/\/wp.ufpel.edu.br\/ppgz\/files\/2021\/01\/Sustentabilidade-dos-sistemas-brasileiros-de-producao-em-pastagem-de-bovinos-de-corte.pdf\" target=\"_blank\" rel=\"noopener noreferrer\">Sustentabilidade dos sistemas brasileiros de produ\u00e7\u00e3o em pastagem de bovinos de corte<\/a><\/li>\n<li><a href=\"https:\/\/wp.ufpel.edu.br\/ppgz\/files\/2021\/01\/Breeding-Objectives-and-Economic-Indexes-for-Hereford-Braford-and-Aberdeen-Angus-cattle-raised-in-Southern-Brazil.pdf\" target=\"_blank\" rel=\"noopener noreferrer\">Breeding Objectives and Economic Indexes for Hereford, Braford and Aberdeen Angus cattle raised in Southern Brazil<\/a><\/li>\n<li><a href=\"https:\/\/wp.ufpel.edu.br\/ppgz\/files\/2021\/01\/Desempenho-produtivo-qualidade-dos-ovos-e-respostas-fisiologicas-de-poedeiras-comerciais-alojadas-em-gaiolas-enriquecidas-e-convencionais.pdf\" target=\"_blank\" rel=\"noopener noreferrer\">Desempenho produtivo, qualidade dos ovos e respostas fisiol\u00f3gicas de poedeiras comerciais alojadas em gaiolas enriquecidas e convencionais<\/a><\/li>\n<\/ol>\n","protected":false},"excerpt":{"rendered":"<p>Combina\u00e7\u00e3o de antioxidantes contendo algas na dieta de galos efeito sobre a qualidade do s\u00eamen Efeito do tempo e forma de acondicionamento de aves mortas na produ\u00e7\u00e3o e qualidade de farinhas e \u00f3leos utilizados na dieta de su\u00ednos Modelagem n\u00e3o-linear&#8230; <a class=\"more-link\" href=\"https:\/\/wp.ufpel.edu.br\/ppgz\/2018-2\">Continue lendo &rarr;<\/a><\/p>\n","protected":false},"author":809,"featured_media":0,"parent":0,"menu_order":0,"comment_status":"closed","ping_status":"closed","template":"","meta":{"footnotes":""},"class_list":["post-824","page","type-page","status-publish","hentry"],"_links":{"self":[{"href":"https:\/\/wp.ufpel.edu.br\/ppgz\/wp-json\/wp\/v2\/pages\/824","targetHints":{"allow":["GET"]}}],"collection":[{"href":"https:\/\/wp.ufpel.edu.br\/ppgz\/wp-json\/wp\/v2\/pages"}],"about":[{"href":"https:\/\/wp.ufpel.edu.br\/ppgz\/wp-json\/wp\/v2\/types\/page"}],"author":[{"embeddable":true,"href":"https:\/\/wp.ufpel.edu.br\/ppgz\/wp-json\/wp\/v2\/users\/809"}],"replies":[{"embeddable":true,"href":"https:\/\/wp.ufpel.edu.br\/ppgz\/wp-json\/wp\/v2\/comments?post=824"}],"version-history":[{"count":4,"href":"https:\/\/wp.ufpel.edu.br\/ppgz\/wp-json\/wp\/v2\/pages\/824\/revisions"}],"predecessor-version":[{"id":1067,"href":"https:\/\/wp.ufpel.edu.br\/ppgz\/wp-json\/wp\/v2\/pages\/824\/revisions\/1067"}],"wp:attachment":[{"href":"https:\/\/wp.ufpel.edu.br\/ppgz\/wp-json\/wp\/v2\/media?parent=824"}],"curies":[{"name":"wp","href":"https:\/\/api.w.org\/{rel}","templated":true}]}}