{"id":815,"date":"2021-01-12T13:02:27","date_gmt":"2021-01-12T16:02:27","guid":{"rendered":"https:\/\/wp.ufpel.edu.br\/ppgz\/?page_id=815"},"modified":"2023-11-27T08:42:01","modified_gmt":"2023-11-27T11:42:01","slug":"manual-para-elaboracao-de-trabalhos-academicos","status":"publish","type":"page","link":"https:\/\/wp.ufpel.edu.br\/ppgz\/manual-para-elaboracao-de-trabalhos-academicos","title":{"rendered":"Manual  para  elabora\u00e7\u00e3o  de Trabalhos Acad\u00eamicos"},"content":{"rendered":"<ul>\n<li><a href=\"https:\/\/wp.ufpel.edu.br\/ppgz\/files\/2023\/05\/Manual-de-Normas-UFPel.pdf\">Manual para elabora\u00e7\u00e3o de Trabalhos Acad\u00eamicos<\/a><\/li>\n<li><a href=\"https:\/\/wp.ufpel.edu.br\/ppgz\/files\/2023\/11\/Manual_2434450_Manual_Versao_Final_2__18_10_2023.pdf\">Manual de Normas UFPel para Trabalhos Acad\u00eamicos &#8211; obrigat\u00f3rio a partir de mar\u00e7o\/2024<\/a><\/li>\n<\/ul>\n","protected":false},"excerpt":{"rendered":"<p>Manual para elabora\u00e7\u00e3o de Trabalhos Acad\u00eamicos Manual de Normas UFPel para Trabalhos Acad\u00eamicos &#8211; obrigat\u00f3rio a partir de mar\u00e7o\/2024<\/p>\n","protected":false},"author":809,"featured_media":0,"parent":0,"menu_order":0,"comment_status":"closed","ping_status":"closed","template":"","meta":{"footnotes":""},"class_list":["post-815","page","type-page","status-publish","hentry"],"_links":{"self":[{"href":"https:\/\/wp.ufpel.edu.br\/ppgz\/wp-json\/wp\/v2\/pages\/815","targetHints":{"allow":["GET"]}}],"collection":[{"href":"https:\/\/wp.ufpel.edu.br\/ppgz\/wp-json\/wp\/v2\/pages"}],"about":[{"href":"https:\/\/wp.ufpel.edu.br\/ppgz\/wp-json\/wp\/v2\/types\/page"}],"author":[{"embeddable":true,"href":"https:\/\/wp.ufpel.edu.br\/ppgz\/wp-json\/wp\/v2\/users\/809"}],"replies":[{"embeddable":true,"href":"https:\/\/wp.ufpel.edu.br\/ppgz\/wp-json\/wp\/v2\/comments?post=815"}],"version-history":[{"count":4,"href":"https:\/\/wp.ufpel.edu.br\/ppgz\/wp-json\/wp\/v2\/pages\/815\/revisions"}],"predecessor-version":[{"id":2066,"href":"https:\/\/wp.ufpel.edu.br\/ppgz\/wp-json\/wp\/v2\/pages\/815\/revisions\/2066"}],"wp:attachment":[{"href":"https:\/\/wp.ufpel.edu.br\/ppgz\/wp-json\/wp\/v2\/media?parent=815"}],"curies":[{"name":"wp","href":"https:\/\/api.w.org\/{rel}","templated":true}]}}