{"id":783,"date":"2021-01-06T18:05:54","date_gmt":"2021-01-06T21:05:54","guid":{"rendered":"https:\/\/wp.ufpel.edu.br\/ppgz\/?page_id=783"},"modified":"2021-01-06T18:05:54","modified_gmt":"2021-01-06T21:05:54","slug":"2019-2","status":"publish","type":"page","link":"https:\/\/wp.ufpel.edu.br\/ppgz\/2019-2","title":{"rendered":"2019"},"content":{"rendered":"<ol>\n<li><a href=\"https:\/\/wp.ufpel.edu.br\/ppgz\/files\/2021\/01\/Aplicacao-de-inoculante-bacteriano-e-o-efeito-sobre-a-composicao-quimica-de-silagem-de-novas-cultivares-de-capim-elefante-e-desempenho-de-vacas-Jersey.pdf\" target=\"_blank\" rel=\"noopener noreferrer\">Aplica\u00e7\u00e3o de inoculante bacteriano e o efeito sobre a composi\u00e7\u00e3o qu\u00edmica de silagem de novas cultivares de capim-elefante e desempenho de vacas Jersey<\/a><\/li>\n<li><a href=\"https:\/\/wp.ufpel.edu.br\/ppgz\/files\/2021\/01\/Dinamica-produtiva-e-valor-nutritivo-de-Pannisentum-purpureum-Schumach-cv.-BRS-Kurumi-sob-diferentes-alturas-pre-e-pos-corte.pdf\" target=\"_blank\" rel=\"noopener noreferrer\">Din\u00e2mica produtiva e valor nutritivo de Pannisentum purpureum (Schumach) cv. BRS Kurumi sob diferentes alturas pr\u00e9 e p\u00f3s corte<\/a><\/li>\n<li><a href=\"https:\/\/wp.ufpel.edu.br\/ppgz\/files\/2021\/01\/Endogamia-e-caracterizacao-da-estrutura-populacional-da-raca-bovina-Shorthorn-e-ovina-Romney-Marsh.pdf\" target=\"_blank\" rel=\"noopener noreferrer\">Endogamia e caracteriza\u00e7\u00e3o da estrutura populacional da ra\u00e7a bovina Shorthorn e ovina Romney Marsh<\/a><\/li>\n<li><a href=\"https:\/\/wp.ufpel.edu.br\/ppgz\/files\/2021\/01\/Escores-visuais-para-aprumos-e-locomocao-caracteristicas-raciais-caracteristicas-sexuais-pigmentacao-ocular-e-tamanho-de-umbigo-nas-racas-Hereford-e-Braford-variabilidade-genetica-e-correlacoes.pdf\" target=\"_blank\" rel=\"noopener noreferrer\">Escores visuais para aprumos e locomo\u00e7\u00e3o, caracter\u00edsticas raciais, caracter\u00edsticas sexuais, pigmenta\u00e7\u00e3o ocular e tamanho de umbigo nas ra\u00e7as Hereford e Braford variabilidade gen\u00e9tica e correla\u00e7\u00f5es<\/a><\/li>\n<li><a href=\"https:\/\/wp.ufpel.edu.br\/ppgz\/files\/2021\/01\/Fechamento-das-fises-falangeanas-de-potros-da-raca-Crioula-mantidos-em-sistema-extensivo-de-criacao.pdf\" target=\"_blank\" rel=\"noopener noreferrer\">Fechamento das fises falangeanas de potros da ra\u00e7a Crioula mantidos em sistema extensivo de cria\u00e7\u00e3o<\/a><\/li>\n<li><a href=\"https:\/\/wp.ufpel.edu.br\/ppgz\/files\/2021\/01\/Inclusao-da-farinha-de-batata-doce-na-dieta-de-ovinos-modifica-o-consumo-e-a-digestibilidade.pdf\" target=\"_blank\" rel=\"noopener noreferrer\">Inclus\u00e3o da farinha de batata doce na dieta de ovinos modifica o consumo e a digestibilidade<\/a><\/li>\n<li><a href=\"https:\/\/wp.ufpel.edu.br\/ppgz\/files\/2021\/01\/Perfil-de-Ca-Cu-Zn-na-epiderma-de-casco-de-potros-da-raca-Crioula-criados-em-campo-nativo-em-diferentes-regioes-fisiograficas-no-estado-do-Rio-Grande-do-Sul.pdf\" target=\"_blank\" rel=\"noopener noreferrer\">Perfil de Ca, Cu, Zn na epiderma de casco de potros da ra\u00e7a Crioula criados em campo nativo em diferentes regi\u00f5es fisiogr\u00e1ficas no estado do Rio Grande do Sul<\/a><\/li>\n<li><a href=\"https:\/\/wp.ufpel.edu.br\/ppgz\/files\/2021\/01\/Recuperacao-do-Campo-Nativo-na-Zona-de-Amortecimento-do-Taim-em-Integracao-Lavoura-Pecuaria.pdf\" target=\"_blank\" rel=\"noopener noreferrer\">Recupera\u00e7\u00e3o do Campo Nativo na Zona de Amortecimento do Taim em Integra\u00e7\u00e3o Lavoura Pecu\u00e1ria<\/a><\/li>\n<li><a href=\"https:\/\/wp.ufpel.edu.br\/ppgz\/files\/2021\/01\/Simulacao-de-cenarios-produtivos-e-economicos-em-sistemas-de-recria-engorda-de-bovinos-de-corte.pdf\" target=\"_blank\" rel=\"noopener noreferrer\">Simula\u00e7\u00e3o de cen\u00e1rios produtivos e econ\u00f4micos em sistemas de recria-engorda de bovinos de corte<\/a><\/li>\n<li><a href=\"https:\/\/wp.ufpel.edu.br\/ppgz\/files\/2021\/01\/Uso-da-farinha-de-batata-doce-em-substituicao-ao-milho-como-concentrado-energetico-para-ruminantes.pdf\" target=\"_blank\" rel=\"noopener noreferrer\">Uso da farinha de batata doce em substitui\u00e7\u00e3o ao milho como concentrado energ\u00e9tico para ruminantes<\/a><\/li>\n<li><a href=\"https:\/\/wp.ufpel.edu.br\/ppgz\/files\/2021\/01\/Uso-de-bacteriofagos-como-alternativa-na-prevencao-de-diarreias-bacterianas-e-melhora-do-desempenho-zootecnicas-de-bezerras-leiteiras.pdf\" target=\"_blank\" rel=\"noopener noreferrer\">Uso de bacteri\u00f3fagos como alternativa na preven\u00e7\u00e3o de diarreias bacterianas e melhora do desempenho zoot\u00e9cnicas de bezerras leiteiras<\/a><\/li>\n<\/ol>\n","protected":false},"excerpt":{"rendered":"<p>Aplica\u00e7\u00e3o de inoculante bacteriano e o efeito sobre a composi\u00e7\u00e3o qu\u00edmica de silagem de novas cultivares de capim-elefante e desempenho de vacas Jersey Din\u00e2mica produtiva e valor nutritivo de Pannisentum purpureum (Schumach) cv. BRS Kurumi sob diferentes alturas pr\u00e9 e&#8230; <a class=\"more-link\" href=\"https:\/\/wp.ufpel.edu.br\/ppgz\/2019-2\">Continue lendo &rarr;<\/a><\/p>\n","protected":false},"author":809,"featured_media":0,"parent":0,"menu_order":0,"comment_status":"closed","ping_status":"closed","template":"","meta":{"footnotes":""},"class_list":["post-783","page","type-page","status-publish","hentry"],"_links":{"self":[{"href":"https:\/\/wp.ufpel.edu.br\/ppgz\/wp-json\/wp\/v2\/pages\/783","targetHints":{"allow":["GET"]}}],"collection":[{"href":"https:\/\/wp.ufpel.edu.br\/ppgz\/wp-json\/wp\/v2\/pages"}],"about":[{"href":"https:\/\/wp.ufpel.edu.br\/ppgz\/wp-json\/wp\/v2\/types\/page"}],"author":[{"embeddable":true,"href":"https:\/\/wp.ufpel.edu.br\/ppgz\/wp-json\/wp\/v2\/users\/809"}],"replies":[{"embeddable":true,"href":"https:\/\/wp.ufpel.edu.br\/ppgz\/wp-json\/wp\/v2\/comments?post=783"}],"version-history":[{"count":1,"href":"https:\/\/wp.ufpel.edu.br\/ppgz\/wp-json\/wp\/v2\/pages\/783\/revisions"}],"predecessor-version":[{"id":796,"href":"https:\/\/wp.ufpel.edu.br\/ppgz\/wp-json\/wp\/v2\/pages\/783\/revisions\/796"}],"wp:attachment":[{"href":"https:\/\/wp.ufpel.edu.br\/ppgz\/wp-json\/wp\/v2\/media?parent=783"}],"curies":[{"name":"wp","href":"https:\/\/api.w.org\/{rel}","templated":true}]}}