{"id":756,"date":"2021-01-06T10:50:40","date_gmt":"2021-01-06T13:50:40","guid":{"rendered":"https:\/\/wp.ufpel.edu.br\/ppgz\/?page_id=756"},"modified":"2025-08-01T08:07:57","modified_gmt":"2025-08-01T11:07:57","slug":"processo-seletivo","status":"publish","type":"page","link":"https:\/\/wp.ufpel.edu.br\/ppgz\/processo-seletivo","title":{"rendered":"Processo Seletivo"},"content":{"rendered":"<h5><strong style=\"font-size: 1.1em;\">SELE\u00c7\u00c3O DE ALUNOS MESTRADO E DOUTORADO EM ZOOTECNIA 2025\/2<\/strong><\/h5>\n<p><a href=\"https:\/\/wp.ufpel.edu.br\/ppgz\/files\/2025\/08\/Resultado-ingresso-em-2025-2.pdf\">Resultado ingresso em 2025-2<\/a><\/p>\n<p><a href=\"https:\/\/wp.ufpel.edu.br\/ppgz\/files\/2025\/07\/Banca-de-heteroidentificacao.pdf\">Banca de heteroidentifica\u00e7\u00e3o<\/a><\/p>\n<p><a href=\"https:\/\/wp.ufpel.edu.br\/ppgz\/files\/2025\/07\/Inscricoes-Homologadas.pdf\">Inscri\u00e7\u00f5es Homologadas<\/a><\/p>\n<p><a href=\"https:\/\/wp.ufpel.edu.br\/ppgz\/files\/2025\/07\/EDITAL-DE-RETIFICACAO-No-31.2025.pdf\">Edital de retifica\u00e7\u00e3o N\u00ba 31.2025<\/a><\/p>\n<p><a href=\"https:\/\/wp.ufpel.edu.br\/ppgz\/files\/2025\/07\/Edital-103.2025.pdf\">Edital 103.2025<\/a><\/p>\n<p><a href=\"https:\/\/wp.ufpel.edu.br\/ppgz\/files\/2025\/07\/Formulario-de-Inscricao-1-1.docx\">Formul\u00e1rio de Inscri\u00e7\u00e3o <\/a><\/p>\n<p><a href=\"https:\/\/wp.ufpel.edu.br\/ppgz\/files\/2023\/11\/Formulario-anteprojeto-de-dissertacao-ou-tese.docx\">Formul\u00e1rio anteprojeto de disserta\u00e7\u00e3o ou tese<\/a><\/p>\n<p><a href=\"https:\/\/wp.ufpel.edu.br\/ppgz\/files\/2023\/11\/Planilha-de-pontuacao-do-curriculo-discente-1-1.xlsx\">Planilha de pontua\u00e7\u00e3o do curr\u00edculo discente<\/a><\/p>\n<p><a href=\"https:\/\/wp.ufpel.edu.br\/ppgz\/files\/2024\/10\/Checklist-Inscricao-Selecao-2025-1-1.docx\">Checklist Inscricao Sele\u00e7\u00e3o 2025.2<\/a><\/p>\n<p><a href=\"https:\/\/wp.ufpel.edu.br\/ppgz\/files\/2024\/07\/2024___AUTODECLARACAO_ETNICO_RACIAL.pdf\">Autodeclara\u00e7\u00e3o \u00c9tnico-Racial<\/a><\/p>\n<p><a href=\"https:\/\/wp.ufpel.edu.br\/ppgz\/files\/2023\/04\/Autodeclaracao_de_Identidade_de_Genero.pdf\">Auto declara\u00e7\u00e3o de Identidade de G\u00eanero<\/a><\/p>\n<p><a href=\"https:\/\/wp.ufpel.edu.br\/ppgz\/files\/2023\/04\/Tutorial-para-combinar-arquivos-em-PDF.pdf\">Tutorial para combinar arquivos em PDF<\/a><\/p>\n<h5><strong>SELE\u00c7\u00c3O DE ALUNO PARA O PROGRAMA INSTITUCIONAL DE DOUTORADO SANDU\u00cdCHE NO EXTERIOR (PDSE) (01\/2025)<\/strong><\/h5>\n<p><a href=\"https:\/\/wp.ufpel.edu.br\/ppgz\/files\/2024\/12\/Resultado-Final-PDSE-2025.pdf\">Resultado Final PDSE 2025<\/a><\/p>\n<p><a href=\"https:\/\/wp.ufpel.edu.br\/ppgz\/files\/2024\/12\/Inscricoes-Homologados-PDSE-2025.pdf\">Inscri\u00e7\u00f5es Homologados PDSE 2025<\/a><\/p>\n<p><a href=\"https:\/\/wp.ufpel.edu.br\/ppgz\/files\/2024\/11\/SEI_2835851_Edital_de_selecao_PRPPG_188.pdf\">Edital PDSE n\u00ba 188\/2024<\/a><\/p>\n<p>&nbsp;<\/p>\n<h5><strong style=\"font-size: 1.1em;\">SELE\u00c7\u00c3O DE ALUNOS MESTRADO E DOUTORADO EM ZOOTECNIA 2025\/1<\/strong><\/h5>\n<p><a href=\"https:\/\/wp.ufpel.edu.br\/ppgz\/files\/2025\/01\/Resultado-Final-2025-1.pdf\">Resultado Final ingresso em 2025\/1<\/a><\/p>\n<p><a href=\"https:\/\/wp.ufpel.edu.br\/ppgz\/files\/2025\/01\/Resultado-Final-2025.1-preliminar.pdf\">Resultado Final Preliminar<\/a><\/p>\n<p style=\"line-height: 21.12px;\"><a href=\"https:\/\/wp.ufpel.edu.br\/ppgz\/files\/2024\/12\/SEI_2908741_Despacho.pdf\">Resultado banca Heteroidentifica\u00e7\u00e3o<\/a><\/p>\n<p><a href=\"https:\/\/wp.ufpel.edu.br\/ppgz\/files\/2024\/12\/SEI_2896189_Despacho.pdf\">Banca Heteroidentifica\u00e7\u00e3o para autodeclarados<\/a><\/p>\n<p><a href=\"https:\/\/wp.ufpel.edu.br\/ppgz\/files\/2024\/12\/Inscricoes-Homologados-apos-recurso.pdf\">Inscri\u00e7\u00f5es Homologados ap\u00f3s recursos<\/a><\/p>\n<p><a href=\"https:\/\/wp.ufpel.edu.br\/ppgz\/files\/2024\/12\/Inscricoes-Homologados.pdf\">Inscri\u00e7\u00f5es Homologadas<\/a><\/p>\n<p><a href=\"https:\/\/wp.ufpel.edu.br\/ppgz\/files\/2024\/11\/SEI_2862429_Edital_de_selecao_PRPPG_204.pdf\">Edital PPGZ 2025.1<\/a><\/p>\n<p><a href=\"https:\/\/wp.ufpel.edu.br\/ppgz\/files\/2023\/11\/Formulario-de-Inscricao.docx\">Formul\u00e1rio de Inscri\u00e7\u00e3o<\/a><\/p>\n<p><a href=\"https:\/\/wp.ufpel.edu.br\/ppgz\/files\/2023\/11\/Formulario-anteprojeto-de-dissertacao-ou-tese.docx\">Formul\u00e1rio anteprojeto de disserta\u00e7\u00e3o ou tese<\/a><\/p>\n<p><a href=\"https:\/\/wp.ufpel.edu.br\/ppgz\/files\/2023\/11\/Planilha-de-pontuacao-do-curriculo-discente-1-1.xlsx\">Planilha de pontua\u00e7\u00e3o do curr\u00edculo discente<\/a><\/p>\n<p><a href=\"https:\/\/wp.ufpel.edu.br\/ppgz\/files\/2024\/10\/Checklist-Inscricao-Selecao-2025-1-1.docx\">Checklist Inscricao Sele\u00e7\u00e3o 2025.1<\/a><\/p>\n<p><a href=\"https:\/\/wp.ufpel.edu.br\/ppgz\/files\/2024\/07\/2024___AUTODECLARACAO_ETNICO_RACIAL.pdf\">Autodeclara\u00e7\u00e3o \u00c9tnico-Racial<\/a><\/p>\n<p><a href=\"https:\/\/wp.ufpel.edu.br\/ppgz\/files\/2023\/04\/Autodeclaracao_de_Identidade_de_Genero.pdf\">Auto declara\u00e7\u00e3o de Identidade de G\u00eanero<\/a><\/p>\n<p><a href=\"https:\/\/wp.ufpel.edu.br\/ppgz\/files\/2023\/04\/Tutorial-para-combinar-arquivos-em-PDF.pdf\">Tutorial para combinar arquivos em PDF<\/a><\/p>\n<h3><\/h3>\n<h3>Sele\u00e7\u00f5es Anteriores: (Encerradas)<\/h3>\n<h5><strong style=\"font-size: 1.1em;\">SELE\u00c7\u00c3O DE ALUNOS DOUTORADO EM ZOOTECNIA 2024\/2<\/strong><\/h5>\n<p><a href=\"https:\/\/wp.ufpel.edu.br\/ppgz\/files\/2024\/08\/Resultado-final.pdf\">Resultado final<\/a><\/p>\n<p><a href=\"https:\/\/wp.ufpel.edu.br\/ppgz\/files\/2024\/08\/Inscricoes-Homologados.pdf\">Inscri\u00e7\u00f5es Homologadas<\/a><\/p>\n<p><a href=\"https:\/\/wp.ufpel.edu.br\/ppgz\/files\/2024\/07\/Edital-PPGZ-2024.2.pdf\">Edital PPGZ 2024.2<\/a><\/p>\n<p><a href=\"https:\/\/wp.ufpel.edu.br\/ppgz\/files\/2023\/11\/Formulario-de-Inscricao.docx\">Formul\u00e1rio de Inscri\u00e7\u00e3o<\/a><\/p>\n<p><a href=\"https:\/\/wp.ufpel.edu.br\/ppgz\/files\/2023\/11\/Formulario-anteprojeto-de-dissertacao-ou-tese.docx\">Formul\u00e1rio anteprojeto de disserta\u00e7\u00e3o ou tese<\/a><\/p>\n<p><a href=\"https:\/\/wp.ufpel.edu.br\/ppgz\/files\/2023\/11\/Planilha-de-pontuacao-do-curriculo-discente-1-1.xlsx\">Planilha de pontua\u00e7\u00e3o do curr\u00edculo discente<\/a><\/p>\n<p><a href=\"https:\/\/wp.ufpel.edu.br\/ppgz\/files\/2023\/11\/Checklist-Inscricao-Selecao-2024-1.docx\">Checklist Inscri\u00e7\u00e3o Sele\u00e7\u00e3o 2024.2<\/a><\/p>\n<p><a href=\"https:\/\/wp.ufpel.edu.br\/ppgz\/files\/2024\/07\/2024___AUTODECLARACAO_ETNICO_RACIAL.pdf\">Autodeclara\u00e7\u00e3o \u00c9tnico-Racial<\/a><\/p>\n<p><a href=\"https:\/\/wp.ufpel.edu.br\/ppgz\/files\/2023\/04\/Autodeclaracao_de_Identidade_de_Genero.pdf\">Auto declara\u00e7\u00e3o de Identidade de G\u00eanero<\/a><\/p>\n<p><a href=\"https:\/\/wp.ufpel.edu.br\/ppgz\/files\/2023\/04\/Tutorial-para-combinar-arquivos-em-PDF.pdf\">Tutorial para combinar arquivos em PDF<\/a><\/p>\n<h5><strong>SELE\u00c7\u00c3O DE ALUNO PARA O PROGRAMA INSTITUCIONAL DE DOUTORADO SANDU\u00cdCHE NO EXTERIOR (PDSE) (01\/2024)<\/strong><\/h5>\n<p><a href=\"https:\/\/wp.ufpel.edu.br\/ppgz\/files\/2024\/04\/Resultado-Final-2024-PDSE.pdf\">Resultado Final PDSE <\/a><a href=\"https:\/\/wp.ufpel.edu.br\/ppgz\/files\/2024\/04\/Resultado-Final-2024-PDSE.pdf\">2024<\/a><\/p>\n<p><a href=\"https:\/\/wp.ufpel.edu.br\/ppgz\/files\/2024\/04\/Inscricoes-Homologados-PDSE-2024.pdf\">Inscri\u00e7\u00f5es Homologadas PDSE 2024<\/a><\/p>\n<p><a href=\"https:\/\/wp.ufpel.edu.br\/ppgz\/files\/2024\/04\/Edital-no-72.2024.pdf\">Edital PDSE n\u00ba 72\/2024<\/a><\/p>\n<h5><strong style=\"font-size: 1.1em;\">SELE\u00c7\u00c3O DE ALUNOS DOUTORADO EM ZOOTECNIA 2024\/1<\/strong><\/h5>\n<p><a href=\"https:\/\/wp.ufpel.edu.br\/ppgz\/files\/2023\/12\/Resultado-Final-2024.1.pdf\">Resultado Final 2024.1<\/a><\/p>\n<p><a href=\"https:\/\/wp.ufpel.edu.br\/ppgz\/files\/2023\/12\/Inscricoes-Homologados.pdf\">Resultado de Homologa\u00e7\u00e3o das Inscri\u00e7\u00f5es<\/a><\/p>\n<p><a href=\"https:\/\/wp.ufpel.edu.br\/ppgz\/files\/2023\/12\/SEI_UFPel-2461695-Despacho.pdf\">Banca de Heteroidentifica\u00e7\u00e3o: confira aqui a data, hor\u00e1rio e local<\/a><\/p>\n<p><a href=\"https:\/\/wp.ufpel.edu.br\/ppgz\/files\/2023\/12\/SEI_UFPel-2457520-Edital-de-Retificacao-PRPPG.pdf\">Edital de Retifica\u00e7\u00e3o\u00a0<\/a><\/p>\n<p><a href=\"https:\/\/wp.ufpel.edu.br\/ppgz\/files\/2023\/11\/SEI_UFPel-2439791-Edital-de-selecao-PRPPG.pdf\">Edital de sele\u00e7\u00e3o PPGZ 2024.1<\/a><\/p>\n<p><a href=\"https:\/\/wp.ufpel.edu.br\/ppgz\/files\/2023\/11\/Formulario-de-Inscricao.docx\">Formul\u00e1rio de Inscri\u00e7\u00e3o<\/a><\/p>\n<p><a href=\"https:\/\/wp.ufpel.edu.br\/ppgz\/files\/2023\/11\/Formulario-anteprojeto-de-dissertacao-ou-tese.docx\">Formul\u00e1rio anteprojeto de disserta\u00e7\u00e3o ou tese<\/a><\/p>\n<p><a href=\"https:\/\/wp.ufpel.edu.br\/ppgz\/files\/2023\/11\/Planilha-de-pontuacao-do-curriculo-discente-1-1.xlsx\">Planilha de pontua\u00e7\u00e3o do curr\u00edculo discente<\/a><\/p>\n<p><a href=\"https:\/\/wp.ufpel.edu.br\/ppgz\/files\/2023\/11\/Checklist-Inscricao-Selecao-2024-1.docx\">Checklist Inscri\u00e7\u00e3o Sele\u00e7\u00e3o 2024.1<\/a><\/p>\n<p><a href=\"https:\/\/wp.ufpel.edu.br\/ppgz\/files\/2023\/04\/Declaracao-de-Etnia-editavel.docx\">Declara\u00e7\u00e3o de Etnia edit\u00e1vel<\/a><\/p>\n<p><a href=\"https:\/\/wp.ufpel.edu.br\/ppgz\/files\/2023\/04\/Autodeclaracao_de_Identidade_de_Genero.pdf\">Auto declara\u00e7\u00e3o de Identidade de G\u00eanero<\/a><\/p>\n<p><a href=\"https:\/\/wp.ufpel.edu.br\/ppgz\/files\/2023\/04\/Tutorial-para-combinar-arquivos-em-PDF.pdf\">Tutorial para combinar arquivos em PDF<\/a><\/p>\n<h5><strong>SELE\u00c7\u00c3O DE ALUNOS DOUTORADO EM ZOOTECNIA 2023\/2\u00a0<\/strong><\/h5>\n<p><a href=\"https:\/\/wp.ufpel.edu.br\/ppgz\/files\/2023\/04\/Edital-no-103-de-2023.pdf\"><strong>Edital de sele\u00e7\u00e3o PPGZ 2023.2<\/strong><\/a><\/p>\n<p><a href=\"https:\/\/wp.ufpel.edu.br\/ppgz\/files\/2023\/04\/Formulario-de-Inscricao.docx\">Formul\u00e1rio de Inscri\u00e7\u00e3o<\/a><\/p>\n<p><a href=\"https:\/\/wp.ufpel.edu.br\/ppgz\/files\/2023\/04\/Formulario-anteprojeto-de-dissertacao-ou-tese.docx\">Formul\u00e1rio Anteprojeto de Tese<\/a><\/p>\n<p><a href=\"https:\/\/wp.ufpel.edu.br\/ppgz\/files\/2023\/04\/Planilha-de-pontuacao-do-curriculo-discente.mod_.xls\">Planilha de pontua\u00e7\u00e3o do curr\u00edculo discente<\/a><\/p>\n<p><a href=\"https:\/\/wp.ufpel.edu.br\/ppgz\/files\/2023\/04\/Checklist-Inscricao-Selecao-2022-2-3-1-1.docx\">Checklist Inscri\u00e7\u00e3o Sele\u00e7\u00e3o 2023\/2<\/a><\/p>\n<p><a href=\"https:\/\/wp.ufpel.edu.br\/ppgz\/files\/2023\/04\/Declaracao-de-Etnia-editavel.docx\">Declara\u00e7\u00e3o de Etnia edit\u00e1vel<\/a><\/p>\n<p><a href=\"https:\/\/wp.ufpel.edu.br\/ppgz\/files\/2023\/04\/Autodeclaracao_de_Identidade_de_Genero.pdf\">Auto declara\u00e7\u00e3o de Identidade de G\u00eanero<\/a><\/p>\n<p><a href=\"https:\/\/wp.ufpel.edu.br\/ppgz\/files\/2023\/04\/Tutorial-para-combinar-arquivos-em-PDF.pdf\">Tutorial para combinar arquivos em PDF<\/a><\/p>\n<p><a href=\"https:\/\/wp.ufpel.edu.br\/ppgz\/files\/2023\/04\/Resultado-Homologacao-Inscricoes.pdf\">Resultado Homologa\u00e7\u00e3o Inscri\u00e7\u00f5es<\/a><\/p>\n<p><a href=\"https:\/\/wp.ufpel.edu.br\/ppgz\/files\/2023\/04\/Resultado-Final-2023.2.pdf\">Resultado Final 2023.2<\/a><\/p>\n<p>&nbsp;<\/p>\n<h5><strong>SELE\u00c7\u00c3O DE ALUNOS MESTRADO E DOUTORADO EM ZOOTECNIA 2023\/1\u00a0<\/strong><\/h5>\n<h5><a href=\"https:\/\/wp.ufpel.edu.br\/ppgz\/files\/2023\/02\/SEI_UFPel-2026292-Edital-de-selecao-PRPPG.pdf\">Edital de sele\u00e7\u00e3o PPGZ 2023.1<\/a><\/h5>\n<p><a href=\"https:\/\/wp.ufpel.edu.br\/ppgz\/files\/2021\/12\/Formulario-de-Inscricao.docx\" target=\"_blank\" rel=\"noopener\">Formul\u00e1rio-de-Inscri\u00e7\u00e3o<\/a><\/p>\n<p><a href=\"https:\/\/wp.ufpel.edu.br\/ppgz\/files\/2021\/12\/Formulario-anteprojeto-de-dissertacao-ou-tese.docx\" target=\"_blank\" rel=\"noopener\">Formul\u00e1rio anteprojeto de disserta\u00e7\u00e3o ou tese<\/a><\/p>\n<p><a href=\"https:\/\/wp.ufpel.edu.br\/ppgz\/files\/2021\/12\/Planilha-de-pontuacao-do-curriculo-discente.xlsx\" target=\"_blank\" rel=\"noopener\">Planilha-de-pontua\u00e7\u00e3o-do-curr\u00edculo-discente<\/a><\/p>\n<p><a href=\"https:\/\/wp.ufpel.edu.br\/ppgz\/files\/2023\/02\/Checklist-Inscricao-Selecao-2022-2-3-1.docx\">Checklist-Inscricao-Selecao-2023\/1<\/a><\/p>\n<p><a href=\"https:\/\/wp.ufpel.edu.br\/ppgz\/files\/2021\/12\/Declaracao-de-Etnia-editavel.docx\" target=\"_blank\" rel=\"noopener\">Declara\u00e7\u00e3o-de-Etnia-edit\u00e1vel<\/a><\/p>\n<p><a href=\"https:\/\/wp.ufpel.edu.br\/ppgz\/files\/2021\/12\/Autodeclaracao_de_Identidade_de_Genero.pdf\" target=\"_blank\" rel=\"noopener\">Autodeclaracao_de_Identidade_de_Genero<\/a><\/p>\n<p><a href=\"https:\/\/wp.ufpel.edu.br\/ppgz\/files\/2021\/12\/Tutorial-para-combinar-arquivos-em-PDF.pdf\" target=\"_blank\" rel=\"noopener\">Tutorial para combinar arquivos em PDF<\/a><\/p>\n<p><a href=\"https:\/\/wp.ufpel.edu.br\/ppgz\/files\/2023\/02\/Resultado-Homologacao-inscricoes-2.pdf\">Resultado Homologa\u00e7\u00e3o inscri\u00e7\u00f5es<\/a><\/p>\n<p><a href=\"https:\/\/wp.ufpel.edu.br\/ppgz\/files\/2023\/02\/Resultado-Final-selecao-2023.pdf\">Resultado Final <\/a><\/p>\n<p>&nbsp;<\/p>\n<p>&nbsp;<\/p>\n<h3><\/h3>\n<h5><strong>SELE\u00c7\u00c3O DE ALUNOS MESTRADO E DOUTORADO EM ZOOTECNIA 2022\/2<\/strong><\/h5>\n<h5><a href=\"https:\/\/wp.ufpel.edu.br\/ppgz\/files\/2022\/07\/SEI_UFPel-1782145-Edital-de-selecao-PPGZ-2022.2.pdf\">Edital de sele\u00e7\u00e3o PPGZ 2022.2<\/a><\/h5>\n<p><a href=\"https:\/\/wp.ufpel.edu.br\/ppgz\/files\/2021\/12\/Formulario-de-Inscricao.docx\" target=\"_blank\" rel=\"noopener\">Formul\u00e1rio-de-Inscri\u00e7\u00e3o<\/a><\/p>\n<p><a href=\"https:\/\/wp.ufpel.edu.br\/ppgz\/files\/2021\/12\/Formulario-anteprojeto-de-dissertacao-ou-tese.docx\" target=\"_blank\" rel=\"noopener\">Formul\u00e1rio anteprojeto de disserta\u00e7\u00e3o ou tese<\/a><\/p>\n<p><a href=\"https:\/\/wp.ufpel.edu.br\/ppgz\/files\/2021\/12\/Planilha-de-pontuacao-do-curriculo-discente.xlsx\" target=\"_blank\" rel=\"noopener\">Planilha-de-pontua\u00e7\u00e3o-do-curr\u00edculo-discente<\/a><\/p>\n<p><a href=\"https:\/\/wp.ufpel.edu.br\/ppgz\/files\/2022\/07\/Checklist-Inscricao-Selecao-2022-2.docx\">Checklist-Inscricao-Selecao-2022-2<\/a><\/p>\n<p><a href=\"https:\/\/wp.ufpel.edu.br\/ppgz\/files\/2021\/12\/Declaracao-de-Etnia-editavel.docx\" target=\"_blank\" rel=\"noopener\">Declara\u00e7\u00e3o-de-Etnia-edit\u00e1vel<\/a><\/p>\n<p><a href=\"https:\/\/wp.ufpel.edu.br\/ppgz\/files\/2021\/12\/Autodeclaracao_de_Identidade_de_Genero.pdf\" target=\"_blank\" rel=\"noopener\">Autodeclaracao_de_Identidade_de_Genero<\/a><\/p>\n<p><a href=\"https:\/\/wp.ufpel.edu.br\/ppgz\/files\/2021\/12\/Tutorial-para-combinar-arquivos-em-PDF.pdf\" target=\"_blank\" rel=\"noopener\">Tutorial para combinar arquivos em PDF<\/a><\/p>\n<p><a href=\"https:\/\/wp.ufpel.edu.br\/ppgz\/files\/2022\/08\/Resultado-Homologacao-inscricoes-1.pdf\">Resultado Homologa\u00e7\u00e3o inscri\u00e7\u00f5es <\/a><\/p>\n<p><a href=\"https:\/\/wp.ufpel.edu.br\/ppgz\/files\/2022\/08\/Resultado-Final.pdf\">Resultado Final <\/a><\/p>\n<p>&nbsp;<\/p>\n<h5><strong>Edital Extra de sele\u00e7\u00e3o Mestrado e Doutorado 2022\/1<\/strong><\/h5>\n<h5><a href=\"https:\/\/wp.ufpel.edu.br\/ppgz\/files\/2022\/04\/RESULTADO-FINAL.pdf\" target=\"_blank\" rel=\"noopener\">RESULTADO FINAL<\/a><\/h5>\n<h5><a href=\"https:\/\/wp.ufpel.edu.br\/ppgz\/files\/2022\/04\/Lista-de-inscricoes-homologadas-Edital-Extra-2022-1-apos-analise-dos-recursos.pdf\" target=\"_blank\" rel=\"noopener\">Lista de inscri\u00e7\u00f5es homologadas Edital Extra 2022-1 ap\u00f3s an\u00e1lise dos recursos<\/a><\/h5>\n<h5><a href=\"https:\/\/wp.ufpel.edu.br\/ppgz\/files\/2022\/04\/RETIFICACAO-lista-de-inscricoes-homologadas-e-nao-homologadas-Edital-Extra-2022-1.pdf\" target=\"_blank\" rel=\"noopener\">RETIFICA\u00c7\u00c3O &#8211; lista de inscri\u00e7\u00f5es homologadas e n\u00e3o homologadas Edital Extra 2022-1<\/a><\/h5>\n<h5 style=\"text-align: justify;\"><a href=\"https:\/\/wp.ufpel.edu.br\/ppgz\/files\/2022\/04\/lista-de-inscricoes-homologadas-e-nao-homologadas-Edital-Extra-2022-1.pdf\" target=\"_blank\" rel=\"noopener\">lista de inscri\u00e7\u00f5es homologadas e n\u00e3o homologadas Edital Extra 2022-1<\/a><\/h5>\n<p><a href=\"https:\/\/wp.ufpel.edu.br\/ppgz\/files\/2022\/04\/Acesse-aqui-o-Edital-EXTRA-de-selecao-PPGZ-2022-1.pdf\" target=\"_blank\" rel=\"noopener\">Acesse aqui o Edital EXTRA de sele\u00e7\u00e3o PPGZ 2022-1<\/a><\/p>\n<p><a href=\"https:\/\/wp.ufpel.edu.br\/ppgz\/files\/2021\/12\/Formulario-de-Inscricao.docx\" target=\"_blank\" rel=\"noopener\">Formul\u00e1rio-de-Inscri\u00e7\u00e3o<\/a><\/p>\n<p><a href=\"https:\/\/wp.ufpel.edu.br\/ppgz\/files\/2021\/12\/Formulario-anteprojeto-de-dissertacao-ou-tese.docx\" target=\"_blank\" rel=\"noopener\">Formul\u00e1rio anteprojeto de disserta\u00e7\u00e3o ou tese<\/a><\/p>\n<p><a href=\"https:\/\/wp.ufpel.edu.br\/ppgz\/files\/2021\/12\/Planilha-de-pontuacao-do-curriculo-discente.xlsx\" target=\"_blank\" rel=\"noopener\">Planilha-de-pontua\u00e7\u00e3o-do-curr\u00edculo-discente<\/a><\/p>\n<p><a href=\"https:\/\/wp.ufpel.edu.br\/ppgz\/files\/2021\/12\/Declaracao-de-Etnia-editavel.docx\" target=\"_blank\" rel=\"noopener\">Declara\u00e7\u00e3o-de-Etnia-edit\u00e1vel<\/a><\/p>\n<p><a href=\"https:\/\/wp.ufpel.edu.br\/ppgz\/files\/2021\/12\/Autodeclaracao_de_Identidade_de_Genero.pdf\" target=\"_blank\" rel=\"noopener\">Autodeclaracao_de_Identidade_de_Genero<\/a><\/p>\n<p><a href=\"https:\/\/wp.ufpel.edu.br\/ppgz\/files\/2021\/12\/Tutorial-para-combinar-arquivos-em-PDF.pdf\" target=\"_blank\" rel=\"noopener\">Tutorial para combinar arquivos em PDF<\/a><\/p>\n<p><a href=\"https:\/\/wp.ufpel.edu.br\/ppgz\/files\/2022\/04\/Checklist-Inscricao-Selecao-2022-1.docx\" target=\"_blank\" rel=\"noopener\">Checklist-Inscricao-Selecao-2022-1<\/a><\/p>\n<h1><\/h1>\n<h4><strong>SELE\u00c7\u00c3O DE ALUNOS MESTRADO E DOUTORADO EM ZOOTECNIA 2022\/1<\/strong><\/h4>\n<h4><a href=\"https:\/\/wp.ufpel.edu.br\/ppgz\/files\/2022\/02\/RESULTADOS-FINAIS-Ingresso-2022-1.pdf\" target=\"_blank\" rel=\"noopener\">RESULTADOS FINAIS Ingresso 2022-1<\/a><\/h4>\n<h5><a href=\"https:\/\/wp.ufpel.edu.br\/ppgz\/files\/2022\/02\/lista-de-inscricoes-Nao-homologadas-2022-1-apos-Recursos.pdf\" target=\"_blank\" rel=\"noopener\">lista de inscri\u00e7\u00f5es N\u00e3o homologadas 2022-1 ap\u00f3s Recursos<\/a><\/h5>\n<h5><a href=\"https:\/\/wp.ufpel.edu.br\/ppgz\/files\/2022\/02\/Lista-de-inscricoes-homologadas-2022-1.pdf\" target=\"_blank\" rel=\"noopener\">Lista de inscri\u00e7\u00f5es homologadas 2022-1<\/a><\/h5>\n<h5><a href=\"https:\/\/wp.ufpel.edu.br\/ppgz\/files\/2021\/12\/Acesse-aqui-o-Edital.pdf\" target=\"_blank\" rel=\"noopener\">Acesse aqui o Edital<\/a><\/h5>\n<p><a href=\"https:\/\/wp.ufpel.edu.br\/ppgz\/files\/2021\/12\/Formulario-de-Inscricao.docx\" target=\"_blank\" rel=\"noopener\">Formul\u00e1rio-de-Inscri\u00e7\u00e3o<\/a><\/p>\n<p><a href=\"https:\/\/wp.ufpel.edu.br\/ppgz\/files\/2021\/12\/Formulario-anteprojeto-de-dissertacao-ou-tese.docx\" target=\"_blank\" rel=\"noopener\">Formul\u00e1rio anteprojeto de disserta\u00e7\u00e3o ou tese<\/a><\/p>\n<p><a href=\"https:\/\/wp.ufpel.edu.br\/ppgz\/files\/2021\/12\/Planilha-de-pontuacao-do-curriculo-discente.xlsx\" target=\"_blank\" rel=\"noopener\">Planilha-de-pontua\u00e7\u00e3o-do-curr\u00edculo-discente<\/a><\/p>\n<p><a href=\"https:\/\/wp.ufpel.edu.br\/ppgz\/files\/2021\/12\/Checklist-Inscricao-Selecao-2022-1.docx\" target=\"_blank\" rel=\"noopener\">Checklist-Inscricao-Selecao-2022-1<\/a><\/p>\n<p><a href=\"https:\/\/wp.ufpel.edu.br\/ppgz\/files\/2021\/12\/Declaracao-de-Etnia-editavel.docx\" target=\"_blank\" rel=\"noopener\">Declara\u00e7\u00e3o-de-Etnia-edit\u00e1vel<\/a><\/p>\n<p><a href=\"https:\/\/wp.ufpel.edu.br\/ppgz\/files\/2021\/12\/Autodeclaracao_de_Identidade_de_Genero.pdf\" target=\"_blank\" rel=\"noopener\">Autodeclaracao_de_Identidade_de_Genero<\/a><\/p>\n<p><a href=\"https:\/\/wp.ufpel.edu.br\/ppgz\/files\/2021\/12\/Tutorial-para-combinar-arquivos-em-PDF.pdf\" target=\"_blank\" rel=\"noopener\">Tutorial para combinar arquivos em PDF<\/a><\/p>\n<p>&nbsp;<\/p>\n<p>&nbsp;<\/p>\n<p>xxxxxxxxxxxxxxxxxxxxxxxxxxxxxxxxxxxxxxxxxxxxxxxxxxxxxxxxxxxxxxxxxxxxxxxxxxxxxxxxxxxxxxxxx<\/p>\n<p>&nbsp;<\/p>\n<p><strong>EDITAL EXTRA DE SELE\u00c7\u00c3O MESTRADO E DOUTORADO EM ZOOTECNIA 2021\/2<\/strong><\/p>\n<p><strong>INSCRI\u00c7\u00d5ES ABERTAS (de 21 de setembro a 01 de outubro de 2021)<\/strong><\/p>\n<p>&nbsp;<\/p>\n<p><a href=\"https:\/\/wp.ufpel.edu.br\/ppgz\/files\/2021\/10\/RESULTADOS-FINAIS.pdf\" target=\"_blank\" rel=\"noopener\">RESULTADOS FINAIS<\/a><\/p>\n<p><a href=\"https:\/\/wp.ufpel.edu.br\/ppgz\/files\/2021\/10\/LISTA-DE-INSCRICOES-HOMOLOGADAS.pdf\" target=\"_blank\" rel=\"noopener\">LISTA DE INSCRI\u00c7\u00d5ES HOMOLOGADAS<\/a><\/p>\n<p>&nbsp;<\/p>\n<p><a href=\"https:\/\/wp.ufpel.edu.br\/ppgz\/files\/2021\/09\/Edital-Extra-de-Selecao-Mestrado-e-Doutorado-em-Zootecnia-1.pdf\" target=\"_blank\" rel=\"noopener\">Edital Extra de Sele\u00e7\u00e3o Mestrado e Doutorado em Zootecnia<\/a><\/p>\n<p><a href=\"https:\/\/wp.ufpel.edu.br\/ppgz\/files\/2021\/09\/Formulario-de-Inscricao.docx\">Formul\u00e1rio-de-Inscri\u00e7\u00e3o<\/a><\/p>\n<p><a href=\"https:\/\/wp.ufpel.edu.br\/ppgz\/files\/2021\/06\/Formulario-anteprojeto-de-dissertacao-ou-tese-1.docx\" target=\"_blank\" rel=\"noopener\">Formul\u00e1rio anteprojeto de disserta\u00e7\u00e3o ou tese<\/a><\/p>\n<p><a href=\"https:\/\/wp.ufpel.edu.br\/ppgz\/files\/2021\/06\/Planilha-de-pontuacao-do-curriculo-discente.xlsx\" target=\"_blank\" rel=\"noopener\">Planilha-de-pontua\u00e7\u00e3o-do-curr\u00edculo-discente<\/a><\/p>\n<p><a href=\"https:\/\/wp.ufpel.edu.br\/ppgz\/files\/2021\/09\/Checklist-Inscricao-Selecao-2021-2-Bloqueado.docx\">Checklist-Inscricao-Selecao-2021-2 <\/a><\/p>\n<p><a href=\"https:\/\/wp.ufpel.edu.br\/ppgz\/files\/2021\/06\/Declaracao-de-Etnia-editavel.docx\" target=\"_blank\" rel=\"noopener\">Declara\u00e7\u00e3o-de-Etnia-edit\u00e1vel<\/a><\/p>\n<p><a href=\"https:\/\/wp.ufpel.edu.br\/ppgz\/files\/2021\/06\/Autodeclaracao_de_Identidade_de_Genero.pdf\" target=\"_blank\" rel=\"noopener\">Autodeclaracao_de_Identidade_de_Genero<\/a><\/p>\n<p><a href=\"https:\/\/wp.ufpel.edu.br\/ppgz\/files\/2021\/06\/Tutorial-para-combinar-arquivos-em-PDF.pdf\" target=\"_blank\" rel=\"noopener\">ANEXO I Tutorial para combinar arquivos em PDF<\/a><\/p>\n<p>&nbsp;<\/p>\n<p>&nbsp;<\/p>\n<p>Per\u00edodo de inscri\u00e7\u00f5es edital de sele\u00e7\u00e3o 2021\/2 (<strong> de 24 de junho a 21 de julho de 2021<\/strong>)<\/p>\n<p><a href=\"https:\/\/wp.ufpel.edu.br\/ppgz\/files\/2021\/08\/RESULTADOS-FINAIS.pdf\" target=\"_blank\" rel=\"noopener\">RESULTADOS FINAIS<\/a><\/p>\n<p><a href=\"https:\/\/wp.ufpel.edu.br\/ppgz\/files\/2021\/07\/INSCRICOES-HOMOLOGADAS.pdf\" target=\"_blank\" rel=\"noopener\">INSCRI\u00c7\u00d5ES HOMOLOGADAS<\/a><\/p>\n<p><a href=\"https:\/\/wp.ufpel.edu.br\/ppgz\/files\/2021\/06\/SEI_UFPel-1338005-Edital-de-selecao-PRPPGI.pdf\" target=\"_blank\" rel=\"noopener\">Edital de sele\u00e7\u00e3o PRPPGI<\/a><\/p>\n<p><a href=\"https:\/\/wp.ufpel.edu.br\/ppgz\/files\/2021\/06\/Formulario-de-Inscricao.docx\" target=\"_blank\" rel=\"noopener\">Formul\u00e1rio-de-Inscri\u00e7\u00e3o<\/a><\/p>\n<p><a href=\"https:\/\/wp.ufpel.edu.br\/ppgz\/files\/2021\/06\/Formulario-anteprojeto-de-dissertacao-ou-tese-1.docx\" target=\"_blank\" rel=\"noopener\">Formul\u00e1rio anteprojeto de disserta\u00e7\u00e3o ou tese<\/a><\/p>\n<p><a href=\"https:\/\/wp.ufpel.edu.br\/ppgz\/files\/2021\/06\/Planilha-de-pontuacao-do-curriculo-discente.xlsx\" target=\"_blank\" rel=\"noopener\">Planilha-de-pontua\u00e7\u00e3o-do-curr\u00edculo-discente<\/a><\/p>\n<p><a href=\"https:\/\/wp.ufpel.edu.br\/ppgz\/files\/2021\/06\/Checklist-Inscricao-Selecao-2021-2-Bloqueado.docx\" target=\"_blank\" rel=\"noopener\">Checklist-Inscricao-Selecao-2021-2<\/a><\/p>\n<p><a href=\"https:\/\/wp.ufpel.edu.br\/ppgz\/files\/2021\/06\/Declaracao-de-Etnia-editavel.docx\" target=\"_blank\" rel=\"noopener\">Declara\u00e7\u00e3o-de-Etnia-edit\u00e1vel<\/a><\/p>\n<p><a href=\"https:\/\/wp.ufpel.edu.br\/ppgz\/files\/2021\/06\/Autodeclaracao_de_Identidade_de_Genero.pdf\" target=\"_blank\" rel=\"noopener\">Autodeclaracao_de_Identidade_de_Genero<\/a><\/p>\n<p><a href=\"https:\/\/wp.ufpel.edu.br\/ppgz\/files\/2021\/06\/Tutorial-para-combinar-arquivos-em-PDF.pdf\" target=\"_blank\" rel=\"noopener\">ANEXO I Tutorial para combinar arquivos em PDF<\/a><\/p>\n","protected":false},"excerpt":{"rendered":"<p>SELE\u00c7\u00c3O DE ALUNOS MESTRADO E DOUTORADO EM ZOOTECNIA 2025\/2 Resultado ingresso em 2025-2 Banca de heteroidentifica\u00e7\u00e3o Inscri\u00e7\u00f5es Homologadas Edital de retifica\u00e7\u00e3o N\u00ba 31.2025 Edital 103.2025 Formul\u00e1rio de Inscri\u00e7\u00e3o Formul\u00e1rio anteprojeto de disserta\u00e7\u00e3o ou tese Planilha de pontua\u00e7\u00e3o do curr\u00edculo discente&#8230; <a class=\"more-link\" href=\"https:\/\/wp.ufpel.edu.br\/ppgz\/processo-seletivo\">Continue lendo &rarr;<\/a><\/p>\n","protected":false},"author":809,"featured_media":0,"parent":0,"menu_order":0,"comment_status":"closed","ping_status":"closed","template":"","meta":{"footnotes":""},"class_list":["post-756","page","type-page","status-publish","hentry"],"_links":{"self":[{"href":"https:\/\/wp.ufpel.edu.br\/ppgz\/wp-json\/wp\/v2\/pages\/756","targetHints":{"allow":["GET"]}}],"collection":[{"href":"https:\/\/wp.ufpel.edu.br\/ppgz\/wp-json\/wp\/v2\/pages"}],"about":[{"href":"https:\/\/wp.ufpel.edu.br\/ppgz\/wp-json\/wp\/v2\/types\/page"}],"author":[{"embeddable":true,"href":"https:\/\/wp.ufpel.edu.br\/ppgz\/wp-json\/wp\/v2\/users\/809"}],"replies":[{"embeddable":true,"href":"https:\/\/wp.ufpel.edu.br\/ppgz\/wp-json\/wp\/v2\/comments?post=756"}],"version-history":[{"count":113,"href":"https:\/\/wp.ufpel.edu.br\/ppgz\/wp-json\/wp\/v2\/pages\/756\/revisions"}],"predecessor-version":[{"id":2517,"href":"https:\/\/wp.ufpel.edu.br\/ppgz\/wp-json\/wp\/v2\/pages\/756\/revisions\/2517"}],"wp:attachment":[{"href":"https:\/\/wp.ufpel.edu.br\/ppgz\/wp-json\/wp\/v2\/media?parent=756"}],"curies":[{"name":"wp","href":"https:\/\/api.w.org\/{rel}","templated":true}]}}