{"id":752,"date":"2021-01-06T10:41:22","date_gmt":"2021-01-06T13:41:22","guid":{"rendered":"https:\/\/wp.ufpel.edu.br\/ppgz\/?page_id=752"},"modified":"2021-09-15T17:44:40","modified_gmt":"2021-09-15T20:44:40","slug":"2020-2","status":"publish","type":"page","link":"https:\/\/wp.ufpel.edu.br\/ppgz\/2020-2","title":{"rendered":"2019"},"content":{"rendered":"<ol>\n<li><a href=\"https:\/\/wp.ufpel.edu.br\/ppgz\/files\/2021\/01\/Diferencas-entre-racas-e-heterose-no-crescimento-eficiencia-alimentar-e-carcaca-de-bovinos-de-corte-puros-e-cruzados-no-sul-do-Brasil.pdf\" target=\"_blank\" rel=\"noopener noreferrer\">Diferen\u00e7as entre ra\u00e7as e heterose no crescimento, efici\u00eancia alimentar e carca\u00e7a de bovinos de corte puros e cruzados no sul do Brasil<\/a><\/li>\n<li><a href=\"https:\/\/wp.ufpel.edu.br\/ppgz\/files\/2021\/01\/Efeitos-de-diferentes-niveis-de-fitase-e-densidades-energeticas-em-dietas-de-frangos-de-corte-sobre-o-desempenho-e-composicao-da-tibia-na-fase-de-28-a-35-dias-de-idade.pdf\" target=\"_blank\" rel=\"noopener noreferrer\">Efeitos de diferentes n\u00edveis de fitase e densidades energ\u00e9ticas em dietas de frangos de corte sobre o desempenho e composi\u00e7\u00e3o da t\u00edbia, na fase de 28 a 35 dias de idade<\/a><\/li>\n<li><a href=\"https:\/\/wp.ufpel.edu.br\/ppgz\/files\/2021\/01\/Relacao-entre-desenvolvimento-e-medidas-morfometricas-de-bezerros-oriundos-de-cruzamento-alternado-continuo-das-racas-Charoles-e-Nelore.pdf\" target=\"_blank\" rel=\"noopener noreferrer\">Rela\u00e7\u00e3o entre desenvolvimento e medidas morfom\u00e9tricas de bezerros oriundos de cruzamento alternado cont\u00ednuo das ra\u00e7as Charol\u00eas e Nelore<\/a><\/li>\n<li><a href=\"https:\/\/wp.ufpel.edu.br\/ppgz\/files\/2021\/01\/Sistemas-de-cruzamento-de-vacas-de-corte-envolvendo-as-racas-Angus-Hereford-Nelore-e-Caracu-Crescimento-eficiencia-produtiva-reprodutiva-qualidade-da-carne-e-avaliacao-bioeconomica.pdf\" target=\"_blank\" rel=\"noopener noreferrer\">Sistemas de cruzamento de vacas de corte envolvendo as ra\u00e7as Angus, Hereford, Nelore e Caracu Crescimento, efici\u00eancia produtiva, reprodutiva, qualidade da carne e avalia\u00e7\u00e3o bioecon\u00f4mica<\/a><\/li>\n<li><a href=\"https:\/\/wp.ufpel.edu.br\/ppgz\/files\/2021\/01\/Temperatura-interna-e-desempenho-reprodutivo-em-novilhas-e-vacas-de-corte-com-cria-ao-pe-suplementadas-com-metionina-protegida.pdf\" target=\"_blank\" rel=\"noopener noreferrer\">Temperatura interna e desempenho reprodutivo em novilhas e vacas de corte com cria ao p\u00e9 suplementadas com metionina protegida<\/a><\/li>\n<li><a href=\"https:\/\/wp.ufpel.edu.br\/ppgz\/files\/2021\/09\/Farinha-de-matrizes-suinas-mortas-por-causas-nao-infecciosas-na-nutricao-de-frangos-de-corte-e-aminas-biogenicas-como-indicadores-de-qualidade.pdf\" target=\"_blank\" rel=\"noopener\">Farinha de matrizes su\u00ednas mortas por causas n\u00e3o infecciosas na nutri\u00e7\u00e3o de frangos de corte e aminas biog\u00eanicas como indicadores de qualidade<\/a><\/li>\n<li><a href=\"https:\/\/wp.ufpel.edu.br\/ppgz\/files\/2021\/09\/Potencial-produtivo-qualidade-de-ovos-caracteristicas-de-carcaca-e-ossea-da-poedeira-embrapa-051-submetida-a-diferentes-arracoamentos-e-alojadas-em-sistema-alternativo.pdf\" target=\"_blank\" rel=\"noopener\">Potencial produtivo, qualidade de ovos, caracter\u00edsticas de carca\u00e7a e \u00f3ssea da poedeira embrapa 051 submetida a diferentes arra\u00e7oamentos e alojadas em sistema alternativo<\/a><\/li>\n<\/ol>\n","protected":false},"excerpt":{"rendered":"<p>Diferen\u00e7as entre ra\u00e7as e heterose no crescimento, efici\u00eancia alimentar e carca\u00e7a de bovinos de corte puros e cruzados no sul do Brasil Efeitos de diferentes n\u00edveis de fitase e densidades energ\u00e9ticas em dietas de frangos de corte sobre o desempenho&#8230; <a class=\"more-link\" href=\"https:\/\/wp.ufpel.edu.br\/ppgz\/2020-2\">Continue lendo &rarr;<\/a><\/p>\n","protected":false},"author":809,"featured_media":0,"parent":0,"menu_order":0,"comment_status":"closed","ping_status":"closed","template":"","meta":{"footnotes":""},"class_list":["post-752","page","type-page","status-publish","hentry"],"_links":{"self":[{"href":"https:\/\/wp.ufpel.edu.br\/ppgz\/wp-json\/wp\/v2\/pages\/752","targetHints":{"allow":["GET"]}}],"collection":[{"href":"https:\/\/wp.ufpel.edu.br\/ppgz\/wp-json\/wp\/v2\/pages"}],"about":[{"href":"https:\/\/wp.ufpel.edu.br\/ppgz\/wp-json\/wp\/v2\/types\/page"}],"author":[{"embeddable":true,"href":"https:\/\/wp.ufpel.edu.br\/ppgz\/wp-json\/wp\/v2\/users\/809"}],"replies":[{"embeddable":true,"href":"https:\/\/wp.ufpel.edu.br\/ppgz\/wp-json\/wp\/v2\/comments?post=752"}],"version-history":[{"count":7,"href":"https:\/\/wp.ufpel.edu.br\/ppgz\/wp-json\/wp\/v2\/pages\/752\/revisions"}],"predecessor-version":[{"id":1720,"href":"https:\/\/wp.ufpel.edu.br\/ppgz\/wp-json\/wp\/v2\/pages\/752\/revisions\/1720"}],"wp:attachment":[{"href":"https:\/\/wp.ufpel.edu.br\/ppgz\/wp-json\/wp\/v2\/media?parent=752"}],"curies":[{"name":"wp","href":"https:\/\/api.w.org\/{rel}","templated":true}]}}