{"id":703,"date":"2020-12-25T07:28:26","date_gmt":"2020-12-25T10:28:26","guid":{"rendered":"https:\/\/wp.ufpel.edu.br\/ppgz\/?page_id=703"},"modified":"2026-02-23T15:06:11","modified_gmt":"2026-02-23T18:06:11","slug":"matriz-curricular-mestrado","status":"publish","type":"page","link":"https:\/\/wp.ufpel.edu.br\/ppgz\/matriz-curricular-mestrado","title":{"rendered":"Matriz Curricular Mestrado"},"content":{"rendered":"<h4>Disciplinas obrigat\u00f3rias para o Mestrado:<\/h4>\n<ol>\n<li><strong>Fun\u00e7\u00f5es Biol\u00f3gicas<\/strong><\/li>\n<li><strong>T\u00e9cnicas Experimentais em Produ\u00e7\u00e3o Animal<\/strong><\/li>\n<li><strong>Semin\u00e1rios I<\/strong><\/li>\n<li><strong>Bioqu\u00edmica<\/strong><\/li>\n<\/ol>\n<p>matriz curricular geral no link abaixo:<\/p>\n<p><a href=\"https:\/\/institucional.ufpel.edu.br\/cursos\/cod\/8090\">https:\/\/institucional.ufpel.edu.br\/cursos\/cod\/8090<\/a><\/p>\n","protected":false},"excerpt":{"rendered":"<p>Disciplinas obrigat\u00f3rias para o Mestrado: Fun\u00e7\u00f5es Biol\u00f3gicas T\u00e9cnicas Experimentais em Produ\u00e7\u00e3o Animal Semin\u00e1rios I Bioqu\u00edmica matriz curricular geral no link abaixo: https:\/\/institucional.ufpel.edu.br\/cursos\/cod\/8090<\/p>\n","protected":false},"author":809,"featured_media":0,"parent":0,"menu_order":0,"comment_status":"closed","ping_status":"closed","template":"","meta":{"footnotes":""},"class_list":["post-703","page","type-page","status-publish","hentry"],"_links":{"self":[{"href":"https:\/\/wp.ufpel.edu.br\/ppgz\/wp-json\/wp\/v2\/pages\/703","targetHints":{"allow":["GET"]}}],"collection":[{"href":"https:\/\/wp.ufpel.edu.br\/ppgz\/wp-json\/wp\/v2\/pages"}],"about":[{"href":"https:\/\/wp.ufpel.edu.br\/ppgz\/wp-json\/wp\/v2\/types\/page"}],"author":[{"embeddable":true,"href":"https:\/\/wp.ufpel.edu.br\/ppgz\/wp-json\/wp\/v2\/users\/809"}],"replies":[{"embeddable":true,"href":"https:\/\/wp.ufpel.edu.br\/ppgz\/wp-json\/wp\/v2\/comments?post=703"}],"version-history":[{"count":3,"href":"https:\/\/wp.ufpel.edu.br\/ppgz\/wp-json\/wp\/v2\/pages\/703\/revisions"}],"predecessor-version":[{"id":2598,"href":"https:\/\/wp.ufpel.edu.br\/ppgz\/wp-json\/wp\/v2\/pages\/703\/revisions\/2598"}],"wp:attachment":[{"href":"https:\/\/wp.ufpel.edu.br\/ppgz\/wp-json\/wp\/v2\/media?parent=703"}],"curies":[{"name":"wp","href":"https:\/\/api.w.org\/{rel}","templated":true}]}}