{"id":681,"date":"2020-12-24T09:59:37","date_gmt":"2020-12-24T12:59:37","guid":{"rendered":"https:\/\/wp.ufpel.edu.br\/ppgz\/?page_id=681"},"modified":"2025-01-22T16:16:01","modified_gmt":"2025-01-22T19:16:01","slug":"colegiado","status":"publish","type":"page","link":"https:\/\/wp.ufpel.edu.br\/ppgz\/colegiado","title":{"rendered":"Coordena\u00e7\u00e3o"},"content":{"rendered":"<ul>\n<li>Coordenador:<ul class=\"wpipessoa-lista\"><li class=\"wpipessoa-post clearfix\"><div class=\"wpipessoa-info\"><div class=\"wpipessoa-nome\"><a href=\"https:\/\/wp.ufpel.edu.br\/ppgz\/arquivos\/pessoas\/carla-joice-harter\">Carla Joice H\u00e4rter<\/a><\/div><\/div><\/li><\/ul><\/li>\n<li>Coordenador Adjunto:<ul class=\"wpipessoa-lista\"><li class=\"wpipessoa-post clearfix\"><div class=\"wpipessoa-info\"><div class=\"wpipessoa-nome\"><a href=\"https:\/\/wp.ufpel.edu.br\/ppgz\/arquivos\/pessoas\/cassio-cassal-brauner\">C\u00e1ssio Cassal Brauner<\/a><\/div><\/div><\/li><\/ul><\/li>\n<\/ul>\n<h2>Membros do Colegiado:<\/h2>\n<ul>\n<li>Representante do Departamento de Zootecnia:<ul class=\"wpipessoa-lista\"><li class=\"wpipessoa-post clearfix\"><div class=\"wpipessoa-info\"><div class=\"wpipessoa-nome\"><a href=\"https:\/\/wp.ufpel.edu.br\/ppgz\/arquivos\/pessoas\/rafael-aldrighi-tavares\">Rafael Aldrighi Tavares<\/a><\/div><\/div><\/li><\/ul><\/li>\n<li>Representante da \u00e1rea de Nutri\u00e7\u00e3o Animal:<ul class=\"wpipessoa-lista\"><li class=\"wpipessoa-post clearfix\"><div class=\"wpipessoa-info\"><div class=\"wpipessoa-nome\"><a href=\"https:\/\/wp.ufpel.edu.br\/ppgz\/arquivos\/pessoas\/eduardo-goncalves-xavier\">Eduardo Gon\u00e7alves Xavier<\/a><\/div><\/div><\/li><\/ul><\/li>\n<li>Representante dos Institutos B\u00e1sicos:<ul class=\"wpipessoa-lista\"><li class=\"wpipessoa-post clearfix\"><div class=\"wpipessoa-info\"><div class=\"wpipessoa-nome\"><a href=\"https:\/\/wp.ufpel.edu.br\/ppgz\/arquivos\/pessoas\/francisco-augusto-burkert-del-pino\">Francisco Augusto Burkert Del Pino<\/a><\/div><\/div><\/li><\/ul><\/li>\n<li>Representante da \u00e1rea de Pastagens:<ul class=\"wpipessoa-lista\"><li class=\"wpipessoa-post clearfix\"><div class=\"wpipessoa-info\"><div class=\"wpipessoa-nome\"><a href=\"https:\/\/wp.ufpel.edu.br\/ppgz\/arquivos\/pessoas\/otoniel-geter-lauz-ferreira\">Otoniel Geter Lauz Ferreira<\/a><\/div><\/div><\/li><\/ul><\/li>\n<li>Representante da \u00e1rea de Produ\u00e7\u00e3o Animal:<ul class=\"wpipessoa-lista\"><li class=\"wpipessoa-post clearfix\"><div class=\"wpipessoa-info\"><div class=\"wpipessoa-nome\"><a href=\"https:\/\/wp.ufpel.edu.br\/ppgz\/arquivos\/pessoas\/victor-fernando-buttow-roll\">Victor Fernando B\u00fcttow Roll<\/a><\/div><\/div><\/li><\/ul><\/li>\n<li>Representante da \u00e1rea de Melhoramento e Reprodu\u00e7\u00e3o Animal:<ul class=\"wpipessoa-lista\"><li class=\"wpipessoa-post clearfix\"><div class=\"wpipessoa-info\"><div class=\"wpipessoa-nome\"><a href=\"https:\/\/wp.ufpel.edu.br\/ppgz\/arquivos\/pessoas\/arione-augusti-boligon\">Arione Augusti Boligon<\/a><\/div><\/div><\/li><\/ul><\/li>\n<li>Representante da EMBRAPA:<ul class=\"wpipessoa-lista\"><li class=\"wpipessoa-post clearfix\"><div class=\"wpipessoa-info\"><div class=\"wpipessoa-nome\"><a href=\"https:\/\/wp.ufpel.edu.br\/ppgz\/arquivos\/pessoas\/jorge-schafhauser-junior\">Jorge Schafh\u00e4user Junior<\/a><\/div><\/div><\/li><\/ul><\/li>\n<li>Representante discente de mestrado:<ul class=\"wpipessoa-lista\"><li class=\"wpipessoa-post clearfix\"><div class=\"wpipessoa-info\"><div class=\"wpipessoa-nome\"><a href=\"https:\/\/wp.ufpel.edu.br\/ppgz\/arquivos\/pessoas\/kauani-borges-cardoso\">Kauani Borges Cardoso<\/a><\/div><\/div><\/li><\/ul><\/li>\n<li>Representante discente de doutorado:<ul class=\"wpipessoa-lista\"><li class=\"wpipessoa-post clearfix\"><div class=\"wpipessoa-info\"><div class=\"wpipessoa-nome\"><a href=\"https:\/\/wp.ufpel.edu.br\/ppgz\/arquivos\/pessoas\/ana-clara-trindade-rodrigues\">Ana Clara Trindade Rodrigues<\/a><\/div><\/div><\/li><\/ul><\/li>\n<\/ul>\n","protected":false},"excerpt":{"rendered":"<div class=\"wpipessoa-lista wpipessoa-info\">\n<div class=\"wpipessoa-lattes\"><a href=\"http:\/\/lattes.cnpq.br\/3921320421078323\" target=\"_blank\">Lattes<\/a><\/div>\n<\/div>\n","protected":false},"author":809,"featured_media":0,"parent":0,"menu_order":0,"comment_status":"closed","ping_status":"closed","template":"","meta":{"footnotes":""},"class_list":["post-681","page","type-page","status-publish","hentry"],"_links":{"self":[{"href":"https:\/\/wp.ufpel.edu.br\/ppgz\/wp-json\/wp\/v2\/pages\/681","targetHints":{"allow":["GET"]}}],"collection":[{"href":"https:\/\/wp.ufpel.edu.br\/ppgz\/wp-json\/wp\/v2\/pages"}],"about":[{"href":"https:\/\/wp.ufpel.edu.br\/ppgz\/wp-json\/wp\/v2\/types\/page"}],"author":[{"embeddable":true,"href":"https:\/\/wp.ufpel.edu.br\/ppgz\/wp-json\/wp\/v2\/users\/809"}],"replies":[{"embeddable":true,"href":"https:\/\/wp.ufpel.edu.br\/ppgz\/wp-json\/wp\/v2\/comments?post=681"}],"version-history":[{"count":19,"href":"https:\/\/wp.ufpel.edu.br\/ppgz\/wp-json\/wp\/v2\/pages\/681\/revisions"}],"predecessor-version":[{"id":2383,"href":"https:\/\/wp.ufpel.edu.br\/ppgz\/wp-json\/wp\/v2\/pages\/681\/revisions\/2383"}],"wp:attachment":[{"href":"https:\/\/wp.ufpel.edu.br\/ppgz\/wp-json\/wp\/v2\/media?parent=681"}],"curies":[{"name":"wp","href":"https:\/\/api.w.org\/{rel}","templated":true}]}}