{"id":665,"date":"2020-12-24T08:01:10","date_gmt":"2020-12-24T11:01:10","guid":{"rendered":"https:\/\/wp.ufpel.edu.br\/ppgz\/?page_id=665"},"modified":"2022-08-23T13:01:39","modified_gmt":"2022-08-23T16:01:39","slug":"tecnicos","status":"publish","type":"page","link":"https:\/\/wp.ufpel.edu.br\/ppgz\/tecnicos","title":{"rendered":"T\u00e9cnicos"},"content":{"rendered":"<p>Assistente em Administra\u00e7\u00e3o:<\/p>\n<ul class=\"wpipessoa-lista\"><li class=\"wpipessoa-post clearfix\"><div class=\"wpipessoa-info\"><div class=\"wpipessoa-nome wpipessoa-fonte-grande\"><a href=\"https:\/\/wp.ufpel.edu.br\/ppgz\/arquivos\/pessoas\/norma-alessandra-dias-brauner\">Norma Alessandra Dias Brauner<\/a><\/div><div class=\"wpipessoa-lattes\"><a href=\"http:\/\/lattes.cnpq.br\/9998229833949112\" target=\"_blank\">Lattes<\/a><\/div><\/div><\/li><\/ul>\n","protected":false},"excerpt":{"rendered":"<div class=\"wpipessoa-lista wpipessoa-info\">\n<div class=\"wpipessoa-lattes\"><a href=\"http:\/\/lattes.cnpq.br\/9998229833949112\" target=\"_blank\">Lattes<\/a><\/div>\n<\/div>\n","protected":false},"author":809,"featured_media":0,"parent":0,"menu_order":0,"comment_status":"closed","ping_status":"closed","template":"","meta":{"footnotes":""},"class_list":["post-665","page","type-page","status-publish","hentry"],"_links":{"self":[{"href":"https:\/\/wp.ufpel.edu.br\/ppgz\/wp-json\/wp\/v2\/pages\/665","targetHints":{"allow":["GET"]}}],"collection":[{"href":"https:\/\/wp.ufpel.edu.br\/ppgz\/wp-json\/wp\/v2\/pages"}],"about":[{"href":"https:\/\/wp.ufpel.edu.br\/ppgz\/wp-json\/wp\/v2\/types\/page"}],"author":[{"embeddable":true,"href":"https:\/\/wp.ufpel.edu.br\/ppgz\/wp-json\/wp\/v2\/users\/809"}],"replies":[{"embeddable":true,"href":"https:\/\/wp.ufpel.edu.br\/ppgz\/wp-json\/wp\/v2\/comments?post=665"}],"version-history":[{"count":7,"href":"https:\/\/wp.ufpel.edu.br\/ppgz\/wp-json\/wp\/v2\/pages\/665\/revisions"}],"predecessor-version":[{"id":1911,"href":"https:\/\/wp.ufpel.edu.br\/ppgz\/wp-json\/wp\/v2\/pages\/665\/revisions\/1911"}],"wp:attachment":[{"href":"https:\/\/wp.ufpel.edu.br\/ppgz\/wp-json\/wp\/v2\/media?parent=665"}],"curies":[{"name":"wp","href":"https:\/\/api.w.org\/{rel}","templated":true}]}}