{"id":594,"date":"2020-12-17T15:56:44","date_gmt":"2020-12-17T18:56:44","guid":{"rendered":"https:\/\/wp.ufpel.edu.br\/ppgz\/?page_id=594"},"modified":"2023-11-29T07:35:12","modified_gmt":"2023-11-29T10:35:12","slug":"area-de-concentracao","status":"publish","type":"page","link":"https:\/\/wp.ufpel.edu.br\/ppgz\/area-de-concentracao","title":{"rendered":"\u00c1rea de concentra\u00e7\u00e3o"},"content":{"rendered":"<ul>\n<li><strong>Produ\u00e7\u00e3o Animal.<\/strong><\/li>\n<\/ul>\n<p>&nbsp;<\/p>\n<h3>Sub-\u00e1rea do conhecimento CAPES:<\/h3>\n<ul>\n<li><strong>Ecologia dos Animais Dom\u00e9sticos e Etologia;<\/strong><\/li>\n<li><strong>Gen\u00e9tica e Melhoramento dos Animais Dom\u00e9sticos;<\/strong><\/li>\n<li><strong>Nutri\u00e7\u00e3o e Alimenta\u00e7\u00e3o Animal;<\/strong><\/li>\n<li><strong>Melhoramento e Reprodu\u00e7\u00e3o Animal;<\/strong><\/li>\n<li><strong>Pastagens e Forragicultura;<\/strong><\/li>\n<li><strong>Produ\u00e7\u00e3o Animal.<\/strong><\/li>\n<\/ul>\n","protected":false},"excerpt":{"rendered":"<p>Produ\u00e7\u00e3o Animal. &nbsp; Sub-\u00e1rea do conhecimento CAPES: Ecologia dos Animais Dom\u00e9sticos e Etologia; Gen\u00e9tica e Melhoramento dos Animais Dom\u00e9sticos; Nutri\u00e7\u00e3o e Alimenta\u00e7\u00e3o Animal; Melhoramento e Reprodu\u00e7\u00e3o Animal; Pastagens e Forragicultura; Produ\u00e7\u00e3o Animal.<\/p>\n","protected":false},"author":809,"featured_media":0,"parent":0,"menu_order":0,"comment_status":"closed","ping_status":"closed","template":"","meta":{"footnotes":""},"class_list":["post-594","page","type-page","status-publish","hentry"],"_links":{"self":[{"href":"https:\/\/wp.ufpel.edu.br\/ppgz\/wp-json\/wp\/v2\/pages\/594","targetHints":{"allow":["GET"]}}],"collection":[{"href":"https:\/\/wp.ufpel.edu.br\/ppgz\/wp-json\/wp\/v2\/pages"}],"about":[{"href":"https:\/\/wp.ufpel.edu.br\/ppgz\/wp-json\/wp\/v2\/types\/page"}],"author":[{"embeddable":true,"href":"https:\/\/wp.ufpel.edu.br\/ppgz\/wp-json\/wp\/v2\/users\/809"}],"replies":[{"embeddable":true,"href":"https:\/\/wp.ufpel.edu.br\/ppgz\/wp-json\/wp\/v2\/comments?post=594"}],"version-history":[{"count":10,"href":"https:\/\/wp.ufpel.edu.br\/ppgz\/wp-json\/wp\/v2\/pages\/594\/revisions"}],"predecessor-version":[{"id":2100,"href":"https:\/\/wp.ufpel.edu.br\/ppgz\/wp-json\/wp\/v2\/pages\/594\/revisions\/2100"}],"wp:attachment":[{"href":"https:\/\/wp.ufpel.edu.br\/ppgz\/wp-json\/wp\/v2\/media?parent=594"}],"curies":[{"name":"wp","href":"https:\/\/api.w.org\/{rel}","templated":true}]}}