{"id":586,"date":"2020-12-17T15:28:15","date_gmt":"2020-12-17T18:28:15","guid":{"rendered":"https:\/\/wp.ufpel.edu.br\/ppgz\/?page_id=586"},"modified":"2021-02-14T21:53:02","modified_gmt":"2021-02-15T00:53:02","slug":"historico","status":"publish","type":"page","link":"https:\/\/wp.ufpel.edu.br\/ppgz\/historico","title":{"rendered":"Sobre o PPGZ"},"content":{"rendered":"<p>O Programa de P\u00f3s-Gradua\u00e7\u00e3o em Zootecnia (PPGZ) da Universidade Federal de Pelotas (UFPel) foi criado em 1977 em n\u00edvel de mestrado e 2000 de doutorado. Durante os anos em atividade o Programa sempre buscou atuar nas diferentes \u00e1reas de pesquisa que envolvem a Zootecnia\/Recursos Pesqueiros. Inicialmente o foco maior do curso foi no desenvolvimento da pesquisa b\u00e1sica em nutri\u00e7\u00e3o animal (ruminantes e n\u00e3o ruminantes) e dos sistemas de produ\u00e7\u00e3o animal. Logo foram se desenvolvendo as linhas de pesquisa em melhoramento e reprodu\u00e7\u00e3o animal e de piscicultura.<br \/>\nAtualmente o PPGZ est\u00e1 vinculado de forma direta no cen\u00e1rio de produ\u00e7\u00e3o pecu\u00e1ria do sul do Brasil. As linhas de pesquisa do Programa est\u00e3o ajustadas em conformidade com as necessidades e demandas dos setores vinculados aos sistemas produtivos animais. O PPGZ est\u00e1 integrado de forma direta com o mercado, buscando adequar o perfil do seu egresso para a atua\u00e7\u00e3o junto a \u00f3rg\u00e3os p\u00fablicos ligados ao ensino e pesquisa, bem como com a iniciativa privada, que hoje se destaca numa representativa absor\u00e7\u00e3o de egressos do Programa. Al\u00e9m disso, desde a cria\u00e7\u00e3o em 2008 do curso de gradua\u00e7\u00e3o em zootecnia, o PPGZ tornou-se um importante elo entre a p\u00f3s-gradua\u00e7\u00e3o e gradua\u00e7\u00e3o (atrav\u00e9s dos cursos de zootecnia, veterin\u00e1ria e agronomia da UFPel), realizando de forma significativa a intera\u00e7\u00e3o entre os alunos de todos os n\u00edveis e complementando a forma\u00e7\u00e3o destes com qualidade uma vez que muitas a\u00e7\u00f5es em pesquisa ocorrem vinculadas a tais iniciativas. Como resultado final, h\u00e1 a forma\u00e7\u00e3o de profissionais com maior capacidade e com maior preparo para as oportunidades do mercado de trabalho em zootecnia.<br \/>\nOutro fato importante da atual din\u00e2mica de atua\u00e7\u00e3o do PPGZ \u00e9 o seu maior relacionamento com \u00f3rg\u00e3os p\u00fablicos de pesquisa e inova\u00e7\u00e3o (EMBRAPA) em diversos locais do Brasil, bem como a busca cada vez maior de intera\u00e7\u00e3o com a iniciativa privada. Neste item, tem-se buscado cada vez mais a cria\u00e7\u00e3o de dispositivos que favorecem a rela\u00e7\u00e3o entre as entidades para que possam ocorrer maiores produ\u00e7\u00f5es cient\u00edficas que qualifiquem os alunos do Programa, al\u00e9m de modificar substancialmente o perfil do egresso e gere uma maior capacita\u00e7\u00e3o de todo o pessoal envolvido no processo de forma\u00e7\u00e3o de pessoas.<\/p>\n","protected":false},"excerpt":{"rendered":"<p>O Programa de P\u00f3s-Gradua\u00e7\u00e3o em Zootecnia (PPGZ) da Universidade Federal de Pelotas (UFPel) foi criado em 1977 em n\u00edvel de mestrado e 2000 de doutorado. Durante os anos em atividade o Programa sempre buscou atuar nas diferentes \u00e1reas de pesquisa&#8230; <a class=\"more-link\" href=\"https:\/\/wp.ufpel.edu.br\/ppgz\/historico\">Continue lendo &rarr;<\/a><\/p>\n","protected":false},"author":809,"featured_media":0,"parent":0,"menu_order":0,"comment_status":"closed","ping_status":"closed","template":"","meta":{"footnotes":""},"class_list":["post-586","page","type-page","status-publish","hentry"],"_links":{"self":[{"href":"https:\/\/wp.ufpel.edu.br\/ppgz\/wp-json\/wp\/v2\/pages\/586","targetHints":{"allow":["GET"]}}],"collection":[{"href":"https:\/\/wp.ufpel.edu.br\/ppgz\/wp-json\/wp\/v2\/pages"}],"about":[{"href":"https:\/\/wp.ufpel.edu.br\/ppgz\/wp-json\/wp\/v2\/types\/page"}],"author":[{"embeddable":true,"href":"https:\/\/wp.ufpel.edu.br\/ppgz\/wp-json\/wp\/v2\/users\/809"}],"replies":[{"embeddable":true,"href":"https:\/\/wp.ufpel.edu.br\/ppgz\/wp-json\/wp\/v2\/comments?post=586"}],"version-history":[{"count":3,"href":"https:\/\/wp.ufpel.edu.br\/ppgz\/wp-json\/wp\/v2\/pages\/586\/revisions"}],"predecessor-version":[{"id":1457,"href":"https:\/\/wp.ufpel.edu.br\/ppgz\/wp-json\/wp\/v2\/pages\/586\/revisions\/1457"}],"wp:attachment":[{"href":"https:\/\/wp.ufpel.edu.br\/ppgz\/wp-json\/wp\/v2\/media?parent=586"}],"curies":[{"name":"wp","href":"https:\/\/api.w.org\/{rel}","templated":true}]}}