{"id":2287,"date":"2024-07-29T13:27:44","date_gmt":"2024-07-29T16:27:44","guid":{"rendered":"https:\/\/wp.ufpel.edu.br\/ppgz\/?page_id=2287"},"modified":"2025-07-01T16:12:18","modified_gmt":"2025-07-01T19:12:18","slug":"2024-2","status":"publish","type":"page","link":"https:\/\/wp.ufpel.edu.br\/ppgz\/teses\/2024-2","title":{"rendered":"2024"},"content":{"rendered":"<p><a href=\"https:\/\/guaiaca.ufpel.edu.br\/handle\/prefix\/13598\">Farinha de Mosca da Fruta (Ceratitis Capitata) na alimenta\u00e7\u00e3o de alevinos de Til\u00e1pia-do-Nilo (Oreochromis niloticus)<\/a><\/p>\n<p><a href=\"https:\/\/guaiaca.ufpel.edu.br\/handle\/prefix\/13599\">Efeito da utiliza\u00e7\u00e3o da metionina protegida da degrada\u00e7\u00e3o ruminal no desempenho reprodutivo, produtivo e na toler\u00e2ncia ao estresse t\u00e9rmico de vacas nelore<\/a><\/p>\n<p><a href=\"https:\/\/guaiaca.ufpel.edu.br\/handle\/prefix\/13601\">Avalia\u00e7\u00e3o do comportamento ingestivo e desempenho de cordeiros em dois sistemas alimentares (creep feeding x campo nativo)<\/a><\/p>\n<p><a href=\"https:\/\/guaiaca.ufpel.edu.br\/handle\/prefix\/13954\">Avalia\u00e7\u00e3o da suplementa\u00e7\u00e3o com Saccharomyces boulardii e Saccharomyces cerevisiae sobre respostas imunol\u00f3gicas, fisiol\u00f3gicas e microbiol\u00f3gicas em frangos de corte<\/a><\/p>\n<p><a href=\"https:\/\/guaiaca.ufpel.edu.br\/handle\/prefix\/14441\">Percep\u00e7\u00e3o dos jovens frente ao consumo de produtos de origem animal<\/a><\/p>\n<p class=\"page-header first-page-header\"><a href=\"https:\/\/repositorio.ufpel.edu.br\/handle\/prefix\/14147\">Adapta\u00e7\u00f5es biomec\u00e2nicas com ferraduras de alum\u00ednio, pl\u00e1stico e a\u00e7o em superf\u00edcie controlada<\/a><\/p>\n<p class=\"page-header first-page-header\"><a href=\"https:\/\/repositorio.ufpel.edu.br\/handle\/prefix\/13599\">Efeito da utiliza\u00e7\u00e3o da metionina protegida da degrada\u00e7\u00e3o ruminal no desempenho reprodutivo, produtivo e na toler\u00e2ncia ao estresse t\u00e9rmico de vacas nelore<\/a><\/p>\n<p>&nbsp;<\/p>\n<p>&nbsp;<\/p>\n<p>&nbsp;<\/p>\n<p>&nbsp;<\/p>\n","protected":false},"excerpt":{"rendered":"<p>Farinha de Mosca da Fruta (Ceratitis Capitata) na alimenta\u00e7\u00e3o de alevinos de Til\u00e1pia-do-Nilo (Oreochromis niloticus) Efeito da utiliza\u00e7\u00e3o da metionina protegida da degrada\u00e7\u00e3o ruminal no desempenho reprodutivo, produtivo e na toler\u00e2ncia ao estresse t\u00e9rmico de vacas nelore Avalia\u00e7\u00e3o do comportamento&#8230; <a class=\"more-link\" href=\"https:\/\/wp.ufpel.edu.br\/ppgz\/teses\/2024-2\">Continue lendo &rarr;<\/a><\/p>\n","protected":false},"author":809,"featured_media":0,"parent":746,"menu_order":0,"comment_status":"closed","ping_status":"closed","template":"","meta":{"footnotes":""},"class_list":["post-2287","page","type-page","status-publish","hentry"],"_links":{"self":[{"href":"https:\/\/wp.ufpel.edu.br\/ppgz\/wp-json\/wp\/v2\/pages\/2287","targetHints":{"allow":["GET"]}}],"collection":[{"href":"https:\/\/wp.ufpel.edu.br\/ppgz\/wp-json\/wp\/v2\/pages"}],"about":[{"href":"https:\/\/wp.ufpel.edu.br\/ppgz\/wp-json\/wp\/v2\/types\/page"}],"author":[{"embeddable":true,"href":"https:\/\/wp.ufpel.edu.br\/ppgz\/wp-json\/wp\/v2\/users\/809"}],"replies":[{"embeddable":true,"href":"https:\/\/wp.ufpel.edu.br\/ppgz\/wp-json\/wp\/v2\/comments?post=2287"}],"version-history":[{"count":6,"href":"https:\/\/wp.ufpel.edu.br\/ppgz\/wp-json\/wp\/v2\/pages\/2287\/revisions"}],"predecessor-version":[{"id":2456,"href":"https:\/\/wp.ufpel.edu.br\/ppgz\/wp-json\/wp\/v2\/pages\/2287\/revisions\/2456"}],"up":[{"embeddable":true,"href":"https:\/\/wp.ufpel.edu.br\/ppgz\/wp-json\/wp\/v2\/pages\/746"}],"wp:attachment":[{"href":"https:\/\/wp.ufpel.edu.br\/ppgz\/wp-json\/wp\/v2\/media?parent=2287"}],"curies":[{"name":"wp","href":"https:\/\/api.w.org\/{rel}","templated":true}]}}