{"id":2270,"date":"2024-07-29T13:12:52","date_gmt":"2024-07-29T16:12:52","guid":{"rendered":"https:\/\/wp.ufpel.edu.br\/ppgz\/?page_id=2270"},"modified":"2025-07-03T16:15:30","modified_gmt":"2025-07-03T19:15:30","slug":"2024-2-2","status":"publish","type":"page","link":"https:\/\/wp.ufpel.edu.br\/ppgz\/673-2\/2024-2-2","title":{"rendered":"2024"},"content":{"rendered":"<p><a href=\"https:\/\/guaiaca.ufpel.edu.br\/handle\/prefix\/13602\">Influ\u00eancia da c\u00farcuma, p\u00e1prica, urucum e cantaxantina em dietas contendo trigo ou milho para poedeiras na qualidade de ovos frescos e armazenados<\/a><\/p>\n<p><a href=\"https:\/\/guaiaca.ufpel.edu.br\/handle\/prefix\/13600\">An\u00e1lise cinem\u00e1tica do passo, trote e canter e das manobras de esbarrada e volta sobre patas de cavalos da ra\u00e7a Crioula<\/a><\/p>\n<p><a href=\"https:\/\/guaiaca.ufpel.edu.br\/handle\/prefix\/14271\">Avalia\u00e7\u00e3o de modelo preditivo da produ\u00e7\u00e3o de leite de vacas de corte e impactos na efici\u00eancia produtiva e reprodutiva durante a lacta\u00e7\u00e3o<\/a><\/p>\n<p><a href=\"https:\/\/repositorio.ufpel.edu.br\/handle\/prefix\/15520\"><strong>Din\u00e2mica<\/strong>\u00a0<strong>flor\u00edstica<\/strong>\u00a0<strong>campestre<\/strong>\u00a0<strong>em<\/strong>\u00a0<strong>anos<\/strong>\u00a0<strong>de<\/strong>\u00a0<strong>precipita\u00e7\u00f5es<\/strong>\u00a0<strong>pluviom\u00e9tricas<\/strong>\u00a0<strong>extremas<\/strong>\u00a0<strong>na<\/strong>\u00a0<strong>zona<\/strong>\u00a0<strong>de<\/strong>\u00a0<strong>amortecimento<\/strong>\u00a0<strong>da<\/strong>\u00a0<strong>Esta\u00e7\u00e3o<\/strong>\u00a0<strong>Ecol\u00f3gica<\/strong>\u00a0<strong>Taim<\/strong><span class=\"Z3988\" title=\"ctx_ver=Z39.88-2004&amp;rft_val_fmt=info%3Aofi%2Ffmt%3Akev%3Amtx%3Adc&amp;rft_id=AZEVEDO%2C+Gabriela+Maia+de.+Din%C3%A2mica+flor%C3%ADstica+campestre+em+anos+de+precipita%C3%A7%C3%B5es+pluviom%C3%A9tricas+extremas+na+zona+de+amortecimento+da+Esta%C3%A7%C3%A3o+Ecol%C3%B3gica+Taim.+2024.+28+f.+Tese+%28Doutorado+em+Zootecnia%29+%E2%80%93+Faculdade+de+Agronomia+Eliseu+Maciel%2C+Universidade+Federal+de+Pelotas%2C+Pelotas%2C+2024.&amp;rft_id=http%3A%2F%2Fguaiaca.ufpel.edu.br%2Fxmlui%2Fhandle%2Fprefix%2F15520&amp;rfr_id=info%3Asid%2Fdspace.org%3Arepository&amp;\">\u00a0<\/span><\/a><\/p>\n<p>&nbsp;<\/p>\n","protected":false},"excerpt":{"rendered":"<p>Influ\u00eancia da c\u00farcuma, p\u00e1prica, urucum e cantaxantina em dietas contendo trigo ou milho para poedeiras na qualidade de ovos frescos e armazenados An\u00e1lise cinem\u00e1tica do passo, trote e canter e das manobras de esbarrada e volta sobre patas de cavalos&#8230; <a class=\"more-link\" href=\"https:\/\/wp.ufpel.edu.br\/ppgz\/673-2\/2024-2-2\">Continue lendo &rarr;<\/a><\/p>\n","protected":false},"author":809,"featured_media":0,"parent":673,"menu_order":0,"comment_status":"closed","ping_status":"closed","template":"","meta":{"footnotes":""},"class_list":["post-2270","page","type-page","status-publish","hentry"],"_links":{"self":[{"href":"https:\/\/wp.ufpel.edu.br\/ppgz\/wp-json\/wp\/v2\/pages\/2270","targetHints":{"allow":["GET"]}}],"collection":[{"href":"https:\/\/wp.ufpel.edu.br\/ppgz\/wp-json\/wp\/v2\/pages"}],"about":[{"href":"https:\/\/wp.ufpel.edu.br\/ppgz\/wp-json\/wp\/v2\/types\/page"}],"author":[{"embeddable":true,"href":"https:\/\/wp.ufpel.edu.br\/ppgz\/wp-json\/wp\/v2\/users\/809"}],"replies":[{"embeddable":true,"href":"https:\/\/wp.ufpel.edu.br\/ppgz\/wp-json\/wp\/v2\/comments?post=2270"}],"version-history":[{"count":6,"href":"https:\/\/wp.ufpel.edu.br\/ppgz\/wp-json\/wp\/v2\/pages\/2270\/revisions"}],"predecessor-version":[{"id":2463,"href":"https:\/\/wp.ufpel.edu.br\/ppgz\/wp-json\/wp\/v2\/pages\/2270\/revisions\/2463"}],"up":[{"embeddable":true,"href":"https:\/\/wp.ufpel.edu.br\/ppgz\/wp-json\/wp\/v2\/pages\/673"}],"wp:attachment":[{"href":"https:\/\/wp.ufpel.edu.br\/ppgz\/wp-json\/wp\/v2\/media?parent=2270"}],"curies":[{"name":"wp","href":"https:\/\/api.w.org\/{rel}","templated":true}]}}