{"id":21,"date":"2018-01-25T11:35:06","date_gmt":"2018-01-25T13:35:06","guid":{"rendered":"https:\/\/wp.ufpel.edu.br\/ppgz\/?page_id=21"},"modified":"2024-12-02T13:46:15","modified_gmt":"2024-12-02T16:46:15","slug":"documentos","status":"publish","type":"page","link":"https:\/\/wp.ufpel.edu.br\/ppgz\/documentos","title":{"rendered":"Formul\u00e1rios"},"content":{"rendered":"<ul>\n<li style=\"list-style-type: none;\">\n<ul>\n<li><a href=\"https:\/\/wp.ufpel.edu.br\/ppgz\/files\/2018\/01\/Formul\u00e1rio-1A-Plano-de-Trabalho.doc\" target=\"_blank\" rel=\"noopener noreferrer\">Formul\u00e1rio 1A &#8211; Plano de Trabalho<\/a><\/li>\n<li><a href=\"https:\/\/wp.ufpel.edu.br\/ppgz\/files\/2018\/01\/Formulario-2-Matr\u00edcula.doc\" target=\"_blank\" rel=\"noopener noreferrer\">Formulario 2 &#8211; Matr\u00edcula<\/a><\/li>\n<li><a href=\"https:\/\/wp.ufpel.edu.br\/ppgz\/files\/2018\/01\/Formul\u00e1rio-3-Comiss\u00e3o-Orientadora-e-Plano-de-Estudos.doc\" target=\"_blank\" rel=\"noopener noreferrer\">Formul\u00e1rio 3 &#8211; Comiss\u00e3o Orientadora e Plano de Estudos<\/a><\/li>\n<li><a href=\"https:\/\/wp.ufpel.edu.br\/ppgz\/files\/2018\/01\/Formul\u00e1rio-5-Ata-de-Defesa-de-Tese-ou-Disserta\u00e7\u00e3o.doc\" target=\"_blank\" rel=\"noopener noreferrer\">Formul\u00e1rio 5 &#8211; Ata de Defesa de Tese ou Disserta\u00e7\u00e3o<\/a><\/li>\n<li><a href=\"https:\/\/wp.ufpel.edu.br\/ppgz\/files\/2018\/01\/Formul\u00e1rio-6-Aproveitamento-de-cr\u00e9ditos.doc\" target=\"_blank\" rel=\"noopener noreferrer\">Formul\u00e1rio 6 &#8211; Aproveitamento de cr\u00e9ditos<\/a><\/li>\n<li><a href=\"https:\/\/wp.ufpel.edu.br\/ppgz\/files\/2018\/01\/Formul\u00e1rio-7-Defesa-de-Exame-de-Qualifica\u00e7\u00e3o.doc\" target=\"_blank\" rel=\"noopener noreferrer\">Formul\u00e1rio 7 &#8211; Defesa de Exame de Qualifica\u00e7\u00e3o<\/a><\/li>\n<li><a href=\"https:\/\/wp.ufpel.edu.br\/ppgz\/files\/2018\/01\/Formul\u00e1rio-9-Cancelamento-de-disciplina.doc\" target=\"_blank\" rel=\"noopener noreferrer\">Formul\u00e1rio 9 &#8211; Cancelamento de disciplina<\/a><\/li>\n<li><a href=\"https:\/\/wp.ufpel.edu.br\/ppgz\/files\/2018\/01\/Formul\u00e1rio-10-Trancamento-de-Matr\u00edcula.doc\" target=\"_blank\" rel=\"noopener noreferrer\">Formul\u00e1rio 10 &#8211; Trancamento de Matr\u00edcula<\/a><\/li>\n<li><a href=\"https:\/\/forms.gle\/TiBw3U4qMmBonwFT7\" target=\"_blank\" rel=\"noopener noreferrer\">Formul\u00e1rio de Doc\u00eancia Orientada<\/a><\/li>\n<li><a href=\"https:\/\/forms.gle\/Nv3AM4Fgu1fenp8HA\" target=\"_blank\" rel=\"noopener noreferrer\">Encaminhamento de Defesa ou Qualifica\u00e7\u00e3o PPGZ<\/a><\/li>\n<li><a href=\"https:\/\/wp.ufpel.edu.br\/ppgz\/files\/2024\/08\/Termo-Dissertacoes-e-Teses-1.pdf\">Termo de autoriza\u00e7\u00e3o para disponibiliza\u00e7\u00e3o das teses e disserta\u00e7\u00f5es<\/a><\/li>\n<li><a href=\"https:\/\/wp.ufpel.edu.br\/ppgz\/files\/2023\/07\/Sucupira.pdf\">Informa\u00e7\u00f5es para o Sucupira<\/a><\/li>\n<li><a href=\"https:\/\/wp.ufpel.edu.br\/sisbi\/files\/2023\/12\/TUTORIAL-FICHAS-2023.pdf\">Ficha Catalogr\u00e1fica para Trabalhos Acad\u00eamicos<\/a><\/li>\n<li><a href=\"https:\/\/docs.google.com\/forms\/d\/e\/1FAIpQLSfp16jkqE2Z0Lmm3Jo9l8anU942WliwQP0E7WK1Bn_6-E55sw\/viewform?usp=pp_url\">Formul\u00e1rio de Renova\u00e7\u00e3o de Bolsas<\/a><\/li>\n<\/ul>\n<\/li>\n<\/ul>\n","protected":false},"excerpt":{"rendered":"<p>Formul\u00e1rio 1A &#8211; Plano de Trabalho Formulario 2 &#8211; Matr\u00edcula Formul\u00e1rio 3 &#8211; Comiss\u00e3o Orientadora e Plano de Estudos Formul\u00e1rio 5 &#8211; Ata de Defesa de Tese ou Disserta\u00e7\u00e3o Formul\u00e1rio 6 &#8211; Aproveitamento de cr\u00e9ditos Formul\u00e1rio 7 &#8211; Defesa de&#8230; <a class=\"more-link\" href=\"https:\/\/wp.ufpel.edu.br\/ppgz\/documentos\">Continue lendo &rarr;<\/a><\/p>\n","protected":false},"author":809,"featured_media":0,"parent":0,"menu_order":0,"comment_status":"closed","ping_status":"closed","template":"","meta":{"footnotes":""},"class_list":["post-21","page","type-page","status-publish","hentry"],"_links":{"self":[{"href":"https:\/\/wp.ufpel.edu.br\/ppgz\/wp-json\/wp\/v2\/pages\/21","targetHints":{"allow":["GET"]}}],"collection":[{"href":"https:\/\/wp.ufpel.edu.br\/ppgz\/wp-json\/wp\/v2\/pages"}],"about":[{"href":"https:\/\/wp.ufpel.edu.br\/ppgz\/wp-json\/wp\/v2\/types\/page"}],"author":[{"embeddable":true,"href":"https:\/\/wp.ufpel.edu.br\/ppgz\/wp-json\/wp\/v2\/users\/809"}],"replies":[{"embeddable":true,"href":"https:\/\/wp.ufpel.edu.br\/ppgz\/wp-json\/wp\/v2\/comments?post=21"}],"version-history":[{"count":21,"href":"https:\/\/wp.ufpel.edu.br\/ppgz\/wp-json\/wp\/v2\/pages\/21\/revisions"}],"predecessor-version":[{"id":2355,"href":"https:\/\/wp.ufpel.edu.br\/ppgz\/wp-json\/wp\/v2\/pages\/21\/revisions\/2355"}],"wp:attachment":[{"href":"https:\/\/wp.ufpel.edu.br\/ppgz\/wp-json\/wp\/v2\/media?parent=21"}],"curies":[{"name":"wp","href":"https:\/\/api.w.org\/{rel}","templated":true}]}}