{"id":2077,"date":"2023-11-27T08:56:56","date_gmt":"2023-11-27T11:56:56","guid":{"rendered":"https:\/\/wp.ufpel.edu.br\/ppgz\/?page_id=2077"},"modified":"2024-10-07T16:58:05","modified_gmt":"2024-10-07T19:58:05","slug":"2023-3","status":"publish","type":"page","link":"https:\/\/wp.ufpel.edu.br\/ppgz\/2023-3","title":{"rendered":"2023"},"content":{"rendered":"<p><a href=\"https:\/\/guaiaca.ufpel.edu.br\/handle\/prefix\/10813\" target=\"_blank\" rel=\"noopener\" data-saferedirecturl=\"https:\/\/www.google.com\/url?q=https:\/\/guaiaca.ufpel.edu.br\/handle\/prefix\/10813&amp;source=gmail&amp;ust=1701961326251000&amp;usg=AOvVaw1kMnOqdFiMs29_cd5B3JkH\">Indicadores bio-econ\u00f4micos na transi\u00e7\u00e3o da monocultura do arroz para um sistema de integra\u00e7\u00e3o lavoura-pecu\u00e1ria: um estudo de caso na regi\u00e3o sul do Rio Grande do Sul (ufpel.edu.br)<\/a><\/p>\n<p><a href=\"https:\/\/guaiaca.ufpel.edu.br\/handle\/prefix\/10814\" target=\"_blank\" rel=\"noopener\" data-saferedirecturl=\"https:\/\/www.google.com\/url?q=https:\/\/guaiaca.ufpel.edu.br\/handle\/prefix\/10814&amp;source=gmail&amp;ust=1701961326251000&amp;usg=AOvVaw1xaom8A5rYLY2JG_z4EMek\">Estudo meta-anal\u00edtico dos efeitos dos ciclos e intervalos de pastejo sobre as caracter\u00edsticas de rendimento e qualidade forrageira do Capim elefante (Pennisetum purpureum Schumach cv. Napier), Tifton 85 (Cynodon spp.), Coast-cross (Cynodon dactylon (L.) Pers) e Tanz\u00e2nia (Panicum maximum Jacq) para produ\u00e7\u00e3o de leite a pasto (ufpel.edu.br)<\/a><\/p>\n<p><a href=\"https:\/\/guaiaca.ufpel.edu.br\/handle\/prefix\/10815\" target=\"_blank\" rel=\"noopener\" data-saferedirecturl=\"https:\/\/www.google.com\/url?q=https:\/\/guaiaca.ufpel.edu.br\/handle\/prefix\/10815&amp;source=gmail&amp;ust=1701961326251000&amp;usg=AOvVaw0sL6pU7Ik-G9egw2eKBBqr\">Estudos relacionados ao manejo da resist\u00eancia aos anti-helm\u00ednticos e da osteoartrite na cria\u00e7\u00e3o de equinos (ufpel.edu.br)<\/a><\/p>\n<p><a href=\"https:\/\/guaiaca.ufpel.edu.br\/handle\/prefix\/13733\">Par\u00e2metros fisiol\u00f3gicos de cordeiros Corriedale nascidos sobre campo natural<\/a><\/p>\n<p>&nbsp;<\/p>\n<p>&nbsp;<\/p>\n","protected":false},"excerpt":{"rendered":"<p>Indicadores bio-econ\u00f4micos na transi\u00e7\u00e3o da monocultura do arroz para um sistema de integra\u00e7\u00e3o lavoura-pecu\u00e1ria: um estudo de caso na regi\u00e3o sul do Rio Grande do Sul (ufpel.edu.br) Estudo meta-anal\u00edtico dos efeitos dos ciclos e intervalos de pastejo sobre as caracter\u00edsticas&#8230; <a class=\"more-link\" href=\"https:\/\/wp.ufpel.edu.br\/ppgz\/2023-3\">Continue lendo &rarr;<\/a><\/p>\n","protected":false},"author":809,"featured_media":0,"parent":0,"menu_order":0,"comment_status":"closed","ping_status":"closed","template":"","meta":{"footnotes":""},"class_list":["post-2077","page","type-page","status-publish","hentry"],"_links":{"self":[{"href":"https:\/\/wp.ufpel.edu.br\/ppgz\/wp-json\/wp\/v2\/pages\/2077","targetHints":{"allow":["GET"]}}],"collection":[{"href":"https:\/\/wp.ufpel.edu.br\/ppgz\/wp-json\/wp\/v2\/pages"}],"about":[{"href":"https:\/\/wp.ufpel.edu.br\/ppgz\/wp-json\/wp\/v2\/types\/page"}],"author":[{"embeddable":true,"href":"https:\/\/wp.ufpel.edu.br\/ppgz\/wp-json\/wp\/v2\/users\/809"}],"replies":[{"embeddable":true,"href":"https:\/\/wp.ufpel.edu.br\/ppgz\/wp-json\/wp\/v2\/comments?post=2077"}],"version-history":[{"count":8,"href":"https:\/\/wp.ufpel.edu.br\/ppgz\/wp-json\/wp\/v2\/pages\/2077\/revisions"}],"predecessor-version":[{"id":2322,"href":"https:\/\/wp.ufpel.edu.br\/ppgz\/wp-json\/wp\/v2\/pages\/2077\/revisions\/2322"}],"wp:attachment":[{"href":"https:\/\/wp.ufpel.edu.br\/ppgz\/wp-json\/wp\/v2\/media?parent=2077"}],"curies":[{"name":"wp","href":"https:\/\/api.w.org\/{rel}","templated":true}]}}