{"id":2069,"date":"2023-11-27T08:53:10","date_gmt":"2023-11-27T11:53:10","guid":{"rendered":"https:\/\/wp.ufpel.edu.br\/ppgz\/?page_id=2069"},"modified":"2024-11-06T11:42:36","modified_gmt":"2024-11-06T14:42:36","slug":"2022-4","status":"publish","type":"page","link":"https:\/\/wp.ufpel.edu.br\/ppgz\/2022-4","title":{"rendered":"2022"},"content":{"rendered":"<p><a href=\"https:\/\/guaiaca.ufpel.edu.br\/handle\/prefix\/10793\" target=\"_blank\" rel=\"noopener\" data-saferedirecturl=\"https:\/\/www.google.com\/url?q=https:\/\/guaiaca.ufpel.edu.br\/handle\/prefix\/10793&amp;source=gmail&amp;ust=1701961326251000&amp;usg=AOvVaw2cWJcHpYuZMAgKmgZ7Gu1r\">Produtividade de um campo natural de Planossolo do bioma Pampa fertilizado com sulfato de am\u00f4nio (ufpel.edu.br)<\/a><\/p>\n<p><a href=\"https:\/\/guaiaca.ufpel.edu.br\/handle\/prefix\/13724\">Par\u00e2metros sangu\u00edneos de ovinos desafiados dieteticamente e suplementados com tamponantes<\/a><\/p>\n<p><a href=\"https:\/\/guaiaca.ufpel.edu.br\/handle\/prefix\/14081\">Suplementa\u00e7\u00e3o extra de arginina, triptofano e valina em dietas para frangos de corte sobre o desempenho e rendimento de cortes<\/a><\/p>\n<p><a href=\"https:\/\/guaiaca.ufpel.edu.br\/handle\/prefix\/14396\">Desempenho de cordeiros Santa In\u00eas e Dorper X Santa In\u00eas: uma revis\u00e3o sistem\u00e1tica e metan\u00e1lise<\/a><\/p>\n","protected":false},"excerpt":{"rendered":"<p>Produtividade de um campo natural de Planossolo do bioma Pampa fertilizado com sulfato de am\u00f4nio (ufpel.edu.br) Par\u00e2metros sangu\u00edneos de ovinos desafiados dieteticamente e suplementados com tamponantes Suplementa\u00e7\u00e3o extra de arginina, triptofano e valina em dietas para frangos de corte sobre&#8230; <a class=\"more-link\" href=\"https:\/\/wp.ufpel.edu.br\/ppgz\/2022-4\">Continue lendo &rarr;<\/a><\/p>\n","protected":false},"author":809,"featured_media":0,"parent":0,"menu_order":0,"comment_status":"closed","ping_status":"closed","template":"","meta":{"footnotes":""},"class_list":["post-2069","page","type-page","status-publish","hentry"],"_links":{"self":[{"href":"https:\/\/wp.ufpel.edu.br\/ppgz\/wp-json\/wp\/v2\/pages\/2069","targetHints":{"allow":["GET"]}}],"collection":[{"href":"https:\/\/wp.ufpel.edu.br\/ppgz\/wp-json\/wp\/v2\/pages"}],"about":[{"href":"https:\/\/wp.ufpel.edu.br\/ppgz\/wp-json\/wp\/v2\/types\/page"}],"author":[{"embeddable":true,"href":"https:\/\/wp.ufpel.edu.br\/ppgz\/wp-json\/wp\/v2\/users\/809"}],"replies":[{"embeddable":true,"href":"https:\/\/wp.ufpel.edu.br\/ppgz\/wp-json\/wp\/v2\/comments?post=2069"}],"version-history":[{"count":6,"href":"https:\/\/wp.ufpel.edu.br\/ppgz\/wp-json\/wp\/v2\/pages\/2069\/revisions"}],"predecessor-version":[{"id":2343,"href":"https:\/\/wp.ufpel.edu.br\/ppgz\/wp-json\/wp\/v2\/pages\/2069\/revisions\/2343"}],"wp:attachment":[{"href":"https:\/\/wp.ufpel.edu.br\/ppgz\/wp-json\/wp\/v2\/media?parent=2069"}],"curies":[{"name":"wp","href":"https:\/\/api.w.org\/{rel}","templated":true}]}}