{"id":2058,"date":"2023-11-24T09:54:02","date_gmt":"2023-11-24T12:54:02","guid":{"rendered":"https:\/\/wp.ufpel.edu.br\/ppgz\/?page_id=2058"},"modified":"2024-09-02T12:32:57","modified_gmt":"2024-09-02T15:32:57","slug":"2022-3","status":"publish","type":"page","link":"https:\/\/wp.ufpel.edu.br\/ppgz\/2022-3","title":{"rendered":"2022"},"content":{"rendered":"<p><a href=\"https:\/\/guaiaca.ufpel.edu.br\/handle\/prefix\/10794\" target=\"_blank\" rel=\"noopener\" data-saferedirecturl=\"https:\/\/www.google.com\/url?q=https:\/\/guaiaca.ufpel.edu.br\/handle\/prefix\/10794&amp;source=gmail&amp;ust=1701961326251000&amp;usg=AOvVaw3vt3M_LdKoHdjXyn-WrLXr\">Par\u00e2metros para desenvolvimento de um selo de carne e alternativas de predi\u00e7\u00e3o de temperatura internas de bovinos de corte (ufpel.edu.br)<\/a><\/p>\n<p><a href=\"https:\/\/guaiaca.ufpel.edu.br\/handle\/prefix\/13956\"> Saccharomyces boulardii e Saccharomyces cerevisiae na alimenta\u00e7\u00e3o de frangos de corte alojados em diferentes substratos de cama<\/a><\/p>\n<p>&nbsp;<\/p>\n","protected":false},"excerpt":{"rendered":"<p>Par\u00e2metros para desenvolvimento de um selo de carne e alternativas de predi\u00e7\u00e3o de temperatura internas de bovinos de corte (ufpel.edu.br) Saccharomyces boulardii e Saccharomyces cerevisiae na alimenta\u00e7\u00e3o de frangos de corte alojados em diferentes substratos de cama &nbsp;<\/p>\n","protected":false},"author":809,"featured_media":0,"parent":0,"menu_order":0,"comment_status":"closed","ping_status":"closed","template":"","meta":{"footnotes":""},"class_list":["post-2058","page","type-page","status-publish","hentry"],"_links":{"self":[{"href":"https:\/\/wp.ufpel.edu.br\/ppgz\/wp-json\/wp\/v2\/pages\/2058","targetHints":{"allow":["GET"]}}],"collection":[{"href":"https:\/\/wp.ufpel.edu.br\/ppgz\/wp-json\/wp\/v2\/pages"}],"about":[{"href":"https:\/\/wp.ufpel.edu.br\/ppgz\/wp-json\/wp\/v2\/types\/page"}],"author":[{"embeddable":true,"href":"https:\/\/wp.ufpel.edu.br\/ppgz\/wp-json\/wp\/v2\/users\/809"}],"replies":[{"embeddable":true,"href":"https:\/\/wp.ufpel.edu.br\/ppgz\/wp-json\/wp\/v2\/comments?post=2058"}],"version-history":[{"count":4,"href":"https:\/\/wp.ufpel.edu.br\/ppgz\/wp-json\/wp\/v2\/pages\/2058\/revisions"}],"predecessor-version":[{"id":2306,"href":"https:\/\/wp.ufpel.edu.br\/ppgz\/wp-json\/wp\/v2\/pages\/2058\/revisions\/2306"}],"wp:attachment":[{"href":"https:\/\/wp.ufpel.edu.br\/ppgz\/wp-json\/wp\/v2\/media?parent=2058"}],"curies":[{"name":"wp","href":"https:\/\/api.w.org\/{rel}","templated":true}]}}