{"id":2053,"date":"2023-11-24T09:52:09","date_gmt":"2023-11-24T12:52:09","guid":{"rendered":"https:\/\/wp.ufpel.edu.br\/ppgz\/?page_id=2053"},"modified":"2024-10-07T16:55:31","modified_gmt":"2024-10-07T19:55:31","slug":"2023-2","status":"publish","type":"page","link":"https:\/\/wp.ufpel.edu.br\/ppgz\/2023-2","title":{"rendered":"2023"},"content":{"rendered":"<p><a href=\"https:\/\/guaiaca.ufpel.edu.br\/handle\/prefix\/10812\" target=\"_blank\" rel=\"noopener\" data-saferedirecturl=\"https:\/\/www.google.com\/url?q=https:\/\/guaiaca.ufpel.edu.br\/handle\/prefix\/10812&amp;source=gmail&amp;ust=1701961326251000&amp;usg=AOvVaw2qROxf3l-6QlGj3WBPworh\">Avalia\u00e7\u00e3o dos padr\u00f5es de comportamento de vacas holand\u00eas lactantes diagnosticadas com metrite (ufpel.edu.br)<\/a><\/p>\n<p><a href=\"https:\/\/guaiaca.ufpel.edu.br\/handle\/prefix\/13725\">Uso de massa de soja como fonte de alimento na termina\u00e7\u00e3o de cordeiros<\/a><\/p>\n<p><a href=\"https:\/\/guaiaca.ufpel.edu.br\/handle\/prefix\/13731\">Avalia\u00e7\u00e3o do crescimento de potros da ra\u00e7a Crioula utilizando modelos n\u00e3o lineares<\/a><\/p>\n<p><a href=\"https:\/\/guaiaca.ufpel.edu.br\/handle\/prefix\/13732\">Impacto do peso corporal as 19 semanas de idade de poedeiras EMBRAPA 051 sobre o desempenho e qualidade de ovos durante o ciclo de postura<\/a><\/p>\n<p><a href=\"https:\/\/guaiaca.ufpel.edu.br\/handle\/prefix\/13734\">Heterose nos indicadores fisiol\u00f3gicos e comportamentais de bovinos de corte<\/a><\/p>\n<p><a href=\"https:\/\/guaiaca.ufpel.edu.br\/handle\/prefix\/13735\">Suplementa\u00e7\u00e3o de metionina e c\u00e1lcio em dietas reformuladas para poedeiras Embrapa 051<\/a><\/p>\n","protected":false},"excerpt":{"rendered":"<p>Avalia\u00e7\u00e3o dos padr\u00f5es de comportamento de vacas holand\u00eas lactantes diagnosticadas com metrite (ufpel.edu.br) Uso de massa de soja como fonte de alimento na termina\u00e7\u00e3o de cordeiros Avalia\u00e7\u00e3o do crescimento de potros da ra\u00e7a Crioula utilizando modelos n\u00e3o lineares Impacto do&#8230; <a class=\"more-link\" href=\"https:\/\/wp.ufpel.edu.br\/ppgz\/2023-2\">Continue lendo &rarr;<\/a><\/p>\n","protected":false},"author":809,"featured_media":0,"parent":0,"menu_order":0,"comment_status":"closed","ping_status":"closed","template":"","meta":{"footnotes":""},"class_list":["post-2053","page","type-page","status-publish","hentry"],"_links":{"self":[{"href":"https:\/\/wp.ufpel.edu.br\/ppgz\/wp-json\/wp\/v2\/pages\/2053","targetHints":{"allow":["GET"]}}],"collection":[{"href":"https:\/\/wp.ufpel.edu.br\/ppgz\/wp-json\/wp\/v2\/pages"}],"about":[{"href":"https:\/\/wp.ufpel.edu.br\/ppgz\/wp-json\/wp\/v2\/types\/page"}],"author":[{"embeddable":true,"href":"https:\/\/wp.ufpel.edu.br\/ppgz\/wp-json\/wp\/v2\/users\/809"}],"replies":[{"embeddable":true,"href":"https:\/\/wp.ufpel.edu.br\/ppgz\/wp-json\/wp\/v2\/comments?post=2053"}],"version-history":[{"count":5,"href":"https:\/\/wp.ufpel.edu.br\/ppgz\/wp-json\/wp\/v2\/pages\/2053\/revisions"}],"predecessor-version":[{"id":2321,"href":"https:\/\/wp.ufpel.edu.br\/ppgz\/wp-json\/wp\/v2\/pages\/2053\/revisions\/2321"}],"wp:attachment":[{"href":"https:\/\/wp.ufpel.edu.br\/ppgz\/wp-json\/wp\/v2\/media?parent=2053"}],"curies":[{"name":"wp","href":"https:\/\/api.w.org\/{rel}","templated":true}]}}