{"id":2043,"date":"2023-11-22T12:27:22","date_gmt":"2023-11-22T15:27:22","guid":{"rendered":"https:\/\/wp.ufpel.edu.br\/ppgz\/?page_id=2043"},"modified":"2024-09-02T12:42:21","modified_gmt":"2024-09-02T15:42:21","slug":"2021-2","status":"publish","type":"page","link":"https:\/\/wp.ufpel.edu.br\/ppgz\/2021-2","title":{"rendered":"2021"},"content":{"rendered":"<p><a href=\"https:\/\/wp.ufpel.edu.br\/ppgz\/files\/2023\/11\/Dissertacao-Andressa-Miranda-09set21-JP.pdf\">Confinamento de cordeiros alimentados com ra\u00e7\u00e3o comercial<\/a><\/p>\n<p><a href=\"https:\/\/guaiaca.ufpel.edu.br\/handle\/prefix\/10809\" target=\"_blank\" rel=\"noopener\" data-saferedirecturl=\"https:\/\/www.google.com\/url?q=https:\/\/guaiaca.ufpel.edu.br\/handle\/prefix\/10809&amp;source=gmail&amp;ust=1701961326251000&amp;usg=AOvVaw3GADaGLMP85P-gR6RtSR_f\">Desempenho de codornas alimentadas com dietas semipurificadas contendo nano cobre e outras fontes de cobre como promotor de crescimento (ufpel.edu.br)<\/a><\/p>\n<p><a href=\"https:\/\/guaiaca.ufpel.edu.br\/handle\/prefix\/10811\" data-saferedirecturl=\"https:\/\/www.google.com\/url?q=https:\/\/guaiaca.ufpel.edu.br\/handle\/prefix\/10811&amp;source=gmail&amp;ust=1701961326251000&amp;usg=AOvVaw2Rd9gPVcPD2x7oJNpILuMe\">Produ\u00e7\u00e3o de leite e comportamento alimentar em vacas da ra\u00e7a Holand\u00eas recebendo somatotropina recombinante (ufpel.edu.br)<\/a><\/p>\n<p><a href=\"https:\/\/guaiaca.ufpel.edu.br\/handle\/prefix\/13610\">Comportamento alimentar, perfil metab\u00f3lico, produ\u00e7\u00e3o e composi\u00e7\u00e3o do leite de vacas suplementadas com produto fibrol\u00edtico derivado da fermenta\u00e7\u00e3o de fungos<\/a><\/p>\n<p><a href=\"https:\/\/guaiaca.ufpel.edu.br\/handle\/prefix\/13609\">Consumo de ra\u00e7\u00e3o, convers\u00e3o alimentar e ganho de peso em frangos de corte alimentados com \u00f3leos \u00e1cidos: Revis\u00e3o sistem\u00e1tica e meta-an\u00e1lise em rede<\/a><\/p>\n<p><a href=\"https:\/\/guaiaca.ufpel.edu.br\/handle\/prefix\/13953\">Bacillus thuringiensis var. israelensis em dietas para frangos de corte<\/a><\/p>\n","protected":false},"excerpt":{"rendered":"<p>Confinamento de cordeiros alimentados com ra\u00e7\u00e3o comercial Desempenho de codornas alimentadas com dietas semipurificadas contendo nano cobre e outras fontes de cobre como promotor de crescimento (ufpel.edu.br) Produ\u00e7\u00e3o de leite e comportamento alimentar em vacas da ra\u00e7a Holand\u00eas recebendo somatotropina&#8230; <a class=\"more-link\" href=\"https:\/\/wp.ufpel.edu.br\/ppgz\/2021-2\">Continue lendo &rarr;<\/a><\/p>\n","protected":false},"author":809,"featured_media":0,"parent":0,"menu_order":0,"comment_status":"closed","ping_status":"closed","template":"","meta":{"footnotes":""},"class_list":["post-2043","page","type-page","status-publish","hentry"],"_links":{"self":[{"href":"https:\/\/wp.ufpel.edu.br\/ppgz\/wp-json\/wp\/v2\/pages\/2043","targetHints":{"allow":["GET"]}}],"collection":[{"href":"https:\/\/wp.ufpel.edu.br\/ppgz\/wp-json\/wp\/v2\/pages"}],"about":[{"href":"https:\/\/wp.ufpel.edu.br\/ppgz\/wp-json\/wp\/v2\/types\/page"}],"author":[{"embeddable":true,"href":"https:\/\/wp.ufpel.edu.br\/ppgz\/wp-json\/wp\/v2\/users\/809"}],"replies":[{"embeddable":true,"href":"https:\/\/wp.ufpel.edu.br\/ppgz\/wp-json\/wp\/v2\/comments?post=2043"}],"version-history":[{"count":9,"href":"https:\/\/wp.ufpel.edu.br\/ppgz\/wp-json\/wp\/v2\/pages\/2043\/revisions"}],"predecessor-version":[{"id":2308,"href":"https:\/\/wp.ufpel.edu.br\/ppgz\/wp-json\/wp\/v2\/pages\/2043\/revisions\/2308"}],"wp:attachment":[{"href":"https:\/\/wp.ufpel.edu.br\/ppgz\/wp-json\/wp\/v2\/media?parent=2043"}],"curies":[{"name":"wp","href":"https:\/\/api.w.org\/{rel}","templated":true}]}}