{"id":1624,"date":"2021-03-10T14:09:50","date_gmt":"2021-03-10T17:09:50","guid":{"rendered":"https:\/\/wp.ufpel.edu.br\/ppgz\/?page_id=1624"},"modified":"2021-03-10T14:35:31","modified_gmt":"2021-03-10T17:35:31","slug":"metabolismo-em-ruminantes","status":"publish","type":"page","link":"https:\/\/wp.ufpel.edu.br\/ppgz\/metabolismo-em-ruminantes","title":{"rendered":"Metabolismo em Ruminantes"},"content":{"rendered":"<p>Objetivo<\/p>\n<p>O laborat\u00f3rio de metabolismo em ruminantes \u00e9 subdividido em laborat\u00f3rio para an\u00e1lises bioqu\u00edmicas e de biologia molecular, tendo como objetivo apoiar pesquisas na \u00e1rea de pesquisa, ensino e extens\u00e3o envolvendo projetos em ruminantes.<\/p>\n<p>\u00c9 um laborat\u00f3rio multiusu\u00e1rio da UFPel, apoiando tamb\u00e9m projetos, pesquisadores e estudantes da nossa universidade onde a tem\u00e1tica esteja de acordo com a infra-estrutura de equipamentos e pessoal para a realiza\u00e7\u00e3o de an\u00e1lises pertinentes.<\/p>\n<p>O Laborat\u00f3rio de Metabolismo conta com uma estrutura que propicia complementar os trabalhos da equipe al\u00e9m de auxiliar outros grupos de pesquisa, possibilitando o processamento de amostras de sangue, l\u00edquido ruminal e fezes.<\/p>\n<p>Algumas an\u00e1lises que s\u00e3o poss\u00edveis realizar no Laborat\u00f3rio de Metabolismo:<\/p>\n<p>&nbsp;<\/p>\n<p>Hemograma completo (bovinos e ovinos);<\/p>\n<p>Avalia\u00e7\u00e3o completa de l\u00edquido ruminal;<\/p>\n<p>OPG \u2013 Contagem de ovos por gramas de fezes;<\/p>\n<p>An\u00e1lises metab\u00f3licas (minerais, prote\u00ednas, enzimas);<\/p>\n<p>An\u00e1lises energ\u00e9ticas (glicose, AGNE);<\/p>\n<p>An\u00e1lises imunol\u00f3gicas (interleucinas);<\/p>\n<p>An\u00e1lises hormonais (cortic\u00f3ide, estrog\u00eanio).<\/p>\n<p>Equipamentos dispon\u00edveis:<\/p>\n<table width=\"708\">\n<tbody>\n<tr>\n<td width=\"479\"><strong>EQUIPAMENTOS<\/strong><\/td>\n<td width=\"54\"><strong>Quantidade<\/strong><\/td>\n<td width=\"174\"><strong>MARCA<\/strong><\/td>\n<\/tr>\n<tr>\n<td width=\"479\">Agitador magn\u00e9tico com aquecimento<\/td>\n<td width=\"54\">1<\/td>\n<td width=\"174\">78 HW-1<\/td>\n<\/tr>\n<tr>\n<td width=\"479\">Analisador bioqu\u00edmico Autom\u00e1tico (Labmax Plenno)\/ CPU\/Monitor (Dell) Nobreak (SMS)+ Purificador de osmose reversa<\/td>\n<td width=\"54\">1<\/td>\n<td width=\"174\">Labtest<\/td>\n<\/tr>\n<tr>\n<td width=\"479\">Analisador bioqu\u00edmico<\/td>\n<td width=\"54\">1<\/td>\n<td width=\"174\">CELM- SB 190<\/td>\n<\/tr>\n<tr>\n<td width=\"479\">Ar split<\/td>\n<td width=\"54\">1<\/td>\n<td width=\"174\">Carrier<\/td>\n<\/tr>\n<tr>\n<td width=\"479\">Balan\u00e7a<\/td>\n<td width=\"54\">1<\/td>\n<td width=\"174\">Marte<\/td>\n<\/tr>\n<tr>\n<td width=\"479\">Balan\u00e7a<\/td>\n<td width=\"54\">1<\/td>\n<td width=\"174\">BEL<\/td>\n<\/tr>\n<tr>\n<td width=\"479\">Balan\u00e7a<\/td>\n<td width=\"54\">1<\/td>\n<td width=\"174\">Bioprecisa<\/td>\n<\/tr>\n<tr>\n<td width=\"479\">Blab\u00e7a<\/td>\n<td width=\"54\">1<\/td>\n<td width=\"174\">Bioescale<\/td>\n<\/tr>\n<tr>\n<td width=\"479\">Balan\u00e7a<\/td>\n<td width=\"54\">1<\/td>\n<td width=\"174\">Urano<\/td>\n<\/tr>\n<tr>\n<td width=\"479\">Balan\u00e7a de precis\u00e3o<\/td>\n<td width=\"54\">1<\/td>\n<td width=\"174\">Rad Wag<\/td>\n<\/tr>\n<tr>\n<td width=\"479\">Banho maria (pequeno)<\/td>\n<td width=\"54\">1<\/td>\n<td width=\"174\">Quimis<\/td>\n<\/tr>\n<tr>\n<td width=\"479\">Banho maria<\/td>\n<td width=\"54\">1<\/td>\n<td width=\"174\">Quimis<\/td>\n<\/tr>\n<tr>\n<td width=\"479\">Botij\u00e3o nitrog\u00eanio 35l<\/td>\n<td width=\"54\">1<\/td>\n<td width=\"174\"><\/td>\n<\/tr>\n<tr>\n<td width=\"479\">Botij\u00e3o nitrog\u00eanio 50l<\/td>\n<td width=\"54\">1<\/td>\n<td width=\"174\"><\/td>\n<\/tr>\n<tr>\n<td width=\"479\">Camera microsc\u00f3pio<\/td>\n<td width=\"54\">1<\/td>\n<td width=\"174\">Sony<\/td>\n<\/tr>\n<tr>\n<td width=\"479\">Centr\u00edfuga<\/td>\n<td width=\"54\">1<\/td>\n<td width=\"174\">Centribio<\/td>\n<\/tr>\n<tr>\n<td width=\"479\">Centr\u00edfuga<\/td>\n<td width=\"54\">1<\/td>\n<td width=\"174\">Centribio<\/td>\n<\/tr>\n<tr>\n<td width=\"479\">Centr\u00edfuga<\/td>\n<td width=\"54\">1<\/td>\n<td width=\"174\">Centribio<\/td>\n<\/tr>\n<tr>\n<td width=\"479\">Centr\u00edfuga para microhemat\u00f3crito<\/td>\n<td width=\"54\">1<\/td>\n<td width=\"174\">BENFER\/Roberto Wagner Marques ME<\/td>\n<\/tr>\n<tr>\n<td width=\"479\">Centr\u00edfuga microhemat\u00f3crito<\/td>\n<td width=\"54\">1<\/td>\n<td width=\"174\">Centribio<\/td>\n<\/tr>\n<tr>\n<td width=\"479\">Centr\u00edfuga eppendorf<\/td>\n<td width=\"54\">1<\/td>\n<td width=\"174\">Minispin Eppendorf<\/td>\n<\/tr>\n<tr>\n<td width=\"479\">Centrifuga refrigerada Sigma (Euro)<\/td>\n<td width=\"54\">1<\/td>\n<td width=\"174\">Sigma<\/td>\n<\/tr>\n<tr>\n<td width=\"479\">Centrifuga sigma<\/td>\n<td width=\"54\">1<\/td>\n<td width=\"174\">Sigma<\/td>\n<\/tr>\n<tr>\n<td width=\"479\">Centrifuga de ependorf<\/td>\n<td width=\"54\">1<\/td>\n<td width=\"174\">Novatecnica\/ NT800<\/td>\n<\/tr>\n<tr>\n<td width=\"479\">Computador\/Monitor<\/td>\n<td width=\"54\">1<\/td>\n<td width=\"174\">Itautec\/Infoway<\/td>\n<\/tr>\n<tr>\n<td width=\"479\">Contador de c\u00e9lulas<\/td>\n<td width=\"54\">1<\/td>\n<td width=\"174\">CELM-530<\/td>\n<\/tr>\n<tr>\n<td width=\"479\">Contador de c\u00e9lulas<\/td>\n<td width=\"54\">1<\/td>\n<td width=\"174\">CELM<\/td>\n<\/tr>\n<tr>\n<td width=\"479\">Contador de c\u00e9lulas<\/td>\n<td width=\"54\">1<\/td>\n<td width=\"174\">CELM<\/td>\n<\/tr>\n<tr>\n<td width=\"479\">Diluidor de c\u00e9lulas<\/td>\n<td width=\"54\">1<\/td>\n<td width=\"174\">celm<\/td>\n<\/tr>\n<tr>\n<td width=\"479\">Contador leuc\u00f3citos<\/td>\n<td width=\"54\">1<\/td>\n<td width=\"174\">Digimer<\/td>\n<\/tr>\n<tr>\n<td width=\"479\">Cuba p\/ proteinas<\/td>\n<td width=\"54\">1<\/td>\n<td width=\"174\">Biorad<\/td>\n<\/tr>\n<tr>\n<td width=\"479\">Destilador de \u00e1gua<\/td>\n<td width=\"54\">1<\/td>\n<td width=\"174\">Quimis<\/td>\n<\/tr>\n<tr>\n<td width=\"479\">Purificador de \u00e1gua<\/td>\n<td width=\"54\">1<\/td>\n<td width=\"174\">Milliq<\/td>\n<\/tr>\n<tr>\n<td width=\"479\">Fonte p\/ eletroforese<\/td>\n<td width=\"54\">1<\/td>\n<td width=\"174\">Biorad<\/td>\n<\/tr>\n<tr>\n<td width=\"479\">Freezer Vertical<\/td>\n<td width=\"54\">1<\/td>\n<td width=\"174\">Consul<\/td>\n<\/tr>\n<tr>\n<td width=\"479\">Freezer horizontal<\/td>\n<td width=\"54\">1<\/td>\n<td width=\"174\">Consul<\/td>\n<\/tr>\n<tr>\n<td width=\"479\">Freezer horizontal<\/td>\n<td width=\"54\">1<\/td>\n<td width=\"174\">Consul<\/td>\n<\/tr>\n<tr>\n<td width=\"479\">Geladeira<\/td>\n<td width=\"54\">1<\/td>\n<td width=\"174\">Consul<\/td>\n<\/tr>\n<tr>\n<td width=\"479\">Ultrafreezer<\/td>\n<td width=\"54\">1<\/td>\n<td width=\"174\">Cold-Lab<\/td>\n<\/tr>\n<tr>\n<td width=\"479\">Geladeira Duplex<\/td>\n<td width=\"54\">1<\/td>\n<td width=\"174\">Brastemp<\/td>\n<\/tr>\n<tr>\n<td width=\"479\">Gerador<\/td>\n<td width=\"54\">1<\/td>\n<td width=\"174\">Toyama<\/td>\n<\/tr>\n<tr>\n<td width=\"479\">Homogenizador sangue<\/td>\n<td width=\"54\">1<\/td>\n<td width=\"174\">Phoenix<\/td>\n<\/tr>\n<tr>\n<td width=\"479\">Espectrofot\u00f4metro<\/td>\n<td width=\"54\">1<\/td>\n<td width=\"174\">SP-22-Biospectro<\/td>\n<\/tr>\n<tr>\n<td width=\"479\">Espectrofot\u00f4metro<\/td>\n<td width=\"54\">1<\/td>\n<td width=\"174\">SP-22-Biospectro<\/td>\n<\/tr>\n<tr>\n<td width=\"479\">Espectrofot\u00f4metro<\/td>\n<td width=\"54\">1<\/td>\n<td width=\"174\">SP-220 Biospectro<\/td>\n<\/tr>\n<tr>\n<td width=\"479\">Leitora de microplacas<\/td>\n<td width=\"54\">1<\/td>\n<td width=\"174\">Thermo plate<\/td>\n<\/tr>\n<tr>\n<td width=\"479\">Leitora de microplacas<\/td>\n<td width=\"54\">1<\/td>\n<td width=\"174\">Thermo plate<\/td>\n<\/tr>\n<tr>\n<td width=\"479\">Microondas<\/td>\n<td width=\"54\">1<\/td>\n<td width=\"174\">Philco<\/td>\n<\/tr>\n<tr>\n<td width=\"479\">Micropipeta 5-50<\/td>\n<td width=\"54\">1<\/td>\n<td width=\"174\">Labmate<\/td>\n<\/tr>\n<tr>\n<td width=\"479\">Micropipeta 5-50<\/td>\n<td width=\"54\">1<\/td>\n<td width=\"174\">Labmate<\/td>\n<\/tr>\n<tr>\n<td width=\"479\">Micropipeta 10-100<\/td>\n<td width=\"54\">1<\/td>\n<td width=\"174\">Labmate<\/td>\n<\/tr>\n<tr>\n<td width=\"479\">Micropipeta 05-5mL<\/td>\n<td width=\"54\">1<\/td>\n<td width=\"174\">Labmate<\/td>\n<\/tr>\n<tr>\n<td width=\"479\">Micropipeta 1000<\/td>\n<td width=\"54\">1<\/td>\n<td width=\"174\">Eppendorf<\/td>\n<\/tr>\n<tr>\n<td width=\"479\">Micropipeta 100-1000<\/td>\n<td width=\"54\">1<\/td>\n<td width=\"174\">Labmate<\/td>\n<\/tr>\n<tr>\n<td width=\"479\">Micropipeta 100-1000<\/td>\n<td width=\"54\">1<\/td>\n<td width=\"174\">Labmate<\/td>\n<\/tr>\n<tr>\n<td width=\"479\">Micropipeta 20<\/td>\n<td width=\"54\">1<\/td>\n<td width=\"174\">Eppendorf<\/td>\n<\/tr>\n<tr>\n<td width=\"479\">Micropipeta 200<\/td>\n<td width=\"54\">1<\/td>\n<td width=\"174\">Eppendorf<\/td>\n<\/tr>\n<tr>\n<td width=\"479\">Micropipeta 0.5-10<\/td>\n<td width=\"54\">1<\/td>\n<td width=\"174\">Digipet<\/td>\n<\/tr>\n<tr>\n<td width=\"479\">Micropipeta 2-20<\/td>\n<td width=\"54\">1<\/td>\n<td width=\"174\">Labmate<\/td>\n<\/tr>\n<tr>\n<td width=\"479\">Micropipeta 2-20<\/td>\n<td width=\"54\">2<\/td>\n<td width=\"174\">Labmate<\/td>\n<\/tr>\n<tr>\n<td width=\"479\">Micropipeta eletr\u00f4nica 10-200 uL<\/td>\n<td width=\"54\">1<\/td>\n<td width=\"174\">CAPP<\/td>\n<\/tr>\n<tr>\n<td width=\"479\">Micropipeta eletr\u00f4nica 2-20 uL<\/td>\n<td width=\"54\">1<\/td>\n<td width=\"174\">CAPP<\/td>\n<\/tr>\n<tr>\n<td width=\"479\">Micropipeta multicanal 20-200 uL<\/td>\n<td width=\"54\">1<\/td>\n<td width=\"174\">CAPP<\/td>\n<\/tr>\n<tr>\n<td width=\"479\">Micropipeta multicanal 20-200 uL<\/td>\n<td width=\"54\">1<\/td>\n<td width=\"174\">HT<\/td>\n<\/tr>\n<tr>\n<td width=\"479\">Micropipeta multicanal 30-300 uL<\/td>\n<td width=\"54\">1<\/td>\n<td width=\"174\">CAPP<\/td>\n<\/tr>\n<tr>\n<td width=\"479\">Micropipeta multicanal\u00a0 20-200 uL<\/td>\n<td width=\"54\">1<\/td>\n<td width=\"174\">CAPP<\/td>\n<\/tr>\n<tr>\n<td width=\"479\">Micropipeta multicanal 50-300 uL<\/td>\n<td width=\"54\">1<\/td>\n<td width=\"174\">HT<\/td>\n<\/tr>\n<tr>\n<td width=\"479\">Micropipeta multicanal eletr\u00f4nica 2-20 uL<\/td>\n<td width=\"54\">1<\/td>\n<td width=\"174\">CAPP<\/td>\n<\/tr>\n<tr>\n<td width=\"479\">Microsc\u00f3pio<\/td>\n<td width=\"54\">1<\/td>\n<td width=\"174\">Nikon Eclipse E200<\/td>\n<\/tr>\n<tr>\n<td width=\"479\">Microsc\u00f3pio<\/td>\n<td width=\"54\">1<\/td>\n<td width=\"174\">Nikon Eclipse 50i<\/td>\n<\/tr>\n<tr>\n<td width=\"479\">Monitor<\/td>\n<td width=\"54\">1<\/td>\n<td width=\"174\">Samsung<\/td>\n<\/tr>\n<tr>\n<td width=\"479\">pHmetro<\/td>\n<td width=\"54\">1<\/td>\n<td width=\"174\">AAKER<\/td>\n<\/tr>\n<tr>\n<td width=\"479\">pHmetro de bancada<\/td>\n<td width=\"54\">1<\/td>\n<td width=\"174\">MS Tecnopon Equipamentos Especias Lta<\/td>\n<\/tr>\n<tr>\n<td width=\"479\">Phmetro<\/td>\n<td width=\"54\">1<\/td>\n<td width=\"174\">Hanna<\/td>\n<\/tr>\n<tr>\n<td width=\"479\">Phmetro<\/td>\n<td width=\"54\">1<\/td>\n<td width=\"174\">MS Tecnopon Equipamentos Especias Lta<\/td>\n<\/tr>\n<tr>\n<td width=\"479\">Phmetro<\/td>\n<td width=\"54\">1<\/td>\n<td width=\"174\">MS Tecnopon Equipamentos Especias Lta<\/td>\n<\/tr>\n<tr>\n<td width=\"479\">Real time Ilumina (Dolar)<\/td>\n<td width=\"54\">1<\/td>\n<td width=\"174\">Illumina<\/td>\n<\/tr>\n<tr>\n<td width=\"479\">Refrat\u00f4metro<\/td>\n<td width=\"54\">1<\/td>\n<td width=\"174\"><\/td>\n<\/tr>\n<tr>\n<td width=\"479\">Refrat\u00f4metro<\/td>\n<td width=\"54\">1<\/td>\n<td width=\"174\"><\/td>\n<\/tr>\n<tr>\n<td width=\"479\">Termociclador<\/td>\n<td width=\"54\">1<\/td>\n<td width=\"174\">Biorad<\/td>\n<\/tr>\n<tr>\n<td width=\"479\">Nobreak<\/td>\n<td width=\"54\">1<\/td>\n<td width=\"174\">Alaska<\/td>\n<\/tr>\n<tr>\n<td width=\"479\">Nobreak<\/td>\n<td width=\"54\">1<\/td>\n<td width=\"174\">SMS<\/td>\n<\/tr>\n<tr>\n<td width=\"479\">Transluminador (revelador de gel)<\/td>\n<td width=\"54\">1<\/td>\n<td width=\"174\">Loccus Biotec.<\/td>\n<\/tr>\n<tr>\n<td width=\"479\">Nanodrop + impressora<\/td>\n<td width=\"54\">1<\/td>\n<td width=\"174\">Importa\u00e7\u00e3o<\/td>\n<\/tr>\n<tr>\n<td width=\"479\">Vortex<\/td>\n<td width=\"54\">1<\/td>\n<td width=\"174\">Phoenix<\/td>\n<\/tr>\n<tr>\n<td width=\"479\">Vortex<\/td>\n<td width=\"54\">1<\/td>\n<td width=\"174\">Biomixer<\/td>\n<\/tr>\n<tr>\n<td width=\"479\">Forno Fisher<\/td>\n<td width=\"54\">1<\/td>\n<td width=\"174\"><\/td>\n<\/tr>\n<tr>\n<td width=\"479\">Estabilizador<\/td>\n<td width=\"54\">1<\/td>\n<td width=\"174\">Tagthec<\/td>\n<\/tr>\n<tr>\n<td width=\"479\">R\u00e1dio AM\/FM<\/td>\n<td width=\"54\">1<\/td>\n<td width=\"174\"><\/td>\n<\/tr>\n<tr>\n<td width=\"479\">Transformador<\/td>\n<td width=\"54\">1<\/td>\n<td width=\"174\"><\/td>\n<\/tr>\n<tr>\n<td width=\"479\">Agitador magn\u00e9tico<\/td>\n<td width=\"54\">1<\/td>\n<td width=\"174\">Quimis<\/td>\n<\/tr>\n<tr>\n<td width=\"479\">Analisador imunol\u00f3gico ACCESS 2 Imuno ASSAY<\/td>\n<td width=\"54\">1<\/td>\n<td width=\"174\">Backman Coulter<\/td>\n<\/tr>\n<tr>\n<td width=\"479\">Capela<\/td>\n<td width=\"54\">1<\/td>\n<td width=\"174\"><\/td>\n<\/tr>\n<tr>\n<td width=\"479\">Prateleira de Metal<\/td>\n<td width=\"54\">1<\/td>\n<td width=\"174\"><\/td>\n<\/tr>\n<\/tbody>\n<\/table>\n<p>&nbsp;<\/p>\n\n\t\t<style type=\"text\/css\">\n\t\t\t#gallery-1 {\n\t\t\t\tmargin: auto;\n\t\t\t}\n\t\t\t#gallery-1 .gallery-item {\n\t\t\t\tfloat: left;\n\t\t\t\tmargin-top: 10px;\n\t\t\t\ttext-align: center;\n\t\t\t\twidth: 50%;\n\t\t\t}\n\t\t\t#gallery-1 img {\n\t\t\t\tborder: 2px solid #cfcfcf;\n\t\t\t}\n\t\t\t#gallery-1 .gallery-caption {\n\t\t\t\tmargin-left: 0;\n\t\t\t}\n\t\t\t\/* see gallery_shortcode() in wp-includes\/media.php *\/\n\t\t<\/style>\n\t\t<div id='gallery-1' class='gallery galleryid-1624 gallery-columns-2 gallery-size-large'><dl class='gallery-item'>\n\t\t\t<dt class='gallery-icon landscape'>\n\t\t\t\t<a href='https:\/\/wp.ufpel.edu.br\/ppgz\/metabolismo-em-ruminantes\/1-np'><img loading=\"lazy\" decoding=\"async\" width=\"676\" height=\"507\" src=\"https:\/\/wp.ufpel.edu.br\/ppgz\/files\/2021\/03\/1-NP.jpg\" class=\"attachment-large size-large\" alt=\"\" srcset=\"https:\/\/wp.ufpel.edu.br\/ppgz\/files\/2021\/03\/1-NP.jpg 782w, https:\/\/wp.ufpel.edu.br\/ppgz\/files\/2021\/03\/1-NP-400x300.jpg 400w, https:\/\/wp.ufpel.edu.br\/ppgz\/files\/2021\/03\/1-NP-768x576.jpg 768w\" sizes=\"auto, (max-width: 676px) 100vw, 676px\" \/><\/a>\n\t\t\t<\/dt><\/dl><dl class='gallery-item'>\n\t\t\t<dt class='gallery-icon landscape'>\n\t\t\t\t<a href='https:\/\/wp.ufpel.edu.br\/ppgz\/metabolismo-em-ruminantes\/2-np-2'><img loading=\"lazy\" decoding=\"async\" width=\"676\" height=\"507\" src=\"https:\/\/wp.ufpel.edu.br\/ppgz\/files\/2021\/03\/2-NP-1.jpg\" class=\"attachment-large size-large\" alt=\"\" srcset=\"https:\/\/wp.ufpel.edu.br\/ppgz\/files\/2021\/03\/2-NP-1.jpg 782w, https:\/\/wp.ufpel.edu.br\/ppgz\/files\/2021\/03\/2-NP-1-400x300.jpg 400w, https:\/\/wp.ufpel.edu.br\/ppgz\/files\/2021\/03\/2-NP-1-768x576.jpg 768w\" sizes=\"auto, (max-width: 676px) 100vw, 676px\" \/><\/a>\n\t\t\t<\/dt><\/dl><br style=\"clear: both\" \/>\n\t\t<\/div>\n\n","protected":false},"excerpt":{"rendered":"<p>Objetivo O laborat\u00f3rio de metabolismo em ruminantes \u00e9 subdividido em laborat\u00f3rio para an\u00e1lises bioqu\u00edmicas e de biologia molecular, tendo como objetivo apoiar pesquisas na \u00e1rea de pesquisa, ensino e extens\u00e3o envolvendo projetos em ruminantes. \u00c9 um laborat\u00f3rio multiusu\u00e1rio da UFPel,&#8230; <a class=\"more-link\" href=\"https:\/\/wp.ufpel.edu.br\/ppgz\/metabolismo-em-ruminantes\">Continue lendo &rarr;<\/a><\/p>\n","protected":false},"author":809,"featured_media":0,"parent":0,"menu_order":0,"comment_status":"closed","ping_status":"closed","template":"","meta":{"footnotes":""},"class_list":["post-1624","page","type-page","status-publish","hentry"],"_links":{"self":[{"href":"https:\/\/wp.ufpel.edu.br\/ppgz\/wp-json\/wp\/v2\/pages\/1624","targetHints":{"allow":["GET"]}}],"collection":[{"href":"https:\/\/wp.ufpel.edu.br\/ppgz\/wp-json\/wp\/v2\/pages"}],"about":[{"href":"https:\/\/wp.ufpel.edu.br\/ppgz\/wp-json\/wp\/v2\/types\/page"}],"author":[{"embeddable":true,"href":"https:\/\/wp.ufpel.edu.br\/ppgz\/wp-json\/wp\/v2\/users\/809"}],"replies":[{"embeddable":true,"href":"https:\/\/wp.ufpel.edu.br\/ppgz\/wp-json\/wp\/v2\/comments?post=1624"}],"version-history":[{"count":3,"href":"https:\/\/wp.ufpel.edu.br\/ppgz\/wp-json\/wp\/v2\/pages\/1624\/revisions"}],"predecessor-version":[{"id":1646,"href":"https:\/\/wp.ufpel.edu.br\/ppgz\/wp-json\/wp\/v2\/pages\/1624\/revisions\/1646"}],"wp:attachment":[{"href":"https:\/\/wp.ufpel.edu.br\/ppgz\/wp-json\/wp\/v2\/media?parent=1624"}],"curies":[{"name":"wp","href":"https:\/\/api.w.org\/{rel}","templated":true}]}}