{"id":1453,"date":"2021-02-14T21:49:20","date_gmt":"2021-02-15T00:49:20","guid":{"rendered":"https:\/\/wp.ufpel.edu.br\/ppgz\/?page_id=1453"},"modified":"2021-02-14T21:49:20","modified_gmt":"2021-02-15T00:49:20","slug":"intercambios-internacionais","status":"publish","type":"page","link":"https:\/\/wp.ufpel.edu.br\/ppgz\/intercambios-internacionais","title":{"rendered":"Interc\u00e2mbios Internacionais"},"content":{"rendered":"<p>O PPGZ atualmente possui em vigor interc\u00e2mbios com diversos pa\u00edses como os Estados Unidos, Canad\u00e1, Espanha, Col\u00f4mbia, Paraguai, Uruguai entre outros. Alunos de p\u00f3s-gradua\u00e7\u00e3o do Programa t\u00eam participado do Programa CAPES de doutorado sandu\u00edche no exterior. As Universidades no exterior para onde os alunos do PPGZ realizaram seus estudos foram as seguintes:<br \/>\n&#8211; University of Wyoming &#8211; EUA<br \/>\n&#8211; University of North Caroline &#8211; EUA<br \/>\n&#8211; Universidad de Barcelona &#8211; Espanha<br \/>\n&#8211; Universidad de Zaragoza &#8211; Espanha<br \/>\n&#8211; Clemson University &#8211; South Carolina<br \/>\n&#8211; University of Kentucky &#8211; EUA<br \/>\nAl\u00e9m deste seguimento de interc\u00e2mbio, alguns professores do Programa possuem v\u00ednculo direto com professores estrangeiros onde h\u00e1 constante busca de trocas de experi\u00eancia, pesquisa e desenvolvimento tecnol\u00f3gico. Os Professores Eduardo Xavier e Fernando Rutz possuem intera\u00e7\u00e3o com a University of Kentucky onde ambos realizaram seu doutoramento. O Professor Fernando Cardoso realizou seu doutorado na Michigan State University e at\u00e9 o momento realiza intera\u00e7\u00e3o em pesquisa na \u00e1rea de Melhoramento Animal. O professor C\u00e1ssio Brauner realizou parte de seu doutoramento na University of Wyoming e at\u00e9 o momento interage diretamente com os professores\/pesquisadores daquela institui\u00e7\u00e3o. Por duas oportunidades nos \u00faltimos anos o PPGZ promoveu a vinda de professores daquela Universidade em atua\u00e7\u00f5es conjuntas com outros Programas de P\u00f3s-Gradua\u00e7\u00e3o da Universidade e apoio direto da CAPES para promover a amplia\u00e7\u00e3o de iniciativas voltadas \u00e0 pesquisa e inova\u00e7\u00e3o tecnol\u00f3gica. O Professor Victor Roll realizou no ano de 2013 um per\u00edodo de p\u00f3s-doutoramento na Universidad de Barcelona onde houve diretamente uma amplia\u00e7\u00e3o de pesquisas na \u00e1rea de n\u00e3o ruminantes. A Professora Arione Boligon, que iniciou suas atividades no Programa em 2014, possui conv\u00eanio em pesquisa com a University of Winsconsin, oportunizando assim o maior interc\u00e2mbio entre as institui\u00e7\u00f5es no \u00e2mbito do melhoramento animal.<br \/>\nEm 2018 a doutoranda Cl\u00e1udia Demarco iniciou seu per\u00edodo de est\u00e1gio sandu\u00edche no exterior na universidade de Wyoming (EUA) com bolsa do PDSE. Naquela institui\u00e7\u00e3o, a doutoranda realizar\u00e1 experimentos na \u00e1rea de nutri\u00e7\u00e3o de ruminantes e metabolismo, bem como investigando a utiliza\u00e7\u00e3o de coprodutos da agropecuaria na alimenta\u00e7\u00e3o daqueles animais. Tamb\u00e9m em 2018 a doutoranda J\u00e9ssica Halfen iniciou per\u00edodo de est\u00e1gio de doutorado no exterior na universidade de South Dakota State nos EUA. Em parceria direta com aquela institui\u00e7\u00e3o, a doutoranda recebe bolsa complementtat\u00f3ria da institui\u00e7\u00e3o estrangeira para a realiza\u00e7\u00e3o de experimentos em nutri\u00e7\u00e3o e metabolismo de ruminantes.<br \/>\nEm 2019 um professor e uma doutoranda do Programa iniciaram seus trabalhos no exterior atr\u00e1ves do Programa CAPES PRINT, o qual o PPGZ possui um projeto em vig\u00eancia. O Prof. Eduardo Schmitt iniciou seu per\u00edodo de docente junior no exterior na University of Florida, sob supervis\u00e3o do Prof. Jos\u00e9 Eduardo Portella Santos. Pelo mesmo Programa a doutoranda Su\u00e9len Nunes da Silva iniciou per\u00edodo de est\u00e1gio sandu\u00edche no exterior na North Caroline State University.<\/p>\n","protected":false},"excerpt":{"rendered":"<p>O PPGZ atualmente possui em vigor interc\u00e2mbios com diversos pa\u00edses como os Estados Unidos, Canad\u00e1, Espanha, Col\u00f4mbia, Paraguai, Uruguai entre outros. Alunos de p\u00f3s-gradua\u00e7\u00e3o do Programa t\u00eam participado do Programa CAPES de doutorado sandu\u00edche no exterior. As Universidades no exterior&#8230; <a class=\"more-link\" href=\"https:\/\/wp.ufpel.edu.br\/ppgz\/intercambios-internacionais\">Continue lendo &rarr;<\/a><\/p>\n","protected":false},"author":809,"featured_media":0,"parent":0,"menu_order":0,"comment_status":"closed","ping_status":"closed","template":"","meta":{"footnotes":""},"class_list":["post-1453","page","type-page","status-publish","hentry"],"_links":{"self":[{"href":"https:\/\/wp.ufpel.edu.br\/ppgz\/wp-json\/wp\/v2\/pages\/1453","targetHints":{"allow":["GET"]}}],"collection":[{"href":"https:\/\/wp.ufpel.edu.br\/ppgz\/wp-json\/wp\/v2\/pages"}],"about":[{"href":"https:\/\/wp.ufpel.edu.br\/ppgz\/wp-json\/wp\/v2\/types\/page"}],"author":[{"embeddable":true,"href":"https:\/\/wp.ufpel.edu.br\/ppgz\/wp-json\/wp\/v2\/users\/809"}],"replies":[{"embeddable":true,"href":"https:\/\/wp.ufpel.edu.br\/ppgz\/wp-json\/wp\/v2\/comments?post=1453"}],"version-history":[{"count":1,"href":"https:\/\/wp.ufpel.edu.br\/ppgz\/wp-json\/wp\/v2\/pages\/1453\/revisions"}],"predecessor-version":[{"id":1455,"href":"https:\/\/wp.ufpel.edu.br\/ppgz\/wp-json\/wp\/v2\/pages\/1453\/revisions\/1455"}],"wp:attachment":[{"href":"https:\/\/wp.ufpel.edu.br\/ppgz\/wp-json\/wp\/v2\/media?parent=1453"}],"curies":[{"name":"wp","href":"https:\/\/api.w.org\/{rel}","templated":true}]}}