{"id":1438,"date":"2021-02-14T21:10:42","date_gmt":"2021-02-15T00:10:42","guid":{"rendered":"https:\/\/wp.ufpel.edu.br\/ppgz\/?page_id=1438"},"modified":"2021-02-14T21:34:48","modified_gmt":"2021-02-15T00:34:48","slug":"1438-2","status":"publish","type":"page","link":"https:\/\/wp.ufpel.edu.br\/ppgz\/1438-2","title":{"rendered":"Grupos de pesquisa"},"content":{"rendered":"<p><strong><a href=\"http:\/\/www.ufpel.edu.br\/faem\/geaspel\/\" target=\"_blank\" rel=\"noopener noreferrer\">Geaspel \u2013 Grupo de Estudos em Aves e Su\u00ednos UFPEL<\/a><\/strong><\/p>\n<p>Se voc\u00ea t\u00eam interesse em pesquisas sobre aves e su\u00ednos, atividades pr\u00e1ticas, cursos, palestras, capacita\u00e7\u00e3o, voc\u00ea estar\u00e1 no lugar certo. No Geaspel, poder\u00e1 participar de uma s\u00e9rie de atividades que\u00a0contribu\u00edram\u00a0na sua forma\u00e7\u00e3o acad\u00eamica. Click no link e visite o site do GEASPEL.<\/p>\n<p><a href=\"https:\/\/wp.ufpel.edu.br\/gecap\" target=\"_blank\" rel=\"noopener noreferrer\"><strong>GECAP -Grupo de Estudos em Comportamento dos Animais de Produ\u00e7\u00e3o<\/strong><\/a><\/p>\n<p><strong>Por que conhecer o comportamento animal?\u00a0<\/strong>Conhecer o comportamento animal pode melhorar o bem-estar dos animais, sua produ\u00e7\u00e3o, al\u00e9m da qualidade do produto final, seja ele carne ou leite.\u00a0\u00a0Os sistemas de produ\u00e7\u00e3o podem ter melhorias em suas t\u00e9cnicas e m\u00e9todos de cria\u00e7\u00e3o atrav\u00e9s do conhecimento e interpreta\u00e7\u00e3o do comportamento animal.\u00a0\u00a0A etologia \u00e9 uma linha de pesquisa em crescimento, que busca encontrar maneiras de entender o comportamento dos animais de produ\u00e7\u00e3o para atingir o bem-estar e incrementar a produ\u00e7\u00e3o animal este \u00e9 o objetivo do GECAP. Fa\u00e7a uma visite ao site do GECAP.<\/p>\n<p><strong><a href=\"http:\/\/faem.ufpel.edu.br\/gepaf\" target=\"_blank\" rel=\"noopener noreferrer\">GEPAF \u2013 Grupo de Estudos em Pastagens e Plantas Forrageira<\/a><\/strong><strong><a href=\"http:\/\/faem.ufpel.edu.br\/gepaf\" target=\"_blank\" rel=\"noopener noreferrer\">s<\/a><\/strong><\/p>\n<p>Atualmente o grupo vem desenvolvendo trabalhos de pesquisa, tanto na UFPEL como na EMBRAPA (Terras-Baixas) em \u00e1reas de campos naturais e forrageiras cultivadas de ciclo primavera\/ver\u00e3o e outono\/inverno, no que diz respeito \u00e0 introdu\u00e7\u00e3o e avalia\u00e7\u00e3o de cultivares, produ\u00e7\u00e3o visando utiliza\u00e7\u00e3o direta em pastejo ou visando a conserva\u00e7\u00e3o de plantas forrageiras (feno\/silagem) e produ\u00e7\u00e3o de sementes forrageiras. Muitos trabalhos s\u00e3o desenvolvidos atrav\u00e9s de alunos dos cursos de p\u00f3s-gradua\u00e7\u00e3o em Zootecnia e Produ\u00e7\u00e3o Vegetal, utilizando as infra-estruturas da UFPEL e\/ou da EMBRAPA (CPACT-Terras Baixas ou CPPSUL de Bag\u00e9). Os principais objetivos s\u00e3o os de maximizar o aproveitamento do potencial das \u00e1reas de pastagens naturais de solos de v\u00e1rzea (utilizados no cultivo em rota\u00e7\u00e3o com o arroz irrigado, soja, milho, sorgo e outros cultivos), atrav\u00e9s de estudos de aduba\u00e7\u00e3o destes campos nativos; estabelecimento de misturas forrageiras de ciclo hibernal (pastagens de inverno) para suprir a falta de forragem verde do campo natural, cujas plantas s\u00e3o de ciclo estival, n\u00e3o produzindo nos meses mais frios do ano. Desta forma, estas \u00e1reas podem ser utilizadas para agricultura e pecu\u00e1ria, com benef\u00edcios para ambos os setores de atividade.<\/p>\n<p>Linhas de Pesquisa:<\/p>\n<p>* Aduba\u00e7\u00e3o de pastagens e plantas forrageiras<br \/>\n* Avalia\u00e7\u00e3o de pastagens com animais<br \/>\n* Avalia\u00e7\u00e3o de plantas forrageiras<br \/>\n* Conserva\u00e7\u00e3o de plantas forrageiras<br \/>\n* Produ\u00e7\u00e3o animal -carne,leite,l\u00e3, em pastagens<br \/>\n* Sistemas de produ\u00e7\u00e3o de forrageiras<\/p>\n<div><a href=\"https:\/\/wp.ufpel.edu.br\/gmolma\/\" target=\"_blank\" rel=\"noopener noreferrer\">GMolMA &#8211; Gen\u00e9tica Molecular e Melhoramento Animal\u00a0<\/a><\/div>\n<div><\/div>\n<div>Foi criado em 2014, sendo sediado inicialmente na Universidade Federal de Santa Maria \u2013 UFSM, Campus Palmeira das Miss\u00f5es. Desde 2018 integra o Departamento de Zootecnia da Faculdade de Agronomia Eliseu Maciel \u2013 FAEM da Universidade Federal de Pelotas \u2013 UFPel, sendo um grupo multidisciplinar com foco no estudo de t\u00e9cnicas moleculares aplicadas ao melhoramento de esp\u00e9cies de animais e conserva\u00e7\u00e3o de recursos gen\u00e9ticos.<\/div>\n<div>Link do espelho do grupo no diret\u00f3rio cnpq:\u00a0<a href=\"http:\/\/dgp.cnpq.br\/dgp\/espelhogrupo\/7882909947997433\" target=\"_blank\" rel=\"noopener noreferrer\" data-auth=\"NotApplicable\">http:\/\/dgp.cnpq.br\/dgp\/espelhogrupo\/7882909947997433<\/a><\/div>\n<div>Site do grupo:\u00a0<a href=\"https:\/\/wp.ufpel.edu.br\/gmolma\/\" target=\"_blank\" rel=\"noopener noreferrer\" data-auth=\"NotApplicable\">https:\/\/wp.ufpel.edu.br\/gmolma\/<\/a><\/div>\n<div><\/div>\n<div><\/div>\n<p><strong><a href=\"https:\/\/wp.ufpel.edu.br\/govi\/\" target=\"_blank\" rel=\"noopener noreferrer\">GOVI \u2013 Grupo de Ovinocultura<\/a><\/strong><\/p>\n<p>O GOVI iniciou suas atividades no ano de 1979, foi oficializado em setembro de 2001 e, a partir de 2010, passou a se chamar\u00a0<strong>\u201cGrupo de Ovinos e Outros Ruminantes\u201d.<\/strong>\u00a0Cadastrado no CNPQ como grupo de pesquisa, tem por objetivo aprimorar os sistemas de produ\u00e7\u00e3o a pasto, principalmente, de ovinos e caprinos.<\/p>\n<p>Al\u00e9m da pesquisa, atrav\u00e9s de disserta\u00e7\u00f5es e teses, o grupo atua no ensino, na extens\u00e3o e na gera\u00e7\u00e3o de produtos tecnol\u00f3gicos, buscando conveniar-se a institui\u00e7\u00f5es p\u00fablicas e privadas atuantes no seguimento de ruminantes. Suas principais linhas de trabalho est\u00e3o voltadas ao manejo de ovinos e caprinos em pastejo e, pastagem e forragicultura em geral. A for\u00e7a produtiva do GOVI prov\u00e9m dos alunos de Mestrado e Doutorado do PPGZ\/FAEM\/UFPEL, al\u00e9m dos estagi\u00e1rios e bolsistas dos cursos de Agronomia, Medicina Veterin\u00e1ria, Zootecnia entre outros. Motivo pelo qual tem alcan\u00e7ado tanto sucesso.<\/p>\n<p>A miss\u00e3o do GOVI \u00e9 desenvolver e aprimorar atividades no campo da ovinocaprinocultura multiplicando conhecimentos, para que estes, de forma simples e pr\u00e1tica, cheguem ao produtor rural na tentativa de solucionar poss\u00edveis entraves na otimiza\u00e7\u00e3o da cria\u00e7\u00e3o com bem estar animal.<\/p>\n<p><strong>Nema Pel \u2013 N\u00facleo de Estudos em Meio Ambiente<\/strong><\/p>\n<p>O N\u00facleo de Estudos em Meio Ambiente (Nema Pel) \u00e9 coordenado pela M\u00e9dica Veterin\u00e1ria Beatriz Valente e pelo Prof. Dr. Eduardo Gon\u00e7alves Xavier e est\u00e1 vinculado ao Departamento de Zootecnia e ao Programa de P\u00f3s-Gradua\u00e7\u00e3o em Zootecnia da Faculdade de Agronomia Eliseu Maciel da Universidade Federal de Pelotas. Foi criado em 2007, com o objetivo desenvolver projetos na \u00e1rea de biotransforma\u00e7\u00e3o de res\u00edduos org\u00e2nicos atrav\u00e9s de tecnologias como a compostagem e a vermicompostagem, com o intuito de auxiliar na implanta\u00e7\u00e3o de sistemas de produ\u00e7\u00e3o animal, economicamente vi\u00e1veis, socialmente desej\u00e1veis e ambientalmente seguros, contribuindo assim para o desenvolvimento sustent\u00e1vel local. Em 2009, houve uma reprograma\u00e7\u00e3o do grupo, passando a atuar tamb\u00e9m em projetos de ensino e extens\u00e3o. Atualmente, o Nema Pel, em parceria com a Coordenadoria de Gest\u00e3o Ambiental de UFPEL, est\u00e1 desenvolvendo o Projeto Atitude Seletiva, que visa \u00e0 implanta\u00e7\u00e3o da coleta seletiva dos res\u00edduos produzidos no Departamento de Zootecnia.<\/p>\n<p>\u00c9 um grupo multidisciplinar, formado por alunos de gradua\u00e7\u00e3o dos cursos de Agronomia, Engenharia Agr\u00edcola, Engenharia Sanit\u00e1ria e Ambiental, Zootecnia, Medicina Veterin\u00e1ria e Ci\u00eancias Biol\u00f3gicas, juntamente com pesquisadores e t\u00e9cnicos da \u00e1rea. As reuni\u00f5es do grupo ocorrem nas segundas-feiras \u00e0s 12:30 horas.\u00a0Contatos: nemapel412@gmail.com<\/p>\n<p><strong><a href=\"https:\/\/www.facebook.com\/Nutrirumen\" target=\"_blank\" rel=\"noopener noreferrer\">Nutrirumen Grupo de Pesquisa e Extens\u00e3o em Nutri\u00e7\u00e3o de Ruminantes<\/a><\/strong><\/p>\n<p>Grupo de estudos em nutri\u00e7\u00e3o de ruminantes da Universidade Federal de Pelotas &#8211; UFPel, coordenado pelo prof. Rog\u00e9rio Folha Bermudes e os integrantes s\u00e3o acad\u00eamicos e p\u00f3s graduandos de Agronomia, Medicina Veterin\u00e1ria e Zootecnia.<\/p>\n<p><strong>ZOOPREC \u2013 Zootecnia de Precis\u00e3o<\/strong><\/p>\n<p>O N\u00facleo ZOOPREC \u2013 Zootecnia de Precis\u00e3o foi institu\u00eddo para o Monitoramento de Produ\u00e7\u00e3o Animal envolvendo o Bem Estar Animal. Constitu\u00eddo por docentes do Curso de gradua\u00e7\u00e3o e p\u00f3s-gradua\u00e7\u00e3o em Zootecnia, tem participa\u00e7\u00e3o ativa de docentes de outras unidades, bem como, de discentes de gradua\u00e7\u00e3o e p\u00f3s-gradua\u00e7\u00e3o em Zootecnia e \u00e1reas afins. Com o intuito de agregrar conhecimento na \u00e1rea de dom\u00ednio &#8211; Produ\u00e7\u00e3o Animal \u2013 dentre as a\u00e7\u00f5es salienta-se que os colaboradores do N\u00facleo desenvolvem atividades que se voltam a encontros semanais com apresenta\u00e7\u00f5es de palestras e discuss\u00f5es do assunto em voga onde ocorrem tamb\u00e9m, inser\u00e7\u00f5es de especialistas da UFPel ou outras Institui\u00e7\u00f5es, semin\u00e1rios sobre o tema central \u2013 Bem estar Animal, treinamentos t\u00e9cnicos e\u00a0 treinamentos dos discentes colaboradores para apresenta\u00e7\u00f5es, elabora\u00e7\u00e3o de protocolos que possam ser utilizados em projetos de pesquisa, extens\u00e3o ou presta\u00e7\u00e3o de servi\u00e7os, elabora\u00e7\u00e3o de projetos de ensino, pesquisa e extens\u00e3o, assim como atividades compat\u00edveis com o interesse do ZOOPREC para contribui\u00e7\u00e3o \u00e0 ci\u00eancia da produ\u00e7\u00e3o animal.<\/p>\n","protected":false},"excerpt":{"rendered":"<p>Geaspel \u2013 Grupo de Estudos em Aves e Su\u00ednos UFPEL Se voc\u00ea t\u00eam interesse em pesquisas sobre aves e su\u00ednos, atividades pr\u00e1ticas, cursos, palestras, capacita\u00e7\u00e3o, voc\u00ea estar\u00e1 no lugar certo. No Geaspel, poder\u00e1 participar de uma s\u00e9rie de atividades que\u00a0contribu\u00edram\u00a0na&#8230; <a class=\"more-link\" href=\"https:\/\/wp.ufpel.edu.br\/ppgz\/1438-2\">Continue lendo &rarr;<\/a><\/p>\n","protected":false},"author":809,"featured_media":0,"parent":0,"menu_order":0,"comment_status":"closed","ping_status":"closed","template":"","meta":{"footnotes":""},"class_list":["post-1438","page","type-page","status-publish","hentry"],"_links":{"self":[{"href":"https:\/\/wp.ufpel.edu.br\/ppgz\/wp-json\/wp\/v2\/pages\/1438","targetHints":{"allow":["GET"]}}],"collection":[{"href":"https:\/\/wp.ufpel.edu.br\/ppgz\/wp-json\/wp\/v2\/pages"}],"about":[{"href":"https:\/\/wp.ufpel.edu.br\/ppgz\/wp-json\/wp\/v2\/types\/page"}],"author":[{"embeddable":true,"href":"https:\/\/wp.ufpel.edu.br\/ppgz\/wp-json\/wp\/v2\/users\/809"}],"replies":[{"embeddable":true,"href":"https:\/\/wp.ufpel.edu.br\/ppgz\/wp-json\/wp\/v2\/comments?post=1438"}],"version-history":[{"count":8,"href":"https:\/\/wp.ufpel.edu.br\/ppgz\/wp-json\/wp\/v2\/pages\/1438\/revisions"}],"predecessor-version":[{"id":1442,"href":"https:\/\/wp.ufpel.edu.br\/ppgz\/wp-json\/wp\/v2\/pages\/1438\/revisions\/1442"}],"wp:attachment":[{"href":"https:\/\/wp.ufpel.edu.br\/ppgz\/wp-json\/wp\/v2\/media?parent=1438"}],"curies":[{"name":"wp","href":"https:\/\/api.w.org\/{rel}","templated":true}]}}