{"id":1368,"date":"2021-02-08T09:56:39","date_gmt":"2021-02-08T12:56:39","guid":{"rendered":"https:\/\/wp.ufpel.edu.br\/ppgz\/?page_id=1368"},"modified":"2021-02-08T09:56:39","modified_gmt":"2021-02-08T12:56:39","slug":"2020-4","status":"publish","type":"page","link":"https:\/\/wp.ufpel.edu.br\/ppgz\/2020-4","title":{"rendered":"2020"},"content":{"rendered":"<ol>\n<li><a href=\"https:\/\/wp.ufpel.edu.br\/ppgz\/files\/2021\/02\/A-nutricao-como-estrategia-para-periodos-metabolicamente-criticos-em-bovinos-de-corte.pdf\" target=\"_blank\" rel=\"noopener noreferrer\">A nutri\u00e7\u00e3o como estrat\u00e9gia para per\u00edodos metabolicamente cr\u00edticos em bovinos de corte<\/a><\/li>\n<li><a href=\"https:\/\/wp.ufpel.edu.br\/ppgz\/files\/2021\/02\/Analise-genetica-do-escore-de-pelame-e-duracao-da-gestacao-e-suas-associacoes-com-outros-criterios-de-selecao-na-raca-Angus.pdf\" target=\"_blank\" rel=\"noopener noreferrer\">An\u00e1lise gen\u00e9tica do escore de pelame e dura\u00e7\u00e3o da gesta\u00e7\u00e3o e suas associa\u00e7\u00f5es com outros crit\u00e9rios de sele\u00e7\u00e3o na ra\u00e7a Angus<\/a><\/li>\n<li><a href=\"https:\/\/wp.ufpel.edu.br\/ppgz\/files\/2021\/02\/Caracterizacao-da-producao-de-ovinos-Corriedale-naturalmente-coloridos-e-brancos-criados-a-pasto.pdf\" target=\"_blank\" rel=\"noopener noreferrer\">Caracteriza\u00e7\u00e3o da produ\u00e7\u00e3o de ovinos Corriedale naturalmente coloridos e brancos criados a pasto<\/a><\/li>\n<li><a href=\"https:\/\/wp.ufpel.edu.br\/ppgz\/files\/2021\/02\/Efeito-da-falha-na-transferencia-de-imunidade-passiva-e-do-grau-de-heterose-sobre-a-sanidade-e-desempenho-zootecnico-de-bezerras-leiteiras.pdf\" target=\"_blank\" rel=\"noopener noreferrer\">Efeito da falha na transfer\u00eancia de imunidade passiva e do grau de heterose sobre a sanidade e desempenho zoot\u00e9cnico de bezerras leiteiras<\/a><\/li>\n<li><a href=\"https:\/\/wp.ufpel.edu.br\/ppgz\/files\/2021\/02\/Efeito-do-Lipopolissacarideo-LPS-sobre-o-metabolismo-a-reserva-ovariana-modulacao-da-expressao-de-genes-do-utero-ovario-e-oviduto-em-novilhas.pdf\" target=\"_blank\" rel=\"noopener noreferrer\">Efeito do Lipopolissacar\u00eddeo (LPS) sobre o metabolismo, a reserva ovariana, modula\u00e7\u00e3o da express\u00e3o de genes do \u00fatero, ov\u00e1rio e oviduto em novilhas<\/a><\/li>\n<li><a href=\"https:\/\/wp.ufpel.edu.br\/ppgz\/files\/2021\/02\/Efeitos-dos-tratamentos-e-dos-substratos-de-cama-na-criacao-de-frangos-corte-revisao-sistematica-e-meta-analise.pdf\" target=\"_blank\" rel=\"noopener noreferrer\">Efeitos dos tratamentos e dos substratos de cama na cria\u00e7\u00e3o de frangos corte revis\u00e3o sistem\u00e1tica e meta-an\u00e1lise<\/a><\/li>\n<li><a href=\"https:\/\/wp.ufpel.edu.br\/ppgz\/files\/2021\/02\/Estimativa-da-diversidade-genetica-do-peixe-rei-Odontesthes-humensis-e-Odontesthes-bonariensis-por-marcadores-de-microssatelite-e-CYTB-nas-lagoas-Mirim-e-Mangueira-no-Rio-Grande-do-Sul.pdf\" target=\"_blank\" rel=\"noopener noreferrer\">Estimativa da diversidade gen\u00e9tica do peixe-rei (Odontesthes humensis e Odontesthes bonariensis) por marcadores de microssat\u00e9lite e CYTB nas lagoas Mirim e Mangueira no Rio Grande do Sul<\/a><\/li>\n<li><a href=\"https:\/\/wp.ufpel.edu.br\/ppgz\/files\/2021\/02\/Identificacao-de-regioes-microssatelites-potencialmente-amplificaveis-e-desenvolvimento-de-marcadores-para-codornas-de-corte-a-partir-do-genoma-da-codorna-japonesa.pdf\" target=\"_blank\" rel=\"noopener noreferrer\">Identifica\u00e7\u00e3o de regi\u00f5es microssat\u00e9lites potencialmente amplific\u00e1veis e desenvolvimento de marcadores para codornas de corte a partir do genoma da codorna japonesa<\/a><\/li>\n<li><a href=\"https:\/\/wp.ufpel.edu.br\/ppgz\/files\/2021\/02\/Valorizacao-nutricional-de-dietas-para-frangos-de-corte-com-fitase-hibrida-e-carboidrases.pdf\" target=\"_blank\" rel=\"noopener noreferrer\">Valoriza\u00e7\u00e3o nutricional de dietas para frangos de corte com fitase h\u00edbrida e carboidrases<\/a><\/li>\n<\/ol>\n","protected":false},"excerpt":{"rendered":"<p>A nutri\u00e7\u00e3o como estrat\u00e9gia para per\u00edodos metabolicamente cr\u00edticos em bovinos de corte An\u00e1lise gen\u00e9tica do escore de pelame e dura\u00e7\u00e3o da gesta\u00e7\u00e3o e suas associa\u00e7\u00f5es com outros crit\u00e9rios de sele\u00e7\u00e3o na ra\u00e7a Angus Caracteriza\u00e7\u00e3o da produ\u00e7\u00e3o de ovinos Corriedale naturalmente&#8230; <a class=\"more-link\" href=\"https:\/\/wp.ufpel.edu.br\/ppgz\/2020-4\">Continue lendo &rarr;<\/a><\/p>\n","protected":false},"author":809,"featured_media":0,"parent":0,"menu_order":0,"comment_status":"closed","ping_status":"closed","template":"","meta":{"footnotes":""},"class_list":["post-1368","page","type-page","status-publish","hentry"],"_links":{"self":[{"href":"https:\/\/wp.ufpel.edu.br\/ppgz\/wp-json\/wp\/v2\/pages\/1368","targetHints":{"allow":["GET"]}}],"collection":[{"href":"https:\/\/wp.ufpel.edu.br\/ppgz\/wp-json\/wp\/v2\/pages"}],"about":[{"href":"https:\/\/wp.ufpel.edu.br\/ppgz\/wp-json\/wp\/v2\/types\/page"}],"author":[{"embeddable":true,"href":"https:\/\/wp.ufpel.edu.br\/ppgz\/wp-json\/wp\/v2\/users\/809"}],"replies":[{"embeddable":true,"href":"https:\/\/wp.ufpel.edu.br\/ppgz\/wp-json\/wp\/v2\/comments?post=1368"}],"version-history":[{"count":1,"href":"https:\/\/wp.ufpel.edu.br\/ppgz\/wp-json\/wp\/v2\/pages\/1368\/revisions"}],"predecessor-version":[{"id":1379,"href":"https:\/\/wp.ufpel.edu.br\/ppgz\/wp-json\/wp\/v2\/pages\/1368\/revisions\/1379"}],"wp:attachment":[{"href":"https:\/\/wp.ufpel.edu.br\/ppgz\/wp-json\/wp\/v2\/media?parent=1368"}],"curies":[{"name":"wp","href":"https:\/\/api.w.org\/{rel}","templated":true}]}}