{"id":1287,"date":"2021-01-18T13:41:09","date_gmt":"2021-01-18T16:41:09","guid":{"rendered":"https:\/\/wp.ufpel.edu.br\/ppgz\/?page_id=1287"},"modified":"2025-03-23T16:44:01","modified_gmt":"2025-03-23T19:44:01","slug":"auto-avaliacao-e-planejamento-estrategico","status":"publish","type":"page","link":"https:\/\/wp.ufpel.edu.br\/ppgz\/auto-avaliacao-e-planejamento-estrategico","title":{"rendered":"Auto Avalia\u00e7\u00e3o e Planejamento Estrat\u00e9gico"},"content":{"rendered":"<p><a href=\"https:\/\/wp.ufpel.edu.br\/ppgz\/files\/2025\/03\/Metodologia-de-autoavaliacao-PPGZ-.pdf\">Metodologia de autoavalia\u00e7\u00e3o PPGZ<\/a><\/p>\n<p><a href=\"https:\/\/wp.ufpel.edu.br\/ppgz\/files\/2025\/03\/Planejamento-estrategico-PPGZ-Final.pdf\">Planejamento estrat\u00e9gico PPGZ<\/a><\/p>\n","protected":false},"excerpt":{"rendered":"<p>Metodologia de autoavalia\u00e7\u00e3o PPGZ Planejamento estrat\u00e9gico PPGZ<\/p>\n","protected":false},"author":809,"featured_media":0,"parent":0,"menu_order":0,"comment_status":"closed","ping_status":"closed","template":"","meta":{"footnotes":""},"class_list":["post-1287","page","type-page","status-publish","hentry"],"_links":{"self":[{"href":"https:\/\/wp.ufpel.edu.br\/ppgz\/wp-json\/wp\/v2\/pages\/1287","targetHints":{"allow":["GET"]}}],"collection":[{"href":"https:\/\/wp.ufpel.edu.br\/ppgz\/wp-json\/wp\/v2\/pages"}],"about":[{"href":"https:\/\/wp.ufpel.edu.br\/ppgz\/wp-json\/wp\/v2\/types\/page"}],"author":[{"embeddable":true,"href":"https:\/\/wp.ufpel.edu.br\/ppgz\/wp-json\/wp\/v2\/users\/809"}],"replies":[{"embeddable":true,"href":"https:\/\/wp.ufpel.edu.br\/ppgz\/wp-json\/wp\/v2\/comments?post=1287"}],"version-history":[{"count":5,"href":"https:\/\/wp.ufpel.edu.br\/ppgz\/wp-json\/wp\/v2\/pages\/1287\/revisions"}],"predecessor-version":[{"id":2445,"href":"https:\/\/wp.ufpel.edu.br\/ppgz\/wp-json\/wp\/v2\/pages\/1287\/revisions\/2445"}],"wp:attachment":[{"href":"https:\/\/wp.ufpel.edu.br\/ppgz\/wp-json\/wp\/v2\/media?parent=1287"}],"curies":[{"name":"wp","href":"https:\/\/api.w.org\/{rel}","templated":true}]}}