{"id":1280,"date":"2021-01-18T13:38:54","date_gmt":"2021-01-18T16:38:54","guid":{"rendered":"https:\/\/wp.ufpel.edu.br\/ppgz\/?page_id=1280"},"modified":"2026-02-26T13:33:41","modified_gmt":"2026-02-26T16:33:41","slug":"regimento","status":"publish","type":"page","link":"https:\/\/wp.ufpel.edu.br\/ppgz\/regimento","title":{"rendered":"Regimento e Normativas"},"content":{"rendered":"<h2><a href=\"https:\/\/wp.ufpel.edu.br\/ppgz\/files\/2026\/02\/Regimento-valido-para-alunos-com-ingresso-a-partir-de-20251.pdf\">Regimento (v\u00e1lido para alunos com ingresso a partir de 2025\/1)<\/a><\/h2>\n<h2><a href=\"https:\/\/wp.ufpel.edu.br\/ppgz\/files\/2025\/12\/Normativa-de-Bolsa-2025.pdf\">Normativa de Bolsa 2025<\/a><\/h2>\n<h2><strong><a href=\"https:\/\/wp.ufpel.edu.br\/ppgz\/files\/2021\/03\/regimento-2010.pdf\" target=\"_blank\" rel=\"noopener noreferrer\">Regimento (v\u00e1lido para alunos com ingresso at\u00e9 2020)<\/a><\/strong><\/h2>\n<h2><a href=\"https:\/\/wp.ufpel.edu.br\/ppgz\/files\/2021\/06\/SEI_UFPel-1282786-Parecer-Normativo-COCEPE.pdf\" target=\"_blank\" rel=\"noopener\">Regimento\u00a0 (v\u00e1lido para alunos com ingresso a partir de 2021)<\/a><\/h2>\n<h2><strong><a href=\"https:\/\/wp.ufpel.edu.br\/ppgz\/files\/2023\/10\/REGIMENTO-GERAL-PPGs.pdf\">REGIMENTO GERAL DOS CURSOS DE P\u00d3S-GRADUA\u00c7\u00c3O STRICTO SENSU<\/a><\/strong><\/h2>\n<h2><strong><a href=\"https:\/\/wp.ufpel.edu.br\/ppgz\/files\/2024\/02\/NORMATIVA-BOLSAS.pdf\">Normativa Bolsas<\/a><\/strong><\/h2>\n","protected":false},"excerpt":{"rendered":"<p>Regimento (v\u00e1lido para alunos com ingresso a partir de 2025\/1) Normativa de Bolsa 2025 Regimento (v\u00e1lido para alunos com ingresso at\u00e9 2020) Regimento\u00a0 (v\u00e1lido para alunos com ingresso a partir de 2021) REGIMENTO GERAL DOS CURSOS DE P\u00d3S-GRADUA\u00c7\u00c3O STRICTO SENSU&#8230; <a class=\"more-link\" href=\"https:\/\/wp.ufpel.edu.br\/ppgz\/regimento\">Continue lendo &rarr;<\/a><\/p>\n","protected":false},"author":809,"featured_media":0,"parent":0,"menu_order":0,"comment_status":"closed","ping_status":"closed","template":"","meta":{"footnotes":""},"class_list":["post-1280","page","type-page","status-publish","hentry"],"_links":{"self":[{"href":"https:\/\/wp.ufpel.edu.br\/ppgz\/wp-json\/wp\/v2\/pages\/1280","targetHints":{"allow":["GET"]}}],"collection":[{"href":"https:\/\/wp.ufpel.edu.br\/ppgz\/wp-json\/wp\/v2\/pages"}],"about":[{"href":"https:\/\/wp.ufpel.edu.br\/ppgz\/wp-json\/wp\/v2\/types\/page"}],"author":[{"embeddable":true,"href":"https:\/\/wp.ufpel.edu.br\/ppgz\/wp-json\/wp\/v2\/users\/809"}],"replies":[{"embeddable":true,"href":"https:\/\/wp.ufpel.edu.br\/ppgz\/wp-json\/wp\/v2\/comments?post=1280"}],"version-history":[{"count":4,"href":"https:\/\/wp.ufpel.edu.br\/ppgz\/wp-json\/wp\/v2\/pages\/1280\/revisions"}],"predecessor-version":[{"id":2602,"href":"https:\/\/wp.ufpel.edu.br\/ppgz\/wp-json\/wp\/v2\/pages\/1280\/revisions\/2602"}],"wp:attachment":[{"href":"https:\/\/wp.ufpel.edu.br\/ppgz\/wp-json\/wp\/v2\/media?parent=1280"}],"curies":[{"name":"wp","href":"https:\/\/api.w.org\/{rel}","templated":true}]}}