{"id":1265,"date":"2021-01-15T21:23:44","date_gmt":"2021-01-16T00:23:44","guid":{"rendered":"https:\/\/wp.ufpel.edu.br\/ppgz\/?page_id=1265"},"modified":"2021-02-19T18:31:51","modified_gmt":"2021-02-19T21:31:51","slug":"centro-de-pesquisas","status":"publish","type":"page","link":"https:\/\/wp.ufpel.edu.br\/ppgz\/centro-de-pesquisas","title":{"rendered":"Centros de Pesquisas"},"content":{"rendered":"<p>Al\u00e9m de suas instala\u00e7\u00f5es pr\u00f3prias, o PPGZ conta tamb\u00e9m com o apoio de alguns Centros de Pesquisa da EMBRAPA (Clima Temperado, Pelotas-RS; Pecu\u00e1ria Sul, Bag\u00e9-RS e Su\u00ednos e Aves, Conc\u00f3rdia-SC) que d\u00e3o suporte log\u00edstico, seja pelo uso de suas instala\u00e7\u00f5es e equipamentos, como a participa\u00e7\u00e3o de renomados pesquisadores, como co-orientadores ou colaboradores nos projetos de pesquisa.<\/p>\n<p><strong>Embrapa Clima Temperado\u00a0<a href=\"https:\/\/www.embrapa.br\/clima-temperado\/infraestrutura\/etb\" target=\"_blank\" rel=\"noopener noreferrer\">Esta\u00e7\u00e3o Experimental Terras Baixas &#8211; ETB<\/a><\/strong><\/p>\n<p>Localizada a apenas 1 km do PPGZ tem forte atua\u00e7\u00e3o na cadeia produtiva do leite, a ETB abriga o SISPEL \u2013 Sistema de Pesquisa e Desenvolvimento em Pecu\u00e1ria de Leite &#8211; inst\u00e2ncia f\u00edsica e operacional que inclui equipe de pesquisa e parceiros, rebanho experimental da ra\u00e7a Jersey, instala\u00e7\u00f5es de manejo e laborat\u00f3rios (reprodu\u00e7\u00e3o animal, nutri\u00e7\u00e3o animal). Destaque para o Laborat\u00f3rio de Qualidade de Leite, credenciado pelo MAPA, e que faz parte da Rede Brasileira de Laborat\u00f3rios de Qualidade de Leite \u2013 RBQL.<\/p>\n\n\t\t<style type=\"text\/css\">\n\t\t\t#gallery-1 {\n\t\t\t\tmargin: auto;\n\t\t\t}\n\t\t\t#gallery-1 .gallery-item {\n\t\t\t\tfloat: left;\n\t\t\t\tmargin-top: 10px;\n\t\t\t\ttext-align: center;\n\t\t\t\twidth: 100%;\n\t\t\t}\n\t\t\t#gallery-1 img {\n\t\t\t\tborder: 2px solid #cfcfcf;\n\t\t\t}\n\t\t\t#gallery-1 .gallery-caption {\n\t\t\t\tmargin-left: 0;\n\t\t\t}\n\t\t\t\/* see gallery_shortcode() in wp-includes\/media.php *\/\n\t\t<\/style>\n\t\t<div id='gallery-1' class='gallery galleryid-1265 gallery-columns-1 gallery-size-full'><dl class='gallery-item'>\n\t\t\t<dt class='gallery-icon landscape'>\n\t\t\t\t<a href='https:\/\/wp.ufpel.edu.br\/ppgz\/centro-de-pesquisas\/mapa-embrapa-2'><img loading=\"lazy\" decoding=\"async\" width=\"1373\" height=\"765\" src=\"https:\/\/wp.ufpel.edu.br\/ppgz\/files\/2021\/02\/Mapa-Embrapa.jpg\" class=\"attachment-full size-full\" alt=\"\" aria-describedby=\"gallery-1-1476\" srcset=\"https:\/\/wp.ufpel.edu.br\/ppgz\/files\/2021\/02\/Mapa-Embrapa.jpg 1373w, https:\/\/wp.ufpel.edu.br\/ppgz\/files\/2021\/02\/Mapa-Embrapa-400x223.jpg 400w, https:\/\/wp.ufpel.edu.br\/ppgz\/files\/2021\/02\/Mapa-Embrapa-1024x571.jpg 1024w, https:\/\/wp.ufpel.edu.br\/ppgz\/files\/2021\/02\/Mapa-Embrapa-768x428.jpg 768w\" sizes=\"auto, (max-width: 1373px) 100vw, 1373px\" \/><\/a>\n\t\t\t<\/dt>\n\t\t\t\t<dd class='wp-caption-text gallery-caption' id='gallery-1-1476'>\n\t\t\t\tA Esta\u00e7\u00e3o experimental Terras baixas est\u00e1 localizada a apenas 1 km do PPGZ\n\t\t\t\t<\/dd><\/dl><br style=\"clear: both\" \/>\n\t\t<\/div>\n\n<p><strong><a href=\"https:\/\/www.embrapa.br\/pecuaria-sul\/infraestrutura\" target=\"_blank\" rel=\"noopener noreferrer\">Embrapa Pecu\u00e1ria Sul<\/a><\/strong><\/p>\n<p>Nos \u00faltimos anos v\u00e1rios projetos (mestrado e doutorado) foram executados e tiveram sua finaliza\u00e7\u00e3o com consequente defesa de tese ou disserta\u00e7\u00e3o dentro desta coopera\u00e7\u00e3o. Neste sentido, estudantes do Programa realizam suas pesquisas de campo utilizando a estrutura da EMBRAPA Pecu\u00e1ria Sul. Com isso, pesquisadores desta institui\u00e7\u00e3o orientam e co-orientam estudantes do PPGZ, bem como ministram parte de disciplinas da p\u00f3s-gradua\u00e7\u00e3o, como tamb\u00e9m possibilitam a execu\u00e7\u00e3o de est\u00e1gios e viv\u00eancia de forma\u00e7\u00e3o de alunos da gradua\u00e7\u00e3o da nossa universidade atrav\u00e9s destes projetos em conjunto.<\/p>\n<p class=\"x_gmail-titulo-acordeom\"><a class=\"x_gmail-tiulo-link\" href=\"https:\/\/www.embrapa.br\/pecuaria-sul\/infraestrutura#collapse_zwbt_1\" target=\"_blank\" rel=\"noopener noreferrer\" data-auth=\"NotApplicable\">Laborat\u00f3rio de Bioinform\u00e1tica e Estat\u00edstica Gen\u00f4mica &#8211; Labegen<\/a><\/p>\n<div id=\"x_gmail-collapse_zwbt_1\" class=\"x_gmail-conteudo-acordeom x_gmail-in\">\n<p>No laborat\u00f3rio de Bioinform\u00e1tica e Estat\u00edstica Gen\u00f4mica s\u00e3o incorporados, adaptados e desenvolvidos modelos, m\u00e9todos e procedimentos para o uso de dados de desempenho, de genealogia e de gen\u00f3tipos no melhoramento de animais de produ\u00e7\u00e3o. As atividades incluem a estrutura\u00e7\u00e3o e organiza\u00e7\u00e3o de bases de dados de fen\u00f3tipos de interesse econ\u00f4mico, dados geneal\u00f3gicos e genot\u00edpicos de animais de produ\u00e7\u00e3o; desenvolvimento de metodologia e ferramentas para defini\u00e7\u00e3o econ\u00f4mica de objetivos de sele\u00e7\u00e3o, avalia\u00e7\u00e3o gen\u00e9tica, estudos de intera\u00e7\u00e3o gen\u00f3tipo-ambiente, estudos de express\u00e3o g\u00eanica e descoberta de marcadores moleculares para caracter\u00edsticas econ\u00f4micas; e suporte aos programas de melhoramento gen\u00e9tico de bovinos e ovinos.<\/p>\n<p><a href=\"https:\/\/www.embrapa.br\/suinos-e-aves\/infraestrutura\" target=\"_blank\" rel=\"noopener noreferrer\"><strong>Embrapa Suinos e Aves<\/strong><\/a><\/p>\n<\/div>\n<p>Em 2018 foi consolidado o conv\u00eanio e parceria m\u00fatua entre a UFPel (PPGZ) e a EMBRAPA Su\u00ednos e Aves com sede em Conc\u00f3rdia &#8211; SC. Deste modo, apesar da dist\u00e2ncia, h\u00e1 uma grande participa\u00e7\u00e3o de alunos do PPGZ em projetos conjuntos entre as duas entidades, realiza\u00e7\u00e3o de experimentos e utiliza\u00e7\u00e3o das demais estruturas daquela institui\u00e7\u00e3o de pesquisa, bem como a realiza\u00e7\u00e3o de est\u00e1gios dos p\u00f3s-graduandos do programa e graduandos vinculados aos projetos de pesquisa.<\/p>\n<p>&nbsp;<\/p>\n","protected":false},"excerpt":{"rendered":"<p>Al\u00e9m de suas instala\u00e7\u00f5es pr\u00f3prias, o PPGZ conta tamb\u00e9m com o apoio de alguns Centros de Pesquisa da EMBRAPA (Clima Temperado, Pelotas-RS; Pecu\u00e1ria Sul, Bag\u00e9-RS e Su\u00ednos e Aves, Conc\u00f3rdia-SC) que d\u00e3o suporte log\u00edstico, seja pelo uso de suas instala\u00e7\u00f5es&#8230; <a class=\"more-link\" href=\"https:\/\/wp.ufpel.edu.br\/ppgz\/centro-de-pesquisas\">Continue lendo &rarr;<\/a><\/p>\n","protected":false},"author":809,"featured_media":0,"parent":0,"menu_order":0,"comment_status":"closed","ping_status":"closed","template":"","meta":{"footnotes":""},"class_list":["post-1265","page","type-page","status-publish","hentry"],"_links":{"self":[{"href":"https:\/\/wp.ufpel.edu.br\/ppgz\/wp-json\/wp\/v2\/pages\/1265","targetHints":{"allow":["GET"]}}],"collection":[{"href":"https:\/\/wp.ufpel.edu.br\/ppgz\/wp-json\/wp\/v2\/pages"}],"about":[{"href":"https:\/\/wp.ufpel.edu.br\/ppgz\/wp-json\/wp\/v2\/types\/page"}],"author":[{"embeddable":true,"href":"https:\/\/wp.ufpel.edu.br\/ppgz\/wp-json\/wp\/v2\/users\/809"}],"replies":[{"embeddable":true,"href":"https:\/\/wp.ufpel.edu.br\/ppgz\/wp-json\/wp\/v2\/comments?post=1265"}],"version-history":[{"count":7,"href":"https:\/\/wp.ufpel.edu.br\/ppgz\/wp-json\/wp\/v2\/pages\/1265\/revisions"}],"predecessor-version":[{"id":1482,"href":"https:\/\/wp.ufpel.edu.br\/ppgz\/wp-json\/wp\/v2\/pages\/1265\/revisions\/1482"}],"wp:attachment":[{"href":"https:\/\/wp.ufpel.edu.br\/ppgz\/wp-json\/wp\/v2\/media?parent=1265"}],"curies":[{"name":"wp","href":"https:\/\/api.w.org\/{rel}","templated":true}]}}