{"id":1261,"date":"2021-01-15T21:21:37","date_gmt":"2021-01-16T00:21:37","guid":{"rendered":"https:\/\/wp.ufpel.edu.br\/ppgz\/?page_id=1261"},"modified":"2021-02-14T16:07:30","modified_gmt":"2021-02-14T19:07:30","slug":"laboratorio-do-estudo-do-comportamento-animal","status":"publish","type":"page","link":"https:\/\/wp.ufpel.edu.br\/ppgz\/laboratorio-do-estudo-do-comportamento-animal","title":{"rendered":"Etologia"},"content":{"rendered":"<p><strong>Atividades de Pesquisa e Ensino<\/strong>: O Laborat\u00f3rio de Etologia foi projetado para atender as atividades te\u00f3ricos\/pr\u00e1ticas da disciplina de Etologia ofertada nos cursos de gradua\u00e7\u00e3o em Zootecnia e Medicina Veterin\u00e1ria, e da disciplina (QUAL) ofertada no Programa de P\u00f3s-gradua\u00e7\u00e3o em Zootecnia, nos n\u00edveis Mestrado e Doutorado. Trata-se ainda de uma unidade experimental, para a condu\u00e7\u00e3o de pesquisas em comportamento\u00a0 e bem-estar animal.<\/p>\n<p><strong>An\u00e1lises desenvolvidas<\/strong><strong>:<\/strong> Testes de toler\u00e2ncia ao calor (bovinos, aves e ovinos). Avalia\u00e7\u00e3o de recursos de conforto t\u00e9rmico. Climatiza\u00e7\u00e3o. An\u00e1lise de comportamento animal. Estudos de termorregula\u00e7\u00e3o. Testes de telessensores. Estudos de estresse e bem-estar.<\/p>\n<p><strong>Equipamentos:<\/strong> Conta com equipamentos b\u00e1sicos para pesquisa, como termohigr\u00f3grafos, term\u00f4metros, termohigr\u00f4metros, globoterm\u00f4metros, balan\u00e7as, estufas, <em>freezers<\/em>, geladeira, destilador, microsc\u00f3pios, computadores em rede, gaiolas e piquetes experimentais, c\u00e2mera termogr\u00e1fica, drone, bin\u00f3culo, lux\u00edmetro, etc.<\/p>\n<p><strong>Est\u00e1gios:<\/strong> Oferece est\u00e1gios para alunos de gradua\u00e7\u00e3o e p\u00f3s-gradua\u00e7\u00e3o das \u00e1reas de Ci\u00eancias Agr\u00e1rias da Universidade Federal de Pelotas e outras institui\u00e7\u00f5es.<\/p>\n","protected":false},"excerpt":{"rendered":"<p>Atividades de Pesquisa e Ensino: O Laborat\u00f3rio de Etologia foi projetado para atender as atividades te\u00f3ricos\/pr\u00e1ticas da disciplina de Etologia ofertada nos cursos de gradua\u00e7\u00e3o em Zootecnia e Medicina Veterin\u00e1ria, e da disciplina (QUAL) ofertada no Programa de P\u00f3s-gradua\u00e7\u00e3o em&#8230; <a class=\"more-link\" href=\"https:\/\/wp.ufpel.edu.br\/ppgz\/laboratorio-do-estudo-do-comportamento-animal\">Continue lendo &rarr;<\/a><\/p>\n","protected":false},"author":809,"featured_media":0,"parent":0,"menu_order":0,"comment_status":"closed","ping_status":"closed","template":"","meta":{"footnotes":""},"class_list":["post-1261","page","type-page","status-publish","hentry"],"_links":{"self":[{"href":"https:\/\/wp.ufpel.edu.br\/ppgz\/wp-json\/wp\/v2\/pages\/1261","targetHints":{"allow":["GET"]}}],"collection":[{"href":"https:\/\/wp.ufpel.edu.br\/ppgz\/wp-json\/wp\/v2\/pages"}],"about":[{"href":"https:\/\/wp.ufpel.edu.br\/ppgz\/wp-json\/wp\/v2\/types\/page"}],"author":[{"embeddable":true,"href":"https:\/\/wp.ufpel.edu.br\/ppgz\/wp-json\/wp\/v2\/users\/809"}],"replies":[{"embeddable":true,"href":"https:\/\/wp.ufpel.edu.br\/ppgz\/wp-json\/wp\/v2\/comments?post=1261"}],"version-history":[{"count":4,"href":"https:\/\/wp.ufpel.edu.br\/ppgz\/wp-json\/wp\/v2\/pages\/1261\/revisions"}],"predecessor-version":[{"id":1414,"href":"https:\/\/wp.ufpel.edu.br\/ppgz\/wp-json\/wp\/v2\/pages\/1261\/revisions\/1414"}],"wp:attachment":[{"href":"https:\/\/wp.ufpel.edu.br\/ppgz\/wp-json\/wp\/v2\/media?parent=1261"}],"curies":[{"name":"wp","href":"https:\/\/api.w.org\/{rel}","templated":true}]}}