{"id":1253,"date":"2021-01-15T21:18:16","date_gmt":"2021-01-16T00:18:16","guid":{"rendered":"https:\/\/wp.ufpel.edu.br\/ppgz\/?page_id=1253"},"modified":"2021-02-08T19:41:30","modified_gmt":"2021-02-08T22:41:30","slug":"laboratorio-de-ovos-e-incubacao","status":"publish","type":"page","link":"https:\/\/wp.ufpel.edu.br\/ppgz\/laboratorio-de-ovos-e-incubacao","title":{"rendered":"Avicultura"},"content":{"rendered":"<p><strong>Objetivo<\/strong><\/p>\n<p>Este laborat\u00f3rio visa apoiar o desenvolvimento de atividades relacionadas ao ensino, pesquisa e extens\u00e3o na \u00e1rea de Produ\u00e7\u00e3o e Alimenta\u00e7\u00e3o de Animais Monog\u00e1stricos e Manejo de Res\u00edduos Zoot\u00e9cnicos, atendendo aos cursos de gradua\u00e7\u00e3o da Agronomia (FAEM), Zootecnia (FAEM) e Veterin\u00e1ria (FV), bem como ao programa de P\u00f3s-gradua\u00e7\u00e3o em Zootecnia (PPGZ). As atividades consistem em criar, manejar e alimentar animais de produ\u00e7\u00e3o, com \u00eanfase na pesquisa em avicultura e manejo de res\u00edduos zoot\u00e9cnicos.<\/p>\n<p>Os ambientes s\u00e3o multiusos e, consistem de espa\u00e7o para ensino, pesquisa e extens\u00e3o nas \u00e1reas de produ\u00e7\u00e3o e nutri\u00e7\u00e3o animal com \u00eanfase em monog\u00e1stricos e manejo de res\u00edduos zoot\u00e9cnicos.<\/p>\n\n\t\t<style type=\"text\/css\">\n\t\t\t#gallery-1 {\n\t\t\t\tmargin: auto;\n\t\t\t}\n\t\t\t#gallery-1 .gallery-item {\n\t\t\t\tfloat: left;\n\t\t\t\tmargin-top: 10px;\n\t\t\t\ttext-align: center;\n\t\t\t\twidth: 50%;\n\t\t\t}\n\t\t\t#gallery-1 img {\n\t\t\t\tborder: 2px solid #cfcfcf;\n\t\t\t}\n\t\t\t#gallery-1 .gallery-caption {\n\t\t\t\tmargin-left: 0;\n\t\t\t}\n\t\t\t\/* see gallery_shortcode() in wp-includes\/media.php *\/\n\t\t<\/style>\n\t\t<div id='gallery-1' class='gallery galleryid-1253 gallery-columns-2 gallery-size-medium'><dl class='gallery-item'>\n\t\t\t<dt class='gallery-icon landscape'>\n\t\t\t\t<a href='https:\/\/wp.ufpel.edu.br\/ppgz\/laboratorio-de-ovos-e-incubacao\/img_20181105_201517'><img loading=\"lazy\" decoding=\"async\" width=\"400\" height=\"300\" src=\"https:\/\/wp.ufpel.edu.br\/ppgz\/files\/2021\/01\/IMG_20181105_201517-400x300.jpg\" class=\"attachment-medium size-medium\" alt=\"\" aria-describedby=\"gallery-1-1321\" srcset=\"https:\/\/wp.ufpel.edu.br\/ppgz\/files\/2021\/01\/IMG_20181105_201517-400x300.jpg 400w, https:\/\/wp.ufpel.edu.br\/ppgz\/files\/2021\/01\/IMG_20181105_201517-1024x768.jpg 1024w, https:\/\/wp.ufpel.edu.br\/ppgz\/files\/2021\/01\/IMG_20181105_201517-768x576.jpg 768w, https:\/\/wp.ufpel.edu.br\/ppgz\/files\/2021\/01\/IMG_20181105_201517-1536x1152.jpg 1536w, https:\/\/wp.ufpel.edu.br\/ppgz\/files\/2021\/01\/IMG_20181105_201517-2048x1536.jpg 2048w\" sizes=\"auto, (max-width: 400px) 100vw, 400px\" \/><\/a>\n\t\t\t<\/dt>\n\t\t\t\t<dd class='wp-caption-text gallery-caption' id='gallery-1-1321'>\n\t\t\t\t\u00c1rea frangos de corte\n\t\t\t\t<\/dd><\/dl><dl class='gallery-item'>\n\t\t\t<dt class='gallery-icon landscape'>\n\t\t\t\t<a href='https:\/\/wp.ufpel.edu.br\/ppgz\/laboratorio-de-ovos-e-incubacao\/img_20181207_134615'><img loading=\"lazy\" decoding=\"async\" width=\"400\" height=\"300\" src=\"https:\/\/wp.ufpel.edu.br\/ppgz\/files\/2021\/01\/IMG_20181207_134615-400x300.jpg\" class=\"attachment-medium size-medium\" alt=\"\" aria-describedby=\"gallery-1-1322\" srcset=\"https:\/\/wp.ufpel.edu.br\/ppgz\/files\/2021\/01\/IMG_20181207_134615-400x300.jpg 400w, https:\/\/wp.ufpel.edu.br\/ppgz\/files\/2021\/01\/IMG_20181207_134615-1024x768.jpg 1024w, https:\/\/wp.ufpel.edu.br\/ppgz\/files\/2021\/01\/IMG_20181207_134615-768x576.jpg 768w, https:\/\/wp.ufpel.edu.br\/ppgz\/files\/2021\/01\/IMG_20181207_134615-1536x1152.jpg 1536w, https:\/\/wp.ufpel.edu.br\/ppgz\/files\/2021\/01\/IMG_20181207_134615-2048x1536.jpg 2048w\" sizes=\"auto, (max-width: 400px) 100vw, 400px\" \/><\/a>\n\t\t\t<\/dt>\n\t\t\t\t<dd class='wp-caption-text gallery-caption' id='gallery-1-1322'>\n\t\t\t\tUnidades experimentais\n\t\t\t\t<\/dd><\/dl><br style=\"clear: both\" \/><dl class='gallery-item'>\n\t\t\t<dt class='gallery-icon portrait'>\n\t\t\t\t<a href='https:\/\/wp.ufpel.edu.br\/ppgz\/laboratorio-de-ovos-e-incubacao\/20181122_174355'><img loading=\"lazy\" decoding=\"async\" width=\"225\" height=\"400\" src=\"https:\/\/wp.ufpel.edu.br\/ppgz\/files\/2021\/01\/20181122_174355-225x400.jpg\" class=\"attachment-medium size-medium\" alt=\"\" aria-describedby=\"gallery-1-1318\" srcset=\"https:\/\/wp.ufpel.edu.br\/ppgz\/files\/2021\/01\/20181122_174355-225x400.jpg 225w, https:\/\/wp.ufpel.edu.br\/ppgz\/files\/2021\/01\/20181122_174355-576x1024.jpg 576w, https:\/\/wp.ufpel.edu.br\/ppgz\/files\/2021\/01\/20181122_174355-768x1365.jpg 768w, https:\/\/wp.ufpel.edu.br\/ppgz\/files\/2021\/01\/20181122_174355-864x1536.jpg 864w, https:\/\/wp.ufpel.edu.br\/ppgz\/files\/2021\/01\/20181122_174355-1152x2048.jpg 1152w, https:\/\/wp.ufpel.edu.br\/ppgz\/files\/2021\/01\/20181122_174355-scaled.jpg 1440w\" sizes=\"auto, (max-width: 225px) 100vw, 225px\" \/><\/a>\n\t\t\t<\/dt>\n\t\t\t\t<dd class='wp-caption-text gallery-caption' id='gallery-1-1318'>\n\t\t\t\tEstudos em nutri\u00e7\u00e3o\n\t\t\t\t<\/dd><\/dl><dl class='gallery-item'>\n\t\t\t<dt class='gallery-icon portrait'>\n\t\t\t\t<a href='https:\/\/wp.ufpel.edu.br\/ppgz\/laboratorio-de-ovos-e-incubacao\/img-20181105-wa0012'><img loading=\"lazy\" decoding=\"async\" width=\"225\" height=\"400\" src=\"https:\/\/wp.ufpel.edu.br\/ppgz\/files\/2021\/01\/IMG-20181105-WA0012-225x400.jpg\" class=\"attachment-medium size-medium\" alt=\"\" aria-describedby=\"gallery-1-1324\" srcset=\"https:\/\/wp.ufpel.edu.br\/ppgz\/files\/2021\/01\/IMG-20181105-WA0012-225x400.jpg 225w, https:\/\/wp.ufpel.edu.br\/ppgz\/files\/2021\/01\/IMG-20181105-WA0012-576x1024.jpg 576w, https:\/\/wp.ufpel.edu.br\/ppgz\/files\/2021\/01\/IMG-20181105-WA0012.jpg 585w\" sizes=\"auto, (max-width: 225px) 100vw, 225px\" \/><\/a>\n\t\t\t<\/dt>\n\t\t\t\t<dd class='wp-caption-text gallery-caption' id='gallery-1-1324'>\n\t\t\t\tAvalia\u00e7\u00e3o desempenho\n\t\t\t\t<\/dd><\/dl><br style=\"clear: both\" \/><dl class='gallery-item'>\n\t\t\t<dt class='gallery-icon landscape'>\n\t\t\t\t<a href='https:\/\/wp.ufpel.edu.br\/ppgz\/laboratorio-de-ovos-e-incubacao\/photo'><img loading=\"lazy\" decoding=\"async\" width=\"400\" height=\"400\" src=\"https:\/\/wp.ufpel.edu.br\/ppgz\/files\/2021\/01\/photo-400x400.jpg\" class=\"attachment-medium size-medium\" alt=\"\" aria-describedby=\"gallery-1-1323\" srcset=\"https:\/\/wp.ufpel.edu.br\/ppgz\/files\/2021\/01\/photo-400x400.jpg 400w, https:\/\/wp.ufpel.edu.br\/ppgz\/files\/2021\/01\/photo-200x200.jpg 200w, https:\/\/wp.ufpel.edu.br\/ppgz\/files\/2021\/01\/photo-600x600.jpg 600w, https:\/\/wp.ufpel.edu.br\/ppgz\/files\/2021\/01\/photo-150x150.jpg 150w, https:\/\/wp.ufpel.edu.br\/ppgz\/files\/2021\/01\/photo.jpg 640w\" sizes=\"auto, (max-width: 400px) 100vw, 400px\" \/><\/a>\n\t\t\t<\/dt>\n\t\t\t\t<dd class='wp-caption-text gallery-caption' id='gallery-1-1323'>\n\t\t\t\t\u00c1rea compostagem\n\t\t\t\t<\/dd><\/dl><dl class='gallery-item'>\n\t\t\t<dt class='gallery-icon landscape'>\n\t\t\t\t<a href='https:\/\/wp.ufpel.edu.br\/ppgz\/laboratorio-de-ovos-e-incubacao\/img-20181218-wa0004'><img loading=\"lazy\" decoding=\"async\" width=\"400\" height=\"300\" src=\"https:\/\/wp.ufpel.edu.br\/ppgz\/files\/2021\/01\/IMG-20181218-WA0004-400x300.jpg\" class=\"attachment-medium size-medium\" alt=\"\" aria-describedby=\"gallery-1-1326\" srcset=\"https:\/\/wp.ufpel.edu.br\/ppgz\/files\/2021\/01\/IMG-20181218-WA0004-400x300.jpg 400w, https:\/\/wp.ufpel.edu.br\/ppgz\/files\/2021\/01\/IMG-20181218-WA0004-1024x768.jpg 1024w, https:\/\/wp.ufpel.edu.br\/ppgz\/files\/2021\/01\/IMG-20181218-WA0004-768x576.jpg 768w, https:\/\/wp.ufpel.edu.br\/ppgz\/files\/2021\/01\/IMG-20181218-WA0004.jpg 1280w\" sizes=\"auto, (max-width: 400px) 100vw, 400px\" \/><\/a>\n\t\t\t<\/dt>\n\t\t\t\t<dd class='wp-caption-text gallery-caption' id='gallery-1-1326'>\n\t\t\t\tCompostagem de carca\u00e7as\n\t\t\t\t<\/dd><\/dl><br style=\"clear: both\" \/><dl class='gallery-item'>\n\t\t\t<dt class='gallery-icon landscape'>\n\t\t\t\t<a href='https:\/\/wp.ufpel.edu.br\/ppgz\/laboratorio-de-ovos-e-incubacao\/incubacao'><img loading=\"lazy\" decoding=\"async\" width=\"400\" height=\"300\" src=\"https:\/\/wp.ufpel.edu.br\/ppgz\/files\/2021\/01\/incubacao-400x300.jpg\" class=\"attachment-medium size-medium\" alt=\"\" aria-describedby=\"gallery-1-1346\" srcset=\"https:\/\/wp.ufpel.edu.br\/ppgz\/files\/2021\/01\/incubacao-400x300.jpg 400w, https:\/\/wp.ufpel.edu.br\/ppgz\/files\/2021\/01\/incubacao-1024x768.jpg 1024w, https:\/\/wp.ufpel.edu.br\/ppgz\/files\/2021\/01\/incubacao-768x576.jpg 768w, https:\/\/wp.ufpel.edu.br\/ppgz\/files\/2021\/01\/incubacao.jpg 1500w\" sizes=\"auto, (max-width: 400px) 100vw, 400px\" \/><\/a>\n\t\t\t<\/dt>\n\t\t\t\t<dd class='wp-caption-text gallery-caption' id='gallery-1-1346'>\n\t\t\t\tIncuba\u00e7\u00e3o de ovos\n\t\t\t\t<\/dd><\/dl><dl class='gallery-item'>\n\t\t\t<dt class='gallery-icon landscape'>\n\t\t\t\t<a href='https:\/\/wp.ufpel.edu.br\/ppgz\/laboratorio-de-ovos-e-incubacao\/codornas'><img loading=\"lazy\" decoding=\"async\" width=\"400\" height=\"240\" src=\"https:\/\/wp.ufpel.edu.br\/ppgz\/files\/2021\/01\/Codornas-400x240.jpg\" class=\"attachment-medium size-medium\" alt=\"\" aria-describedby=\"gallery-1-1319\" srcset=\"https:\/\/wp.ufpel.edu.br\/ppgz\/files\/2021\/01\/Codornas-400x240.jpg 400w, https:\/\/wp.ufpel.edu.br\/ppgz\/files\/2021\/01\/Codornas.jpg 424w\" sizes=\"auto, (max-width: 400px) 100vw, 400px\" \/><\/a>\n\t\t\t<\/dt>\n\t\t\t\t<dd class='wp-caption-text gallery-caption' id='gallery-1-1319'>\n\t\t\t\t\u00c1rea codornas postura\n\t\t\t\t<\/dd><\/dl><br style=\"clear: both\" \/><dl class='gallery-item'>\n\t\t\t<dt class='gallery-icon landscape'>\n\t\t\t\t<a href='https:\/\/wp.ufpel.edu.br\/ppgz\/laboratorio-de-ovos-e-incubacao\/cod1dia'><img loading=\"lazy\" decoding=\"async\" width=\"400\" height=\"300\" src=\"https:\/\/wp.ufpel.edu.br\/ppgz\/files\/2021\/01\/cod1dia-400x300.jpg\" class=\"attachment-medium size-medium\" alt=\"\" aria-describedby=\"gallery-1-1345\" srcset=\"https:\/\/wp.ufpel.edu.br\/ppgz\/files\/2021\/01\/cod1dia-400x300.jpg 400w, https:\/\/wp.ufpel.edu.br\/ppgz\/files\/2021\/01\/cod1dia-1024x768.jpg 1024w, https:\/\/wp.ufpel.edu.br\/ppgz\/files\/2021\/01\/cod1dia-768x576.jpg 768w, https:\/\/wp.ufpel.edu.br\/ppgz\/files\/2021\/01\/cod1dia.jpg 1500w\" sizes=\"auto, (max-width: 400px) 100vw, 400px\" \/><\/a>\n\t\t\t<\/dt>\n\t\t\t\t<dd class='wp-caption-text gallery-caption' id='gallery-1-1345'>\n\t\t\t\tCodorna 1 dia\n\t\t\t\t<\/dd><\/dl><dl class='gallery-item'>\n\t\t\t<dt class='gallery-icon portrait'>\n\t\t\t\t<a href='https:\/\/wp.ufpel.edu.br\/ppgz\/laboratorio-de-ovos-e-incubacao\/codornas30dias'><img loading=\"lazy\" decoding=\"async\" width=\"258\" height=\"400\" src=\"https:\/\/wp.ufpel.edu.br\/ppgz\/files\/2021\/01\/Codornas30dias-258x400.jpg\" class=\"attachment-medium size-medium\" alt=\"\" aria-describedby=\"gallery-1-1343\" srcset=\"https:\/\/wp.ufpel.edu.br\/ppgz\/files\/2021\/01\/Codornas30dias-258x400.jpg 258w, https:\/\/wp.ufpel.edu.br\/ppgz\/files\/2021\/01\/Codornas30dias-661x1024.jpg 661w, https:\/\/wp.ufpel.edu.br\/ppgz\/files\/2021\/01\/Codornas30dias.jpg 726w\" sizes=\"auto, (max-width: 258px) 100vw, 258px\" \/><\/a>\n\t\t\t<\/dt>\n\t\t\t\t<dd class='wp-caption-text gallery-caption' id='gallery-1-1343'>\n\t\t\t\tCodorna 32 dias\n\t\t\t\t<\/dd><\/dl><br style=\"clear: both\" \/>\n\t\t<\/div>\n\n<p>&nbsp;<\/p>\n<p><strong>Resumo dos equipamentos<\/strong><\/p>\n<p>Aparelho de Rauch, balan\u00e7as para classifica\u00e7\u00e3o de ovos, incubadoras, r\u00e9gua para avalia\u00e7\u00e3o da unidade Haugh, peso espec\u00edfico dos ovos, leque color\u00edmetro de Roche, aparelho para avaliar \u00edndice morfol\u00f3gico, aparelho para medir a espessura da casca do ovo e micr\u00f4metro.<\/p>\n<p>Estufas de determina\u00e7\u00e3o de umidade, moinho el\u00e9trico, misturadores de ra\u00e7\u00e3o em Y para 3kg e 150kg de ra\u00e7\u00e3o, misturador de ra\u00e7\u00e3o vertical 500kg, balan\u00e7as t\u00e9cnicas, determinadores de umidade, color\u00edmetro, seladora autom\u00e1tica, sistema de peneiras autom\u00e1tica para granulometria.<\/p>\n","protected":false},"excerpt":{"rendered":"<p>Objetivo Este laborat\u00f3rio visa apoiar o desenvolvimento de atividades relacionadas ao ensino, pesquisa e extens\u00e3o na \u00e1rea de Produ\u00e7\u00e3o e Alimenta\u00e7\u00e3o de Animais Monog\u00e1stricos e Manejo de Res\u00edduos Zoot\u00e9cnicos, atendendo aos cursos de gradua\u00e7\u00e3o da Agronomia (FAEM), Zootecnia (FAEM) e&#8230; <a class=\"more-link\" href=\"https:\/\/wp.ufpel.edu.br\/ppgz\/laboratorio-de-ovos-e-incubacao\">Continue lendo &rarr;<\/a><\/p>\n","protected":false},"author":809,"featured_media":0,"parent":0,"menu_order":0,"comment_status":"closed","ping_status":"closed","template":"","meta":{"footnotes":""},"class_list":["post-1253","page","type-page","status-publish","hentry"],"_links":{"self":[{"href":"https:\/\/wp.ufpel.edu.br\/ppgz\/wp-json\/wp\/v2\/pages\/1253","targetHints":{"allow":["GET"]}}],"collection":[{"href":"https:\/\/wp.ufpel.edu.br\/ppgz\/wp-json\/wp\/v2\/pages"}],"about":[{"href":"https:\/\/wp.ufpel.edu.br\/ppgz\/wp-json\/wp\/v2\/types\/page"}],"author":[{"embeddable":true,"href":"https:\/\/wp.ufpel.edu.br\/ppgz\/wp-json\/wp\/v2\/users\/809"}],"replies":[{"embeddable":true,"href":"https:\/\/wp.ufpel.edu.br\/ppgz\/wp-json\/wp\/v2\/comments?post=1253"}],"version-history":[{"count":10,"href":"https:\/\/wp.ufpel.edu.br\/ppgz\/wp-json\/wp\/v2\/pages\/1253\/revisions"}],"predecessor-version":[{"id":1388,"href":"https:\/\/wp.ufpel.edu.br\/ppgz\/wp-json\/wp\/v2\/pages\/1253\/revisions\/1388"}],"wp:attachment":[{"href":"https:\/\/wp.ufpel.edu.br\/ppgz\/wp-json\/wp\/v2\/media?parent=1253"}],"curies":[{"name":"wp","href":"https:\/\/api.w.org\/{rel}","templated":true}]}}