{"id":1249,"date":"2021-01-15T21:16:54","date_gmt":"2021-01-16T00:16:54","guid":{"rendered":"https:\/\/wp.ufpel.edu.br\/ppgz\/?page_id=1249"},"modified":"2021-02-14T16:24:42","modified_gmt":"2021-02-14T19:24:42","slug":"laboratorio-de-nutricao-animal","status":"publish","type":"page","link":"https:\/\/wp.ufpel.edu.br\/ppgz\/laboratorio-de-nutricao-animal","title":{"rendered":"Nutri\u00e7\u00e3o Animal"},"content":{"rendered":"<p>O Laborat\u00f3rio de Nutri\u00e7\u00e3o Animal (LNA) tem como finalidade realizar analises f\u00edsico-qu\u00edmicas e biol\u00f3gicas de forragens, produtos e mat\u00e9rias primas utilizadas na elabora\u00e7\u00e3o de ra\u00e7\u00f5es para alimenta\u00e7\u00e3o animal, e materiais biol\u00f3gicos coletados em ensaios de pesquisa. \u00a0O laborat\u00f3rio visa contribuir com a forma\u00e7\u00e3o dos estudantes possibilitando atividades did\u00e1ticas dentro do laborat\u00f3rio e auxiliar discentes de gradua\u00e7\u00e3o e p\u00f3s-gradua\u00e7\u00e3o em projetos de ensino, pesquisa e extens\u00e3o.<\/p>\n<p>O laborat\u00f3rio est\u00e1 situado no Departamento de Zootecnia da Faculdade de Agronomia Eliseu Maciel, e beneficia o curso de Zootecnia (FAEM), Agronomia (FAEM) e Medicina Veterin\u00e1ria (FV). S\u00e3o realizadas diferentes an\u00e1lises de materiais destinados a alimenta\u00e7\u00e3o e nutri\u00e7\u00e3o animal seguindo rigorosamente protocolos de an\u00e1lises para garantir qualidade e confiabilidade nos resultados.<\/p>\n<p><strong>An\u00e1lises recorrentes:<\/strong><\/p>\n<p>&#8211; An\u00e1lise com m\u00e9todo de Weende<\/p>\n<p>&#8211; An\u00e1lise com m\u00e9todo de Van Soest<\/p>\n<p>&#8211; Digestibilidade <em>in vitro<\/em><\/p>\n\n\t\t<style type=\"text\/css\">\n\t\t\t#gallery-1 {\n\t\t\t\tmargin: auto;\n\t\t\t}\n\t\t\t#gallery-1 .gallery-item {\n\t\t\t\tfloat: left;\n\t\t\t\tmargin-top: 10px;\n\t\t\t\ttext-align: center;\n\t\t\t\twidth: 100%;\n\t\t\t}\n\t\t\t#gallery-1 img {\n\t\t\t\tborder: 2px solid #cfcfcf;\n\t\t\t}\n\t\t\t#gallery-1 .gallery-caption {\n\t\t\t\tmargin-left: 0;\n\t\t\t}\n\t\t\t\/* see gallery_shortcode() in wp-includes\/media.php *\/\n\t\t<\/style>\n\t\t<div id='gallery-1' class='gallery galleryid-1249 gallery-columns-1 gallery-size-medium'><dl class='gallery-item'>\n\t\t\t<dt class='gallery-icon landscape'>\n\t\t\t\t<a href='https:\/\/wp.ufpel.edu.br\/ppgz\/laboratorio-de-nutricao-animal\/lna'><img loading=\"lazy\" decoding=\"async\" width=\"400\" height=\"299\" src=\"https:\/\/wp.ufpel.edu.br\/ppgz\/files\/2021\/02\/LNA-400x299.jpg\" class=\"attachment-medium size-medium\" alt=\"\" aria-describedby=\"gallery-1-1418\" srcset=\"https:\/\/wp.ufpel.edu.br\/ppgz\/files\/2021\/02\/LNA-400x299.jpg 400w, https:\/\/wp.ufpel.edu.br\/ppgz\/files\/2021\/02\/LNA-768x574.jpg 768w, https:\/\/wp.ufpel.edu.br\/ppgz\/files\/2021\/02\/LNA.jpg 842w\" sizes=\"auto, (max-width: 400px) 100vw, 400px\" \/><\/a>\n\t\t\t<\/dt>\n\t\t\t\t<dd class='wp-caption-text gallery-caption' id='gallery-1-1418'>\n\t\t\t\tLaborat\u00f3rio de Nutri\u00e7\u00e3o Animal\n\t\t\t\t<\/dd><\/dl><br style=\"clear: both\" \/><dl class='gallery-item'>\n\t\t\t<dt class='gallery-icon landscape'>\n\t\t\t\t<a href='https:\/\/wp.ufpel.edu.br\/ppgz\/laboratorio-de-nutricao-animal\/balancas'><img loading=\"lazy\" decoding=\"async\" width=\"400\" height=\"299\" src=\"https:\/\/wp.ufpel.edu.br\/ppgz\/files\/2021\/02\/balancas-400x299.jpg\" class=\"attachment-medium size-medium\" alt=\"\" aria-describedby=\"gallery-1-1416\" srcset=\"https:\/\/wp.ufpel.edu.br\/ppgz\/files\/2021\/02\/balancas-400x299.jpg 400w, https:\/\/wp.ufpel.edu.br\/ppgz\/files\/2021\/02\/balancas.jpg 719w\" sizes=\"auto, (max-width: 400px) 100vw, 400px\" \/><\/a>\n\t\t\t<\/dt>\n\t\t\t\t<dd class='wp-caption-text gallery-caption' id='gallery-1-1416'>\n\t\t\t\tSala de pesagem com balan\u00e7as de precis\u00e3o\n\t\t\t\t<\/dd><\/dl><br style=\"clear: both\" \/><dl class='gallery-item'>\n\t\t\t<dt class='gallery-icon landscape'>\n\t\t\t\t<a href='https:\/\/wp.ufpel.edu.br\/ppgz\/laboratorio-de-nutricao-animal\/extrator'><img loading=\"lazy\" decoding=\"async\" width=\"400\" height=\"300\" src=\"https:\/\/wp.ufpel.edu.br\/ppgz\/files\/2021\/02\/Extrator-400x300.jpg\" class=\"attachment-medium size-medium\" alt=\"\" aria-describedby=\"gallery-1-1417\" srcset=\"https:\/\/wp.ufpel.edu.br\/ppgz\/files\/2021\/02\/Extrator-400x300.jpg 400w, https:\/\/wp.ufpel.edu.br\/ppgz\/files\/2021\/02\/Extrator-768x576.jpg 768w, https:\/\/wp.ufpel.edu.br\/ppgz\/files\/2021\/02\/Extrator.jpg 1024w\" sizes=\"auto, (max-width: 400px) 100vw, 400px\" \/><\/a>\n\t\t\t<\/dt>\n\t\t\t\t<dd class='wp-caption-text gallery-caption' id='gallery-1-1417'>\n\t\t\t\tExtrator de Soxhlet &#8211; An\u00e1lise de Extrato Et\u00e9reo\n\t\t\t\t<\/dd><\/dl><br style=\"clear: both\" \/>\n\t\t<\/div>\n\n<p><strong>Resumo dos equipamentos<\/strong><\/p>\n<p>O laborat\u00f3rio possui uma variada gama de equipamentos para a realiza\u00e7\u00e3o de an\u00e1lises relacionada a composi\u00e7\u00e3o e digestibilidade de alimentos entre outras an\u00e1lises. Dentre eles est\u00e3o:<\/p>\n<p>&#8211; Capela de Exaust\u00e3o de gases<br \/>\n&#8211; Bloco digestor<br \/>\n&#8211; Extator de Soxhlet<br \/>\n&#8211; Homogeneizador e triturador<br \/>\n&#8211; Estufa com circula\u00e7\u00e3o de ar for\u00e7ado<br \/>\n&#8211; Estufa de secagem<br \/>\n&#8211; Mufla<br \/>\n&#8211; Bureta eletr\u00f4nica<br \/>\n&#8211; Determinador de FB, FDN e FDA<br \/>\n&#8211; Incubadora de liquido ruminal<br \/>\n&#8211; Destilador de nitrog\u00eanio<\/p>\n<p>&#8211; Balan\u00e7as de precis\u00e3o<\/p>\n<p>&#8211; Etc.<\/p>\n<p>&nbsp;<\/p>\n<div><\/div>\n","protected":false},"excerpt":{"rendered":"<p>O Laborat\u00f3rio de Nutri\u00e7\u00e3o Animal (LNA) tem como finalidade realizar analises f\u00edsico-qu\u00edmicas e biol\u00f3gicas de forragens, produtos e mat\u00e9rias primas utilizadas na elabora\u00e7\u00e3o de ra\u00e7\u00f5es para alimenta\u00e7\u00e3o animal, e materiais biol\u00f3gicos coletados em ensaios de pesquisa. \u00a0O laborat\u00f3rio visa contribuir&#8230; <a class=\"more-link\" href=\"https:\/\/wp.ufpel.edu.br\/ppgz\/laboratorio-de-nutricao-animal\">Continue lendo &rarr;<\/a><\/p>\n","protected":false},"author":809,"featured_media":0,"parent":0,"menu_order":0,"comment_status":"closed","ping_status":"closed","template":"","meta":{"footnotes":""},"class_list":["post-1249","page","type-page","status-publish","hentry"],"_links":{"self":[{"href":"https:\/\/wp.ufpel.edu.br\/ppgz\/wp-json\/wp\/v2\/pages\/1249","targetHints":{"allow":["GET"]}}],"collection":[{"href":"https:\/\/wp.ufpel.edu.br\/ppgz\/wp-json\/wp\/v2\/pages"}],"about":[{"href":"https:\/\/wp.ufpel.edu.br\/ppgz\/wp-json\/wp\/v2\/types\/page"}],"author":[{"embeddable":true,"href":"https:\/\/wp.ufpel.edu.br\/ppgz\/wp-json\/wp\/v2\/users\/809"}],"replies":[{"embeddable":true,"href":"https:\/\/wp.ufpel.edu.br\/ppgz\/wp-json\/wp\/v2\/comments?post=1249"}],"version-history":[{"count":8,"href":"https:\/\/wp.ufpel.edu.br\/ppgz\/wp-json\/wp\/v2\/pages\/1249\/revisions"}],"predecessor-version":[{"id":1423,"href":"https:\/\/wp.ufpel.edu.br\/ppgz\/wp-json\/wp\/v2\/pages\/1249\/revisions\/1423"}],"wp:attachment":[{"href":"https:\/\/wp.ufpel.edu.br\/ppgz\/wp-json\/wp\/v2\/media?parent=1249"}],"curies":[{"name":"wp","href":"https:\/\/api.w.org\/{rel}","templated":true}]}}