{"id":1245,"date":"2021-01-15T21:15:23","date_gmt":"2021-01-16T00:15:23","guid":{"rendered":"https:\/\/wp.ufpel.edu.br\/ppgz\/?page_id=1245"},"modified":"2021-02-19T14:16:07","modified_gmt":"2021-02-19T17:16:07","slug":"laboratorio-de-las","status":"publish","type":"page","link":"https:\/\/wp.ufpel.edu.br\/ppgz\/laboratorio-de-las","title":{"rendered":"Suporte"},"content":{"rendered":"<p>O PPGZ tamb\u00e9m conta com o apoio de Laborat\u00f3rios de outros departamentos da UFPEL que d\u00e3o suporte as pesquisas e apoiam a forma\u00e7\u00e3o dos estudantes do PPGZ no sentido de incrementarem suas an\u00e1lises experimentais possibilitando melhores publica\u00e7\u00f5es e respostas cient\u00edficas.<\/p>\n<p><a href=\"https:\/\/wp.ufpel.edu.br\/centralanaliticaquimica\/\" target=\"_blank\" rel=\"noopener noreferrer\"><strong>Central Anal\u00edtica <\/strong><\/a><\/p>\n<p>O PPGZ conta tamb\u00e9m com a Central Anal\u00edtica da Universidade Federal de Pelotas, tendo sido criada em 2006 (atrav\u00e9s do MCT\/FINEP\/CT-INFRA &#8211; PROINFRA), e envolvendo tr\u00eas Institutos B\u00e1sicos (Instituto de Biologia, Instituto de F\u00edsica e Matem\u00e1tica e Instituto de Qu\u00edmica), com o apoio dos cursos de Odontologia, Veterin\u00e1ria, Agronomia, Qu\u00edmica de Alimentos e Ci\u00eancia e Tecnologia Agroindustrial. A Central foi consolidada em 2007, e passou a ter o seu funcionamento com equipamentos de \u00faltima gera\u00e7\u00e3o, disponibilizados a todos os Programas de P\u00f3s-Gradua\u00e7\u00e3o da UFPEL. Dentre os equipamentos dispon\u00edveis, pode-se citar: espectofot\u00f4metro de absor\u00e7\u00e3o at\u00f4mica, cromat\u00f3grafo gasoso com detector FID, calor\u00edmetro diferencial de varredura, analisador eletroqu\u00edmico, microsm\u00f4metro, eletroforese 2D, eletroforese em campo pulsado, cit\u00f4metro de fluxo, estufas de CO2, centr\u00edfugas, criostato, sistema de purifica\u00e7\u00e3o de \u00e1gua, c\u00e2mara fria, ultrafreezer, cabine de seguran\u00e7a biol\u00f3gica, microsc\u00f3pio eletr\u00f4nico de varredura, dentre outros.<\/p>\n<p><a href=\"https:\/\/lpcvet.wixsite.com\/lpcvet\" target=\"_blank\" rel=\"noopener noreferrer\"><strong>LPCVet-UFPel<\/strong><\/a><\/p>\n<p>Localiza\u00e7\u00e3o: O Laborat\u00f3rio de Patologia Cl\u00ednica Veterin\u00e1ria da Universidade Federal de Pelotas (LPCVet-UFPel) localiza-se anexado ao Hospital de Cl\u00ednicas Veterin\u00e1rias da UFPel, na cidade de Cap\u00e3o do Le\u00e3o.<\/p>\n<p>Objetivo: O LPCVet-UFPel conta com uma gama de exames complementares, que al\u00e9m de auxiliarem no diagn\u00f3stico, tratamento e progn\u00f3stico de casos cl\u00ednicos de pacientes atendidos no HCV-UFPel, tamb\u00e9m s\u00e3o utilizados por alunos da p\u00f3s gradua\u00e7\u00e3o para a realiza\u00e7\u00e3o de diversos projetos de pesquisa, extens\u00e3o e ensino.<\/p>\n<p>Avalia\u00e7\u00f5es feitas: Equipado com diversas ferramentas como microsc\u00f3pios, contador hematol\u00f3gico e analisador bioqu\u00edmico automatizados, hemogas\u00f4metro e coagul\u00f4metro, o LPCVet atende \u00e0 demanda de cl\u00ednicos e cirurgi\u00f5es de animais dom\u00e9sticos de pequeno e grande porte, al\u00e9m de animais selvagens, sendo as amostras de esp\u00e9cies canina, eq\u00fcina, felina e ovina as mais freq\u00fcentemente recebidas. Dentre os exames disponibilizados na rotina laboratorial ent\u00e3o os exames hematol\u00f3gicos (hemograma, concentra\u00e7\u00e3o de prote\u00ednas plasm\u00e1ticas totais, concentra\u00e7\u00e3o de fibrinog\u00eanio plasm\u00e1tico, contagem de reticul\u00f3citos e pesquisa de hemoparasitas), os exames bioqu\u00edmicos (mais de 10 marcadores), urin\u00e1lise, exame parasitol\u00f3gico de pele, citologias vaginal, de pele e de secre\u00e7\u00e3o auricular, an\u00e1lise de l\u00edquor e de l\u00edquidos cavit\u00e1rios e citologia aspirativa e n\u00e3o aspirativa com agulha fina.<\/p>\n<p><a href=\"https:\/\/wp.ufpel.edu.br\/labmequi\/\" target=\"_blank\" rel=\"noopener noreferrer\"><strong>Laborat\u00f3rio de Metrologia Qu\u00edmica (LabMeQui)<\/strong><\/a><\/p>\n<p>Objetivo<\/p>\n<p>O grupo de pesquisa LabMeQui tem por objetivo o desenvolvimento de m\u00e9todos de preparo de amostras utilizando o sistema de refluxo, sistema fechado de baixa press\u00e3o e m\u00e9todos de solubiliza\u00e7\u00e3o para determina\u00e7\u00e3o da concentra\u00e7\u00e3o total de elementos essenciais e potencialmente t\u00f3xicos em diferentes matrizes (alimentos, \u00e1guas, lodo, fertilizantes, entre outros). Al\u00e9m disso, desenvolve estudos de bioacessibilidade in vitro, ou seja, simula as condi\u00e7\u00f5es fisiol\u00f3gicas do organismo humano para avaliar o quanto da concentra\u00e7\u00e3o total presente em um alimento \u00e9 absorvida pelo epit\u00e9lio intestinal para manuten\u00e7\u00e3o do organismo humano. Todas as determina\u00e7\u00f5es s\u00e3o realizadas por t\u00e9cnicas de espectrometria at\u00f4mica e emiss\u00e3o \u00f3ptica. O laborat\u00f3rio visa atender alunos de p\u00f3s gradua\u00e7\u00e3o e inicia\u00e7\u00e3o cientifica, bem como aulas experimentais dos cursos de Qu\u00edmica Industrial, Licenciatura em Qu\u00edmica, Bacharel em Qu\u00edmica e Qu\u00edmica de Alimentos do Centro de Ci\u00eancias Qu\u00edmicas, Farmac\u00eauticas e de Alimentos (CCQFA).<\/p>\n<p><strong>Laborat\u00f3rio de Engenharia Gen\u00e9tica Animal \u2013 LEGA<\/strong><\/p>\n<p>O LEGA est\u00e1 localizado no Instituto de Biologia \u2013 UFPel, apresenta infraestrutura e equipamentos necess\u00e1rios para an\u00e1lise de DNA e RNA.<\/p>\n<p><strong>Laborat\u00f3rio de Microbiologia<\/strong><\/p>\n<p>O Laborat\u00f3rio de microbiologia est\u00e1 localizado no Centro de Desenvolvimento Tecnol\u00f3gico (CDTEC) curso Biotecnologia<\/p>\n<p><strong>Laborat\u00f3rio de Bioquimica Cl\u00ednica<\/strong><\/p>\n<div class=\"wpipessoa-info\">Este laborat\u00f3rio encontra-se no Pr\u00e9dio 29 (Bioqu\u00edmica) no CCQFA, Campus Cap\u00e3o do Le\u00e3o, UFPel sendo coordenado pelo professor Francisco Del Pino. Infraestrutura e equipamentos: \u00c9 um espa\u00e7o climatizado possuindo diversos equipamentos como balan\u00e7as anal\u00edticas de alta precis\u00e3o, tr\u00eas espectrofot\u00f4metros sendo um compreendendo a faixa do ultravioleta e vis\u00edvel, medidores de pH com eletrodos compensados por temperatura, eletrodos sens\u00edveis a \u00edons seletivos como fluoreto e \u00edons c\u00e1lcio, centr\u00edfugas, leitor de Elisa e de placas com culturas de c\u00e9lulas, capela de fluxo laminar, capela com exaust\u00e3o externa, sistema com colunas cromatogr\u00e1ficas e bomba perist\u00e1ltica, vortex, mixer, banhos-maria, pipetadores autom\u00e1ticos, ultrafreezer -86C, transiluminador, NanoDrop para avalia\u00e7\u00e3o de \u00e1cidos nucleicos e prote\u00ednas, Real Time PCR, imuno analisador autom\u00e1tico e analisador bioqu\u00edmico autom\u00e1tico. Cabe salientar que este laborat\u00f3rio tamb\u00e9m pertence ao N\u00facleo de Ensino, Pesquisa e Extens\u00e3o em Agropecu\u00e1ria da UFPel, (NUPEEC)- http;\/\/www.ufpel.edu.br\/NUPEEC &#8211; que tamb\u00e9m disponibiliza sua infra-estrutura para o PPGBBio<\/div>\n","protected":false},"excerpt":{"rendered":"<p>O PPGZ tamb\u00e9m conta com o apoio de Laborat\u00f3rios de outros departamentos da UFPEL que d\u00e3o suporte as pesquisas e apoiam a forma\u00e7\u00e3o dos estudantes do PPGZ no sentido de incrementarem suas an\u00e1lises experimentais possibilitando melhores publica\u00e7\u00f5es e respostas cient\u00edficas&#8230;. <a class=\"more-link\" href=\"https:\/\/wp.ufpel.edu.br\/ppgz\/laboratorio-de-las\">Continue lendo &rarr;<\/a><\/p>\n","protected":false},"author":809,"featured_media":0,"parent":0,"menu_order":0,"comment_status":"closed","ping_status":"closed","template":"","meta":{"footnotes":""},"class_list":["post-1245","page","type-page","status-publish","hentry"],"_links":{"self":[{"href":"https:\/\/wp.ufpel.edu.br\/ppgz\/wp-json\/wp\/v2\/pages\/1245","targetHints":{"allow":["GET"]}}],"collection":[{"href":"https:\/\/wp.ufpel.edu.br\/ppgz\/wp-json\/wp\/v2\/pages"}],"about":[{"href":"https:\/\/wp.ufpel.edu.br\/ppgz\/wp-json\/wp\/v2\/types\/page"}],"author":[{"embeddable":true,"href":"https:\/\/wp.ufpel.edu.br\/ppgz\/wp-json\/wp\/v2\/users\/809"}],"replies":[{"embeddable":true,"href":"https:\/\/wp.ufpel.edu.br\/ppgz\/wp-json\/wp\/v2\/comments?post=1245"}],"version-history":[{"count":5,"href":"https:\/\/wp.ufpel.edu.br\/ppgz\/wp-json\/wp\/v2\/pages\/1245\/revisions"}],"predecessor-version":[{"id":1472,"href":"https:\/\/wp.ufpel.edu.br\/ppgz\/wp-json\/wp\/v2\/pages\/1245\/revisions\/1472"}],"wp:attachment":[{"href":"https:\/\/wp.ufpel.edu.br\/ppgz\/wp-json\/wp\/v2\/media?parent=1245"}],"curies":[{"name":"wp","href":"https:\/\/api.w.org\/{rel}","templated":true}]}}