{"id":1237,"date":"2021-01-15T21:02:05","date_gmt":"2021-01-16T00:02:05","guid":{"rendered":"https:\/\/wp.ufpel.edu.br\/ppgz\/?page_id=1237"},"modified":"2021-02-14T16:46:34","modified_gmt":"2021-02-14T19:46:34","slug":"laboratorio-de-ictiologia","status":"publish","type":"page","link":"https:\/\/wp.ufpel.edu.br\/ppgz\/laboratorio-de-ictiologia","title":{"rendered":"Ictiologia"},"content":{"rendered":"<p><strong>Objetivo<\/strong><\/p>\n<p>Este laborat\u00f3rio visa apoiar o desenvolvimento de atividades relacionadas ao ensino, pesquisa e extens\u00e3o na \u00e1rea de Aquicultura, Pesca e Ecologia Aqu\u00e1tica atendendo aos cursos de gradua\u00e7\u00e3o da Agronomia (FAEM), Zootecnia (FAEM) e Veterin\u00e1ria (FV), bem como ao programa de P\u00f3s-gradua\u00e7\u00e3o em Zootecnia (PPGZ). As atividades consistem em criar, manejar e alimentar animais de produ\u00e7\u00e3o, com \u00eanfase na pesquisa em aquicultura, recursos pesqueiros e ecologia aqu\u00e1tica.<\/p>\n\n\t\t<style type=\"text\/css\">\n\t\t\t#gallery-1 {\n\t\t\t\tmargin: auto;\n\t\t\t}\n\t\t\t#gallery-1 .gallery-item {\n\t\t\t\tfloat: left;\n\t\t\t\tmargin-top: 10px;\n\t\t\t\ttext-align: center;\n\t\t\t\twidth: 50%;\n\t\t\t}\n\t\t\t#gallery-1 img {\n\t\t\t\tborder: 2px solid #cfcfcf;\n\t\t\t}\n\t\t\t#gallery-1 .gallery-caption {\n\t\t\t\tmargin-left: 0;\n\t\t\t}\n\t\t\t\/* see gallery_shortcode() in wp-includes\/media.php *\/\n\t\t<\/style>\n\t\t<div id='gallery-1' class='gallery galleryid-1237 gallery-columns-2 gallery-size-medium'><dl class='gallery-item'>\n\t\t\t<dt class='gallery-icon landscape'>\n\t\t\t\t<a href='https:\/\/wp.ufpel.edu.br\/ppgz\/laboratorio-de-ictiologia\/entrada'><img loading=\"lazy\" decoding=\"async\" width=\"400\" height=\"217\" src=\"https:\/\/wp.ufpel.edu.br\/ppgz\/files\/2021\/02\/entrada-400x217.jpg\" class=\"attachment-medium size-medium\" alt=\"\" aria-describedby=\"gallery-1-1428\" srcset=\"https:\/\/wp.ufpel.edu.br\/ppgz\/files\/2021\/02\/entrada-400x217.jpg 400w, https:\/\/wp.ufpel.edu.br\/ppgz\/files\/2021\/02\/entrada-768x416.jpg 768w, https:\/\/wp.ufpel.edu.br\/ppgz\/files\/2021\/02\/entrada.jpg 886w\" sizes=\"auto, (max-width: 400px) 100vw, 400px\" \/><\/a>\n\t\t\t<\/dt>\n\t\t\t\t<dd class='wp-caption-text gallery-caption' id='gallery-1-1428'>\n\t\t\t\tEntrada Lab. de Ictiologia\n\t\t\t\t<\/dd><\/dl><dl class='gallery-item'>\n\t\t\t<dt class='gallery-icon portrait'>\n\t\t\t\t<a href='https:\/\/wp.ufpel.edu.br\/ppgz\/laboratorio-de-ictiologia\/ue'><img loading=\"lazy\" decoding=\"async\" width=\"300\" height=\"400\" src=\"https:\/\/wp.ufpel.edu.br\/ppgz\/files\/2021\/02\/UE-300x400.jpg\" class=\"attachment-medium size-medium\" alt=\"\" aria-describedby=\"gallery-1-1432\" srcset=\"https:\/\/wp.ufpel.edu.br\/ppgz\/files\/2021\/02\/UE-300x400.jpg 300w, https:\/\/wp.ufpel.edu.br\/ppgz\/files\/2021\/02\/UE.jpg 768w\" sizes=\"auto, (max-width: 300px) 100vw, 300px\" \/><\/a>\n\t\t\t<\/dt>\n\t\t\t\t<dd class='wp-caption-text gallery-caption' id='gallery-1-1432'>\n\t\t\t\tUnidades Experimentais\n\t\t\t\t<\/dd><\/dl><br style=\"clear: both\" \/><dl class='gallery-item'>\n\t\t\t<dt class='gallery-icon landscape'>\n\t\t\t\t<a href='https:\/\/wp.ufpel.edu.br\/ppgz\/laboratorio-de-ictiologia\/sistema'><img loading=\"lazy\" decoding=\"async\" width=\"400\" height=\"300\" src=\"https:\/\/wp.ufpel.edu.br\/ppgz\/files\/2021\/02\/sistema-400x300.jpg\" class=\"attachment-medium size-medium\" alt=\"\" aria-describedby=\"gallery-1-1430\" srcset=\"https:\/\/wp.ufpel.edu.br\/ppgz\/files\/2021\/02\/sistema-400x300.jpg 400w, https:\/\/wp.ufpel.edu.br\/ppgz\/files\/2021\/02\/sistema-1024x768.jpg 1024w, https:\/\/wp.ufpel.edu.br\/ppgz\/files\/2021\/02\/sistema-768x576.jpg 768w, https:\/\/wp.ufpel.edu.br\/ppgz\/files\/2021\/02\/sistema-1536x1152.jpg 1536w, https:\/\/wp.ufpel.edu.br\/ppgz\/files\/2021\/02\/sistema.jpg 2048w\" sizes=\"auto, (max-width: 400px) 100vw, 400px\" \/><\/a>\n\t\t\t<\/dt>\n\t\t\t\t<dd class='wp-caption-text gallery-caption' id='gallery-1-1430'>\n\t\t\t\tSistema circulante de \u00e1gua temperada\n\t\t\t\t<\/dd><\/dl><dl class='gallery-item'>\n\t\t\t<dt class='gallery-icon landscape'>\n\t\t\t\t<a href='https:\/\/wp.ufpel.edu.br\/ppgz\/laboratorio-de-ictiologia\/aquarios'><img loading=\"lazy\" decoding=\"async\" width=\"400\" height=\"300\" src=\"https:\/\/wp.ufpel.edu.br\/ppgz\/files\/2021\/02\/Aquarios-400x300.jpg\" class=\"attachment-medium size-medium\" alt=\"\" aria-describedby=\"gallery-1-1433\" srcset=\"https:\/\/wp.ufpel.edu.br\/ppgz\/files\/2021\/02\/Aquarios-400x300.jpg 400w, https:\/\/wp.ufpel.edu.br\/ppgz\/files\/2021\/02\/Aquarios-1024x768.jpg 1024w, https:\/\/wp.ufpel.edu.br\/ppgz\/files\/2021\/02\/Aquarios-768x576.jpg 768w, https:\/\/wp.ufpel.edu.br\/ppgz\/files\/2021\/02\/Aquarios-1536x1152.jpg 1536w, https:\/\/wp.ufpel.edu.br\/ppgz\/files\/2021\/02\/Aquarios.jpg 2048w\" sizes=\"auto, (max-width: 400px) 100vw, 400px\" \/><\/a>\n\t\t\t<\/dt>\n\t\t\t\t<dd class='wp-caption-text gallery-caption' id='gallery-1-1433'>\n\t\t\t\tAqu\u00e1rios\n\t\t\t\t<\/dd><\/dl><br style=\"clear: both\" \/><dl class='gallery-item'>\n\t\t\t<dt class='gallery-icon portrait'>\n\t\t\t\t<a href='https:\/\/wp.ufpel.edu.br\/ppgz\/laboratorio-de-ictiologia\/incubadoras'><img loading=\"lazy\" decoding=\"async\" width=\"300\" height=\"400\" src=\"https:\/\/wp.ufpel.edu.br\/ppgz\/files\/2021\/02\/Incubadoras-300x400.jpg\" class=\"attachment-medium size-medium\" alt=\"\" aria-describedby=\"gallery-1-1434\" srcset=\"https:\/\/wp.ufpel.edu.br\/ppgz\/files\/2021\/02\/Incubadoras-300x400.jpg 300w, https:\/\/wp.ufpel.edu.br\/ppgz\/files\/2021\/02\/Incubadoras-768x1024.jpg 768w, https:\/\/wp.ufpel.edu.br\/ppgz\/files\/2021\/02\/Incubadoras-1152x1536.jpg 1152w, https:\/\/wp.ufpel.edu.br\/ppgz\/files\/2021\/02\/Incubadoras.jpg 1536w\" sizes=\"auto, (max-width: 300px) 100vw, 300px\" \/><\/a>\n\t\t\t<\/dt>\n\t\t\t\t<dd class='wp-caption-text gallery-caption' id='gallery-1-1434'>\n\t\t\t\tIncubadoras tipo funil\n\t\t\t\t<\/dd><\/dl><dl class='gallery-item'>\n\t\t\t<dt class='gallery-icon landscape'>\n\t\t\t\t<a href='https:\/\/wp.ufpel.edu.br\/ppgz\/laboratorio-de-ictiologia\/tanque'><img loading=\"lazy\" decoding=\"async\" width=\"400\" height=\"300\" src=\"https:\/\/wp.ufpel.edu.br\/ppgz\/files\/2021\/02\/tanque-400x300.jpg\" class=\"attachment-medium size-medium\" alt=\"\" aria-describedby=\"gallery-1-1431\" srcset=\"https:\/\/wp.ufpel.edu.br\/ppgz\/files\/2021\/02\/tanque-400x300.jpg 400w, https:\/\/wp.ufpel.edu.br\/ppgz\/files\/2021\/02\/tanque-768x576.jpg 768w, https:\/\/wp.ufpel.edu.br\/ppgz\/files\/2021\/02\/tanque.jpg 1024w\" sizes=\"auto, (max-width: 400px) 100vw, 400px\" \/><\/a>\n\t\t\t<\/dt>\n\t\t\t\t<dd class='wp-caption-text gallery-caption' id='gallery-1-1431'>\n\t\t\t\tTanques escavados\n\t\t\t\t<\/dd><\/dl><br style=\"clear: both\" \/><dl class='gallery-item'>\n\t\t\t<dt class='gallery-icon landscape'>\n\t\t\t\t<a href='https:\/\/wp.ufpel.edu.br\/ppgz\/laboratorio-de-ictiologia\/despesca'><img loading=\"lazy\" decoding=\"async\" width=\"400\" height=\"267\" src=\"https:\/\/wp.ufpel.edu.br\/ppgz\/files\/2021\/02\/despesca-400x267.jpg\" class=\"attachment-medium size-medium\" alt=\"\" aria-describedby=\"gallery-1-1427\" srcset=\"https:\/\/wp.ufpel.edu.br\/ppgz\/files\/2021\/02\/despesca-400x267.jpg 400w, https:\/\/wp.ufpel.edu.br\/ppgz\/files\/2021\/02\/despesca-768x512.jpg 768w, https:\/\/wp.ufpel.edu.br\/ppgz\/files\/2021\/02\/despesca.jpg 960w\" sizes=\"auto, (max-width: 400px) 100vw, 400px\" \/><\/a>\n\t\t\t<\/dt>\n\t\t\t\t<dd class='wp-caption-text gallery-caption' id='gallery-1-1427'>\n\t\t\t\tDespesca\n\t\t\t\t<\/dd><\/dl><dl class='gallery-item'>\n\t\t\t<dt class='gallery-icon portrait'>\n\t\t\t\t<a href='https:\/\/wp.ufpel.edu.br\/ppgz\/laboratorio-de-ictiologia\/desova'><img loading=\"lazy\" decoding=\"async\" width=\"300\" height=\"400\" src=\"https:\/\/wp.ufpel.edu.br\/ppgz\/files\/2021\/02\/desova-300x400.jpg\" class=\"attachment-medium size-medium\" alt=\"\" aria-describedby=\"gallery-1-1426\" srcset=\"https:\/\/wp.ufpel.edu.br\/ppgz\/files\/2021\/02\/desova-300x400.jpg 300w, https:\/\/wp.ufpel.edu.br\/ppgz\/files\/2021\/02\/desova.jpg 768w\" sizes=\"auto, (max-width: 300px) 100vw, 300px\" \/><\/a>\n\t\t\t<\/dt>\n\t\t\t\t<dd class='wp-caption-text gallery-caption' id='gallery-1-1426'>\n\t\t\t\tColeta de desova de Viola da Lagoa\n\t\t\t\t<\/dd><\/dl><br style=\"clear: both\" \/><dl class='gallery-item'>\n\t\t\t<dt class='gallery-icon landscape'>\n\t\t\t\t<a href='https:\/\/wp.ufpel.edu.br\/ppgz\/laboratorio-de-ictiologia\/analise'><img loading=\"lazy\" decoding=\"async\" width=\"400\" height=\"300\" src=\"https:\/\/wp.ufpel.edu.br\/ppgz\/files\/2021\/02\/analise-400x300.jpg\" class=\"attachment-medium size-medium\" alt=\"\" aria-describedby=\"gallery-1-1425\" srcset=\"https:\/\/wp.ufpel.edu.br\/ppgz\/files\/2021\/02\/analise-400x300.jpg 400w, https:\/\/wp.ufpel.edu.br\/ppgz\/files\/2021\/02\/analise-1024x768.jpg 1024w, https:\/\/wp.ufpel.edu.br\/ppgz\/files\/2021\/02\/analise-768x576.jpg 768w, https:\/\/wp.ufpel.edu.br\/ppgz\/files\/2021\/02\/analise-1536x1152.jpg 1536w, https:\/\/wp.ufpel.edu.br\/ppgz\/files\/2021\/02\/analise.jpg 2048w\" sizes=\"auto, (max-width: 400px) 100vw, 400px\" \/><\/a>\n\t\t\t<\/dt>\n\t\t\t\t<dd class='wp-caption-text gallery-caption' id='gallery-1-1425'>\n\t\t\t\tLaborat\u00f3rio de an\u00e1lise qualidade de \u00e1gua\n\t\t\t\t<\/dd><\/dl><dl class='gallery-item'>\n\t\t\t<dt class='gallery-icon portrait'>\n\t\t\t\t<a href='https:\/\/wp.ufpel.edu.br\/ppgz\/laboratorio-de-ictiologia\/lab-2'><img loading=\"lazy\" decoding=\"async\" width=\"300\" height=\"400\" src=\"https:\/\/wp.ufpel.edu.br\/ppgz\/files\/2021\/02\/Lab-1-300x400.jpg\" class=\"attachment-medium size-medium\" alt=\"\" aria-describedby=\"gallery-1-1435\" srcset=\"https:\/\/wp.ufpel.edu.br\/ppgz\/files\/2021\/02\/Lab-1-300x400.jpg 300w, https:\/\/wp.ufpel.edu.br\/ppgz\/files\/2021\/02\/Lab-1-768x1024.jpg 768w, https:\/\/wp.ufpel.edu.br\/ppgz\/files\/2021\/02\/Lab-1-1152x1536.jpg 1152w, https:\/\/wp.ufpel.edu.br\/ppgz\/files\/2021\/02\/Lab-1-rotated.jpg 1536w\" sizes=\"auto, (max-width: 300px) 100vw, 300px\" \/><\/a>\n\t\t\t<\/dt>\n\t\t\t\t<dd class='wp-caption-text gallery-caption' id='gallery-1-1435'>\n\t\t\t\tAn\u00e1lise biom\u00e9trica em peixes\n\t\t\t\t<\/dd><\/dl><br style=\"clear: both\" \/>\n\t\t<\/div>\n\n<p><strong>Resumo dos equipamentos<\/strong><\/p>\n<p>Consta de uma \u00e1rea coberta com tanques para indu\u00e7\u00e3o hormonal; sistema circulante de \u00e1gua temperada; Incubadoras tipo funil; aqu\u00e1rios. Tamb\u00e9m apresenta um laborat\u00f3rio para an\u00e1lise da qualidade da \u00e1gua e biometria de peixes. Externamente a instala\u00e7\u00e3o \u00e9 composta por tanques escavados e tanques circulares com recircula\u00e7\u00e3o de \u00e1gua.<\/p>\n","protected":false},"excerpt":{"rendered":"<p>Objetivo Este laborat\u00f3rio visa apoiar o desenvolvimento de atividades relacionadas ao ensino, pesquisa e extens\u00e3o na \u00e1rea de Aquicultura, Pesca e Ecologia Aqu\u00e1tica atendendo aos cursos de gradua\u00e7\u00e3o da Agronomia (FAEM), Zootecnia (FAEM) e Veterin\u00e1ria (FV), bem como ao programa&#8230; <a class=\"more-link\" href=\"https:\/\/wp.ufpel.edu.br\/ppgz\/laboratorio-de-ictiologia\">Continue lendo &rarr;<\/a><\/p>\n","protected":false},"author":809,"featured_media":0,"parent":0,"menu_order":0,"comment_status":"closed","ping_status":"closed","template":"","meta":{"footnotes":""},"class_list":["post-1237","page","type-page","status-publish","hentry"],"_links":{"self":[{"href":"https:\/\/wp.ufpel.edu.br\/ppgz\/wp-json\/wp\/v2\/pages\/1237","targetHints":{"allow":["GET"]}}],"collection":[{"href":"https:\/\/wp.ufpel.edu.br\/ppgz\/wp-json\/wp\/v2\/pages"}],"about":[{"href":"https:\/\/wp.ufpel.edu.br\/ppgz\/wp-json\/wp\/v2\/types\/page"}],"author":[{"embeddable":true,"href":"https:\/\/wp.ufpel.edu.br\/ppgz\/wp-json\/wp\/v2\/users\/809"}],"replies":[{"embeddable":true,"href":"https:\/\/wp.ufpel.edu.br\/ppgz\/wp-json\/wp\/v2\/comments?post=1237"}],"version-history":[{"count":5,"href":"https:\/\/wp.ufpel.edu.br\/ppgz\/wp-json\/wp\/v2\/pages\/1237\/revisions"}],"predecessor-version":[{"id":1437,"href":"https:\/\/wp.ufpel.edu.br\/ppgz\/wp-json\/wp\/v2\/pages\/1237\/revisions\/1437"}],"wp:attachment":[{"href":"https:\/\/wp.ufpel.edu.br\/ppgz\/wp-json\/wp\/v2\/media?parent=1237"}],"curies":[{"name":"wp","href":"https:\/\/api.w.org\/{rel}","templated":true}]}}