{"id":1229,"date":"2021-01-15T20:52:36","date_gmt":"2021-01-15T23:52:36","guid":{"rendered":"https:\/\/wp.ufpel.edu.br\/ppgz\/?page_id=1229"},"modified":"2021-02-14T16:02:37","modified_gmt":"2021-02-14T19:02:37","slug":"laboratorio-de-carcacas-e-carnes","status":"publish","type":"page","link":"https:\/\/wp.ufpel.edu.br\/ppgz\/laboratorio-de-carcacas-e-carnes","title":{"rendered":"Carca\u00e7as e Carnes e An\u00e1lise sensorial"},"content":{"rendered":"<p><strong>LABORAT\u00d3RIO DE CARNES:<\/strong><\/p>\n<p><strong>Atividades de Pesquisa e Ensino<\/strong>: O Laborat\u00f3rio de carnes foi projetado para atender as atividades te\u00f3ricos\/pr\u00e1ticas da disciplina de gradua\u00e7\u00e3o: Avalia\u00e7\u00e3o de carca\u00e7a, ofertada nos cursos de gradua\u00e7\u00e3o em Zootecnia e Medicina Veterin\u00e1ria e \u00a0no Programa de P\u00f3s-Gradua\u00e7\u00e3o em Zootecnia, nos n\u00edveis Mestrado e Doutorado. Trata-se ainda de uma unidade experimental, para a condu\u00e7\u00e3o de pesquisas de qualidade de carca\u00e7a e carnes.<\/p>\n<p><strong>\u00a0<\/strong><strong>An\u00e1lises desenvolvidas:\u00a0 <\/strong>Capacidade de reten\u00e7\u00e3o de \u00e1gua; perdas durante o cozimento, perdas por descongelamento; determina\u00e7\u00e3o da for\u00e7a de cisalhamento (FC); an\u00e1lise sensorial, an\u00e1lise instrumental da cor da carne.<\/p>\n<p><strong>Equipamentos:<\/strong> conta com equipamentos b\u00e1sicos para pesquisa, como term\u00f4metros, textur\u00f4metro, l\u00e2mina, balan\u00e7a semi-anal\u00edtica, <em>grill<\/em>, <em>freezers<\/em>, geladeira, forno el\u00e9trico, computadores em rede, reagentes, vidraria, etc.<\/p>\n<p><strong>\u00a0<\/strong><strong>Est\u00e1gios:<\/strong> s\u00e3o ofertadas vagas de est\u00e1gios para alunos de gradua\u00e7\u00e3o e p\u00f3s-gradua\u00e7\u00e3o das \u00e1reas de Ci\u00eancias Agr\u00e1rias da Universidade Federal de Pelotas e outras institui\u00e7\u00f5es.<\/p>\n\n\t\t<style type=\"text\/css\">\n\t\t\t#gallery-1 {\n\t\t\t\tmargin: auto;\n\t\t\t}\n\t\t\t#gallery-1 .gallery-item {\n\t\t\t\tfloat: left;\n\t\t\t\tmargin-top: 10px;\n\t\t\t\ttext-align: center;\n\t\t\t\twidth: 50%;\n\t\t\t}\n\t\t\t#gallery-1 img {\n\t\t\t\tborder: 2px solid #cfcfcf;\n\t\t\t}\n\t\t\t#gallery-1 .gallery-caption {\n\t\t\t\tmargin-left: 0;\n\t\t\t}\n\t\t\t\/* see gallery_shortcode() in wp-includes\/media.php *\/\n\t\t<\/style>\n\t\t<div id='gallery-1' class='gallery galleryid-1229 gallery-columns-2 gallery-size-medium'><dl class='gallery-item'>\n\t\t\t<dt class='gallery-icon portrait'>\n\t\t\t\t<a href='https:\/\/wp.ufpel.edu.br\/ppgz\/laboratorio-de-carcacas-e-carnes\/2-2'><img loading=\"lazy\" decoding=\"async\" width=\"277\" height=\"400\" src=\"https:\/\/wp.ufpel.edu.br\/ppgz\/files\/2021\/02\/2-1-277x400.jpg\" class=\"attachment-medium size-medium\" alt=\"\" aria-describedby=\"gallery-1-1408\" srcset=\"https:\/\/wp.ufpel.edu.br\/ppgz\/files\/2021\/02\/2-1-277x400.jpg 277w, https:\/\/wp.ufpel.edu.br\/ppgz\/files\/2021\/02\/2-1.jpg 607w\" sizes=\"auto, (max-width: 277px) 100vw, 277px\" \/><\/a>\n\t\t\t<\/dt>\n\t\t\t\t<dd class='wp-caption-text gallery-caption' id='gallery-1-1408'>\n\t\t\t\tAn\u00e1lise de Capacidade de Reten\u00e7\u00e3o de\u00c1gua. Aula pr\u00e1tica com alunos do curso de Bacharelado em Zootecnia.\n\t\t\t\t<\/dd><\/dl><dl class='gallery-item'>\n\t\t\t<dt class='gallery-icon portrait'>\n\t\t\t\t<a href='https:\/\/wp.ufpel.edu.br\/ppgz\/laboratorio-de-carcacas-e-carnes\/1-2'><img loading=\"lazy\" decoding=\"async\" width=\"300\" height=\"400\" src=\"https:\/\/wp.ufpel.edu.br\/ppgz\/files\/2021\/02\/1-1-300x400.jpg\" class=\"attachment-medium size-medium\" alt=\"\" aria-describedby=\"gallery-1-1407\" srcset=\"https:\/\/wp.ufpel.edu.br\/ppgz\/files\/2021\/02\/1-1-300x400.jpg 300w, https:\/\/wp.ufpel.edu.br\/ppgz\/files\/2021\/02\/1-1.jpg 658w\" sizes=\"auto, (max-width: 300px) 100vw, 300px\" \/><\/a>\n\t\t\t<\/dt>\n\t\t\t\t<dd class='wp-caption-text gallery-caption' id='gallery-1-1407'>\n\t\t\t\tAn\u00e1lise de Capacidade de Reten\u00e7\u00e3o de\u00c1gua. Aula pr\u00e1tica com alunos do curso de Bacharelado em Zootecnia.\n\t\t\t\t<\/dd><\/dl><br style=\"clear: both\" \/><dl class='gallery-item'>\n\t\t\t<dt class='gallery-icon portrait'>\n\t\t\t\t<a href='https:\/\/wp.ufpel.edu.br\/ppgz\/laboratorio-de-carcacas-e-carnes\/3-2'><img loading=\"lazy\" decoding=\"async\" width=\"296\" height=\"400\" src=\"https:\/\/wp.ufpel.edu.br\/ppgz\/files\/2021\/02\/3-1-296x400.jpg\" class=\"attachment-medium size-medium\" alt=\"\" aria-describedby=\"gallery-1-1409\" srcset=\"https:\/\/wp.ufpel.edu.br\/ppgz\/files\/2021\/02\/3-1-296x400.jpg 296w, https:\/\/wp.ufpel.edu.br\/ppgz\/files\/2021\/02\/3-1.jpg 628w\" sizes=\"auto, (max-width: 296px) 100vw, 296px\" \/><\/a>\n\t\t\t<\/dt>\n\t\t\t\t<dd class='wp-caption-text gallery-caption' id='gallery-1-1409'>\n\t\t\t\tAn\u00e1lise de Capacidade de Reten\u00e7\u00e3o de \u00c1gua. Aula pr\u00e1tica com alunos do curso de Bacharelado em Zootecnia.\n\t\t\t\t<\/dd><\/dl><dl class='gallery-item'>\n\t\t\t<dt class='gallery-icon portrait'>\n\t\t\t\t<a href='https:\/\/wp.ufpel.edu.br\/ppgz\/laboratorio-de-carcacas-e-carnes\/4-2'><img loading=\"lazy\" decoding=\"async\" width=\"286\" height=\"400\" src=\"https:\/\/wp.ufpel.edu.br\/ppgz\/files\/2021\/02\/4-1-286x400.jpg\" class=\"attachment-medium size-medium\" alt=\"\" aria-describedby=\"gallery-1-1410\" srcset=\"https:\/\/wp.ufpel.edu.br\/ppgz\/files\/2021\/02\/4-1-286x400.jpg 286w, https:\/\/wp.ufpel.edu.br\/ppgz\/files\/2021\/02\/4-1.jpg 607w\" sizes=\"auto, (max-width: 286px) 100vw, 286px\" \/><\/a>\n\t\t\t<\/dt>\n\t\t\t\t<dd class='wp-caption-text gallery-caption' id='gallery-1-1410'>\n\t\t\t\tAn\u00e1lise de Capacidade de Reten\u00e7\u00e3o de \u00c1gua. Aula pr\u00e1tica com alunos do curso de Bacharelado em Zootecnia.\n\t\t\t\t<\/dd><\/dl><br style=\"clear: both\" \/>\n\t\t<\/div>\n\n<p><strong>Avalia\u00e7\u00e3o de carca\u00e7as:<\/strong><\/p>\n<p>Objetivos<\/p>\n<p>Reconhecer o crescimento dos tecidos que comp\u00f5em o corpo do animal e estabelecer sua rela\u00e7\u00e3o com os par\u00e2metros que influem na qualidade de uma carca\u00e7a. Proporcionar conhecimentos pr\u00e1ticos e desenvolver o senso cr\u00edtico que propicie uma an\u00e1lise das t\u00e9cnicas que permitem uma avalia\u00e7\u00e3o de carca\u00e7as. Identificar um animal de qualidade para produ\u00e7\u00e3o de carne e avaliar carca\u00e7as e praticar os m\u00e9todos e t\u00e9cnicas de avalia\u00e7\u00e3o de carca\u00e7a.<\/p>\n\n\t\t<style type=\"text\/css\">\n\t\t\t#gallery-2 {\n\t\t\t\tmargin: auto;\n\t\t\t}\n\t\t\t#gallery-2 .gallery-item {\n\t\t\t\tfloat: left;\n\t\t\t\tmargin-top: 10px;\n\t\t\t\ttext-align: center;\n\t\t\t\twidth: 33%;\n\t\t\t}\n\t\t\t#gallery-2 img {\n\t\t\t\tborder: 2px solid #cfcfcf;\n\t\t\t}\n\t\t\t#gallery-2 .gallery-caption {\n\t\t\t\tmargin-left: 0;\n\t\t\t}\n\t\t\t\/* see gallery_shortcode() in wp-includes\/media.php *\/\n\t\t<\/style>\n\t\t<div id='gallery-2' class='gallery galleryid-1229 gallery-columns-3 gallery-size-medium'><dl class='gallery-item'>\n\t\t\t<dt class='gallery-icon portrait'>\n\t\t\t\t<a href='https:\/\/wp.ufpel.edu.br\/ppgz\/laboratorio-de-carcacas-e-carnes\/20190703_100740'><img loading=\"lazy\" decoding=\"async\" width=\"225\" height=\"400\" src=\"https:\/\/wp.ufpel.edu.br\/ppgz\/files\/2021\/01\/20190703_100740-225x400.jpg\" class=\"attachment-medium size-medium\" alt=\"\" aria-describedby=\"gallery-2-1336\" srcset=\"https:\/\/wp.ufpel.edu.br\/ppgz\/files\/2021\/01\/20190703_100740-225x400.jpg 225w, https:\/\/wp.ufpel.edu.br\/ppgz\/files\/2021\/01\/20190703_100740-576x1024.jpg 576w, https:\/\/wp.ufpel.edu.br\/ppgz\/files\/2021\/01\/20190703_100740-768x1365.jpg 768w, https:\/\/wp.ufpel.edu.br\/ppgz\/files\/2021\/01\/20190703_100740-864x1536.jpg 864w, https:\/\/wp.ufpel.edu.br\/ppgz\/files\/2021\/01\/20190703_100740-1152x2048.jpg 1152w, https:\/\/wp.ufpel.edu.br\/ppgz\/files\/2021\/01\/20190703_100740-scaled.jpg 1440w\" sizes=\"auto, (max-width: 225px) 100vw, 225px\" \/><\/a>\n\t\t\t<\/dt>\n\t\t\t\t<dd class='wp-caption-text gallery-caption' id='gallery-2-1336'>\n\t\t\t\tan\u00e1lise instrumental da cor da car\n\t\t\t\t<\/dd><\/dl><dl class='gallery-item'>\n\t\t\t<dt class='gallery-icon portrait'>\n\t\t\t\t<a href='https:\/\/wp.ufpel.edu.br\/ppgz\/laboratorio-de-carcacas-e-carnes\/dscf4739'><img loading=\"lazy\" decoding=\"async\" width=\"300\" height=\"400\" src=\"https:\/\/wp.ufpel.edu.br\/ppgz\/files\/2021\/01\/DSCF4739-300x400.jpg\" class=\"attachment-medium size-medium\" alt=\"\" aria-describedby=\"gallery-2-1335\" srcset=\"https:\/\/wp.ufpel.edu.br\/ppgz\/files\/2021\/01\/DSCF4739-300x400.jpg 300w, https:\/\/wp.ufpel.edu.br\/ppgz\/files\/2021\/01\/DSCF4739-768x1024.jpg 768w, https:\/\/wp.ufpel.edu.br\/ppgz\/files\/2021\/01\/DSCF4739-1152x1536.jpg 1152w, https:\/\/wp.ufpel.edu.br\/ppgz\/files\/2021\/01\/DSCF4739.jpg 1536w\" sizes=\"auto, (max-width: 300px) 100vw, 300px\" \/><\/a>\n\t\t\t<\/dt>\n\t\t\t\t<dd class='wp-caption-text gallery-caption' id='gallery-2-1335'>\n\t\t\t\tdetermina\u00e7\u00e3o da for\u00e7a de cisalhamento \n\t\t\t\t<\/dd><\/dl><dl class='gallery-item'>\n\t\t\t<dt class='gallery-icon portrait'>\n\t\t\t\t<a href='https:\/\/wp.ufpel.edu.br\/ppgz\/laboratorio-de-carcacas-e-carnes\/dscf4734'><img loading=\"lazy\" decoding=\"async\" width=\"300\" height=\"400\" src=\"https:\/\/wp.ufpel.edu.br\/ppgz\/files\/2021\/01\/DSCF4734-300x400.jpg\" class=\"attachment-medium size-medium\" alt=\"\" aria-describedby=\"gallery-2-1333\" srcset=\"https:\/\/wp.ufpel.edu.br\/ppgz\/files\/2021\/01\/DSCF4734-300x400.jpg 300w, https:\/\/wp.ufpel.edu.br\/ppgz\/files\/2021\/01\/DSCF4734-768x1024.jpg 768w, https:\/\/wp.ufpel.edu.br\/ppgz\/files\/2021\/01\/DSCF4734-1152x1536.jpg 1152w, https:\/\/wp.ufpel.edu.br\/ppgz\/files\/2021\/01\/DSCF4734.jpg 1536w\" sizes=\"auto, (max-width: 300px) 100vw, 300px\" \/><\/a>\n\t\t\t<\/dt>\n\t\t\t\t<dd class='wp-caption-text gallery-caption' id='gallery-2-1333'>\n\t\t\t\tperdas durante o cozimento\n\t\t\t\t<\/dd><\/dl><br style=\"clear: both\" \/>\n\t\t<\/div>\n\n<p><strong>An\u00e1lise sensorial:<\/strong><\/p>\n<p>Proporocionar as condi\u00e7\u00f5es para estudos, sele\u00e7\u00e3o e treinamento de equipe nos diferente m\u00e9todos de an\u00e1lise sensorial.<\/p>\n\n\t\t<style type=\"text\/css\">\n\t\t\t#gallery-3 {\n\t\t\t\tmargin: auto;\n\t\t\t}\n\t\t\t#gallery-3 .gallery-item {\n\t\t\t\tfloat: left;\n\t\t\t\tmargin-top: 10px;\n\t\t\t\ttext-align: center;\n\t\t\t\twidth: 50%;\n\t\t\t}\n\t\t\t#gallery-3 img {\n\t\t\t\tborder: 2px solid #cfcfcf;\n\t\t\t}\n\t\t\t#gallery-3 .gallery-caption {\n\t\t\t\tmargin-left: 0;\n\t\t\t}\n\t\t\t\/* see gallery_shortcode() in wp-includes\/media.php *\/\n\t\t<\/style>\n\t\t<div id='gallery-3' class='gallery galleryid-1229 gallery-columns-2 gallery-size-medium'><dl class='gallery-item'>\n\t\t\t<dt class='gallery-icon landscape'>\n\t\t\t\t<a href='https:\/\/wp.ufpel.edu.br\/ppgz\/laboratorio-de-carcacas-e-carnes\/dscf4728'><img loading=\"lazy\" decoding=\"async\" width=\"400\" height=\"300\" src=\"https:\/\/wp.ufpel.edu.br\/ppgz\/files\/2021\/01\/DSCF4728-400x300.jpg\" class=\"attachment-medium size-medium\" alt=\"\" aria-describedby=\"gallery-3-1332\" srcset=\"https:\/\/wp.ufpel.edu.br\/ppgz\/files\/2021\/01\/DSCF4728-400x300.jpg 400w, https:\/\/wp.ufpel.edu.br\/ppgz\/files\/2021\/01\/DSCF4728-1024x768.jpg 1024w, https:\/\/wp.ufpel.edu.br\/ppgz\/files\/2021\/01\/DSCF4728-768x576.jpg 768w, https:\/\/wp.ufpel.edu.br\/ppgz\/files\/2021\/01\/DSCF4728-1536x1152.jpg 1536w, https:\/\/wp.ufpel.edu.br\/ppgz\/files\/2021\/01\/DSCF4728.jpg 2048w\" sizes=\"auto, (max-width: 400px) 100vw, 400px\" \/><\/a>\n\t\t\t<\/dt>\n\t\t\t\t<dd class='wp-caption-text gallery-caption' id='gallery-3-1332'>\n\t\t\t\tCozimento da amostra\n\t\t\t\t<\/dd><\/dl><dl class='gallery-item'>\n\t\t\t<dt class='gallery-icon landscape'>\n\t\t\t\t<a href='https:\/\/wp.ufpel.edu.br\/ppgz\/laboratorio-de-carcacas-e-carnes\/analise-sensorial'><img loading=\"lazy\" decoding=\"async\" width=\"400\" height=\"240\" src=\"https:\/\/wp.ufpel.edu.br\/ppgz\/files\/2021\/01\/Analise-sensorial-400x240.jpg\" class=\"attachment-medium size-medium\" alt=\"\" aria-describedby=\"gallery-3-1331\" srcset=\"https:\/\/wp.ufpel.edu.br\/ppgz\/files\/2021\/01\/Analise-sensorial-400x240.jpg 400w, https:\/\/wp.ufpel.edu.br\/ppgz\/files\/2021\/01\/Analise-sensorial.jpg 424w\" sizes=\"auto, (max-width: 400px) 100vw, 400px\" \/><\/a>\n\t\t\t<\/dt>\n\t\t\t\t<dd class='wp-caption-text gallery-caption' id='gallery-3-1331'>\n\t\t\t\tAn\u00e1lise sensorial\n\t\t\t\t<\/dd><\/dl><br style=\"clear: both\" \/>\n\t\t<\/div>\n\n<p><strong>Equipamentos<\/strong><\/p>\n<p>C\u00e2mara fria, balan\u00e7a de plataforma, serra fita, mesa de desossa, balan\u00e7a digital para pesagem dos cortes, peag\u00e2metro digital, Aparelho para teste de compress\u00e3o (teste Warner-Bratzler Shear force), fog\u00e3o a g\u00e1s com forno com temperatura regul\u00e1vel, forno a g\u00e1s, congeladores com v\u00e1rias capacidades e triturador.<\/p>\n<p>Mesa para testes descritivos, 06 cabines individuais para testes discriminativos, balan\u00e7a eletr\u00f4nica, 01 geladeira, fog\u00e3o 06 bocas, 01 microondas 42 L, balc\u00e3o com tampo inox, forno el\u00e9trico marca Fischer e term\u00f4metros de forno.<\/p>\n","protected":false},"excerpt":{"rendered":"<p>LABORAT\u00d3RIO DE CARNES: Atividades de Pesquisa e Ensino: O Laborat\u00f3rio de carnes foi projetado para atender as atividades te\u00f3ricos\/pr\u00e1ticas da disciplina de gradua\u00e7\u00e3o: Avalia\u00e7\u00e3o de carca\u00e7a, ofertada nos cursos de gradua\u00e7\u00e3o em Zootecnia e Medicina Veterin\u00e1ria e \u00a0no Programa de&#8230; <a class=\"more-link\" href=\"https:\/\/wp.ufpel.edu.br\/ppgz\/laboratorio-de-carcacas-e-carnes\">Continue lendo &rarr;<\/a><\/p>\n","protected":false},"author":809,"featured_media":0,"parent":0,"menu_order":0,"comment_status":"closed","ping_status":"closed","template":"","meta":{"footnotes":""},"class_list":["post-1229","page","type-page","status-publish","hentry"],"_links":{"self":[{"href":"https:\/\/wp.ufpel.edu.br\/ppgz\/wp-json\/wp\/v2\/pages\/1229","targetHints":{"allow":["GET"]}}],"collection":[{"href":"https:\/\/wp.ufpel.edu.br\/ppgz\/wp-json\/wp\/v2\/pages"}],"about":[{"href":"https:\/\/wp.ufpel.edu.br\/ppgz\/wp-json\/wp\/v2\/types\/page"}],"author":[{"embeddable":true,"href":"https:\/\/wp.ufpel.edu.br\/ppgz\/wp-json\/wp\/v2\/users\/809"}],"replies":[{"embeddable":true,"href":"https:\/\/wp.ufpel.edu.br\/ppgz\/wp-json\/wp\/v2\/comments?post=1229"}],"version-history":[{"count":9,"href":"https:\/\/wp.ufpel.edu.br\/ppgz\/wp-json\/wp\/v2\/pages\/1229\/revisions"}],"predecessor-version":[{"id":1412,"href":"https:\/\/wp.ufpel.edu.br\/ppgz\/wp-json\/wp\/v2\/pages\/1229\/revisions\/1412"}],"wp:attachment":[{"href":"https:\/\/wp.ufpel.edu.br\/ppgz\/wp-json\/wp\/v2\/media?parent=1229"}],"curies":[{"name":"wp","href":"https:\/\/api.w.org\/{rel}","templated":true}]}}