{"id":1221,"date":"2021-01-15T20:48:24","date_gmt":"2021-01-15T23:48:24","guid":{"rendered":"https:\/\/wp.ufpel.edu.br\/ppgz\/?page_id=1221"},"modified":"2021-02-14T13:50:20","modified_gmt":"2021-02-14T16:50:20","slug":"centro-agropecuario-da-palma","status":"publish","type":"page","link":"https:\/\/wp.ufpel.edu.br\/ppgz\/centro-agropecuario-da-palma","title":{"rendered":"Centro Agropecu\u00e1rio da Palma"},"content":{"rendered":"<p>O Centro Agropecu\u00e1rio da Palma \u00e9 uma unidade ligada diretamente ao gabinete do Vice-reitor da Universidade Federal de Pelotas.<\/p>\n<p>\u00c9 uma unidade que atualmente tem como Coordenador o servidor Vilson Borba Pinto. Al\u00e9m do diretor, constam nessa unidade 10 servidores, distribu\u00eddos nas mais diversas fun\u00e7\u00f5es, 8 tratadores de animais contratados pela empresa Lideran\u00e7a, 1 mec\u00e2nico contratado pela empresa Planservice, 4 porteiros contratados pela empresa Sulport, 1 servente contratada pela empresa Click e 20 vigilantes contratados pela empresa Lince.<\/p>\n<p>Por se tratar de uma unidade com servi\u00e7os essenciais, devido a produ\u00e7\u00e3o de mudas e a manuten\u00e7\u00e3o de animais no local, o funcionamento se d\u00e1 de domingo a domingo, 12 horas por dia, com exce\u00e7\u00e3o da vigil\u00e2ncia que ocorre 24 horas por dia.<\/p>\n<p>Atualmente, o Centro Agropecu\u00e1rio da Palma atende a demanda de muitos pesquisadores de diferentes \u00e1reas incluindo os Profs do PPGZ.<\/p>\n\n\t\t<style type=\"text\/css\">\n\t\t\t#gallery-1 {\n\t\t\t\tmargin: auto;\n\t\t\t}\n\t\t\t#gallery-1 .gallery-item {\n\t\t\t\tfloat: left;\n\t\t\t\tmargin-top: 10px;\n\t\t\t\ttext-align: center;\n\t\t\t\twidth: 100%;\n\t\t\t}\n\t\t\t#gallery-1 img {\n\t\t\t\tborder: 2px solid #cfcfcf;\n\t\t\t}\n\t\t\t#gallery-1 .gallery-caption {\n\t\t\t\tmargin-left: 0;\n\t\t\t}\n\t\t\t\/* see gallery_shortcode() in wp-includes\/media.php *\/\n\t\t<\/style>\n\t\t<div id='gallery-1' class='gallery galleryid-1221 gallery-columns-1 gallery-size-full'><dl class='gallery-item'>\n\t\t\t<dt class='gallery-icon landscape'>\n\t\t\t\t<a href='https:\/\/wp.ufpel.edu.br\/ppgz\/centro-agropecuario-da-palma\/imagem1-424x313'><img loading=\"lazy\" decoding=\"async\" width=\"424\" height=\"313\" src=\"https:\/\/wp.ufpel.edu.br\/ppgz\/files\/2021\/02\/Imagem1-424x313-1.jpg\" class=\"attachment-full size-full\" alt=\"\" srcset=\"https:\/\/wp.ufpel.edu.br\/ppgz\/files\/2021\/02\/Imagem1-424x313-1.jpg 424w, https:\/\/wp.ufpel.edu.br\/ppgz\/files\/2021\/02\/Imagem1-424x313-1-400x295.jpg 400w\" sizes=\"auto, (max-width: 424px) 100vw, 424px\" \/><\/a>\n\t\t\t<\/dt><\/dl><br style=\"clear: both\" \/><dl class='gallery-item'>\n\t\t\t<dt class='gallery-icon landscape'>\n\t\t\t\t<a href='https:\/\/wp.ufpel.edu.br\/ppgz\/centro-agropecuario-da-palma\/mapa_palma'><img loading=\"lazy\" decoding=\"async\" width=\"1505\" height=\"679\" src=\"https:\/\/wp.ufpel.edu.br\/ppgz\/files\/2021\/02\/Mapa_Palma.png\" class=\"attachment-full size-full\" alt=\"\" srcset=\"https:\/\/wp.ufpel.edu.br\/ppgz\/files\/2021\/02\/Mapa_Palma.png 1505w, https:\/\/wp.ufpel.edu.br\/ppgz\/files\/2021\/02\/Mapa_Palma-400x180.png 400w, https:\/\/wp.ufpel.edu.br\/ppgz\/files\/2021\/02\/Mapa_Palma-1024x462.png 1024w, https:\/\/wp.ufpel.edu.br\/ppgz\/files\/2021\/02\/Mapa_Palma-768x346.png 768w\" sizes=\"auto, (max-width: 1505px) 100vw, 1505px\" \/><\/a>\n\t\t\t<\/dt><\/dl><br style=\"clear: both\" \/>\n\t\t<\/div>\n\n<p>&nbsp;<\/p>\n<p>&nbsp;<\/p>\n","protected":false},"excerpt":{"rendered":"<p>O Centro Agropecu\u00e1rio da Palma \u00e9 uma unidade ligada diretamente ao gabinete do Vice-reitor da Universidade Federal de Pelotas. \u00c9 uma unidade que atualmente tem como Coordenador o servidor Vilson Borba Pinto. Al\u00e9m do diretor, constam nessa unidade 10 servidores,&#8230; <a class=\"more-link\" href=\"https:\/\/wp.ufpel.edu.br\/ppgz\/centro-agropecuario-da-palma\">Continue lendo &rarr;<\/a><\/p>\n","protected":false},"author":809,"featured_media":0,"parent":0,"menu_order":0,"comment_status":"closed","ping_status":"closed","template":"","meta":{"footnotes":""},"class_list":["post-1221","page","type-page","status-publish","hentry"],"_links":{"self":[{"href":"https:\/\/wp.ufpel.edu.br\/ppgz\/wp-json\/wp\/v2\/pages\/1221","targetHints":{"allow":["GET"]}}],"collection":[{"href":"https:\/\/wp.ufpel.edu.br\/ppgz\/wp-json\/wp\/v2\/pages"}],"about":[{"href":"https:\/\/wp.ufpel.edu.br\/ppgz\/wp-json\/wp\/v2\/types\/page"}],"author":[{"embeddable":true,"href":"https:\/\/wp.ufpel.edu.br\/ppgz\/wp-json\/wp\/v2\/users\/809"}],"replies":[{"embeddable":true,"href":"https:\/\/wp.ufpel.edu.br\/ppgz\/wp-json\/wp\/v2\/comments?post=1221"}],"version-history":[{"count":4,"href":"https:\/\/wp.ufpel.edu.br\/ppgz\/wp-json\/wp\/v2\/pages\/1221\/revisions"}],"predecessor-version":[{"id":1393,"href":"https:\/\/wp.ufpel.edu.br\/ppgz\/wp-json\/wp\/v2\/pages\/1221\/revisions\/1393"}],"wp:attachment":[{"href":"https:\/\/wp.ufpel.edu.br\/ppgz\/wp-json\/wp\/v2\/media?parent=1221"}],"curies":[{"name":"wp","href":"https:\/\/api.w.org\/{rel}","templated":true}]}}