{"id":1177,"date":"2021-01-15T19:02:59","date_gmt":"2021-01-15T22:02:59","guid":{"rendered":"https:\/\/wp.ufpel.edu.br\/ppgz\/?page_id=1177"},"modified":"2021-01-15T19:02:59","modified_gmt":"2021-01-15T22:02:59","slug":"2010-3","status":"publish","type":"page","link":"https:\/\/wp.ufpel.edu.br\/ppgz\/2010-3","title":{"rendered":"2010"},"content":{"rendered":"<ol>\n<li><a href=\"https:\/\/wp.ufpel.edu.br\/ppgz\/files\/2021\/01\/Bioestimulacao-na-eficiencia-reprodutiva-em-bovinos-de-corte..pdf\" target=\"_blank\" rel=\"noopener noreferrer\">Bioestimula\u00e7\u00e3o na efici\u00eancia reprodutiva em bovinos de corte.<\/a><\/li>\n<li><a href=\"https:\/\/wp.ufpel.edu.br\/ppgz\/files\/2021\/01\/Caracteristicas-morfogenicas-e-estruturais-de-trevo-persa-Trifolium-resupinatum-L.-em-consorcio-com-azevem-Lolium-multiflorum-Lam.-submetidos-a-distintas-alturas-e-intervalos-de-corte..pdf\" target=\"_blank\" rel=\"noopener noreferrer\">Caracter\u00edsticas morfog\u00eanicas e estruturais de trevo-persa (Trifolium resupinatum L.) em cons\u00f3rcio com azev\u00e9m (Lolium multiflorum Lam.) submetidos a distintas alturas e intervalos de corte.<\/a><\/li>\n<li><a href=\"https:\/\/wp.ufpel.edu.br\/ppgz\/files\/2021\/01\/Caracterizacao-da-carne-de-cabrito-do-Alto-Camaqua-crescimento-e-desenvolvimento..pdf\" target=\"_blank\" rel=\"noopener noreferrer\">Caracteriza\u00e7\u00e3o da carne de cabrito do Alto Camaqu\u00e3 crescimento e desenvolvimento.<\/a><\/li>\n<li><a href=\"https:\/\/wp.ufpel.edu.br\/ppgz\/files\/2021\/01\/Caracterizacao-morfogenica-e-estrutural-de-trevo-alexandrino-submetido-a-diferentes-intervalos-e-alturas-de-corte-em-consorcio-com-azevem-anual..pdf\" target=\"_blank\" rel=\"noopener noreferrer\">Caracteriza\u00e7\u00e3o morfog\u00eanica e estrutural de trevo alexandrino submetido a diferentes intervalos e alturas de corte em consorcio com azev\u00e9m anual.<\/a><\/li>\n<li><a href=\"https:\/\/wp.ufpel.edu.br\/ppgz\/files\/2021\/01\/Comportamento-do-amendoim-forrageiro-em-vegetacao-campestre-e-em-consorciacao-com-Tifton-85-no-litoral-Sul-Rio-Grande-do-Sul..pdf\" target=\"_blank\" rel=\"noopener noreferrer\">Comportamento do amendoim forrageiro em vegeta\u00e7\u00e3o campestre e em consorcia\u00e7\u00e3o com Tifton 85 no litoral Sul, Rio Grande do Sul.<\/a><\/li>\n<li><a href=\"https:\/\/wp.ufpel.edu.br\/ppgz\/files\/2021\/01\/Composicao-tecidual-e-avaliacao-da-carne-de-cordeiros-Lacaune-X-Texel.pdf\">Composi\u00e7\u00e3o tecidual e avalia\u00e7\u00e3o da carne de cordeiros Lacaune X Texel<\/a> <a href=\"https:\/\/wp.ufpel.edu.br\/ppgz\/files\/2021\/01\/Estudo-genetico-de-duas-populacoes-de-Odontesthes-bonariensis-atraves-de-marcadores-microssatelites..pdf\" target=\"_blank\" rel=\"noopener noreferrer\">Estudo gen\u00e9tico de duas popula\u00e7\u00f5es de Odontesthes bonariensis atrav\u00e9s de marcadores microssat\u00e9lites.<\/a><\/li>\n<li><a href=\"https:\/\/wp.ufpel.edu.br\/ppgz\/files\/2021\/01\/Utilizacao-de-um-nucleo-energetico-proteico-como-melhorador-do-desempenho-produtivo-e-caracteristicas-de-carcaca-de-frangos-de-corte..pdf\" target=\"_blank\" rel=\"noopener noreferrer\">Utiliza\u00e7\u00e3o de um n\u00facleo energ\u00e9tico-prot\u00e9ico como melhorador do desempenho produtivo e caracter\u00edsticas de carca\u00e7a de frangos de corte.<\/a><\/li>\n<\/ol>\n","protected":false},"excerpt":{"rendered":"<p>Bioestimula\u00e7\u00e3o na efici\u00eancia reprodutiva em bovinos de corte. Caracter\u00edsticas morfog\u00eanicas e estruturais de trevo-persa (Trifolium resupinatum L.) em cons\u00f3rcio com azev\u00e9m (Lolium multiflorum Lam.) submetidos a distintas alturas e intervalos de corte. Caracteriza\u00e7\u00e3o da carne de cabrito do Alto Camaqu\u00e3&#8230; <a class=\"more-link\" href=\"https:\/\/wp.ufpel.edu.br\/ppgz\/2010-3\">Continue lendo &rarr;<\/a><\/p>\n","protected":false},"author":809,"featured_media":0,"parent":0,"menu_order":0,"comment_status":"closed","ping_status":"closed","template":"","meta":{"footnotes":""},"class_list":["post-1177","page","type-page","status-publish","hentry"],"_links":{"self":[{"href":"https:\/\/wp.ufpel.edu.br\/ppgz\/wp-json\/wp\/v2\/pages\/1177","targetHints":{"allow":["GET"]}}],"collection":[{"href":"https:\/\/wp.ufpel.edu.br\/ppgz\/wp-json\/wp\/v2\/pages"}],"about":[{"href":"https:\/\/wp.ufpel.edu.br\/ppgz\/wp-json\/wp\/v2\/types\/page"}],"author":[{"embeddable":true,"href":"https:\/\/wp.ufpel.edu.br\/ppgz\/wp-json\/wp\/v2\/users\/809"}],"replies":[{"embeddable":true,"href":"https:\/\/wp.ufpel.edu.br\/ppgz\/wp-json\/wp\/v2\/comments?post=1177"}],"version-history":[{"count":1,"href":"https:\/\/wp.ufpel.edu.br\/ppgz\/wp-json\/wp\/v2\/pages\/1177\/revisions"}],"predecessor-version":[{"id":1193,"href":"https:\/\/wp.ufpel.edu.br\/ppgz\/wp-json\/wp\/v2\/pages\/1177\/revisions\/1193"}],"wp:attachment":[{"href":"https:\/\/wp.ufpel.edu.br\/ppgz\/wp-json\/wp\/v2\/media?parent=1177"}],"curies":[{"name":"wp","href":"https:\/\/api.w.org\/{rel}","templated":true}]}}