{"id":1164,"date":"2021-01-15T18:59:10","date_gmt":"2021-01-15T21:59:10","guid":{"rendered":"https:\/\/wp.ufpel.edu.br\/ppgz\/?page_id=1164"},"modified":"2021-01-15T18:59:10","modified_gmt":"2021-01-15T21:59:10","slug":"2010-2","status":"publish","type":"page","link":"https:\/\/wp.ufpel.edu.br\/ppgz\/2010-2","title":{"rendered":"2010"},"content":{"rendered":"<ol>\n<li><a href=\"https:\/\/wp.ufpel.edu.br\/ppgz\/files\/2021\/01\/Farinha-de-batata-doce-na-dieta-de-frangos-de-corte-e-sua-influencia-sobre-aspectos-anatomicos-fisiologicos-e-produtivos..pdf\" target=\"_blank\" rel=\"noopener noreferrer\">Farinha de batata doce na dieta de frangos de corte e sua influ\u00eancia sobre aspectos anat\u00f4micos, fisiol\u00f3gicos e produtivos.<\/a><\/li>\n<li><a href=\"https:\/\/wp.ufpel.edu.br\/ppgz\/files\/2021\/01\/Producao-de-carne-de-ovina..pdf\" target=\"_blank\" rel=\"noopener noreferrer\">Produ\u00e7\u00e3o de carne de ovina.<\/a><\/li>\n<li><a href=\"https:\/\/wp.ufpel.edu.br\/ppgz\/files\/2021\/01\/Producao-e-qualidade-de-milho-silagem-na-safra-e-safrinha-num-sistema-de-integracao-lavoura-pecuaria-em-plantio-direto.pdf\" target=\"_blank\" rel=\"noopener noreferrer\">Produ\u00e7\u00e3o e qualidade de milho-silagem na safra e safrinha, num sistema de integra\u00e7\u00e3o lavoura-pecu\u00e1ria, em plantio direto<\/a><\/li>\n<\/ol>\n","protected":false},"excerpt":{"rendered":"<p>Farinha de batata doce na dieta de frangos de corte e sua influ\u00eancia sobre aspectos anat\u00f4micos, fisiol\u00f3gicos e produtivos. Produ\u00e7\u00e3o de carne de ovina. Produ\u00e7\u00e3o e qualidade de milho-silagem na safra e safrinha, num sistema de integra\u00e7\u00e3o lavoura-pecu\u00e1ria, em plantio&#8230; <a class=\"more-link\" href=\"https:\/\/wp.ufpel.edu.br\/ppgz\/2010-2\">Continue lendo &rarr;<\/a><\/p>\n","protected":false},"author":809,"featured_media":0,"parent":0,"menu_order":0,"comment_status":"closed","ping_status":"closed","template":"","meta":{"footnotes":""},"class_list":["post-1164","page","type-page","status-publish","hentry"],"_links":{"self":[{"href":"https:\/\/wp.ufpel.edu.br\/ppgz\/wp-json\/wp\/v2\/pages\/1164","targetHints":{"allow":["GET"]}}],"collection":[{"href":"https:\/\/wp.ufpel.edu.br\/ppgz\/wp-json\/wp\/v2\/pages"}],"about":[{"href":"https:\/\/wp.ufpel.edu.br\/ppgz\/wp-json\/wp\/v2\/types\/page"}],"author":[{"embeddable":true,"href":"https:\/\/wp.ufpel.edu.br\/ppgz\/wp-json\/wp\/v2\/users\/809"}],"replies":[{"embeddable":true,"href":"https:\/\/wp.ufpel.edu.br\/ppgz\/wp-json\/wp\/v2\/comments?post=1164"}],"version-history":[{"count":1,"href":"https:\/\/wp.ufpel.edu.br\/ppgz\/wp-json\/wp\/v2\/pages\/1164\/revisions"}],"predecessor-version":[{"id":1172,"href":"https:\/\/wp.ufpel.edu.br\/ppgz\/wp-json\/wp\/v2\/pages\/1164\/revisions\/1172"}],"wp:attachment":[{"href":"https:\/\/wp.ufpel.edu.br\/ppgz\/wp-json\/wp\/v2\/media?parent=1164"}],"curies":[{"name":"wp","href":"https:\/\/api.w.org\/{rel}","templated":true}]}}