{"id":1147,"date":"2021-01-15T18:52:28","date_gmt":"2021-01-15T21:52:28","guid":{"rendered":"https:\/\/wp.ufpel.edu.br\/ppgz\/?page_id=1147"},"modified":"2021-01-15T18:52:28","modified_gmt":"2021-01-15T21:52:28","slug":"2011-3","status":"publish","type":"page","link":"https:\/\/wp.ufpel.edu.br\/ppgz\/2011-3","title":{"rendered":"2011"},"content":{"rendered":"<ol>\n<li><a href=\"https:\/\/wp.ufpel.edu.br\/ppgz\/files\/2021\/01\/Adsorvente-a-base-de-glucomanano-em-dietas-de-frangos-de-corte-alimentados-com-milho-contaminado.pdf\" target=\"_blank\" rel=\"noopener noreferrer\">Adsorvente a base de glucomanano em dietas de frangos de corte alimentados com milho contaminado<\/a><\/li>\n<li><a href=\"https:\/\/wp.ufpel.edu.br\/ppgz\/files\/2021\/01\/Analise-do-polimorfismo-nos-genes-CYP19a-e-CYP19b-em-Oreochromis-niloticus-da-linhagem-Supreme-e-suas-relacoes-com-caracteres-reprodutivos..pdf\" target=\"_blank\" rel=\"noopener noreferrer\">An\u00e1lise do polimorfismo nos genes CYP19a e CYP19b em Oreochromis niloticus da linhagem Supreme e suas rela\u00e7\u00f5es com caracteres reprodutivos.<\/a><\/li>\n<li><a href=\"https:\/\/wp.ufpel.edu.br\/ppgz\/files\/2021\/01\/Benzocaina-e-oleo-de-cravo-como-anestesicos-para-alevinos-de-peixe-rei-Odontesthes-bonariensis..pdf\" target=\"_blank\" rel=\"noopener noreferrer\">Benzoca\u00edna e \u00f3leo de cravo como anest\u00e9sicos para alevinos de peixe-rei (Odontesthes bonariensis).<\/a><\/li>\n<li><a href=\"https:\/\/wp.ufpel.edu.br\/ppgz\/files\/2021\/01\/Caracteristicas-da-carcaca-de-uma-linhagem-de-codornas-de-corte.pdf\">Caracter\u00edsticas da carca\u00e7a de uma linhagem de codornas de corte<\/a> <a href=\"https:\/\/wp.ufpel.edu.br\/ppgz\/files\/2021\/01\/Composicao-regional-e-tecidual-da-carcaca-de-cabritos-naturalizados-do-Alto-Camaqua-de-diferentes-idades..pdf\" target=\"_blank\" rel=\"noopener noreferrer\">Composi\u00e7\u00e3o regional e tecidual da carca\u00e7a de cabritos naturalizados do Alto Camaqu\u00e3 de diferentes idades.<\/a><\/li>\n<li><a href=\"https:\/\/wp.ufpel.edu.br\/ppgz\/files\/2021\/01\/Desempenho-materno-filial-de-ovinos-da-raca-Ideal-submetidos-a-tosquia-pre-parto..pdf\" target=\"_blank\" rel=\"noopener noreferrer\">Desempenho materno-filial de ovinos da ra\u00e7a Ideal submetidos \u00e0 tosquia pr\u00e9-parto.<\/a><\/li>\n<li><a href=\"https:\/\/wp.ufpel.edu.br\/ppgz\/files\/2021\/01\/Eficiencia-alimentar-e-caracteristicas-da-carcaca-e-da-carne-de-novilhos-de-diferentes-genotipos-terminados-em-dois-sistemas-alimentares..pdf\" target=\"_blank\" rel=\"noopener noreferrer\">Efici\u00eancia alimentar e caracter\u00edsticas da carca\u00e7a e da carne de novilhos de diferentes gen\u00f3tipos terminados em dois sistemas alimentares.<\/a><\/li>\n<li><a href=\"https:\/\/wp.ufpel.edu.br\/ppgz\/files\/2021\/01\/Metodos-nutricionais-de-muda-forcada-em-poedeiras-semi-pesadas..pdf\" target=\"_blank\" rel=\"noopener noreferrer\">M\u00e9todos nutricionais de muda for\u00e7ada em poedeiras semi-pesadas.<\/a> <a href=\"https:\/\/wp.ufpel.edu.br\/ppgz\/files\/2021\/01\/Panax-ginseng-em-dietas-de-poedeiras-comerciais-semi-pesadas..pdf\">Panax ginseng em dietas de poedeiras comerciais semi-pesadas.<\/a><\/li>\n<li><a href=\"https:\/\/wp.ufpel.edu.br\/ppgz\/files\/2021\/01\/Reatividade-animal-e-indicadores-fisiologicos-de-estresse-avaliacao-das-suas-relacoes-com-a-qualidade-final-da-carne-bovina-em-distintos-periodos-de-jejum-pre-abate.pdf\" target=\"_blank\" rel=\"noopener noreferrer\">Reatividade animal e indicadores fisiol\u00f3gicos de estresse avalia\u00e7\u00e3o das suas rela\u00e7\u00f5es com a qualidade final da carne bovina em distintos per\u00edodos de jejum pr\u00e9-abate<\/a><\/li>\n<li><a href=\"https:\/\/wp.ufpel.edu.br\/ppgz\/files\/2021\/01\/Substituicao-da-farinha-de-peixe-por-fontes-alternativas-de-proteina-animal-no-cultivo-de-alevinos-de-peixe-rei-Odontesthes-bonariensis..pdf\" target=\"_blank\" rel=\"noopener noreferrer\">Substitui\u00e7\u00e3o da farinha de peixe por fontes alternativas de prote\u00edna animal no cultivo de alevinos de peixe rei (Odontesthes bonariensis).<\/a><\/li>\n<li><a href=\"https:\/\/wp.ufpel.edu.br\/ppgz\/files\/2021\/01\/Tratamento-de-residuos-agropecuarios-atraves-do-processo-de-vermicompostagem.pdf\" target=\"_blank\" rel=\"noopener noreferrer\">Tratamento de res\u00edduos agropecu\u00e1rios atrav\u00e9s do processo de vermicompostagem<\/a><\/li>\n<\/ol>\n","protected":false},"excerpt":{"rendered":"<p>Adsorvente a base de glucomanano em dietas de frangos de corte alimentados com milho contaminado An\u00e1lise do polimorfismo nos genes CYP19a e CYP19b em Oreochromis niloticus da linhagem Supreme e suas rela\u00e7\u00f5es com caracteres reprodutivos. Benzoca\u00edna e \u00f3leo de cravo&#8230; <a class=\"more-link\" href=\"https:\/\/wp.ufpel.edu.br\/ppgz\/2011-3\">Continue lendo &rarr;<\/a><\/p>\n","protected":false},"author":809,"featured_media":0,"parent":0,"menu_order":0,"comment_status":"closed","ping_status":"closed","template":"","meta":{"footnotes":""},"class_list":["post-1147","page","type-page","status-publish","hentry"],"_links":{"self":[{"href":"https:\/\/wp.ufpel.edu.br\/ppgz\/wp-json\/wp\/v2\/pages\/1147","targetHints":{"allow":["GET"]}}],"collection":[{"href":"https:\/\/wp.ufpel.edu.br\/ppgz\/wp-json\/wp\/v2\/pages"}],"about":[{"href":"https:\/\/wp.ufpel.edu.br\/ppgz\/wp-json\/wp\/v2\/types\/page"}],"author":[{"embeddable":true,"href":"https:\/\/wp.ufpel.edu.br\/ppgz\/wp-json\/wp\/v2\/users\/809"}],"replies":[{"embeddable":true,"href":"https:\/\/wp.ufpel.edu.br\/ppgz\/wp-json\/wp\/v2\/comments?post=1147"}],"version-history":[{"count":1,"href":"https:\/\/wp.ufpel.edu.br\/ppgz\/wp-json\/wp\/v2\/pages\/1147\/revisions"}],"predecessor-version":[{"id":1161,"href":"https:\/\/wp.ufpel.edu.br\/ppgz\/wp-json\/wp\/v2\/pages\/1147\/revisions\/1161"}],"wp:attachment":[{"href":"https:\/\/wp.ufpel.edu.br\/ppgz\/wp-json\/wp\/v2\/media?parent=1147"}],"curies":[{"name":"wp","href":"https:\/\/api.w.org\/{rel}","templated":true}]}}